{"id":863,"date":"2016-11-05T01:40:06","date_gmt":"2016-11-05T01:40:06","guid":{"rendered":"https:\/\/thelifelinecanada.ca\/fr\/?page_id=863"},"modified":"2021-06-16T12:14:29","modified_gmt":"2021-06-16T19:14:29","slug":"depression","status":"publish","type":"page","link":"https:\/\/thelifelinecanada.ca\/fr\/resources\/depression\/","title":{"rendered":"La D\u00e9pression"},"content":{"rendered":"<div class=\"fusion-fullwidth fullwidth-box fusion-builder-row-1 nonhundred-percent-fullwidth non-hundred-percent-height-scrolling\" style=\"background-color: #ffffff;background-position: center center;background-repeat: no-repeat;padding-top:0px;padding-right:0px;padding-bottom:0px;padding-left:0px;margin-bottom: 0px;margin-top: 0px;border-width: 0px 0px 0px 0px;border-color:#eae9e9;border-style:solid;\" ><div class=\"fusion-builder-row fusion-row\"><div class=\"fusion-layout-column fusion_builder_column fusion-builder-column-0 fusion_builder_column_1_1 1_1 fusion-one-full fusion-column-first fusion-column-last\" style=\"margin-top:0px;margin-bottom:0px;\"><div class=\"fusion-column-wrapper fusion-flex-column-wrapper-legacy\" style=\"background-position:left top;background-repeat:no-repeat;-webkit-background-size:cover;-moz-background-size:cover;-o-background-size:cover;background-size:cover;padding: 0px 0px 0px 0px;\"><div class=\"fusion-text fusion-text-1\"><h2 style=\"text-align: justify;\"><span style=\"font-size: large;\"><span lang=\"fr-FR\"><b>La D\u00e9pression<\/b><\/span><\/span><\/h2>\n<p style=\"text-align: justify;\"><em><span lang=\"fr-FR\">Par<a href=\"http:\/\/ladepressionfaitmal.ca\/fr\/\"> Depressionhurts.ca<\/a>, un site Web complet de ressources pour la d\u00e9pression:<\/span><\/em><\/p>\n<p>La d\u00e9pression peut \u00eatre caus\u00e9e par un seul facteur ou une combinaison de facteurs, y compris les facteurs biologiques, psychologiques et environnementaux (li\u00e9s \u00e0 l&#8217;environnement social ou familial).<\/p>\n<p>La d\u00e9pression est une maladie m\u00e9dicale qui affecte le cerveau qui \u00e0 son tour affecte le reste du corps. La d\u00e9pression peut affecter n&#8217;importe qui: les enfants, les adolescents, les jeunes adultes, les adultes d&#8217;\u00e2ge moyen et les personnes \u00e2g\u00e9es. 20% des adultes auront souffert de d\u00e9pression \u00e0 un moment donn\u00e9 de leur vie.<\/p>\n<p align=\"LEFT\"><span lang=\"fr-FR\">Tout le monde se sent d\u00e9prim\u00e9 de temps en temps. Cependant, avec la d\u00e9pression, ces sentiments sont plus graves et se produisent presque tous les jours pendant deux semaines ou plus.<\/span><\/p>\n<p><span lang=\"fr-FR\"><b>Sympt\u00f4mes \u00e9motionnels:<\/b><\/span><\/p>\n<div>\n<ul>\n<li><span lang=\"fr-FR\">Se sentir triste, vide, d\u00e9sesp\u00e9r\u00e9 ou engourdi<\/span><\/li>\n<li><span lang=\"fr-FR\">Agitation, irritabilit\u00e9 ou anxi\u00e9t\u00e9<\/span><\/li>\n<li><span lang=\"fr-FR\">Difficult\u00e9 \u00e0 se concentrer ou \u00e0 prendre des d\u00e9cisions<\/span><\/li>\n<li><span lang=\"fr-FR\">Moins d&#8217;int\u00e9r\u00eat ou de participation \u00e0 des activit\u00e9s normalement appr\u00e9ci\u00e9es<\/span><\/li>\n<li><span lang=\"fr-FR\">Sentiments de culpabilit\u00e9 ou d&#8217;inutilit\u00e9<\/span><\/li>\n<li><span lang=\"fr-FR\">Pens\u00e9es r\u00e9p\u00e9t\u00e9es de mort ou de suicide<\/span><\/li>\n<\/ul>\n<\/div>\n<p align=\"LEFT\"><span lang=\"fr-FR\"><b>Sympt\u00f4mes physiques:<\/b><\/span><\/p>\n<div>\n<ul>\n<li><span style=\"font-size: 12pt;\"><span lang=\"fr-FR\">Faible \u00e9nergie et se sentir fatigu\u00e9 tout le temps<\/span><\/span><\/li>\n<li><span style=\"font-size: 12pt;\"><span lang=\"fr-FR\">Les changements d&#8217;app\u00e9tit ou de poids (manger plus ou moins)<\/span><\/span><\/li>\n<li><span style=\"font-size: 12pt;\"><span lang=\"fr-FR\">Changement dans le mode de sommeil (dormir plus ou moins)<\/span><\/span><\/li>\n<li><span style=\"font-size: 12pt;\"><span lang=\"fr-FR\">Utilisation accrue de drogues ou d&#8217;alcool<\/span><\/span><\/li>\n<li><span style=\"font-size: 12pt;\"><span lang=\"fr-FR\">\u00a0Comportement autodestructeur, perte de contr\u00f4le ou rage incontr\u00f4l\u00e9e<\/span><\/span><\/li>\n<li><span style=\"font-size: 12pt;\"><span lang=\"fr-FR\">\u00a0Peut inclure des maux de t\u00eate, des douleurs, des probl\u00e8mes digestifs, des \u00e9tourdissements ou vertiges. <\/span><\/span><\/li>\n<\/ul>\n<\/div>\n<p align=\"LEFT\"><span lang=\"fr-FR\"><b>Facteurs biologiques<\/b><\/span><\/p>\n<p>Nous ne sommes pas certains ce qui cause la d\u00e9pression. Une des th\u00e9ories pr\u00e9dominantes propose que la d\u00e9pression est caus\u00e9e par un d\u00e9s\u00e9quilibre des substances naturelles appel\u00e9es neurotransmetteurs dans le cerveau et la moelle \u00e9pini\u00e8re.<\/p>\n<p>La s\u00e9rotonine et la nor\u00e9pin\u00e9phrine sont deux neurotransmetteurs dans le cerveau qui semblent \u00eatre impliqu\u00e9s dans les sympt\u00f4mes de la d\u00e9pression.<\/p>\n<p align=\"LEFT\"><span lang=\"fr-FR\"><b>Facteurs psychologiques<\/b><\/span><\/p>\n<p>Les individus sont affect\u00e9s diff\u00e9remment par les \u00e9v\u00e9nements ext\u00e9rieurs. Les pens\u00e9es de chaque personne d\u00e9terminent comment il ou elle va exp\u00e9rimenter la vie, ce qui peut affecter si oui ou non ils deviennent d\u00e9prim\u00e9s.<\/p>\n<p>La fa\u00e7on dont nous pensons aux choses et de voir le monde surgit souvent dans l&#8217;enfance. Par exemple, une \u00e9ducation stricte et s\u00e9v\u00e8re dans laquelle les commentaires n\u00e9gatifs et la critique pr\u00e9dominent peuvent fa\u00e7onner la fa\u00e7on dont on regarde le monde, de mani\u00e8re probablement n\u00e9gative.<\/p>\n<p>Il n&#8217;est donc pas surprenant que ces fa\u00e7ons de voir le monde renforcent l&#8217;effet n\u00e9gatif des situations difficiles dans la vie, ce qui pr\u00e9dispose les personnes \u00e0 la souffrance \u00e9motionnelle.<\/p>\n<p align=\"LEFT\"><span lang=\"fr-FR\"><b>Facteurs environnementaux<\/b><\/span><\/p>\n<ul>\n<li>La d\u00e9pression peut souvent \u00eatre d\u00e9clench\u00e9e par des situations de vie tr\u00e8s stressantes ou d&#8217;autres facteurs tels que:<\/li>\n<li><span lang=\"fr-FR\"> La mort d&#8217;un \u00eatre cher, un d\u00e9m\u00e9nagement, un divorce, des difficult\u00e9s financi\u00e8res ou une perte d&#8217;emploi.\u00a0<\/span><\/li>\n<li><span lang=\"fr-FR\"> L&#8217;isolation sociale.<\/span><\/li>\n<li><span lang=\"fr-FR\">Les p\u00e9riodes de conflits relationnels, maritaux ou familiaux.<\/span><\/li>\n<li><span lang=\"fr-FR\">Le travail exigeant ou un lieu de travail stressant.<\/span><\/li>\n<li><span lang=\"fr-FR\"> Les probl\u00e8mes de sant\u00e9, surtout quand la personne a un probl\u00e8me de sant\u00e9 chronique.<\/span><\/li>\n<\/ul>\n<p lang=\"fr-FR\" align=\"LEFT\"><span lang=\"fr-FR\">Parfois, le plus grand obstacle \u00e0 s&#8217;am\u00e9liorer et \u00e0 avancer est la d\u00e9pression elle-m\u00eame. Par exemple, une personne d\u00e9prim\u00e9e se soustrait souvent \u00e0 la pr\u00e9sence de personnes r\u00e9confortantes et encourageantes ou cesse de participer \u00e0 des activit\u00e9s d&#8217;int\u00e9r\u00eat personnel en raison de sa d\u00e9pression, ce qui pourrait contribuer davantage \u00e0 leur \u00e9tat.<\/span><\/p>\n<p lang=\"fr-FR\" align=\"LEFT\"><em><a href=\"http:\/\/ladepressionfaitmal.ca\/fr\/\">Depressionhurts.ca<\/a><\/em><\/p>\n<p lang=\"fr-FR\" align=\"LEFT\">_____<\/p>\n<p><span lang=\"fr-FR\"><b>Ressources additionnelles<\/b><\/span><\/p>\n<p><em><a href=\"http:\/\/www.delitfrancais.com\/2012\/10\/02\/la-depression-etudiante\/\" target=\"_blank\" rel=\"noopener noreferrer\">Le D\u00e9lit:<\/a><\/em> Quand les \u00abmeilleures ann\u00e9es de la vie\u00bb ne le sont pas du tout.<\/p>\n<p><strong>Autres ressources en anglais<\/strong><\/p>\n<p><span lang=\"fr-FR\"><i>Tout sur le suicide- Suicide et d\u00e9pression: <a id=\"id_927\" class=\"link\" title=\"All About Suicide - Suicide and Depression\" href=\"http:\/\/www.allaboutdepression.com\/gen_04.html\" target=\"_blank\" rel=\"noopener noreferrer\"><span id=\"edittitle_927\" class=\"link\">All About Suicide \u2013 Suicide and Depression<\/span><\/a><\/i><\/span><span lang=\"fr-FR\"><br \/>\nPartage que bien que la plupart des personnes qui sont d\u00e9prim\u00e9es ne se tuent pas, la d\u00e9pression non trait\u00e9e peut augmenter le risque de suicide possible.<\/span><\/p>\n<p><span lang=\"fr-FR\"><a id=\"id_928\" class=\"link\" title=\"Beyond Blue -\" href=\"https:\/\/www.beyondblue.org.au\/home\" target=\"_blank\" rel=\"noopener noreferrer\"><span id=\"edittitle_928\" class=\"link\"><em>Beyond Blue<\/em> <\/span><\/a><br \/>\nD\u00e9couvrez cette ressource australienne pour les personnes qui souffrent de d\u00e9pression, de la d\u00e9pression bipolaire et post-partum et de la maladie li\u00e9e \u00e0 l&#8217;anxi\u00e9t\u00e9.<\/span><\/p>\n<p><em><a id=\"id_1362\" class=\"link\" title=\"Beyond Blue - Clinical Practice Guidelines - Perinatal Period - Media\" href=\"http:\/\/www.beyondblue.org.au\/index.aspx?link_id=6.1248\" target=\"_blank\" rel=\"noopener noreferrer\"><span id=\"edittitle_1362\" class=\"link\">Beyond Blue \u2013 Clinical Practice Guidelines \u2013 Perinatal Period \u2013 Media<\/span><\/a><\/em><span lang=\"fr-FR\"><br \/>\nEntretien avec le psychiatre Professeur Marie-Paule Austin, expert en sant\u00e9 mentale p\u00e9rinatale et pr\u00e9sident du Comit\u00e9 consultatif d&#8217;experts sur les lignes directrices.<br \/>\n<\/span><span lang=\"fr-FR\"><i><br \/>\n<\/i><\/span><span lang=\"fr-FR\"><a id=\"id_1121\" class=\"link\" title=\"DepressionHurts.ca\" href=\"http:\/\/www.depressionhurts.ca\/en\/default.aspx\" target=\"_blank\" rel=\"noopener noreferrer\"><span id=\"edittitle_1121\" class=\"link\"><em>DepressionHurts.ca<\/em><\/span><\/a><br \/>\nD\u00e9couvrez cette ressource qui propose des guides sur la d\u00e9pression. Consultez la Liste de contr\u00f4le des sympt\u00f4mes, notre voyage vers l&#8217;am\u00e9lioration et plus encore.<\/span><\/p>\n<p><span lang=\"fr-FR\"><em><a id=\"id_1665\" class=\"link\" title=\"HeadsUpGuys\" href=\"http:\/\/headsupguys.ca\/\" target=\"_blank\" rel=\"noopener noreferrer\"><span id=\"edittitle_1665\" class=\"link\">HeadsUpGuys<\/span><\/a><\/em><br \/>\nCanadienne, bas\u00e9e sur l&#8217;Universit\u00e9 De la Colombie-Britannique, d\u00e9veloppe des ressources, des services et des programmes pour am\u00e9liorer la sant\u00e9 mentale et le bien-\u00eatre des hommes. D\u00e9couvrez la d\u00e9pression chez les hommes, y compris les sympt\u00f4mes, les d\u00e9clencheurs, les facteurs de risque et plus encore.<\/span><\/p>\n<p><span lang=\"fr-FR\"><i><a id=\"id_1320\" class=\"link\" title=\"Orygen Youth Health - Fact Sheet: Depression and Young People\" href=\"http:\/\/oyh.org.au\/sites\/oyh.org.au\/files\/factsheets\/oyh_fs_dep.pdf\" target=\"_blank\" rel=\"noopener noreferrer\"><span id=\"edittitle_1320\" class=\"link\">Orygen Youth Health \u2013 Fact Sheet: Depression and Young People<\/span><\/a>: Fiche d&#8217;information: La d\u00e9pression et les jeunes<\/i><\/span><span lang=\"fr-FR\"><br \/>\nEn savoir plus sur les diff\u00e9rents types de d\u00e9pression. D\u00e9couvrez ce que sont les sentiments normaux et ce que est la d\u00e9pression.<\/span><\/p>\n<p><span lang=\"fr-FR\"><i><a id=\"id_931\" class=\"link\" title=\"SAVE - Suicide and Depression\" href=\"https:\/\/save.org\/\" target=\"_blank\" rel=\"noopener noreferrer\"><span id=\"edittitle_931\" class=\"link\">SAVE \u2013 Suicide and Depression:\u00a0<\/span><\/a> Suicide and depression (Suicide et d\u00e9pression)<\/i><\/span><span lang=\"fr-FR\"><br \/>\nExplorez cette fiche d&#8217;information sur la pr\u00e9vention du suicide pr\u00e9par\u00e9e par Suicide Awareness Voices of Education (Sensibilisation au suicide Voix de l&#8217;\u00e9ducation).<\/span><a name=\"result_box2\"><\/a><i><a id=\"id_933\" class=\"link\" title=\"Understanding Depression and Suicide\" href=\"http:\/\/www.health.gov.sk.ca\/understanding-depression-and-suicide\" target=\"_blank\" rel=\"noopener noreferrer\"><span id=\"edittitle_933\" class=\"link\"><\/span><\/a><\/i><\/p>\n<p align=\"JUSTIFY\"><strong>La D\u00e9pression Etudiante<\/strong> <span style=\"font-family: Times-Roman,serif;\"><span style=\"font-size: medium;\"><br \/>\n<\/span><\/span><\/p>\n<p align=\"JUSTIFY\"><em>Par <a href=\"http:\/\/www.delitfrancais.com\/author\/fanny-devaux\/\">Fanny Devaux<\/a><\/em><\/p>\n<p align=\"JUSTIFY\">Dans cet article l&#8217;auteur a cit\u00e9 les causes et les cons\u00e9quences de d\u00e9pressions chez les \u00e8tudiants de l&#8217;universit\u00e9 de McGill et les plans admis par l&#8217;administration pour faire face \u00e0 ce ph\u00e9nom\u00e8ne.<\/p>\n<p><span style=\"font-size: medium;\"><a href=\"http:\/\/www.erudit.org\/en\/journals\/smq\/2002-v27-n2-smq1437\/014566ar\/abstract\/\" target=\"_blank\" rel=\"noopener noreferrer\">Traiter La D\u00e9pression\u00a0: Une Strat\u00e9gie Efficace de Pr\u00e9vention du Suicide?<\/a><\/span><\/p>\n<p align=\"JUSTIFY\">Cet article vise \u00e0 \u00e9clairer les planificateurs en sant\u00e9 publique, le personnel clinique et les intervenants en pr\u00e9vention du suicide au Qu\u00e9bec ainsi que les familles et le public francophone \u00e0 propos de r\u00e9centes \u00e9tudes sur le traitement de la d\u00e9pression comme strat\u00e9gie de pr\u00e9vention du suicide. Les auteurs en r\u00e9sument les conclusions, passent en revue les m\u00e9thodes et examinent les r\u00e9sultats dans une perspective de sant\u00e9 publique visant \u00e0 \u00e9tablir une strat\u00e9gie efficace de pr\u00e9vention. Ils soulignent que le traitement de la d\u00e9pression pourrait non seulement r\u00e9duire les taux de suicide mais avoir des effets importants sur la sant\u00e9 publique en r\u00e9duisant les incapacit\u00e9s li\u00e9es \u00e0 la d\u00e9pression, en plus d\u2019avoir un impact sur les futures g\u00e9n\u00e9rations \u00e0 risque. Les obstacles au d\u00e9veloppement d\u2019une telle strat\u00e9gie sont soulign\u00e9s en r\u00e9f\u00e9rence sp\u00e9cifique \u00e0 la situation du Qu\u00e9bec.<\/p>\n<p><span lang=\"fr-FR\">___<br \/>\n<\/span><\/p>\n<p><span lang=\"fr-FR\"><b>Un bref questionnaire diagnostique sur la d\u00e9pression de l&#8217;Universit\u00e9 du Michigan<\/b><\/span><\/p>\n<p>Cette liste de contr\u00f4le est extraite du livre: Real Men Do Cry (Les vrais hommes pleurent ): l&#8217;histoire inspirante d&#8217;un quart-arri\u00e8re pour lutter contre la d\u00e9pression et surmonter la perte de suicide par Eric Hipple, ancien quarterback de la NFL pour les Lions de Detroit (2008).<\/p>\n<p lang=\"fr-FR\"><a name=\"result_box114\"><\/a> C&#8217;est la liste qu&#8217;il a trouv\u00e9e au centre de d\u00e9pression du U de Michigan et il a souhait\u00e9 qu&#8217;il ait eu cette liste de sympt\u00f4mes de la d\u00e9pression pour lui-m\u00eame \u00e0 l&#8217;\u00e9cole secondaire et qu&#8217;il connaissait les signes afin qu&#8217;il pourrait les avoir vus dans son propre fils, Jeff.<\/p>\n<p><span lang=\"fr-FR\"><b>Liste de contr\u00f4le des neuf sympt\u00f4mes de la d\u00e9pression:<\/b><\/span><\/p>\n<p>Pour chaque \u00e9nonc\u00e9 ci-dessous, ins\u00e9rez un nombre de points:<br \/>\n0 = jamais \/ pas du tout<br \/>\n1 = plusieurs jours<br \/>\n2 = Plus de la moiti\u00e9 des jours<br \/>\n3 = Presque tous les jours<\/p>\n<p>Au cours des deux derni\u00e8res semaines, combien de fois avez-vous \u00e9prouv\u00e9 ou \u00e9t\u00e9 d\u00e9rang\u00e9 par l&#8217;un des d\u00e9clarations suivantes:<\/p>\n<p><a name=\"ID0E5B\"><\/a><span lang=\"fr-FR\">1. Peu d&#8217;int\u00e9r\u00eat ou de plaisir \u00e0 faire les choses<br \/>\n2. Se sentir d\u00e9prim\u00e9, <\/span><span style=\"font-family: Times New Roman,serif;\"><span style=\"font-size: small;\"><span lang=\"fr-FR\">d\u00e9sesp\u00e9r\u00e9<\/span><\/span><\/span> <span lang=\"fr-FR\">ou sans espoir<br \/>\n3. Trouble de s&#8217;endormir, de rester endormi ou de dormir trop<br \/>\n4. Se sentir fatigu\u00e9 ou avoir peu d&#8217;\u00e9nergie<br \/>\n5. Mauvaise app\u00e9tit ou trop manger<br \/>\n6. Se sentir mal \u00e0 votre sujet, sentir que vous \u00eates un \u00e9chec, ou le sentiment que vous avez laiss\u00e9 vous-m\u00eame ou un \u00eatre cher <\/span><span lang=\"fr-FR\">ab\u00e2tre. <\/span><span lang=\"fr-FR\"><br \/>\n7. Trouble de se concentrer sur des choses comme la lecture ou regarder la t\u00e9l\u00e9vision<br \/>\n8. Se d\u00e9placer ou parler si lentement que d&#8217;autres personnes auraient pu remarquer, ou \u00eatre si agit\u00e9 ou inquiet que vous vous d\u00e9placez beaucoup plus que d&#8217;habitude<br \/>\n9. Penser que vous seriez mieux mort ou que vous voulez vous blesser d&#8217;une certaine mani\u00e8re<\/span><\/p>\n<p>Si vous avez marqu\u00e9 1 ou plus pour l&#8217;une des d\u00e9clarations ci-dessus jusqu&#8217;\u00e0 pr\u00e9sent, \u00e0 quel point ces probl\u00e8mes ont-ils \u00e9t\u00e9 difficiles pour vous de faire votre travail, de prendre soin de choses \u00e0 la maison ou de performer mieux \u00e0 l&#8217;\u00e9cole?<\/p>\n<p>0 = Pas du tout difficile<br \/>\n1 = Assez difficile<br \/>\n2 = Tr\u00e8s difficile<br \/>\n3 = Extr\u00eamement difficile<\/p>\n<p><span lang=\"fr-FR\"><b><span id=\"result_box\" class=\"short_text\" lang=\"fr\"><span class=\"\">Interpr\u00e9tation<\/span><\/span> des Scores: Comment savoir si vous avez besoin d&#8217;aide:<\/b><\/span><\/p>\n<p>Si votre score est de 4 ou moins: vous pouvez conna\u00eetre des moments difficiles, mais peut-\u00eatre vous n&#8217;avez pas besoin de traitement professionnel.<\/p>\n<p>5-14 Vous devriez envisager de parler avec un professionnel, votre m\u00e9decin, un conseiller \u00e0 l&#8217;\u00e9cole ou au travail, un th\u00e9rapeute ou un autre sp\u00e9cialiste en sant\u00e9 mentale.<\/p>\n<p>15 ou plus: vous pouvez conna\u00eetre une d\u00e9pression clinique et probablement vous pourrez b\u00e9n\u00e9ficier d&#8217;un examen minutieux et \u00e9ventuellement d&#8217;un traitement antid\u00e9presseur et d&#8217;une th\u00e9rapie.<\/p>\n<p lang=\"fr-FR\">(U du Michigan questionnaire bref diagnostic sur la d\u00e9pression)<\/p>\n<p><a href=\"http:\/\/heretohelp.bc.ca\/screening\/translation\/?language=french\" target=\"_blank\" rel=\"noopener noreferrer\">Questionnaires de d\u00e9pistage de la d\u00e9pression et de l&#8217;anxi\u00e9t\u00e9<\/a><\/p>\n<p>Comme son nom l&#8217;indique ce questionnaire est compos\u00e9 de deux parties<\/p>\n<p><em>Questionnaire de d\u00e9pistage de la d\u00e9pression<\/em><\/p>\n<p>Ce questionnaire va vous donner une note sur 27 afin de d\u00e9finir les sympt\u00f4mes de la d\u00e9pression que vous avez. Toutefois, si un ou l&#8217;autre des sympt\u00f4mes que vous avez vous causent de la souffrance et ont une incidence sur votre vie, ou si vous envisagez de vous faire du mal, vous devriez en parler \u00e0 votre m\u00e9decin ou \u00e0 un autre professionnel de la sant\u00e9.<\/p>\n<p><em>Questionnaire de d\u00e9pistage de l&#8217;anxi\u00e9t\u00e9<\/em><\/p>\n<p>Ce questionnaire va vous donner une note sur 21 dans le but de mesurer les sympt\u00f4mes de trouble anxieux g\u00e9n\u00e9ralis\u00e9 ou d&#8217;autres troubles anxieux dont vous soufrir. Toutefois, si l&#8217;un ou l&#8217;autre des sympt\u00f4mes que vous avez vous cause de la souffrance et ont une incidence sur votre vie, ou si vous envisagez de vous faire du mal, vous devriez en parler \u00e0 votre m\u00e9decin ou \u00e0 un autre professionnel de la sant\u00e9.<\/p>\n<\/div><div class=\"fusion-clearfix\"><\/div><\/div><\/div><\/div><\/div>\n","protected":false},"excerpt":{"rendered":"","protected":false},"author":2,"featured_media":0,"parent":137,"menu_order":0,"comment_status":"closed","ping_status":"closed","template":"","meta":{"_exactmetrics_skip_tracking":false,"_exactmetrics_sitenote_active":false,"_exactmetrics_sitenote_note":"","_exactmetrics_sitenote_category":0,"_links_to":"","_links_to_target":""},"_links":{"self":[{"href":"https:\/\/thelifelinecanada.ca\/fr\/wp-json\/wp\/v2\/pages\/863"}],"collection":[{"href":"https:\/\/thelifelinecanada.ca\/fr\/wp-json\/wp\/v2\/pages"}],"about":[{"href":"https:\/\/thelifelinecanada.ca\/fr\/wp-json\/wp\/v2\/types\/page"}],"author":[{"embeddable":true,"href":"https:\/\/thelifelinecanada.ca\/fr\/wp-json\/wp\/v2\/users\/2"}],"replies":[{"embeddable":true,"href":"https:\/\/thelifelinecanada.ca\/fr\/wp-json\/wp\/v2\/comments?post=863"}],"version-history":[{"count":36,"href":"https:\/\/thelifelinecanada.ca\/fr\/wp-json\/wp\/v2\/pages\/863\/revisions"}],"predecessor-version":[{"id":3881,"href":"https:\/\/thelifelinecanada.ca\/fr\/wp-json\/wp\/v2\/pages\/863\/revisions\/3881"}],"up":[{"embeddable":true,"href":"https:\/\/thelifelinecanada.ca\/fr\/wp-json\/wp\/v2\/pages\/137"}],"wp:attachment":[{"href":"https:\/\/thelifelinecanada.ca\/fr\/wp-json\/wp\/v2\/media?parent=863"}],"curies":[{"name":"wp","href":"https:\/\/api.w.org\/{rel}","templated":true}]}}