{"id":821,"date":"2016-11-02T19:45:21","date_gmt":"2016-11-02T19:45:21","guid":{"rendered":"https:\/\/thelifelinecanada.ca\/fr\/?page_id=821"},"modified":"2017-06-04T10:41:23","modified_gmt":"2017-06-04T17:41:23","slug":"volunteers","status":"publish","type":"page","link":"https:\/\/thelifelinecanada.ca\/fr\/volunteers\/","title":{"rendered":"\u00catre Impliqu\u00e9"},"content":{"rendered":"<p>La Fondation LifeLine Canada recherche des b\u00e9n\u00e9voles d\u00e9vou\u00e9s pour s&#8217;impliquer!<\/p>\n<p>Toutes les informations recueillies seront confidentielles et ne seront utilis\u00e9es que par la Fondation LifeLine Canada.<\/p>\n<div id=\"vfb-form-2\" class=\"visual-form-builder-container\"><form id=\"the-lifeline-canada-foundation-volunteer-application-form-2\" class=\"visual-form-builder vfb-form-2 \" method=\"post\" enctype=\"multipart\/form-data\">\n\t  \t<input type=\"hidden\" name=\"form_id\" value=\"2\" \/><fieldset class=\"vfb-fieldset vfb-fieldset-1 formulaire-de-demande-de-benevolat \" id=\"item-vfb-39\"><div class=\"vfb-legend\"><h3>Formulaire de Demande de B\u00e9n\u00e9volat<\/h3><\/div><ul class=\"vfb-section vfb-section-1\"><li class=\"vfb-item vfb-item-text  \" id=\"item-vfb-46\"><label for=\"vfb-46\" class=\"vfb-desc\">Nom <\/label><input type=\"text\" name=\"vfb-46\" id=\"vfb-46\" value=\"\" class=\"vfb-text  vfb-medium   \" \/><\/li><li class=\"vfb-item vfb-item-address  \" id=\"item-vfb-43\"><label class=\"vfb-desc\">Addresse  <span class=\"vfb-required-asterisk\">*<\/span><\/label><div><span class=\"vfb-full\"><input type=\"text\" name=\"vfb-43[address]\" id=\"vfb-43-address\" maxlength=\"150\" class=\"vfb-text vfb-medium  required \" \/><label for=\"vfb-43-address\">Street Address<\/label><\/span><span class=\"vfb-full\"><input type=\"text\" name=\"vfb-43[address-2]\" id=\"vfb-43-address-2\" maxlength=\"150\" class=\"vfb-text vfb-medium  \" \/><label for=\"vfb-43-address-2\">Apt, Suite, Bldg. (optional)<\/label><\/span><span class=\"vfb-left\"><input type=\"text\" name=\"vfb-43[city]\" id=\"vfb-43-city\" maxlength=\"150\" class=\"vfb-text vfb-medium  required \" \/><label for=\"vfb-43-city\">City<\/label><\/span><span class=\"vfb-right\"><input type=\"text\" name=\"vfb-43[state]\" id=\"vfb-43-state\" maxlength=\"150\" class=\"vfb-text vfb-medium  required \" \/><label for=\"vfb-43-state\">State \/ Province \/ Region<\/label><\/span><span class=\"vfb-left\"><input type=\"text\" name=\"vfb-43[zip]\" id=\"vfb-43-zip\" maxlength=\"150\" class=\"vfb-text vfb-medium  required \" \/><label for=\"vfb-43-zip\">Postal \/ Zip Code<\/label><\/span><span class=\"vfb-right\"><select name=\"vfb-43[country]\" class=\"vfb-select  required \" id=\"vfb-43-country\"><option value=\"\"><\/option><option value=\"Afghanistan\">Afghanistan<\/option><option value=\"Albania\">Albania<\/option><option value=\"Algeria\">Algeria<\/option><option value=\"Andorra\">Andorra<\/option><option value=\"Angola\">Angola<\/option><option value=\"Antigua and Barbuda\">Antigua and Barbuda<\/option><option value=\"Argentina\">Argentina<\/option><option value=\"Armenia\">Armenia<\/option><option value=\"Australia\">Australia<\/option><option value=\"Austria\">Austria<\/option><option value=\"Azerbaijan\">Azerbaijan<\/option><option value=\"Bahamas\">Bahamas<\/option><option value=\"Bahrain\">Bahrain<\/option><option value=\"Bangladesh\">Bangladesh<\/option><option value=\"Barbados\">Barbados<\/option><option value=\"Belarus\">Belarus<\/option><option value=\"Belgium\">Belgium<\/option><option value=\"Belize\">Belize<\/option><option value=\"Benin\">Benin<\/option><option value=\"Bhutan\">Bhutan<\/option><option value=\"Bolivia\">Bolivia<\/option><option value=\"Bosnia and Herzegovina\">Bosnia and Herzegovina<\/option><option value=\"Botswana\">Botswana<\/option><option value=\"Brazil\">Brazil<\/option><option value=\"Brunei\">Brunei<\/option><option value=\"Bulgaria\">Bulgaria<\/option><option value=\"Burkina Faso\">Burkina Faso<\/option><option value=\"Burundi\">Burundi<\/option><option value=\"Cambodia\">Cambodia<\/option><option value=\"Cameroon\">Cameroon<\/option><option value=\"Canada\" selected='selected'>Canada<\/option><option value=\"Cape Verde\">Cape Verde<\/option><option value=\"Central African Republic\">Central African Republic<\/option><option value=\"Chad\">Chad<\/option><option value=\"Chile\">Chile<\/option><option value=\"China\">China<\/option><option value=\"Colombia\">Colombia<\/option><option value=\"Comoros\">Comoros<\/option><option value=\"Congo (Brazzaville)\">Congo (Brazzaville)<\/option><option value=\"Congo\">Congo<\/option><option value=\"Costa Rica\">Costa Rica<\/option><option value=\"Cote d\\'Ivoire\">Cote d\\'Ivoire<\/option><option value=\"Croatia\">Croatia<\/option><option value=\"Cuba\">Cuba<\/option><option value=\"Cyprus\">Cyprus<\/option><option value=\"Czech Republic\">Czech Republic<\/option><option value=\"Denmark\">Denmark<\/option><option value=\"Djibouti\">Djibouti<\/option><option value=\"Dominica\">Dominica<\/option><option value=\"Dominican Republic\">Dominican Republic<\/option><option value=\"East Timor (Timor Timur)\">East Timor (Timor Timur)<\/option><option value=\"Ecuador\">Ecuador<\/option><option value=\"Egypt\">Egypt<\/option><option value=\"El Salvador\">El Salvador<\/option><option value=\"Equatorial Guinea\">Equatorial Guinea<\/option><option value=\"Eritrea\">Eritrea<\/option><option value=\"Estonia\">Estonia<\/option><option value=\"Ethiopia\">Ethiopia<\/option><option value=\"Fiji\">Fiji<\/option><option value=\"Finland\">Finland<\/option><option value=\"France\">France<\/option><option value=\"Gabon\">Gabon<\/option><option value=\"Gambia, The\">Gambia, The<\/option><option value=\"Georgia\">Georgia<\/option><option value=\"Germany\">Germany<\/option><option value=\"Ghana\">Ghana<\/option><option value=\"Greece\">Greece<\/option><option value=\"Grenada\">Grenada<\/option><option value=\"Guatemala\">Guatemala<\/option><option value=\"Guinea\">Guinea<\/option><option value=\"Guinea-Bissau\">Guinea-Bissau<\/option><option value=\"Guyana\">Guyana<\/option><option value=\"Haiti\">Haiti<\/option><option value=\"Honduras\">Honduras<\/option><option value=\"Hungary\">Hungary<\/option><option value=\"Iceland\">Iceland<\/option><option value=\"India\">India<\/option><option value=\"Indonesia\">Indonesia<\/option><option value=\"Iran\">Iran<\/option><option value=\"Iraq\">Iraq<\/option><option value=\"Ireland\">Ireland<\/option><option value=\"Israel\">Israel<\/option><option value=\"Italy\">Italy<\/option><option value=\"Jamaica\">Jamaica<\/option><option value=\"Japan\">Japan<\/option><option value=\"Jordan\">Jordan<\/option><option value=\"Kazakhstan\">Kazakhstan<\/option><option value=\"Kenya\">Kenya<\/option><option value=\"Kiribati\">Kiribati<\/option><option value=\"Korea, North\">Korea, North<\/option><option value=\"Korea, South\">Korea, South<\/option><option value=\"Kuwait\">Kuwait<\/option><option value=\"Kyrgyzstan\">Kyrgyzstan<\/option><option value=\"Laos\">Laos<\/option><option value=\"Latvia\">Latvia<\/option><option value=\"Lebanon\">Lebanon<\/option><option value=\"Lesotho\">Lesotho<\/option><option value=\"Liberia\">Liberia<\/option><option value=\"Libya\">Libya<\/option><option value=\"Liechtenstein\">Liechtenstein<\/option><option value=\"Lithuania\">Lithuania<\/option><option value=\"Luxembourg\">Luxembourg<\/option><option value=\"Macedonia\">Macedonia<\/option><option value=\"Madagascar\">Madagascar<\/option><option value=\"Malawi\">Malawi<\/option><option value=\"Malaysia\">Malaysia<\/option><option value=\"Maldives\">Maldives<\/option><option value=\"Mali\">Mali<\/option><option value=\"Malta\">Malta<\/option><option value=\"Marshall Islands\">Marshall Islands<\/option><option value=\"Mauritania\">Mauritania<\/option><option value=\"Mauritius\">Mauritius<\/option><option value=\"Mexico\">Mexico<\/option><option value=\"Micronesia\">Micronesia<\/option><option value=\"Moldova\">Moldova<\/option><option value=\"Monaco\">Monaco<\/option><option value=\"Mongolia\">Mongolia<\/option><option value=\"Montenegro\">Montenegro<\/option><option value=\"Morocco\">Morocco<\/option><option value=\"Mozambique\">Mozambique<\/option><option value=\"Myanmar\">Myanmar<\/option><option value=\"Namibia\">Namibia<\/option><option value=\"Nauru\">Nauru<\/option><option value=\"Nepal\">Nepal<\/option><option value=\"Netherlands\">Netherlands<\/option><option value=\"New Zealand\">New Zealand<\/option><option value=\"Nicaragua\">Nicaragua<\/option><option value=\"Niger\">Niger<\/option><option value=\"Nigeria\">Nigeria<\/option><option value=\"Norway\">Norway<\/option><option value=\"Oman\">Oman<\/option><option value=\"Pakistan\">Pakistan<\/option><option value=\"Palestinian Territory\">Palestinian Territory<\/option><option value=\"Palau\">Palau<\/option><option value=\"Panama\">Panama<\/option><option value=\"Papua New Guinea\">Papua New Guinea<\/option><option value=\"Paraguay\">Paraguay<\/option><option value=\"Peru\">Peru<\/option><option value=\"Philippines\">Philippines<\/option><option value=\"Poland\">Poland<\/option><option value=\"Portugal\">Portugal<\/option><option value=\"Qatar\">Qatar<\/option><option value=\"Romania\">Romania<\/option><option value=\"Russia\">Russia<\/option><option value=\"Rwanda\">Rwanda<\/option><option value=\"Saint Kitts and Nevis\">Saint Kitts and Nevis<\/option><option value=\"Saint Lucia\">Saint Lucia<\/option><option value=\"Saint Vincent\">Saint Vincent<\/option><option value=\"Samoa\">Samoa<\/option><option value=\"San Marino\">San Marino<\/option><option value=\"Sao Tome and Principe\">Sao Tome and Principe<\/option><option value=\"Saudi Arabia\">Saudi Arabia<\/option><option value=\"Senegal\">Senegal<\/option><option value=\"Serbia\">Serbia<\/option><option value=\"Seychelles\">Seychelles<\/option><option value=\"Sierra Leone\">Sierra Leone<\/option><option value=\"Singapore\">Singapore<\/option><option value=\"Slovakia\">Slovakia<\/option><option value=\"Slovenia\">Slovenia<\/option><option value=\"Solomon Islands\">Solomon Islands<\/option><option value=\"Somalia\">Somalia<\/option><option value=\"South Africa\">South Africa<\/option><option value=\"Spain\">Spain<\/option><option value=\"Sri Lanka\">Sri Lanka<\/option><option value=\"Sudan\">Sudan<\/option><option value=\"Suriname\">Suriname<\/option><option value=\"Swaziland\">Swaziland<\/option><option value=\"Sweden\">Sweden<\/option><option value=\"Switzerland\">Switzerland<\/option><option value=\"Syria\">Syria<\/option><option value=\"Taiwan\">Taiwan<\/option><option value=\"Tajikistan\">Tajikistan<\/option><option value=\"Tanzania\">Tanzania<\/option><option value=\"Thailand\">Thailand<\/option><option value=\"Togo\">Togo<\/option><option value=\"Tonga\">Tonga<\/option><option value=\"Trinidad and Tobago\">Trinidad and Tobago<\/option><option value=\"Tunisia\">Tunisia<\/option><option value=\"Turkey\">Turkey<\/option><option value=\"Turkmenistan\">Turkmenistan<\/option><option value=\"Tuvalu\">Tuvalu<\/option><option value=\"Uganda\">Uganda<\/option><option value=\"Ukraine\">Ukraine<\/option><option value=\"United Arab Emirates\">United Arab Emirates<\/option><option value=\"United Kingdom\">United Kingdom<\/option><option value=\"United States of America\">United States of America<\/option><option value=\"Uruguay\">Uruguay<\/option><option value=\"Uzbekistan\">Uzbekistan<\/option><option value=\"Vanuatu\">Vanuatu<\/option><option value=\"Vatican City\">Vatican City<\/option><option value=\"Venezuela\">Venezuela<\/option><option value=\"Vietnam\">Vietnam<\/option><option value=\"Western Sahara\">Western Sahara<\/option><option value=\"Western Samoa\">Western Samoa<\/option><option value=\"Yemen\">Yemen<\/option><option value=\"Zambia\">Zambia<\/option><option value=\"Zimbabwe\">Zimbabwe<\/option><\/select><label for=\"vfb-43-country\">Country<\/label><\/span><\/div><\/li><li class=\"vfb-item vfb-item-phone  \" id=\"item-vfb-44\"><label for=\"vfb-44\" class=\"vfb-desc\">Telephone  <span class=\"vfb-required-asterisk\">*<\/span><\/label><input type=\"tel\" name=\"vfb-44\" id=\"vfb-44\" value=\"\" class=\"vfb-text  vfb-medium  required  phone \" \/><\/li><li class=\"vfb-item vfb-item-email  \" id=\"item-vfb-45\"><label for=\"vfb-45\" class=\"vfb-desc\">Email <\/label><input type=\"email\" name=\"vfb-45\" id=\"vfb-45\" value=\"\" class=\"vfb-text  vfb-medium   email \" \/><\/li><li class=\"vfb-item vfb-item-text  \" id=\"item-vfb-47\"><label for=\"vfb-47\" class=\"vfb-desc\">M\u00e9thode de Contact Pr\u00e9f\u00e9r\u00e9e  <span class=\"vfb-required-asterisk\">*<\/span><\/label><input type=\"text\" name=\"vfb-47\" id=\"vfb-47\" value=\"\" class=\"vfb-text  vfb-medium  required  \" \/><\/li><li class=\"vfb-item vfb-item-radio  \" id=\"item-vfb-48\"><label class=\"vfb-desc\">Avez-vous un permis de conduire valide?  <span class=\"vfb-required-asterisk\">*<\/span><\/label><div><span class=\"vfb-span\"><input type=\"radio\" name=\"vfb-48\" id=\"vfb-48-1\" value=\"Oui\" class=\"vfb-radio  required \" \/><label for=\"vfb-48-1\" class=\"vfb-choice\">Oui<\/label><\/span><span class=\"vfb-span\"><input type=\"radio\" name=\"vfb-48\" id=\"vfb-48-2\" value=\"Non\" class=\"vfb-radio  required \" \/><label for=\"vfb-48-2\" class=\"vfb-choice\">Non<\/label><\/span><div style=\"clear:both\"><\/div><\/div><\/li><div id=\"item-vfb-49\" class=\"vfb-section-div \"><h4>Centres d&#039;int\u00e9r\u00eat<\/h4><\/div><div class=\"vfb-clear\"><\/div><li class=\"vfb-item vfb-item-checkbox  \" id=\"item-vfb-51\"><label class=\"vfb-desc\">S&#039;il vous pla\u00eet v\u00e9rifier tous les domaines de b\u00e9n\u00e9volat que vous souhaitez effectuer. (Cochez les cases seulement pour les comp\u00e9tences dont vous avez d\u00e9j\u00e0 l&#039;exp\u00e9rience)  <span class=\"vfb-required-asterisk\">*<\/span><\/label><div><span class=\"vfb-span\"><input type=\"checkbox\" name=\"vfb-51[]\" id=\"vfb-51-0\" value=\"Collecte de Fonds\" class=\"vfb-checkbox  required \" \/><label for=\"vfb-51-0\" class=\"vfb-choice\">Collecte de Fonds<\/label><\/span><span class=\"vfb-span\"><input type=\"checkbox\" name=\"vfb-51[]\" id=\"vfb-51-1\" value=\"Administration\" class=\"vfb-checkbox  required \" \/><label for=\"vfb-51-1\" class=\"vfb-choice\">Administration<\/label><\/span><span class=\"vfb-span\"><input type=\"checkbox\" name=\"vfb-51[]\" id=\"vfb-51-2\" value=\"Projets \/ Recherche\" class=\"vfb-checkbox  required \" \/><label for=\"vfb-51-2\" class=\"vfb-choice\">Projets \/ Recherche<\/label><\/span><span class=\"vfb-span\"><input type=\"checkbox\" name=\"vfb-51[]\" id=\"vfb-51-3\" value=\"Pr\u00e9sentations \/ Parler en public\" class=\"vfb-checkbox  required \" \/><label for=\"vfb-51-3\" class=\"vfb-choice\">Pr\u00e9sentations \/ Parler en public<\/label><\/span><span class=\"vfb-span\"><input type=\"checkbox\" name=\"vfb-51[]\" id=\"vfb-51-4\" value=\"\u00c9v\u00e9nements Sp\u00e9ciaux\" class=\"vfb-checkbox  required \" \/><label for=\"vfb-51-4\" class=\"vfb-choice\">\u00c9v\u00e9nements Sp\u00e9ciaux<\/label><\/span><span class=\"vfb-span\"><input type=\"checkbox\" name=\"vfb-51[]\" id=\"vfb-51-5\" value=\"R\u00e9daction d&#039;une Subvention\" class=\"vfb-checkbox  required \" \/><label for=\"vfb-51-5\" class=\"vfb-choice\">R\u00e9daction d'une Subvention<\/label><\/span><span class=\"vfb-span\"><input type=\"checkbox\" name=\"vfb-51[]\" id=\"vfb-51-6\" value=\"Entrainement de Chien\" class=\"vfb-checkbox  required \" \/><label for=\"vfb-51-6\" class=\"vfb-choice\">Entrainement de Chien<\/label><\/span><span class=\"vfb-span\"><input type=\"checkbox\" name=\"vfb-51[]\" id=\"vfb-51-7\" value=\"V\u00e9t\u00e9rinaire\" class=\"vfb-checkbox  required \" \/><label for=\"vfb-51-7\" class=\"vfb-choice\">V\u00e9t\u00e9rinaire<\/label><\/span><span class=\"vfb-span\"><input type=\"checkbox\" name=\"vfb-51[]\" id=\"vfb-51-8\" value=\"Gestion (int\u00e9ress\u00e9 \u00e0 d\u00e9marrer ou \u00e0 ex\u00e9cuter un chapitre)\" class=\"vfb-checkbox  required \" \/><label for=\"vfb-51-8\" class=\"vfb-choice\">Gestion (int\u00e9ress\u00e9 \u00e0 d\u00e9marrer ou \u00e0 ex\u00e9cuter un chapitre)<\/label><\/span><span class=\"vfb-span\"><input type=\"checkbox\" name=\"vfb-51[]\" id=\"vfb-51-9\" value=\"Mise \u00e0 jour des M\u00e9dias Sociaux\" class=\"vfb-checkbox  required \" \/><label for=\"vfb-51-9\" class=\"vfb-choice\">Mise \u00e0 jour des M\u00e9dias Sociaux<\/label><\/span><span class=\"vfb-span\"><input type=\"checkbox\" name=\"vfb-51[]\" id=\"vfb-51-10\" value=\"Newsletter, Communiqu\u00e9s de Presse ou Autres Comp\u00e9tences Professionnelles en R\u00e9daction\" class=\"vfb-checkbox  required \" \/><label for=\"vfb-51-10\" class=\"vfb-choice\">Newsletter, Communiqu\u00e9s de Presse ou Autres Comp\u00e9tences Professionnelles en R\u00e9daction<\/label><\/span><span class=\"vfb-span\"><input type=\"checkbox\" name=\"vfb-51[]\" id=\"vfb-51-11\" value=\"Comptabilit\u00e9 \/ Tenue de livres\" class=\"vfb-checkbox  required \" \/><label for=\"vfb-51-11\" class=\"vfb-choice\">Comptabilit\u00e9 \/ Tenue de livres<\/label><\/span><span class=\"vfb-span\"><input type=\"checkbox\" name=\"vfb-51[]\" id=\"vfb-51-12\" value=\"Autre\" class=\"vfb-checkbox  required \" \/><label for=\"vfb-51-12\" class=\"vfb-choice\">Autre<\/label><\/span><div style=\"clear:both\"><\/div><\/div><\/li><li class=\"vfb-item vfb-item-textarea  \" id=\"item-vfb-52\"><label for=\"vfb-52\" class=\"vfb-desc\">Veuillez donner des d\u00e9tails sur votre exp\u00e9rience en utilisant ces comp\u00e9tences  <span class=\"vfb-required-asterisk\">*<\/span><\/label><div><textarea name=\"vfb-52\" id=\"vfb-52\" class=\"vfb-textarea  vfb-medium  required \"><\/textarea><\/div><\/li><li class=\"vfb-item vfb-item-textarea  \" id=\"item-vfb-55\"><label for=\"vfb-55\" class=\"vfb-desc\">Avez-vous un domaine sp\u00e9cialis\u00e9 de formation ou d&#039;expertise? <\/label><div><textarea name=\"vfb-55\" id=\"vfb-55\" class=\"vfb-textarea  vfb-medium  \"><\/textarea><\/div><\/li><li class=\"vfb-item vfb-item-file-upload  \" id=\"item-vfb-54\"><label for=\"vfb-54\" class=\"vfb-desc\">Envoyez un r\u00e9sum\u00e9 si disponible <\/label><input type=\"file\" name=\"vfb-54\" id=\"vfb-54\" value=\"\" class=\"vfb-text  vfb-medium     {accept:'png|jpe?g|gif|doc|docx'}\" \/><\/li><li class=\"vfb-item vfb-item-radio  \" id=\"item-vfb-56\"><label class=\"vfb-desc\">Engagement de Temps  <span class=\"vfb-required-asterisk\">*<\/span><\/label><div><span class=\"vfb-span\"><input type=\"radio\" name=\"vfb-56\" id=\"vfb-56-1\" value=\"Moins de 6 mois\" class=\"vfb-radio  required \" \/><label for=\"vfb-56-1\" class=\"vfb-choice\">Moins de 6 mois<\/label><\/span><span class=\"vfb-span\"><input type=\"radio\" name=\"vfb-56\" id=\"vfb-56-2\" value=\"6 mois \u00e0 un an\" class=\"vfb-radio  required \" \/><label for=\"vfb-56-2\" class=\"vfb-choice\">6 mois \u00e0 un an<\/label><\/span><span class=\"vfb-span\"><input type=\"radio\" name=\"vfb-56\" id=\"vfb-56-3\" value=\"Sur une base projet par projet\" class=\"vfb-radio  required \" \/><label for=\"vfb-56-3\" class=\"vfb-choice\">Sur une base projet par projet<\/label><\/span><span class=\"vfb-span\"><input type=\"radio\" name=\"vfb-56\" id=\"vfb-56-4\" value=\"En cours\" class=\"vfb-radio  required \" \/><label for=\"vfb-56-4\" class=\"vfb-choice\">En cours<\/label><\/span><span class=\"vfb-span\"><input type=\"radio\" name=\"vfb-56\" id=\"vfb-56-5\" value=\"Autre\" class=\"vfb-radio  required \" \/><label for=\"vfb-56-5\" class=\"vfb-choice\">Autre<\/label><\/span><div style=\"clear:both\"><\/div><\/div><\/li><li class=\"vfb-item vfb-item-text  \" id=\"item-vfb-57\"><label for=\"vfb-57\" class=\"vfb-desc\">Si autre, veuillez expliquer <\/label><input type=\"text\" name=\"vfb-57\" id=\"vfb-57\" value=\"\" class=\"vfb-text  vfb-large   \" \/><\/li><li class=\"vfb-item vfb-item-textarea  \" id=\"item-vfb-53\"><label for=\"vfb-53\" class=\"vfb-desc\">Y at-il autre chose que vous aimeriez partager avec nous? <\/label><div><textarea name=\"vfb-53\" id=\"vfb-53\" class=\"vfb-textarea  vfb-medium  \"><\/textarea><\/div><\/li><\/ul>&nbsp;<\/fieldset><fieldset class=\"vfb-fieldset vfb-fieldset-2 verification \" id=\"item-vfb-40\" style=\"display:block\"><div class=\"vfb-legend\"><h3>V\u00e9rification<\/h3><\/div><ul class=\"vfb-section vfb-section-2\"><li class=\"vfb-item vfb-item-secret\"  style=\"display:block\"><label for=\"vfb-41\" class=\"vfb-desc\">Veuillez saisir deux chiffres <span class=\"vfb-required-asterisk\">*<\/span><\/label><input type=\"hidden\" name=\"_vfb-secret\" value=\"vfb-41\" \/><span class=\"vfb-span\"><input type=\"text\" name=\"vfb-41\" id=\"vfb-41\" value=\"\" class=\"vfb-text  vfb-medium  required {digits:true,maxlength:2,minlength:2} \" style=\"display:block\" \/><label>Example: 12<\/label><\/span><li style=\"display:none;\"><label>This box is for spam protection - &lt;strong&gt;please leave it blank&lt;\/strong&gt;:<\/label><div><input name=\"vfb-spam\" \/><\/div><\/li>\n\t\t\t<li class=\"vfb-item vfb-item-submit\" id=\"item-vfb-42\">\n\t\t\t\t<input type=\"submit\" name=\"vfb-submit\" id=\"vfb-42\" value=\"Soumettre\" class=\"vfb-submit \" \/>\n\t\t\t\t<\/li><\/ul>\n\t\t\t<\/fieldset><input type=\"hidden\" name=\"_wp_http_referer\" value=\"\/fr\/wp-json\/wp\/v2\/pages\/821\" \/><\/form><\/div> <!-- .visual-form-builder-container -->\n<p>Thank you for filling out and submitting this application. We will contact you by email to schedule a call or meeting. Thank you for your interest in volunteering with The LifeLine Canada (TLC).<\/p>\n","protected":false},"excerpt":{"rendered":"<p>La Fondation LifeLine Canada recherche des b\u00e9n\u00e9voles d\u00e9vou\u00e9s pour s&#8217;impliquer! Toutes les informations recueillies seront confidentielles et ne seront utilis\u00e9es que par la Fondation LifeLine Canada. Thank you for filling out and submitting this application. We will contact you by email to schedule a call or meeting. Thank you for your interest in volunteering with [&hellip;]<\/p>\n","protected":false},"author":2,"featured_media":0,"parent":0,"menu_order":0,"comment_status":"closed","ping_status":"closed","template":"","meta":{"_exactmetrics_skip_tracking":false,"_exactmetrics_sitenote_active":false,"_exactmetrics_sitenote_note":"","_exactmetrics_sitenote_category":0,"_links_to":"","_links_to_target":""},"_links":{"self":[{"href":"https:\/\/thelifelinecanada.ca\/fr\/wp-json\/wp\/v2\/pages\/821"}],"collection":[{"href":"https:\/\/thelifelinecanada.ca\/fr\/wp-json\/wp\/v2\/pages"}],"about":[{"href":"https:\/\/thelifelinecanada.ca\/fr\/wp-json\/wp\/v2\/types\/page"}],"author":[{"embeddable":true,"href":"https:\/\/thelifelinecanada.ca\/fr\/wp-json\/wp\/v2\/users\/2"}],"replies":[{"embeddable":true,"href":"https:\/\/thelifelinecanada.ca\/fr\/wp-json\/wp\/v2\/comments?post=821"}],"version-history":[{"count":13,"href":"https:\/\/thelifelinecanada.ca\/fr\/wp-json\/wp\/v2\/pages\/821\/revisions"}],"predecessor-version":[{"id":3286,"href":"https:\/\/thelifelinecanada.ca\/fr\/wp-json\/wp\/v2\/pages\/821\/revisions\/3286"}],"wp:attachment":[{"href":"https:\/\/thelifelinecanada.ca\/fr\/wp-json\/wp\/v2\/media?parent=821"}],"curies":[{"name":"wp","href":"https:\/\/api.w.org\/{rel}","templated":true}]}}