{"id":687,"date":"2016-11-02T02:26:44","date_gmt":"2016-11-02T02:26:44","guid":{"rendered":"https:\/\/thelifelinecanada.ca\/fr\/?page_id=687"},"modified":"2021-06-11T14:56:25","modified_gmt":"2021-06-11T21:56:25","slug":"pattern-interrupt","status":"publish","type":"page","link":"https:\/\/thelifelinecanada.ca\/fr\/pattern-interrupt\/","title":{"rendered":"Interruptions de Mod\u00e8le"},"content":{"rendered":"<h2><span style=\"font-size: 14pt;\">Interruptions de Mod\u00e8le<\/span><\/h2>\n<p><span title=\"Pattern Interrupts are a way to change a person\u2019s state or strategy.\">Pattern Interrupts est un moyen de changer l&#8217;\u00e9tat ou la strat\u00e9gie d&#8217;une personne. <\/span><span title=\"We all have behavior patterns that are habit sequences or mental pathways. \">Nous avons tous des comportements qui sont des s\u00e9quences habituelles ou des voies mentales.<\/span><\/p>\n<p><span title=\"Usually habits are useful.\">Habituellement, les habitudes sont utiles. <\/span><span title=\"Auto pilot means our brains have become so efficient at doing something we can tune out our conscious minds. \">Le pilote automatique signifie que notre cerveau est devenu si efficace pour faire quelque chose que nous pouvons r\u00e9gler nos esprits conscients.<\/span><\/p>\n<p><span title=\"We get dressed, drive, walk, clean our teeth in ways that don\u2019t need much mental attention.\">Nous nous habillons, nous conduisons, nous nous promenons, nettoyons nos dents de mani\u00e8re \u00e0 ne pas avoir besoin de beaucoup d&#8217;attention mentale. <\/span><span title=\"Patterns can be our downfall too.\">Les mod\u00e8les peuvent aussi \u00eatre notre chute. <\/span><span title=\"Our unconscious excels at running patterns or programs automatically.\">Notre inconscient excelle \u00e0 l&#8217;ex\u00e9cution de mod\u00e8les ou de programmes automatiquement. <\/span><span title=\"This frees our conscious resources to ponder other matters while we perform certain activities unconsciously. \">Cela lib\u00e8re nos ressources conscientes pour r\u00e9fl\u00e9chir \u00e0 d&#8217;autres questions alors que nous effectuons certaines activit\u00e9s inconsciemment.<\/span><\/p>\n<p><span title=\"This sometimes can present a problem when trying to change your own or someone else\u2019s habitual patterns of thought, emotion or behavior.\">Cela peut parfois pr\u00e9senter un probl\u00e8me lorsque vous essayez de changer vos propres habitudes de pens\u00e9e, d&#8217;\u00e9motion ou de comportement. <\/span><span title=\"You want to change but your unconscious keeps doing the same thing over and over and over. \">Vous voulez changer, mais votre inconscient continue de faire la m\u00eame chose encore et encore.<\/span><\/p>\n<p><span title=\"It is useful to interrupt your own or someone else\u2019s when stuck in an unresourceful state.\">Il est utile d&#8217;interrompre votre propre ou quelqu&#8217;un d&#8217;autre lorsqu&#8217;il est coinc\u00e9 dans un \u00e9tat sans ressources. <\/span><span title=\"Like getting caught in a negative spiral.\">Comme \u00eatre pris dans une spirale n\u00e9gative. <\/span><span title=\"You can find excellent Pattern Interrupts for you below.\">Vous pouvez trouver d&#8217;excellentes interruptions de Pattern pour vous ci-dessous.<\/span><\/p>\n<ul>\n<li><a href=\"https:\/\/thelifelinecanada.ca\/fr\/pattern-interrupt\/acts-of-kindness\/\"><span id=\"result_box\" class=\"\" lang=\"fr\"><span class=\"\">Actes de bont\u00e9<\/span><\/span><\/a><\/li>\n<li><a href=\"https:\/\/thelifelinecanada.ca\/fr\/comedy\/\"><span id=\"result_box\" class=\"\" lang=\"fr\"><span class=\"\">Com\u00e9die<\/span><\/span><\/a><\/li>\n<li><a href=\"https:\/\/thelifelinecanada.ca\/fr\/coping-mechanisms\/\"><span id=\"result_box\" class=\"\" lang=\"fr\"><span class=\"\">M\u00e9canismes d&#8217;adaptation<\/span><\/span><\/a><\/li>\n<li><a href=\"https:\/\/thelifelinecanada.ca\/fr\/ecounselling\/\">Conseils En Ligne<\/a><\/li>\n<li><a href=\"https:\/\/thelifelinecanada.ca\/fr\/emotional-support-videos\/\"><span id=\"result_box\" class=\"\" lang=\"fr\">Vid\u00e9os de soutien \u00e9motionnel<\/span><\/a><\/li>\n<li><a href=\"https:\/\/thelifelinecanada.ca\/fr\/pattern-interrupt\/helpful-movies\/\"><span id=\"result_box\" class=\"\" lang=\"fr\">Films utiles<\/span><\/a><\/li>\n<li><a href=\"https:\/\/thelifelinecanada.ca\/fr\/image-gallery-2\/\"><span id=\"result_box\" class=\"\" lang=\"fr\">Galerie d&#8217;images<\/span><\/a><\/li>\n<li><a href=\"https:\/\/thelifelinecanada.ca\/fr\/pattern-interrupt\/ways-to-improve-your-mood\/\"><span id=\"result_box\" class=\"\" lang=\"fr\">Am\u00e9liorez votre humeur<\/span><\/a><\/li>\n<li><a href=\"https:\/\/thelifelinecanada.ca\/fr\/inspiring-videos\/\"><span id=\"result_box\" class=\"\" lang=\"fr\">Vid\u00e9os inspirantes<\/span><\/a><\/li>\n<li><a href=\"https:\/\/thelifelinecanada.ca\/fr\/interactive-mind\/\"><span id=\"result_box\" class=\"\" lang=\"fr\">Esprit interactif<\/span><\/a><\/li>\n<li><a href=\"https:\/\/thelifelinecanada.ca\/fr\/mental-health-apps\/\"><span id=\"result_box\" class=\"\" lang=\"fr\">Applications de sant\u00e9 mentale<\/span><\/a><\/li>\n<\/ul>\n<ul>\n<li style=\"list-style-type: none;\">\n<ol>\n<li><a href=\"https:\/\/thelifelinecanada.ca\/fr\/mental-health-apps\/suicide-prevention\/\"><span id=\"result_box\" class=\"\" lang=\"fr\"> Pr\u00e9vention du suicide<\/span><\/a><\/li>\n<li><a href=\"https:\/\/thelifelinecanada.ca\/fr\/pattern-interrupt\/mental-health-apps\/depression\/\"><span id=\"result_box\" class=\"\" lang=\"fr\">D\u00e9pression et anxi\u00e9t\u00e9<\/span><\/a><\/li>\n<li><a href=\"https:\/\/thelifelinecanada.ca\/fr\/mental-health-apps\/guided-relaxation-and-meditation\/\"><span id=\"result_box\" class=\"\" lang=\"fr\">Relaxation guid\u00e9e et m\u00e9ditation et sommeil<\/span><\/a><\/li>\n<li><a href=\"https:\/\/thelifelinecanada.ca\/fr\/mental-health-apps\/mood-charting\/\"><span id=\"result_box\" class=\"\" lang=\"fr\">Graphique de l&#8217;humeur<\/span><\/a><\/li>\n<li><a href=\"https:\/\/thelifelinecanada.ca\/fr\/mental-health-apps\/more-apps\/\"><span id=\"result_box\" class=\"\" lang=\"fr\">Plus d&#8217;applications<\/span><\/a><\/li>\n<li><a href=\"https:\/\/thelifelinecanada.ca\/fr\/mental-health-apps\/android-apps\/\"><span id=\"result_box\" class=\"\" lang=\"fr\">Applications Android<\/span><\/a><\/li>\n<\/ol>\n<\/li>\n<\/ul>\n<ul>\n<li><a href=\"https:\/\/thelifelinecanada.ca\/fr\/movies-of-inspiration\/\"><span id=\"result_box\" class=\"\" lang=\"fr\">Films d&#8217;inspiration<\/span><\/a><\/li>\n<li><a href=\"https:\/\/thelifelinecanada.ca\/fr\/life-changing-books\/\"><span id=\"result_box\" class=\"\" lang=\"fr\"> Livres en mutation de la vie<\/span><\/a><\/li>\n<li><a href=\"https:\/\/thelifelinecanada.ca\/fr\/pattern-interrupt\/self-management\/\" target=\"_blank\" rel=\"noopener\">La gestion de soi<\/a><\/li>\n<li><a href=\"https:\/\/thelifelinecanada.ca\/fr\/uplifting-music-videos\/\"><span class=\"\" lang=\"fr\">Vid\u00e9os de musique \u00e9difiante<\/span><\/a><span id=\"result_box\" class=\"\" lang=\"fr\"><span id=\"result_box\" class=\"short_text\" lang=\"fr\"><\/span><\/span><\/li>\n<li><a href=\"https:\/\/thelifelinecanada.ca\/fr\/ways-to-transform-negative-thoughts\/\"><span id=\"result_box\" class=\"\" lang=\"fr\">Des facons de transformer des pens\u00e9es n\u00e9gatives<\/span><\/a><\/li>\n<li><a href=\"https:\/\/thelifelinecanada.ca\/fr\/words-of-wisdom\/\"><span id=\"result_box\" class=\"\" lang=\"fr\">Paroles de sagesse<\/span><\/a><\/li>\n<\/ul>\n","protected":false},"excerpt":{"rendered":"<p>Interruptions de Mod\u00e8le Pattern Interrupts est un moyen de changer l&#8217;\u00e9tat ou la strat\u00e9gie d&#8217;une personne. Nous avons tous des comportements qui sont des s\u00e9quences habituelles ou des voies mentales. Habituellement, les habitudes sont utiles. Le pilote automatique signifie que notre cerveau est devenu si efficace pour faire quelque chose que nous pouvons r\u00e9gler nos [&hellip;]<\/p>\n","protected":false},"author":2,"featured_media":0,"parent":0,"menu_order":0,"comment_status":"closed","ping_status":"closed","template":"","meta":{"_exactmetrics_skip_tracking":false,"_exactmetrics_sitenote_active":false,"_exactmetrics_sitenote_note":"","_exactmetrics_sitenote_category":0,"footnotes":"","_links_to":"","_links_to_target":""},"class_list":["post-687","page","type-page","status-publish","hentry"],"_links":{"self":[{"href":"https:\/\/thelifelinecanada.ca\/fr\/wp-json\/wp\/v2\/pages\/687","targetHints":{"allow":["GET"]}}],"collection":[{"href":"https:\/\/thelifelinecanada.ca\/fr\/wp-json\/wp\/v2\/pages"}],"about":[{"href":"https:\/\/thelifelinecanada.ca\/fr\/wp-json\/wp\/v2\/types\/page"}],"author":[{"embeddable":true,"href":"https:\/\/thelifelinecanada.ca\/fr\/wp-json\/wp\/v2\/users\/2"}],"replies":[{"embeddable":true,"href":"https:\/\/thelifelinecanada.ca\/fr\/wp-json\/wp\/v2\/comments?post=687"}],"version-history":[{"count":19,"href":"https:\/\/thelifelinecanada.ca\/fr\/wp-json\/wp\/v2\/pages\/687\/revisions"}],"predecessor-version":[{"id":3813,"href":"https:\/\/thelifelinecanada.ca\/fr\/wp-json\/wp\/v2\/pages\/687\/revisions\/3813"}],"wp:attachment":[{"href":"https:\/\/thelifelinecanada.ca\/fr\/wp-json\/wp\/v2\/media?parent=687"}],"curies":[{"name":"wp","href":"https:\/\/api.w.org\/{rel}","templated":true}]}}