{"id":672,"date":"2016-11-02T01:04:00","date_gmt":"2016-11-02T01:04:00","guid":{"rendered":"https:\/\/thelifelinecanada.ca\/fr\/?page_id=672"},"modified":"2021-06-16T13:08:32","modified_gmt":"2021-06-16T20:08:32","slug":"resource-organizations","status":"publish","type":"page","link":"https:\/\/thelifelinecanada.ca\/fr\/resources\/resource-organizations\/","title":{"rendered":"Les Organismes de Ressources"},"content":{"rendered":"<div class=\"fusion-fullwidth fullwidth-box fusion-builder-row-1 nonhundred-percent-fullwidth non-hundred-percent-height-scrolling\" style=\"background-color: #ffffff;background-position: center center;background-repeat: no-repeat;padding-top:0px;padding-right:0px;padding-bottom:0px;padding-left:0px;margin-bottom: 0px;margin-top: 0px;border-width: 0px 0px 0px 0px;border-color:#eae9e9;border-style:solid;\" ><div class=\"fusion-builder-row fusion-row\"><div class=\"fusion-layout-column fusion_builder_column fusion-builder-column-0 fusion_builder_column_1_1 1_1 fusion-one-full fusion-column-first fusion-column-last\" style=\"margin-top:0px;margin-bottom:0px;\"><div class=\"fusion-column-wrapper fusion-flex-column-wrapper-legacy\" style=\"background-position:left top;background-repeat:no-repeat;-webkit-background-size:cover;-moz-background-size:cover;-o-background-size:cover;background-size:cover;padding: 0px 0px 0px 0px;\"><div class=\"fusion-text fusion-text-1\"><p align=\"LEFT\"><a name=\"result_box71\"><\/a><span style=\"font-size: medium;\">Les guides, les trousses d&#8217;outils et les ressources de ce site repr\u00e9sentent une compilation de ressources pour la pr\u00e9vention du suicide provenant de diverses sources partout dans le monde, comme on l&#8217;a vu. Lorsque vous cliquez sur des liens de tiers, vous serez redirig\u00e9 vers des sites Web non affili\u00e9s mais b\u00e9n\u00e9ficie de notre soutien sous-jacent \u00e0 la Fondation LifeLine Canada.<br \/>\n<\/span><b><\/b><\/p>\n<p><span style=\"font-size: medium;\"><span lang=\"fr-FR\"><b>Canada<br \/>\n<\/b><\/span><\/span><span style=\"font-size: medium;\"><span lang=\"fr-FR\"><br \/>\n<\/span><\/span><span style=\"font-size: medium;\"><span lang=\"fr-FR\"><i><a href=\"https:\/\/jeunessejecoute.ca\/\" target=\"_blank\" rel=\"noopener\">Jeunesse, J&#8217;\u00e9coute<\/a>\u00a0: <\/i><\/span><\/span><span style=\"font-size: medium;\"><span lang=\"fr-FR\">Jeunesse, J&#8217;\u00e9coute offre un counselling t\u00e9l\u00e9phonique 24 heures sur 24 et 7 jours sur 7 anonymes, confidentiels, sans jugement et gratuit pour les 20 ans et moins partout au Canada.<\/span><\/span><\/p>\n<p><span style=\"font-size: medium;\"><span lang=\"fr-FR\"><i><a href=\"https:\/\/www.suicideinfo.ca\/resources\/\" target=\"_blank\" rel=\"noopener\">Centre For Suicide Prevention Canada <\/a>: Centre pour la pr\u00e9vention du suicide Canada\u00a0:<\/i><\/span><\/span><span style=\"font-size: medium;\"><span lang=\"fr-FR\"> Offrir de nombreux types de ressources, de l&#8217;infographie aux articles de r\u00e9daction en profondeur.<\/span><\/span><\/p>\n<p><span lang=\"fr-FR\"><i><a href=\"https:\/\/suicideprevention.ca\/\" target=\"_blank\" rel=\"noopener\">Association Canadienne pour la pr\u00e9vention du suicide L&#8217;ACPS<\/a><\/i><\/span><span lang=\"fr-FR\"> est une association d&#8217;information visant \u00e0 r\u00e9duire le taux de suicide au Canada et \u00e0 minimiser les cons\u00e9quences des comportements suicidaires.<\/span><\/p>\n<p><span lang=\"fr-FR\"><i><a href=\"https:\/\/www.sprc.org\" target=\"_blank\" rel=\"noopener\">Suicide Prevention Resource Centre Canada <\/a>: Centre de ressources pour la pr\u00e9vention du suicide Canada\u00a0: <\/i><\/span><span lang=\"fr-FR\">Les objectifs du SPRC sont de r\u00e9duire le suicide, les comportements suicidaires et leurs effets, en favorisant des alternatives positives et des habilet\u00e9s d&#8217;adaptation saines.<\/span><\/p>\n<p><span lang=\"fr-FR\"><i>Centre de ressources en sant\u00e9 mentale de Kelty\u00a0: <\/i><\/span><span lang=\"fr-FR\">Source d&#8217;information de la C B. pour les enfants, les jeunes et les familles<\/span><b><\/b><\/p>\n<p><span lang=\"fr-FR\"><i><a href=\"http:\/\/keltymentalhealth.ca\" target=\"_blank\" rel=\"noopener\">ACSM Sant\u00e9 mentale au Canada\u00a0<\/a>: <\/i><\/span><span lang=\"fr-FR\">L&#8217;Association canadienne pour la sant\u00e9 mentale promeut la sant\u00e9 mentale de tous et appuie la r\u00e9silience et le r\u00e9tablissement des personnes atteintes de maladie mentale.<\/span><\/p>\n<p><a href=\"https:\/\/cmha.ca\/document-category\/mental-health\" target=\"_blank\" rel=\"noopener\"><span lang=\"fr-FR\"><i>Commission de la sant\u00e9 mentale du Canada\u00a0:<\/i><\/span><\/a><span lang=\"fr-FR\"> Les probl\u00e8mes de sant\u00e9 mentale et les maladies touchent plus de gens au Canada que certains des principaux troubles physiques. Ensemble, nous acc\u00e9l\u00e9rons le changement pour transformer le syst\u00e8me de sant\u00e9 mentale du Canada.<\/span><\/p>\n<p align=\"LEFT\"><a href=\"http:\/\/www.aqps.info\/a-propos\/\" target=\"_blank\" rel=\"noopener\">l\u2019Association qu\u00e9b\u00e9coise de pr\u00e9vention du suicide <\/a>est un organisme \u00e0 but non lucratif qui a pour mission d\u2019\u0153uvrer au d\u00e9veloppement de la pr\u00e9vention du suicide au Qu\u00e9bec. Elle regroupe des organismes ainsi que des personnes qui souhaitent agir de fa\u00e7on concert\u00e9e et efficace afin de pr\u00e9venir le suicide.<\/p>\n<p align=\"LEFT\"><a href=\"http:\/\/www.cpsquebec.ca\/le-cpsq\/#pr%C3%A9sentation\" target=\"_blank\" rel=\"noopener\">Le Centre de pr\u00e9vention du suicide de Qu\u00e9bec (CPSQ)<\/a> fut le premier organisme au Canada en pr\u00e9vention du suicide. Il offre, dans la grande r\u00e9gion de Qu\u00e9bec, un ensemble de services professionnels et sp\u00e9cialis\u00e9s visant la pr\u00e9vention, l\u2019intervention et la postvention aupr\u00e8s de personnes suicidaires, de leurs proches et des personnes endeuill\u00e9es. Le CPSQ est le fier instigateur de plusieurs programmes innovateurs en pr\u00e9vention du suicide, notamment SILAR (Service int\u00e9gr\u00e9 de liaison, d\u2019accompagnement et de relance). Aussi, il participe au programme Sentinelles en pr\u00e9vention du suicide et offre plusieurs formations.<\/p>\n<p><span style=\"font-size: medium;\"><span lang=\"fr-FR\"><i><a href=\"http:\/\/klinic.mb.ca\/\" target=\"_blank\" rel=\"noopener\">Klinic Community Health<\/a> : (en anglais) : Klinic Community Health\u00a0: <\/i><\/span><\/span><span style=\"font-size: medium;\"><span lang=\"fr-FR\"> Klinic est un centre de crise accr\u00e9dit\u00e9 au Manitoba avec l&#8217;Association am\u00e9ricaine de la Suicidologie et un membre de l&#8217;Association canadienne pour la pr\u00e9vention du suicide et le R\u00e9seau canadien de d\u00e9tresse.<\/span><\/span><\/p>\n<p><span style=\"font-size: medium;\"><span lang=\"fr-FR\"><b>Les \u00c9tats Unis<\/b><\/span><\/span><\/p>\n<p><span style=\"font-size: medium;\"><span lang=\"fr-FR\"><i><a href=\"https:\/\/suicidepreventionlifeline.org\/\" target=\"_blank\" rel=\"noopener\">The National Suicide Prevention Lifeline<\/a> : (en anglais) : Le National Suicide Prevention Lifeline<\/i><\/span><span lang=\"fr-FR\"> est un r\u00e9seau national de centres de crise locaux qui fournit un soutien affectif gratuit et confidentiel aux personnes en situation de crise suicidaire ou de d\u00e9tresse \u00e9motionnelle 24 heures sur 24, 7 jours par semaine. Nous nous sommes engag\u00e9s \u00e0 am\u00e9liorer les services de crise et \u00e0 faire progresser la pr\u00e9vention du suicide en habilitant les individus, en faisant progresser les meilleures pratiques professionnelles et en sensibilisant les gens.<\/span><\/span><\/p>\n<p><span style=\"font-size: medium;\"><span lang=\"fr-FR\"><i><a href=\"http:\/\/helpyourselfhelpothers.org\" target=\"_blank\" rel=\"noopener\">Help Yourself. Help Others. Online Screening U.S.<\/a> : (en anglais) : Aide-toi. Aider les autres.<\/i><\/span><\/span><span style=\"font-size: medium;\"><span lang=\"fr-FR\"> D\u00e9pistage en ligne Tout le monde \u00e9prouve de temps en temps du stress, de la tristesse et de l&#8217;anxi\u00e9t\u00e9 &#8211; il fait partie de la vie. Mais si vous vous sentez accabl\u00e9, d\u00e9prim\u00e9, ou incapable de faire les choses que vous avez aim\u00e9 une fois, il peut \u00eatre temps d&#8217;\u00e9valuer votre sant\u00e9 \u00e9motionnelle. Si vous vous int\u00e9ressez \u00e0 vous-m\u00eame ou \u00e0 quelqu&#8217;un que vous aimez, prenez quelques minutes pour effectuer une auto-\u00e9valuation anonyme. Pour les \u00e9tudiants, les militaires et leurs familles et le public.<\/span><\/span><\/p>\n<p><span style=\"font-size: medium;\"><span lang=\"fr-FR\"><i><a href=\"http:\/\/www.accreditedschoolsonline.org\/resources\/student-mental-health-resources\/\" target=\"_blank\" rel=\"noopener\">Student Mental Health Resources<\/a>: (en anglais) : Ressources en sant\u00e9 mentale<\/i><\/span><\/span><span style=\"font-size: medium;\"><span lang=\"fr-FR\"> des \u00e9l\u00e8ves Promotion de la sant\u00e9 mentale des \u00e9l\u00e8ves. Des conseils d&#8217;experts et des ressources scolaires pour comprendre les troubles et obtenir de l&#8217;aide.<\/span><\/span><\/p>\n<p><span style=\"font-size: medium;\"><span lang=\"fr-FR\"><i><a href=\"https:\/\/www.afsp.org\/\" target=\"_blank\" rel=\"noopener\">American Foundation for Suicide Prevention<\/a> : (en anglais) : La Fondation Am\u00e9ricaine pour la Pr\u00e9vention du Suicide (AFSP)<\/i><\/span><\/span><span style=\"font-size: medium;\"><span lang=\"fr-FR\"> est la principale organisation nationale sans but lucratif qui se consacre exclusivement \u00e0 la compr\u00e9hension et \u00e0 la pr\u00e9vention du suicide par la recherche, l&#8217;\u00e9ducation et la sensibilisation et \u00e0 toucher les personnes atteintes de troubles mentaux et les personnes touch\u00e9es par le suicide. www.afsp.org<br \/>\n<\/span><\/span><span style=\"font-size: medium;\"><span lang=\"fr-FR\"><i><br \/>\n<a href=\"http:\/\/www.sprc.org\/\" target=\"_blank\" rel=\"noopener\">Suicide Prevention Resource Center<\/a>: <\/i><\/span><\/span><em><span lang=\"fr-FR\">(en anglais) : Le Centre de ressources pour la pr\u00e9vention du suicide (SPRC)<\/span><\/em><span lang=\"fr-FR\"> promeut la mise en \u0153uvre de la Strat\u00e9gie nationale de pr\u00e9vention du suicide et am\u00e9liore l&#8217;infrastructure de sant\u00e9 mentale du pays en offrant aux \u00c9tats, aux organismes gouvernementaux, aux organisations priv\u00e9es, aux coll\u00e8ges et universit\u00e9s et aux groupes de consommateurs suicidaires et de sant\u00e9 mentale de la science et de l&#8217;exp\u00e9rience qui peuvent appuyer leurs efforts pour \u00e9laborer des programmes, mettre en \u0153uvre des interventions et promouvoir des politiques visant \u00e0 pr\u00e9venir le suicide. www.sprc.org<\/span><\/p>\n<p><span style=\"font-size: medium;\"><span lang=\"fr-FR\"><i><a href=\"http:\/\/www.dbsalliance.org\/site\/PageServer?pagename=home\" target=\"_blank\" rel=\"noopener\">Depression and Bipolar Support Alliance<\/a> :\u00a0(en anglais) : La d\u00e9pression et l&#8217;alliance de soutien bipolaire (DBSA)<\/i><\/span><\/span><span style=\"font-size: medium;\"><span lang=\"fr-FR\"> est la principale organisation dirig\u00e9e par le patient aux \u00c9tats-Unis se concentrant sur la d\u00e9pression et le trouble bipolaire. Ils exploitent une ligne d&#8217;appel sans frais 1-800-826-3632 et ont un r\u00e9seau de base de plus de 1 000 groupes de soutien g\u00e9r\u00e9s par les patients \u00e0 travers le pays.<br \/>\n<\/span><\/span><span style=\"font-size: medium;\"><span lang=\"fr-FR\"><i><br \/>\n<a href=\"http:\/\/www.nami.org\" target=\"_blank\" rel=\"noopener\">National Alliance for the Mentally Ill<\/a> :(en anglais) : L&#8217;Alliance nationale pour les malades mentaux (NAMI), <\/i><\/span><\/span><span style=\"font-size: medium;\"><span lang=\"fr-FR\">une organisation \u00e0 but non lucratif, de soutien , de plaidoyer et de d\u00e9fense des consommateurs, des familles et des amis des personnes atteintes de maladies mentales, a des renseignements sur les maladies mentales, les programmes, les groupes de soutien, et plus. Il ya plus de mille affili\u00e9s locaux dans 50 \u00c9tats.<\/span><\/span><\/p>\n<p><span style=\"font-size: medium;\"><span lang=\"fr-FR\"><i><a href=\"http:\/\/www.samhsa.gov\/about-us\/who-we-are\/offices-centers\/cmhs\" target=\"_blank\" rel=\"noopener\">Center for Mental Health Services<\/a> :(en anglais): Le Centre de services de sant\u00e9 mentale (SCSM) de l&#8217;Administration des services de sant\u00e9 mentale et de toxicomanie (SAMHSA)<\/i><\/span><\/span><span style=\"font-size: medium;\"><span lang=\"fr-FR\"> tient un localisateur de services de sant\u00e9 mentale <a href=\"http:\/\/www.samhsa.gov\/find-help\" target=\"_blank\" rel=\"noopener\">(mental health services locator)\u00a0<\/a>que vous pouvez utiliser pour trouver des services, des installations et des ressources dans votre \u00e9tat.<br \/>\n<\/span><\/span><b><\/b><\/p>\n<p><span style=\"font-size: medium;\"><span lang=\"fr-FR\"><b>\u00c0 l&#8217;\u00e9chelle mondiale<\/b><\/span><\/span><\/p>\n<p><span style=\"font-size: medium;\"><a href=\"https:\/\/www.iasp.info\/fr\/accueil.php\" target=\"_blank\" rel=\"noopener\"><span lang=\"fr-FR\"><i>Association Internationale pour la Pr\u00e9vention du Suicide (IASP)<\/i><\/span><\/a><span lang=\"fr-FR\"> L&#8217;Association Internationale pour la Pr\u00e9vention du Suicide (IASP) est d\u00e9di\u00e9e \u00e0 pr\u00e9venir les comportements suicidaires, en att\u00e9nuer les effets, et \u00e0 fournir un forum<\/span><\/span><span style=\"font-size: medium;\"> p<\/span><span lang=\"fr-FR\">our les universitaires, les professionnels de la sant\u00e9 mentale, les travailleurs en situation de crise, les volontaires et les survivants du suicide.n. <a href=\"https:\/\/www.iasp.info\/fr\/accueil.php\" target=\"_blank\" rel=\"noopener\">IASP<\/a><\/span><\/p>\n<p><span lang=\"fr-FR\"><i><a href=\"http:\/\/www.who.int\/mental_health\/fr\/\" target=\"_blank\" rel=\"noopener\">Organisation mondiale de la sant\u00e9<\/a>,\u00a0<\/i><\/span><span lang=\"fr-FR\"> Notre objectif est de b\u00e2tir un avenir meilleur et plus sain pour les gens du monde entier. Travaillant par le biais de bureaux dans plus de 150 pays, le personnel de l&#8217;OMS collabore \u00e9troitement avec les gouvernements et les autres partenaires pour assurer le meilleur niveau de sant\u00e9 possible \u00e0 tous. <a href=\"http:\/\/www.who.int\/mental_health\/fr\/\" target=\"_blank\" rel=\"noopener\">QUI<\/a><\/span><\/p>\n<\/div><div class=\"fusion-clearfix\"><\/div><\/div><\/div><\/div><\/div>\n","protected":false},"excerpt":{"rendered":"","protected":false},"author":2,"featured_media":0,"parent":137,"menu_order":0,"comment_status":"closed","ping_status":"closed","template":"","meta":{"_exactmetrics_skip_tracking":false,"_exactmetrics_sitenote_active":false,"_exactmetrics_sitenote_note":"","_exactmetrics_sitenote_category":0,"_links_to":"","_links_to_target":""},"_links":{"self":[{"href":"https:\/\/thelifelinecanada.ca\/fr\/wp-json\/wp\/v2\/pages\/672"}],"collection":[{"href":"https:\/\/thelifelinecanada.ca\/fr\/wp-json\/wp\/v2\/pages"}],"about":[{"href":"https:\/\/thelifelinecanada.ca\/fr\/wp-json\/wp\/v2\/types\/page"}],"author":[{"embeddable":true,"href":"https:\/\/thelifelinecanada.ca\/fr\/wp-json\/wp\/v2\/users\/2"}],"replies":[{"embeddable":true,"href":"https:\/\/thelifelinecanada.ca\/fr\/wp-json\/wp\/v2\/comments?post=672"}],"version-history":[{"count":80,"href":"https:\/\/thelifelinecanada.ca\/fr\/wp-json\/wp\/v2\/pages\/672\/revisions"}],"predecessor-version":[{"id":3904,"href":"https:\/\/thelifelinecanada.ca\/fr\/wp-json\/wp\/v2\/pages\/672\/revisions\/3904"}],"up":[{"embeddable":true,"href":"https:\/\/thelifelinecanada.ca\/fr\/wp-json\/wp\/v2\/pages\/137"}],"wp:attachment":[{"href":"https:\/\/thelifelinecanada.ca\/fr\/wp-json\/wp\/v2\/media?parent=672"}],"curies":[{"name":"wp","href":"https:\/\/api.w.org\/{rel}","templated":true}]}}