{"id":658,"date":"2016-11-02T00:25:32","date_gmt":"2016-11-02T00:25:32","guid":{"rendered":"https:\/\/thelifelinecanada.ca\/fr\/?page_id=658"},"modified":"2022-09-26T08:06:35","modified_gmt":"2022-09-26T15:06:35","slug":"teens","status":"publish","type":"page","link":"https:\/\/thelifelinecanada.ca\/fr\/resources\/teens\/","title":{"rendered":"Les Adolescents et Les Jeunes"},"content":{"rendered":"<p><span lang=\"fr-FR\"><b>Jeunes \u00e0 Risque &#8211; Information Pour Les Jeunes<\/b><\/span><span lang=\"fr-FR\"><br \/>\nDe la part de <em><a href=\"http:\/\/www.suicideinfo.ca\" target=\"_blank\" rel=\"noopener noreferrer\">Centre for Suicide Prevention<\/a><\/em>:\u00a0 (en anglais) Centre de pr\u00e9vention du suicide<br \/>\nT\u00e9l\u00e9chargez une copie gratuite <em><a href=\"https:\/\/thelifelinecanada.ca\/wp-content\/uploads\/2016\/11\/Youth-at-Risk-Youth.pdf\" target=\"_blank\" rel=\"noopener noreferrer\">Youth at Risk \u2013 Youth Information<\/a><\/em>: (en anglais) Jeunes \u00e0 risque &#8211; Information pour les jeunes<\/span><\/p>\n<p><span lang=\"fr-FR\"><b>Si vous vous sentez suicidair<\/b><br \/>\nSi vous vous sentez suicidaire, dites \u00e0 quelqu&#8217;un comment vous vous sentez et demandez de l&#8217;aide. Appelez un centre de crise ou parlez \u00e0 un adulte, tel qu&#8217;un parent, un enseignant ou un conseiller scolaire.<\/span><\/p>\n<p><span lang=\"fr-FR\"><b>Obtenir de l&#8217;aide imm\u00e9diatement<\/b><\/span><span lang=\"fr-FR\"><br \/>\nSi vous vous sentez suicidaire, dites \u00e0 quelqu&#8217;un tout de suite. Communiquez avec une ligne de crise ou parlez \u00e0 un adulte, tel qu&#8217;un parent, un enseignant ou un conseiller scolaire. Il se peut que vous ne le sentez pas maintenant, mais les choses peuvent changer. Et changent. Demander de l&#8217;aide ouvre la porte au changement.<\/span><\/p>\n<p><span lang=\"fr-FR\"><b>Stigmate<\/b><\/span><span lang=\"fr-FR\"><br \/>\nPour beaucoup de jeunes, la pens\u00e9e d&#8217;\u00eatre diff\u00e9rent de leurs amis ou groupe social peut \u00eatre effrayant. L&#8217;importance de s&#8217;installer est l&#8217;une des principales raisons pour lesquelles une personne ne cherche pas d&#8217;aide pour les probl\u00e8mes. Cela est particuli\u00e8rement vrai pour les questions concernant la sant\u00e9 mentale et \u00e9motionnelle qui peuvent porter un fardeau de stigmatisation et de honte.<br \/>\n<\/span><\/p>\n<p><span lang=\"fr-FR\"><b>Qu&#8217;est-ce que la stigmatisation?<\/b><\/span><\/p>\n<p>Stigma est un st\u00e9r\u00e9otype n\u00e9gatif que vous pouvez d\u00e9tenir sur quelqu&#8217;un, quelque chose ou m\u00eame vous-m\u00eame. Nous discriminons et \u00e9tiquetons ceux que nous consid\u00e9rons avoir des caract\u00e9ristiques qui sont ind\u00e9sirables. Ce faisant, nous \u00e9tablissons un sentiment de s\u00e9paration entre \u00abnous\u00bb et \u00abeux\u00bb. En fin de compte, la stigmatisation est sur le manque de respect.<\/p>\n<p><span lang=\"fr-FR\"><b>Quel effet cela a-t-il sur la personne stigmatis\u00e9e?<\/b><\/span><\/p>\n<p>Lorsque nous tenons des attitudes n\u00e9gatives \u00e0 l&#8217;\u00e9gard de quelqu&#8217;un, il en r\u00e9sulte fr\u00e9quemment que la personne se sent rejet\u00e9e, marginalis\u00e9e et moins que humaine. Pauvre estime de soi peut suivre, ainsi que d&#8217;une perte d&#8217;espoir et m\u00eame des pens\u00e9es de suicide. En raison de la stigmatisation et de la peur d&#8217;\u00eatre rejet\u00e9e, la personne ne peut pas chercher activement de l&#8217;aide quand elle en a besoin.<a name=\"result_box36\"><\/a><\/p>\n<p><span lang=\"fr-FR\"><b>Que pouvez-vous faire?<\/b><\/span><\/p>\n<p><span lang=\"fr-FR\"><i>Examinez d&#8217;abord votre propre attitude.<\/i><\/span><span lang=\"fr-FR\"><br \/>\nDemandez-vous: Est-ce que je st\u00e9r\u00e9otype les personnes qui sont diff\u00e9rentes? Est-ce que je les traite avec le manque de respect? Nous avons tous la capacit\u00e9 de discriminer les autres. M\u00eame les enfants aussi jeunes que trois ans peuvent reconna\u00eetre quand quelqu&#8217;un est diff\u00e9rent. En stigmatisant, nous pouvons ressentir un sentiment de s\u00e9paration et de soulagement que \u00abje suis normal\u00bb.<\/span><\/p>\n<p lang=\"fr-FR\">La bonne nouvelle est que cela peut changer &#8230;<\/p>\n<p><span lang=\"fr-FR\"><i>D&#8217;o\u00f9 vient mon attitude?<\/i><\/span><span lang=\"fr-FR\"><br \/>\nBon nombre des images et des opinions que nous tenons sur les personnes qui ont une maladie mentale ou qui peuvent \u00eatre suicidaires ont une longue histoire. Ces croyances sont renforc\u00e9es par les m\u00e9dias qui repr\u00e9sentent souvent les personnes souffrant de maladie mentale comme impr\u00e9visibles et agressives ou dangereuses et violentes.<br \/>\n<\/span><\/p>\n<p><span lang=\"fr-FR\"><i>Comment puis-je changer les choses?<\/i><\/span><span lang=\"fr-FR\"><br \/>\nInformez-vous! La meilleure fa\u00e7on de contrer la stigmatisation de la maladie mentale et le comportement suicidaire est d&#8217;obtenir les faits. La maladie mentale peut se d\u00e9velopper apr\u00e8s un \u00e9v\u00e9nement traumatique ou elle peut \u00eatre li\u00e9e \u00e0 la composition g\u00e9n\u00e9tique d&#8217;une personne.<\/span><\/p>\n<p>Soyez compatissant et compr\u00e9hensif. Lorsque vous rencontrez un ami, un camarade de classe, un co\u00e9quipier ou m\u00eame un \u00e9tranger qui peut avoir diff\u00e9rentes fa\u00e7ons de faire les choses ou une fa\u00e7on diff\u00e9rente d&#8217;\u00eatre, les traiter comme vous voudriez \u00eatre trait\u00e9. Nous avons tous des moments o\u00f9 nous nous sentons bas, en col\u00e8re, accabl\u00e9, ou incapable de faire face.<\/p>\n<p><em>Continue Reading &#8211; T\u00e9l\u00e9chargez gratuitement\u00a0:<a href=\"https:\/\/thelifelinecanada.ca\/wp-content\/uploads\/2016\/11\/Youth-at-Risk-Youth.pdf\" target=\"_blank\" rel=\"noopener noreferrer\">Youth at Risk \u2013 Youth Information<\/a>:\u00a0 <span lang=\"fr-FR\"> (en anglais)<\/span> Jeunes \u00e0 risque &#8211; Information pour les jeunes<\/em><br \/>\n<em><a href=\"http:\/\/www.suicideinfo.ca\" target=\"_blank\" rel=\"noopener noreferrer\">Centre for Suicide Prevention<\/a><\/em>: <span lang=\"fr-FR\"> (en anglais)<\/span> <em>Centre de pr\u00e9vention du suicide<a name=\"result_box37\"><\/a><\/em><\/p>\n<p><span lang=\"fr-FR\"><b>Ressources Additionnelles:<\/b><\/span><span lang=\"fr-FR\"><br \/>\n<\/span><\/p>\n<p><span lang=\"fr-FR\"><b>Sites de Sant\u00e9 Mentale Pour Les Jeunes<\/b><\/span><\/p>\n<p><a href=\"http:\/\/www.aqps.info\/se-former\/\" target=\"_blank\" rel=\"noopener noreferrer\"><em>Les formations en pr\u00e9vention du suicide:<\/em> <\/a>L\u2019Association qu\u00e9b\u00e9coise de pr\u00e9vention du suicide (AQPS) d\u00e9veloppe et d\u00e9ploie des formations en pr\u00e9vention du suicide en tenant compte des bonnes pratiques en intervention et des strat\u00e9gies p\u00e9dagogiques r\u00e9put\u00e9es efficaces dans le transfert des apprentissages<\/p>\n<p><em><a href=\"http:\/\/www.preventionsuicide.be\/fr\/archive\/accesrapide\/adolescent.html\" target=\"_blank\" rel=\"noopener noreferrer\"> Centre de pr\u00e9vention du suicide:<\/a>\u00a0le Centre de Pr\u00e9vention du Suicide s&#8217;efforce de glisser des grains de sable dans la m\u00e9canique suicidaire. Parce qu&#8217;un suicide survient rarement de mani\u00e8re brutale, impr\u00e9visible, mais est le plus souvent l&#8217;aboutissement d&#8217;un processus long et complexe au cours duquel l&#8217;individu essaie, en vain, de trouver aide et solutions.<\/em><\/p>\n<p><em><a href=\"http:\/\/pourparlerprofession.oeeo.ca\/septembre_2007\/cyberbullying.asp\" target=\"_blank\" rel=\"noopener noreferrer\">L&#8217;intimidation et l&#8217;intimidation cybern\u00e9tique: <\/a><\/em>Bill Belsey, enseignant de Cochrane, en Alberta, est probablement la premi\u00e8re personne \u00e0 avoir utilis\u00e9 le terme anglais \u00abcyberbullying\u00bb (intimidation cybern\u00e9tique). D\u2019apr\u00e8s sa d\u00e9finition du terme, l\u2019intimidation cybern\u00e9tique implique l\u2019utilisation des technologies de l\u2019information et de la communication (courriel, t\u00e9l\u00e9phone cellulaire, messagerie texte, sites web personnels et sites web de votes) pour soutenir des comportements d\u00e9lib\u00e9r\u00e9s, r\u00e9p\u00e9t\u00e9s et hostiles d\u2019une personne ou d\u2019un groupe dans le but de causer du tort aux autres.<\/p>\n<p><span lang=\"fr-FR\"><b>Ressources Additionnelles en anglais:<br \/>\n<\/b><\/span><\/p>\n<p><span style=\"font-size: medium;\"><span lang=\"fr-FR\"><i><a href=\"http:\/\/www.honouringlife.ca\/content\/welcome-youth-corner\" target=\"_blank\" rel=\"noopener noreferrer\">The Honouring Life Network<\/a>: Le R\u00e9seau Honneur de la vie <\/i><\/span><\/span><span lang=\"fr-FR\"><br \/>\nLe R\u00e9seau Honneur de la vie est un projet de l&#8217;Organisation nationale de la sant\u00e9 autochtone. Le site Web offre des renseignements et des ressources culturellement pertinents sur la pr\u00e9vention du suicide pour aider les jeunes Autochtones et les jeunes travailleurs \u00e0 r\u00e9soudre un probl\u00e8me qui a atteint des proportions de crise dans certaines collectivit\u00e9s des Premi\u00e8res nations, des Inuits et des M\u00e9tis au Canada.<\/span><\/p>\n<p><span lang=\"fr-FR\"><i><a href=\"http:\/\/teenmentalhealth.org\/\" target=\"_blank\" rel=\"noopener noreferrer\">Teen Mental Health<\/a>: Sant\u00e9 mentale chez les adolescents<\/i><\/span><span lang=\"fr-FR\"><br \/>\nQuels sont les troubles mentaux\u00a0? Qu&#8217;est-ce que la l\u00e9sion c\u00e9r\u00e9brale? C&#8217;est quoi le Stigma? Nous avons besoin de savoir autant sur nos esprits que nous connaisons sur nos corps. Regardez \u00e9galement les vid\u00e9os sur notre cha\u00eene YouTube.<\/span><\/p>\n<p><span lang=\"fr-FR\"><i><a href=\"http:\/\/openmindbc.ca\/\" target=\"_blank\" rel=\"noopener noreferrer\">Open Mind<\/a>: Esprit ouvert<\/i><\/span><span lang=\"fr-FR\"><br \/>\n<\/span><span lang=\"fr-FR\"><i>OpenMindBC.ca <\/i><\/span><span lang=\"fr-FR\">constitue une ressource pr\u00e9cieuse pour les m\u00e9decins, les parents, les enseignants et les jeunes afin d&#8217;en apprendre davantage sur les services de soutien disponibles en Colombie-Britannique et partout au Canada.<\/span><\/p>\n<p><span lang=\"fr-FR\"><i><a href=\"https:\/\/www.mindchecktoday.com\/\" target=\"_blank\" rel=\"noopener noreferrer\">Mind Check<\/a>: V\u00e9rification de l&#8217;esprit<\/i><\/span><span lang=\"fr-FR\"><br \/>\nCe site Web de <\/span><span lang=\"fr-FR\"><i>Mind Check<\/i><\/span><span lang=\"fr-FR\"> a \u00e9t\u00e9 cr\u00e9\u00e9 afin d&#8217;aider les jeunes \u00e0 identifier et \u00e0 comprendre la d\u00e9tresse mentale qu&#8217;ils peuvent rencontrer et \u00e0 les relier \u00e0 des sources d&#8217;aide qui leur permettront d&#8217;acqu\u00e9rir des comp\u00e9tences et des strat\u00e9gies pour g\u00e9rer ces probl\u00e8mes.<\/span><\/p>\n<p><span lang=\"fr-FR\"><i><a href=\"http:\/\/youthspace.ca\/\" target=\"_blank\" rel=\"noopener noreferrer\">YouthSpace<\/a>: Espace Jeunesse<\/i><\/span><span lang=\"fr-FR\"><br \/>\nYouthspace.ca est form\u00e9 d&#8217;une communaut\u00e9 de b\u00e9n\u00e9voles qui sont l\u00e0 pour vous aider, peu importe ce que vous traversez.<\/span><\/p>\n<p><span lang=\"fr-FR\"><i><a href=\"http:\/\/www.mindyourmind.ca\" target=\"_blank\" rel=\"noopener noreferrer\">Mind Your Mind<\/a>: Occupez votre esprit<\/i><\/span><span lang=\"fr-FR\"><br \/>\nMind Your Mind est un site prim\u00e9 pour les jeunes par les jeunes. C&#8217;est un endroit o\u00f9 vous pouvez obtenir des informations, des ressources et des outils, qui peuvent vous aider \u00e0 g\u00e9rer le stress, la crise et les probl\u00e8mes de sant\u00e9 mentale.<\/span><\/p>\n<p><em><a href=\"http:\/\/www.thejackproject.org\" target=\"_blank\" rel=\"noopener noreferrer\">The Jack Project<\/a>:<\/em> <span lang=\"fr-FR\"><i>Le Projet Jack<\/i><\/span><span lang=\"fr-FR\"><br \/>\nLe projet Jack fournit des renseignements sur la sant\u00e9 mentale dont il a grandement besoin, et aide les jeunes \u00e0 passer de la fin de l&#8217;\u00e9cole secondaire \u00e0 l&#8217;universit\u00e9 ou \u00e0 la vie autonome. Nous fournissons \u00e9galement aux adultes int\u00e9ress\u00e9s &#8211; les parents, les membres de la famille et les \u00e9ducateurs &#8211; les connaissances dont ils ont besoin pour soutenir la sant\u00e9 mentale des jeunes dans leur vie. Leur vision est \u00abNo More Silence\u00bb (c&#8217;est fini le silence).<br \/>\n<\/span><span lang=\"fr-FR\"><i><br \/>\n<a href=\"http:\/\/www.teensuicide.us\" target=\"_blank\" rel=\"noopener noreferrer\">Teen Suicide<\/a>: Suicide d&#8217;adolescent<\/i><\/span><span lang=\"fr-FR\"><br \/>\nInformation sur la fa\u00e7on de pr\u00e9venir le suicide chez les adolescents<\/span><\/p>\n<p><em><a href=\"http:\/\/reasontolive.ca\/\" target=\"_blank\" rel=\"noopener noreferrer\">Reason to Live<\/a>:<\/em> <em>Raison de vivre<\/em><br \/>\nLa Ligne de soutien et de soutien en mati\u00e8re de suicide au Manitoba est une ligne de secours 24 heures sur 24, confidentielle, g\u00e9r\u00e9e par des conseillers en situation de crise de Klinic Community Health.<\/p>\n<p><span lang=\"fr-FR\"><i><a href=\"http:\/\/www.teendepression.org\" target=\"_blank\" rel=\"noopener noreferrer\">Teen Depression<\/a>: D\u00e9pression adolescente<\/i><\/span><span lang=\"fr-FR\"><br \/>\nInformation sur la d\u00e9pression chez les adolescents, probl\u00e8mes et autres probl\u00e8mes<\/span><\/p>\n<p><span lang=\"fr-FR\"><i><a href=\"http:\/\/www.thebalancedmind.org\" target=\"_blank\" rel=\"noopener noreferrer\">The Balanced Mind<\/a>: L&#8217;esprit \u00e9quilibr\u00e9<\/i><\/span><span lang=\"fr-FR\"><br \/>\nLa Fondation Balanced Mind aide les familles \u00e0 \u00e9lever des enfants souffrant de troubles de l&#8217;humeur aux r\u00e9ponses, au soutien et \u00e0 la stabilit\u00e9 qu&#8217;ils recherchent.<\/span><\/p>\n<p><span lang=\"fr-FR\"><i><a href=\"http:\/\/www.yellowribbon.org\" target=\"_blank\" rel=\"noopener noreferrer\">The Yellow Ribbon Campaign<\/a>: La campagne du ruban jaune (Yellow Ribbon Suicide Prevention Program\u00ae)<\/i><\/span><span lang=\"fr-FR\"><br \/>\nYellow Ribbon Suicide Prevention Program\u00ae est d\u00e9di\u00e9 \u00e0 la pr\u00e9vention du suicide et aux tentatives de pr\u00e9vention du suicide accessible \u00e0 tous et \u00e0 l&#8217;\u00e9limination des obstacles \u00e0 l&#8217;aide.<\/span><\/p>\n<p><span lang=\"fr-FR\"><i><a href=\"http:\/\/www.teensuicide.us\" target=\"_blank\" rel=\"noopener noreferrer\">Teen Suicide<\/a>: Suicide chez l&#8217;adolescent<\/i><\/span><span lang=\"fr-FR\"><br \/>\nSe concentrer sur la pr\u00e9vention du suicide chez les adolescentes et le traitement<\/span><\/p>\n<p><em><a href=\"http:\/\/www.kidshealth.org\" target=\"_blank\" rel=\"noopener noreferrer\">Kids Health<\/a>: Sant\u00e9 des Enfants<\/em><br \/>\nSections parents, adolescents et enfants<\/p>\n<p><span lang=\"fr-FR\"><i><a href=\"https:\/\/maine.gov\/suicide\/youth\/index.htm\" target=\"_blank\" rel=\"noopener noreferrer\">Maine Teen Suicide Prevention<\/a>: Maine Pr\u00e9vention du suicide chez les adolescentes<\/i><\/span><span lang=\"fr-FR\"><br \/>\nCe site s&#8217;adresse directement aux adolescents. Il a des informations sur la pr\u00e9vention du suicide et des sujets connexes, comment obtenir de l&#8217;aide pour vous-m\u00eame et les autres, des histoires d&#8217;adolescents sur leurs exp\u00e9riences et un quiz d&#8217;information sur le suicide.<\/span><\/p>\n<p><span lang=\"fr-FR\"><i><a href=\"http:\/\/www.sptsusa.org\/teens\/\" target=\"_blank\" rel=\"noopener noreferrer\">Society for the Prevention of Teen Suicide:\u00a0<\/a>Soci\u00e9t\u00e9 pour la pr\u00e9vention du suicide chez les adolescents<\/i><\/span><span lang=\"fr-FR\"><br \/>\nCe site a une section adolescent o\u00f9 vous pouvez trouver des informations pour vous aider ou aider un ami qui peut avoir des pens\u00e9es suicidaires. Vous pouvez \u00e9galement trouver des informations sur la fa\u00e7on de faire face si un ami meurt par suicide.<\/span><\/p>\n<p><span lang=\"fr-FR\"><i><a href=\"http:\/\/www.thetrevorproject.org\/\" target=\"_blank\" rel=\"noopener noreferrer\">Trevor Project<\/a>: Projet Trevor<\/i><\/span><span lang=\"fr-FR\"><br \/>\nLe projet Trevor offre des services d&#8217;intervention en cas de crise et de pr\u00e9vention du suicide \u00e0 des jeunes de 13 \u00e0 24 ans pour les lesbiennes, les gais, les bisexuels, les transsexuels et les interrogateurs (LGBTQ). Son site Web contient des informations sur les signes de suicide et une fa\u00e7on de se connecter en ligne avec d&#8217;autres jeunes LGBTQ. La ligne d&#8217;assistance t\u00e9l\u00e9phonique Trevor est une ligne t\u00e9l\u00e9phonique sans frais 24 heures sur 24 au 1-866-488-7386. TrevorChat est pour le chat (discution) de crise en ligne 6 heures par jour \u00e0 <\/span><span lang=\"fr-FR\"><i>www.thetrevorproject.org\/chat. Trevor Texte <\/i><\/span><span lang=\"fr-FR\">est pour envoyer des messages le vendredi en fin d&#8217;apr\u00e8s-midi au d\u00e9but de soir\u00e9e. Texte &#8220;Trevor&#8221; au 202-304-1200.<\/span><\/p>\n<p><span lang=\"fr-FR\"><b>La D\u00e9pendance<\/b><\/span><span lang=\"fr-FR\"><br \/>\n<\/span><\/p>\n<p lang=\"fr-FR\"><i><a href=\"https:\/\/www.advancedrecoverysystems.com\/process-addiction\/signs-of-addiction\/\" target=\"_blank\" rel=\"noopener noreferrer\">Signs of Addiction:<\/a> Signes d&#8217;intoxication<br \/>\n<\/i><\/p>\n<p lang=\"fr-FR\"><a name=\"result_box132\"><\/a>R<span lang=\"fr-FR\">econna\u00eetre les signes de l&#8221;intoxication est la premi\u00e8re \u00e9tape pour obtenir de l&#8217;aide pour vous-m\u00eame ou de guider quelqu&#8217;un que vous vous souciez \u00e0 la r\u00e9adaptation. Pour cette raison, il est essentiel d&#8217;avoir une compr\u00e9hension des signes de la toxicomanie. Il ya des signes comportementaux, physiques et psychologiques de l&#8217;intoxication. Advanced Recovery Systems est une approche avanc\u00e9e des soins aux patients.<\/span><\/p>\n<p><span lang=\"fr-FR\"><em><a href=\"https:\/\/www.drugrehab.com\/teens\/\" target=\"_blank\" rel=\"noopener noreferrer\">DrugRehab.com<\/a><\/em><br \/>\nLa ressource Web fournit de l&#8217;information et du soutien aux adolescents qui luttent contre la toxicomanie et l&#8217;abus de substance. La toxicomanie n&#8217;est pas un choix, et les personnes qui en souffrent, ont besoin d&#8217;aide pour se remettre. La maladie est caus\u00e9e par une vari\u00e9t\u00e9 de facteurs et conduit \u00e0 des cons\u00e9quences n\u00e9gatives \u00e0 long terme qui pourraient \u00eatre mortelles. Un traitement efficace de la toxicomanie et des d\u00e9pendances comportementales existe pour aider les toxicomanes \u00e0 se r\u00e9tablir. La mission de DrugRehab.com est d&#8217;\u00e9quiper les patients et les familles de la meilleure information, des ressources et des outils pour surmonter l&#8217;intoxication et mener une r\u00e9cup\u00e9ration \u00e0 vie. Les drogues et l&#8217;alcool ont un effet plus important sur les adolescents que sur les adultes. Les signes de la toxicomanie peuvent \u00eatre difficiles \u00e0 comprendre, Et de nombreux adolescents ne r\u00e9alisent pas les dommages des drogues sur leurs corps \u00e0 long terme, parce que les effets secondaires \u00e0 court terme se fanent. L&#8217;aide est disponible pour les adolescents qui ont des questions sur l&#8217;abus de drogues, le traitement ou pensent qu&#8217;ils souffrent de la toxicomanie.<\/span><\/p>\n<p><a href=\"https:\/\/www.drugrehab.com\/co-occurring-disorder\/\" target=\"_blank\" rel=\"noopener noreferrer\"><span lang=\"fr-FR\"><i>Drug Rehab.com pour les troubles concomitants<\/i><\/span><\/a><span lang=\"fr-FR\"><br \/>\nLa ressource Web fournit de l&#8217;information et du soutien aux adolescents qui luttent contre les troubles cooccurrents. Les personnes atteintes de troubles concomitants ont \u00e0 la fois un trouble de sant\u00e9 mentale et un trouble li\u00e9 \u00e0 l&#8217;usage de substances. Il est \u00e9galement appel\u00e9 diagnostic double. Il est n\u00e9cessaire d&#8217;avoir un plan de traitement int\u00e9gr\u00e9 qui cible les deux maladies \u00e0 la fois. La maladie mentale peut \u00eatre classifi\u00e9e comme quelque chose de cas mineurs de d\u00e9pression \u00e0 des d\u00e9ficiences graves telles que la schizophr\u00e9nie et le SSPT. La toxicomanie et la maladie mentale vont de pair. La co-morbidit\u00e9, l&#8217;apparition simultan\u00e9e de deux troubles ou maladies chez une personne, est fr\u00e9quente chez les personnes ayant des probl\u00e8mes de toxicomanie et peut affecter le cours et le pronostic des troubles.<\/span><\/p>\n<p><a name=\"result_box40\"><\/a><span lang=\"fr-FR\"><b>L&#8217;intimidation et L&#8217;Intimidation Cybern\u00e9tique<\/b><i><\/i><\/span><\/p>\n<p><a href=\"http:\/\/backgroundchecks.org\/cyber-bullying-helping-the-bullied-stopping-the-bullies.html#Introduction\" target=\"_blank\" rel=\"noopener noreferrer\"><span lang=\"fr-FR\"><i>Cyber-intimidation: le guide complet<\/i><\/span><\/a><span lang=\"fr-FR\"><br \/>\nLorsque la ligne entre la normale, m\u00eame acceptable, les taquineries ludiques croise dans l&#8217;intimidation, des probl\u00e8mes se posent.<\/span><\/p>\n<p><a href=\"https:\/\/kidshelpphone.ca\/\" target=\"_blank\" rel=\"noopener noreferrer\"><span lang=\"fr-FR\"><i>Jeunesse, J&#8217;\u00e9coute (Kids <\/i><\/span><span lang=\"fr-FR\"><i>HelpPhone)<\/i><\/span><\/a><span lang=\"fr-FR\"><br \/>\nHarc\u00e8lement. Choisissez de faire une diff\u00e9rence. Se lever. Approchez-vous. Dites \u00e0 quelqu&#8217;un ou dites \u00e0 Jeunesse, J&#8217;\u00e9coute.<\/span><\/p>\n<p><a href=\"http:\/\/impact.mediasmarts.ca\/fr\" target=\"_blank\" rel=\"noopener noreferrer\"><span lang=\"fr-FR\"><i>Agis! <\/i><\/span><\/a><span lang=\"fr-FR\">Comment faire une diff\u00e9rence Lorsque vous prenez l&#8217;intimidation en ligne. Le programme en ligne est con\u00e7u pour aider les \u00e9l\u00e8ves \u00e0 savoir comment intervenir lorsqu&#8217;ils sont t\u00e9moins d&#8217;intimidation cyber afin que vous puissiez faire une diff\u00e9rence positive.<\/span><\/p>\n<p><a href=\"https:\/\/needhelpnow.ca\/app\/fr\/index\" target=\"_blank\" rel=\"noopener noreferrer\"><span lang=\"fr-FR\"><i>AidezMoiSVP.ca<\/i><\/span><\/a><span lang=\"fr-FR\"><br \/>\nSi vous (ou un ami, un pair ou un fr\u00e8re ou une s\u0153ur) avez particip\u00e9 \u00e0 un incident d&#8217;exploitation par vous-m\u00eame ou par un pair (autrement dit \u00absextage\u00bb), nous sommes l\u00e0 pour vous aider. Ce site vous fournit des conseils sur les \u00e9tapes que vous pouvez prendre pour l&#8217;en sortir.<\/span><\/p>\n<p><span lang=\"fr-FR\"><em><a href=\"http:\/\/www.rcmp-grc.gc.ca\/cycp-cpcj\/index-fra.htm\" target=\"_blank\" rel=\"noopener noreferrer\">\u00c7a commence par les jeunes<\/a><\/em><br \/>\nExploit\u00e9 par la Section de l&#8217;engagement des jeunes de la Gendarmerie royale du Canada. Partie de la Direction nationale des services \u00e0 la jeunesse du Service de pr\u00e9vention du crime de la GRC. Faits sur ce qu&#8217;est l&#8217;intimidation, Pourquoi les personnes intimident. Et qui sont leur ciblent. Aussi comment les parents peuvent traiter leurs enfants, s&#8217;ils sont intimid\u00e9s ou s&#8217;ils sont eux qui font l&#8217;intimidation.<\/span><\/p>\n<p><span lang=\"fr-FR\"><b>Voici quelques conseils rapides pour les adolescents:<\/b><\/span><\/p>\n<p>\u00c9vitez les ragots. Tout le monde est etroitement li\u00e9, et se laisse un peu emporter par ces scandales lyc\u00e9iens tellement dramatique, mais cela ne signifie pas que vous devez envoyer des textos de la derni\u00e8re rumeur \u00e0 tout le monde que vous connaissez.<br \/>\nProt\u00e9gez votre espace. Utilisez les param\u00e8tres de confidentialit\u00e9 et n&#8217;acceptez pas n&#8217;importe qui comme un ami. Faire des enqu\u00eates &#8211; qui sont-ils? Pourquoi voulez-vous sortir avec eux?<\/p>\n<p><em><span lang=\"fr-FR\">T\u00e9l\u00e9chargez<a href=\"http:\/\/resources.uknowkids.com\/blog\" target=\"_blank\" rel=\"noopener noreferrer\"> ce guide gratuit de UKnowKids.com<\/a> (guide de la demande dans la barre de navigation \u00e0 droite) pour obtenir la liste compl\u00e8te des &#8230;<\/span><\/em><\/p>\n<ul>\n<li>Comment pr\u00e9venir et \u00e9viter l&#8217;intimidation cybern\u00e9tique<\/li>\n<li>Conseils pour vous, adolescents, pour \u00e9viter de partager trop de renseignements personnels<\/li>\n<li>Conseils pour identifier et traiter les pr\u00e9dateurs en ligne<\/li>\n<\/ul>\n<p>Rappelez-vous normal est un \u00e9tat qui n&#8217;existe pas vraiment. Nous sommes tous humains &#8211; int\u00e9ressants, imparfaits, talentueux &#8230; .. diff\u00e9rents. La chose \u00e0 retenir est quand les diff\u00e9rents moyens mentales ne sont pas en forme, l&#8217;aide est disponible. Le soutien de la famille, des amis, des co\u00e9quipiers, des enseignants et des \u00e9trangers est crucial.<\/p>\n","protected":false},"excerpt":{"rendered":"<p>Jeunes \u00e0 Risque &#8211; Information Pour Les Jeunes De la part de Centre for Suicide Prevention:\u00a0 (en anglais) Centre de pr\u00e9vention du suicide T\u00e9l\u00e9chargez une copie gratuite Youth at Risk \u2013 Youth Information: (en anglais) Jeunes \u00e0 risque &#8211; Information pour les jeunes Si vous vous sentez suicidair Si vous vous sentez suicidaire, dites \u00e0 [&hellip;]<\/p>\n","protected":false},"author":2,"featured_media":0,"parent":137,"menu_order":0,"comment_status":"closed","ping_status":"closed","template":"","meta":{"_exactmetrics_skip_tracking":false,"_exactmetrics_sitenote_active":false,"_exactmetrics_sitenote_note":"","_exactmetrics_sitenote_category":0,"_links_to":"","_links_to_target":""},"_links":{"self":[{"href":"https:\/\/thelifelinecanada.ca\/fr\/wp-json\/wp\/v2\/pages\/658"}],"collection":[{"href":"https:\/\/thelifelinecanada.ca\/fr\/wp-json\/wp\/v2\/pages"}],"about":[{"href":"https:\/\/thelifelinecanada.ca\/fr\/wp-json\/wp\/v2\/types\/page"}],"author":[{"embeddable":true,"href":"https:\/\/thelifelinecanada.ca\/fr\/wp-json\/wp\/v2\/users\/2"}],"replies":[{"embeddable":true,"href":"https:\/\/thelifelinecanada.ca\/fr\/wp-json\/wp\/v2\/comments?post=658"}],"version-history":[{"count":50,"href":"https:\/\/thelifelinecanada.ca\/fr\/wp-json\/wp\/v2\/pages\/658\/revisions"}],"predecessor-version":[{"id":3912,"href":"https:\/\/thelifelinecanada.ca\/fr\/wp-json\/wp\/v2\/pages\/658\/revisions\/3912"}],"up":[{"embeddable":true,"href":"https:\/\/thelifelinecanada.ca\/fr\/wp-json\/wp\/v2\/pages\/137"}],"wp:attachment":[{"href":"https:\/\/thelifelinecanada.ca\/fr\/wp-json\/wp\/v2\/media?parent=658"}],"curies":[{"name":"wp","href":"https:\/\/api.w.org\/{rel}","templated":true}]}}