{"id":644,"date":"2016-11-01T23:59:24","date_gmt":"2016-11-01T23:59:24","guid":{"rendered":"https:\/\/thelifelinecanada.ca\/fr\/?page_id=644"},"modified":"2021-06-12T18:01:09","modified_gmt":"2021-06-13T01:01:09","slug":"help","status":"publish","type":"page","link":"https:\/\/thelifelinecanada.ca\/fr\/help\/","title":{"rendered":"Besoin D&#8217;Aide?"},"content":{"rendered":"<div>\n<p>Les guides, les trousses d&#8217;outils et les ressources sur ce site repr\u00e9sentent une compilation de ressources de pr\u00e9vention du suicide de diverses sources \u00e0 travers le monde. Lorsque vous cliquez sur des liens tiers, vous serez redirig\u00e9 vers des sites Web non affili\u00e9s, mais avec notre soutien sous-jacent \u00e0 la Fondation LifeLine Canada. Consultez les rubriques ci-dessous afin de trouver une aide \u00e0 la pr\u00e9vention du suicide dans votre r\u00e9gion en cas de crise.<\/p>\n<h3><strong><a href=\"https:\/\/thelifelinecanada.ca\/fr\/resources\/\">Centres de Crise<\/a><\/strong><span id=\"result_box\" class=\"\" lang=\"fr\"><\/span><\/h3>\n<ul>\n<li><em><a href=\"https:\/\/thelifelinecanada.ca\/fr\/help\/crisis-centres\/canadian-crisis-centres\/\"><span id=\"result_box\" class=\"\" lang=\"fr\"><span class=\"\">Centres Canadiens de Crise<\/span><\/span><\/a><\/em><\/li>\n<li><em><a href=\"https:\/\/thelifelinecanada.ca\/fr\/help\/crisis-centres\/united-states-national-suicide-prevention-hotline\/\"><span id=\"result_box\" class=\"\" lang=\"fr\"><span class=\"\">Centres de Crise des \u00c9tats-Unis<\/span><\/span><\/a><\/em><\/li>\n<li><em><a href=\"https:\/\/thelifelinecanada.ca\/fr\/help\/crisis-centres\/international-crisis-centres\/\"><span id=\"result_box\" class=\"\" lang=\"fr\"><span class=\"\">Hotlines Internationales de Crise<\/span><\/span><\/a><\/em><\/li>\n<li><em><a href=\"https:\/\/thelifelinecanada.ca\/fr\/help\/crisis-centres\/international-suicide-hotlines\/\" target=\"_blank\" rel=\"noopener\"><span id=\"result_box\" class=\"\" lang=\"fr\"><span class=\"\">Num\u00e9ros D&#8217;Urgence dans le Monde Entier<\/span><\/span><\/a><\/em><\/li>\n<\/ul>\n<h3><strong><a href=\"https:\/\/thelifelinecanada.ca\/fr\/help\/coping-with-suicidal-thoughts\/\">Faire Face aux Pens\u00e9es Suicidaires<\/a><\/strong><\/h3>\n<h3><strong><a href=\"https:\/\/thelifelinecanada.ca\/fr\/help\/call\/\">Les LignesD\u2019Appel<\/a><\/strong><\/h3>\n<h3><strong><a href=\"https:\/\/thelifelinecanada.ca\/fr\/help\/textchat\/\">Les Lignes de Discussion de Texte<\/a><\/strong><\/h3>\n<h3><strong><a href=\"https:\/\/thelifelinecanada.ca\/fr\/help\/email-chat\/\">Les Ligne De Discussion Par Courrier \u00c9lectronique<\/a><\/strong><\/h3>\n<h3><strong><a href=\"https:\/\/thelifelinecanada.ca\/fr\/help\/online-chat\/\">Les Lignes de Discussion en Ligne<\/a><\/strong><i><\/i><\/h3>\n<ul>\n<li><a href=\"https:\/\/thelifelinecanada.ca\/fr\/help\/online-chat\/youth\/\"><i>Jeunesse<\/i><\/a><i><\/i><\/li>\n<li><i><a href=\"https:\/\/thelifelinecanada.ca\/fr\/help\/online-chat\/canadaunitedstates\/\">Canada et \u00c9tats-Unis<\/a><\/i><i><\/i><\/li>\n<li><i><a href=\"https:\/\/thelifelinecanada.ca\/fr\/help\/online-chat\/international\/\">International<\/a><\/i><\/li>\n<li><a href=\"https:\/\/thelifelinecanada.ca\/fr\/help\/online-chat\/live-chat-rooms\/\"><i><span lang=\"fr-FR\">Salons De Chat En Direct<\/span><\/i><\/a><\/li>\n<\/ul>\n<h3><strong><a href=\"https:\/\/thelifelinecanada.ca\/fr\/help\/search-for-a-professional\/\">Rechercher un Professionnel<\/a><\/strong><\/h3>\n<h3><strong><a href=\"https:\/\/thelifelinecanada.ca\/fr\/pattern-interrupt\/ecounselling\/\">Conseils En Ligne <\/a><\/strong><\/h3>\n<h3><strong><a href=\"https:\/\/thelifelinecanada.ca\/fr\/pattern-interrupt\/coping-mechanisms\/\">Les M\u00e9canismes D&#8217;Adaptation<\/a><\/strong><\/h3>\n<h3><strong><a href=\"https:\/\/thelifelinecanada.ca\/fr\/pattern-interrupt\/self-management\/\">La Gestion De Soi<\/a><\/strong><\/h3>\n<h3><strong><a href=\"https:\/\/thelifelinecanada.ca\/fr\/help\/how-can-i-help-someone\/\">Comment Puis-je Aider Quelqu&#8217;un?<\/a><\/strong><\/h3>\n<h3><strong><a href=\"https:\/\/thelifelinecanada.ca\/fr\/help\/warning-signs\/\">Panneaux de Signalisation<\/a><\/strong><\/h3>\n<\/div>\n","protected":false},"excerpt":{"rendered":"<p>Les guides, les trousses d&#8217;outils et les ressources sur ce site repr\u00e9sentent une compilation de ressources de pr\u00e9vention du suicide de diverses sources \u00e0 travers le monde. Lorsque vous cliquez sur des liens tiers, vous serez redirig\u00e9 vers des sites Web non affili\u00e9s, mais avec notre soutien sous-jacent \u00e0 la Fondation LifeLine Canada. Consultez les [&hellip;]<\/p>\n","protected":false},"author":2,"featured_media":0,"parent":0,"menu_order":0,"comment_status":"closed","ping_status":"closed","template":"","meta":{"_exactmetrics_skip_tracking":false,"_exactmetrics_sitenote_active":false,"_exactmetrics_sitenote_note":"","_exactmetrics_sitenote_category":0,"_links_to":"","_links_to_target":""},"_links":{"self":[{"href":"https:\/\/thelifelinecanada.ca\/fr\/wp-json\/wp\/v2\/pages\/644"}],"collection":[{"href":"https:\/\/thelifelinecanada.ca\/fr\/wp-json\/wp\/v2\/pages"}],"about":[{"href":"https:\/\/thelifelinecanada.ca\/fr\/wp-json\/wp\/v2\/types\/page"}],"author":[{"embeddable":true,"href":"https:\/\/thelifelinecanada.ca\/fr\/wp-json\/wp\/v2\/users\/2"}],"replies":[{"embeddable":true,"href":"https:\/\/thelifelinecanada.ca\/fr\/wp-json\/wp\/v2\/comments?post=644"}],"version-history":[{"count":38,"href":"https:\/\/thelifelinecanada.ca\/fr\/wp-json\/wp\/v2\/pages\/644\/revisions"}],"predecessor-version":[{"id":3871,"href":"https:\/\/thelifelinecanada.ca\/fr\/wp-json\/wp\/v2\/pages\/644\/revisions\/3871"}],"wp:attachment":[{"href":"https:\/\/thelifelinecanada.ca\/fr\/wp-json\/wp\/v2\/media?parent=644"}],"curies":[{"name":"wp","href":"https:\/\/api.w.org\/{rel}","templated":true}]}}