{"id":635,"date":"2016-11-01T23:45:22","date_gmt":"2016-11-01T23:45:22","guid":{"rendered":"https:\/\/thelifelinecanada.ca\/fr\/?page_id=635"},"modified":"2021-06-11T19:46:27","modified_gmt":"2021-06-12T02:46:27","slug":"live-chat-rooms","status":"publish","type":"page","link":"https:\/\/thelifelinecanada.ca\/fr\/help\/online-chat\/live-chat-rooms\/","title":{"rendered":"Salons de discussion en direct"},"content":{"rendered":"<p><span style=\"font-size: 12pt;\"><span id=\"result_box\" class=\"\" lang=\"fr\"><span title=\"Online Crisis Chat provides venues to communicate in real time.\">La discussion de crise en ligne<\/span> fournit des lieux de communication en temps r\u00e9el. <span class=\"\">Les forums et les groupes de discussion permettent aux utilisateurs de publier des messages, mais ils n&#8217;ont pas la capacit\u00e9 de la messagerie interactive.<\/span><\/span><\/span><\/p>\n<p style=\"padding-left: 30px;\"><u><a href=\"http:\/\/www.depression-chat-rooms.org\/live-depression-chatrooms\/\" target=\"_blank\" rel=\"noopener noreferrer\">Depression Chat Rooms<br \/>\n<\/a><\/u><span id=\"result_box\" class=\"\" lang=\"fr\"><span class=\"\">Salons de chat en direct, forums, blogs et informations pour la d\u00e9pression.<\/span><\/span><\/p>\n<p style=\"padding-left: 30px;\"><u><a href=\"https:\/\/www.my-borderline-personality-disorder.com\/bpd-resources\" target=\"_blank\" rel=\"noopener noreferrer\">Healing from BPD Chat Room<br \/>\n<\/a><\/u><span id=\"result_box\" class=\"\" lang=\"fr\"><span class=\"\">Il s&#8217;agit d&#8217;une salle de discussion pour ceux qui ont un trouble de la personnalit\u00e9 limite, ceux qui pensent qu&#8217;ils le font, et les m\u00e9decins, les travailleurs sociaux, les th\u00e9rapeutes et d&#8217;autres qui traitent et \/ ou adorent ceux qui ont un trouble de la personnalit\u00e9 limite.<\/span><\/span><\/p>\n<p style=\"padding-left: 30px;\"><u><a href=\"http:\/\/www.mixednuts.net\/\" target=\"_blank\" rel=\"noopener noreferrer\">Mixed Nuts Depression and Bipolar Information and Chat<br \/>\n<\/a><\/u><span id=\"result_box\" class=\"\" lang=\"fr\"><span class=\"\">Un forum de discussion sur la d\u00e9pression comportant une salle de discussion et des informations sur la d\u00e9pression, les troubles d\u00e9pressifs, la d\u00e9pression maniaco-trouble bipolaire et les traitements contre la d\u00e9pression.<\/span><\/span><\/p>\n<p style=\"padding-left: 30px;\"><u><a href=\"http:\/\/www.recoveryourlife.com\/\" target=\"_blank\" rel=\"noopener noreferrer\">Recover Your Life<br \/>\n<\/a><\/u><span id=\"result_box\" class=\"short_text\" lang=\"fr\"><span class=\"\">Auto-Harm Support Communities sur Internet.<\/span><\/span><\/p>\n<p style=\"padding-left: 30px;\"><u><a href=\"http:\/\/www.removingchains.org\/\" target=\"_blank\" rel=\"noopener noreferrer\">Removing Chains<br \/>\n<\/a><\/u><span id=\"result_box\" class=\"\" lang=\"fr\"><span class=\"\">Supprimer des cha\u00eenes est un site de support de discussion en direct offrant de l&#8217;espoir, de l&#8217;amour et des encouragements aux personnes victimes de la violence \u00e0 l&#8217;\u00e9chelle mondiale.<\/span><\/span><\/p>\n","protected":false},"excerpt":{"rendered":"<p>La discussion de crise en ligne fournit des lieux de communication en temps r\u00e9el. Les forums et les groupes de discussion permettent aux utilisateurs de publier des messages, mais ils n&#8217;ont pas la capacit\u00e9 de la messagerie interactive. Depression Chat Rooms Salons de chat en direct, forums, blogs et informations pour la d\u00e9pression. Healing from [&hellip;]<\/p>\n","protected":false},"author":2,"featured_media":0,"parent":34,"menu_order":0,"comment_status":"closed","ping_status":"closed","template":"","meta":{"_exactmetrics_skip_tracking":false,"_exactmetrics_sitenote_active":false,"_exactmetrics_sitenote_note":"","_exactmetrics_sitenote_category":0,"_links_to":"","_links_to_target":""},"_links":{"self":[{"href":"https:\/\/thelifelinecanada.ca\/fr\/wp-json\/wp\/v2\/pages\/635"}],"collection":[{"href":"https:\/\/thelifelinecanada.ca\/fr\/wp-json\/wp\/v2\/pages"}],"about":[{"href":"https:\/\/thelifelinecanada.ca\/fr\/wp-json\/wp\/v2\/types\/page"}],"author":[{"embeddable":true,"href":"https:\/\/thelifelinecanada.ca\/fr\/wp-json\/wp\/v2\/users\/2"}],"replies":[{"embeddable":true,"href":"https:\/\/thelifelinecanada.ca\/fr\/wp-json\/wp\/v2\/comments?post=635"}],"version-history":[{"count":14,"href":"https:\/\/thelifelinecanada.ca\/fr\/wp-json\/wp\/v2\/pages\/635\/revisions"}],"predecessor-version":[{"id":3830,"href":"https:\/\/thelifelinecanada.ca\/fr\/wp-json\/wp\/v2\/pages\/635\/revisions\/3830"}],"up":[{"embeddable":true,"href":"https:\/\/thelifelinecanada.ca\/fr\/wp-json\/wp\/v2\/pages\/34"}],"wp:attachment":[{"href":"https:\/\/thelifelinecanada.ca\/fr\/wp-json\/wp\/v2\/media?parent=635"}],"curies":[{"name":"wp","href":"https:\/\/api.w.org\/{rel}","templated":true}]}}