{"id":5,"date":"2016-09-19T21:03:30","date_gmt":"2016-09-19T21:03:30","guid":{"rendered":"https:\/\/thelifelinecanada.ca\/fr\/index.php\/contact-us\/"},"modified":"2017-06-04T11:06:30","modified_gmt":"2017-06-04T18:06:30","slug":"contact-us","status":"publish","type":"page","link":"https:\/\/thelifelinecanada.ca\/fr\/contact-us\/","title":{"rendered":"Contactez-Nous"},"content":{"rendered":"<p><strong>La Fondation LifeLine Canada n&#8217;est PAS une ligne t\u00e9l\u00e9phonique de crise. Si vous \u00eates en crise, appelez le centre de d\u00e9tresse le plus proche, appelez le 9-1-1 ou allez dans votre service d&#8217;urgence local. Pour les centres de crise, <a href=\"https:\/\/thelifelinecanada.ca\/fr\/contact-us\/\">cliquez ici<\/a>. Pour les num\u00e9ros d&#8217;urgence en ligne, <a href=\"https:\/\/thelifelinecanada.ca\/fr\/help\/crisis-centres\/worldwide-emergency-numbers\/\">cliquez ici<\/a>.<\/strong><\/p>\n<p><strong>La Fondation LifeLine Canada (TLC)<\/strong> est un organisme sans but lucratif enregistr\u00e9 pour la pr\u00e9vention du suicide et pour une positive sant\u00e9 mentale au Canada et dans le monde entier et elle a fait du son travail dans ce domaine une priorit\u00e9 absolue. Nous envisageons un pays o\u00f9 le suicide est un \u00e9v\u00e9nement rare, o\u00f9 les gens sont nourris et soutenus, aussi, o\u00f9 les individus et les familles sont conscients des facteurs de risque de suicide et recherchent activement de l&#8217;aide de ressources communautaires accessibles et efficaces.<\/p>\n<p>Pour les questions et les commentaires non li\u00e9s \u00e0 la crise ou pour communiquer avec la Fondation LifeLine Canada sur la collaboration, veuillez utiliser le formulaire de contact ci-dessous.<\/p>\n<div id=\"vfb-form-3\" class=\"visual-form-builder-container\"><form id=\"contact-3\" class=\"visual-form-builder vfb-form-3 \" method=\"post\" enctype=\"multipart\/form-data\">\n\t  \t<input type=\"hidden\" name=\"form_id\" value=\"3\" \/><fieldset class=\"vfb-fieldset vfb-fieldset-1 contactez-nous \" id=\"item-vfb-58\"><div class=\"vfb-legend\"><h3>Contactez-Nous<\/h3><\/div><ul class=\"vfb-section vfb-section-1\"><li class=\"vfb-item vfb-item-text  \" id=\"item-vfb-62\"><label for=\"vfb-62\" class=\"vfb-desc\">Nom:  <span class=\"vfb-required-asterisk\">*<\/span><\/label><input type=\"text\" name=\"vfb-62\" id=\"vfb-62\" value=\"\" class=\"vfb-text  vfb-medium  required  \" \/><\/li><li class=\"vfb-item vfb-item-email  \" id=\"item-vfb-63\"><label for=\"vfb-63\" class=\"vfb-desc\">Email  <span class=\"vfb-required-asterisk\">*<\/span><\/label><input type=\"email\" name=\"vfb-63\" id=\"vfb-63\" value=\"\" class=\"vfb-text  vfb-medium  required  email \" \/><\/li><li class=\"vfb-item vfb-item-phone  \" id=\"item-vfb-64\"><label for=\"vfb-64\" class=\"vfb-desc\">Telephone <\/label><input type=\"tel\" name=\"vfb-64\" id=\"vfb-64\" value=\"\" class=\"vfb-text  vfb-medium   phone \" \/><\/li><li class=\"vfb-item vfb-item-textarea  \" id=\"item-vfb-65\"><label for=\"vfb-65\" class=\"vfb-desc\">Question, Commentaire: <\/label><div><textarea name=\"vfb-65\" id=\"vfb-65\" class=\"vfb-textarea  vfb-small  \"><\/textarea><\/div><\/li><\/ul>&nbsp;<\/fieldset><fieldset class=\"vfb-fieldset vfb-fieldset-2 verification \" id=\"item-vfb-59\" style=\"display:block\"><div class=\"vfb-legend\"><h3>Verification<\/h3><\/div><ul class=\"vfb-section vfb-section-2\"><li class=\"vfb-item vfb-item-secret\"  style=\"display:block\"><label for=\"vfb-60\" class=\"vfb-desc\">Entrez les deux chiffre <span class=\"vfb-required-asterisk\">*<\/span><\/label><input type=\"hidden\" name=\"_vfb-secret\" value=\"vfb-60\" \/><span class=\"vfb-span\"><input type=\"text\" name=\"vfb-60\" id=\"vfb-60\" value=\"\" class=\"vfb-text  vfb-medium  required {digits:true,maxlength:2,minlength:2} \" style=\"display:block\" \/><label>Exemple: 12<\/label><\/span><li style=\"display:none;\"><label>This box is for spam protection - &lt;strong&gt;please leave it blank&lt;\/strong&gt;:<\/label><div><input name=\"vfb-spam\" \/><\/div><\/li>\n\t\t\t<li class=\"vfb-item vfb-item-submit\" id=\"item-vfb-61\">\n\t\t\t\t<input type=\"submit\" name=\"vfb-submit\" id=\"vfb-61\" value=\"Soumettre\" class=\"vfb-submit \" \/>\n\t\t\t\t<\/li><\/ul>\n\t\t\t<\/fieldset><input type=\"hidden\" name=\"_wp_http_referer\" value=\"\/fr\/wp-json\/wp\/v2\/pages\/5\" \/><\/form><\/div> <!-- .visual-form-builder-container -->\n<p style=\"text-align: center;\">The LifeLine Canada Foundation \u00a02456 Alexandria Way, West Kelowna<br \/>\nBritish Columbia, Canada<br \/>\nV4T 1T6<\/p>\n<p>&nbsp;<\/p>\n<p><!-- The form below requires a jetpack connection to work--><\/p>\n","protected":false},"excerpt":{"rendered":"<p>La Fondation LifeLine Canada n&#8217;est PAS une ligne t\u00e9l\u00e9phonique de crise. Si vous \u00eates en crise, appelez le centre de d\u00e9tresse le plus proche, appelez le 9-1-1 ou allez dans votre service d&#8217;urgence local. Pour les centres de crise, cliquez ici. Pour les num\u00e9ros d&#8217;urgence en ligne, cliquez ici. La Fondation LifeLine Canada (TLC) est [&hellip;]<\/p>\n","protected":false},"author":2,"featured_media":0,"parent":0,"menu_order":0,"comment_status":"closed","ping_status":"closed","template":"","meta":{"_exactmetrics_skip_tracking":false,"_exactmetrics_sitenote_active":false,"_exactmetrics_sitenote_note":"","_exactmetrics_sitenote_category":0,"_links_to":"","_links_to_target":""},"_links":{"self":[{"href":"https:\/\/thelifelinecanada.ca\/fr\/wp-json\/wp\/v2\/pages\/5"}],"collection":[{"href":"https:\/\/thelifelinecanada.ca\/fr\/wp-json\/wp\/v2\/pages"}],"about":[{"href":"https:\/\/thelifelinecanada.ca\/fr\/wp-json\/wp\/v2\/types\/page"}],"author":[{"embeddable":true,"href":"https:\/\/thelifelinecanada.ca\/fr\/wp-json\/wp\/v2\/users\/2"}],"replies":[{"embeddable":true,"href":"https:\/\/thelifelinecanada.ca\/fr\/wp-json\/wp\/v2\/comments?post=5"}],"version-history":[{"count":20,"href":"https:\/\/thelifelinecanada.ca\/fr\/wp-json\/wp\/v2\/pages\/5\/revisions"}],"predecessor-version":[{"id":3291,"href":"https:\/\/thelifelinecanada.ca\/fr\/wp-json\/wp\/v2\/pages\/5\/revisions\/3291"}],"wp:attachment":[{"href":"https:\/\/thelifelinecanada.ca\/fr\/wp-json\/wp\/v2\/media?parent=5"}],"curies":[{"name":"wp","href":"https:\/\/api.w.org\/{rel}","templated":true}]}}