{"id":3765,"date":"2020-05-04T16:58:00","date_gmt":"2020-05-04T23:58:00","guid":{"rendered":"https:\/\/thelifelinecanada.ca\/fr\/?page_id=3765"},"modified":"2020-05-04T16:58:00","modified_gmt":"2020-05-04T23:58:00","slug":"le-refugie","status":"publish","type":"page","link":"https:\/\/thelifelinecanada.ca\/fr\/le-refugie\/","title":{"rendered":"Le Refugie"},"content":{"rendered":"<p><a href=\"http:\/\/www.igvitalhealth.com\/\" target=\"_blank\" rel=\"noopener noreferrer\">IG Vital Health<\/a> offre des services d&#8217;\u00e9valuation et de traitement en psychoth\u00e9rapie aux r\u00e9fugi\u00e9s GRATUITEMENT, couverts par la couverture m\u00e9dicale f\u00e9d\u00e9rale disponible. Nous produisons ensuite un rapport d\u00e9taill\u00e9 par un psychoth\u00e9rapeute agr\u00e9\u00e9 qui s&#8217;ajoute aux cas des demandeurs du statut de r\u00e9fugi\u00e9, ce qui renforce leur cas et augmente leurs chances de r\u00e9ussir l&#8217;audience du tribunal. Nous cherchons \u00e0 \u00e9tablir une relation de travail avec des organisations dans le domaine sur une base continue. Nous offrons nos services \u00e0 toutes les personnes (pas seulement aux r\u00e9fugi\u00e9s), y compris les enfants et les jeunes.<\/p>\n","protected":false},"excerpt":{"rendered":"<p>IG Vital Health offre des services d&#8217;\u00e9valuation et de traitement en psychoth\u00e9rapie aux r\u00e9fugi\u00e9s GRATUITEMENT, couverts par la couverture m\u00e9dicale f\u00e9d\u00e9rale disponible. Nous produisons ensuite un rapport d\u00e9taill\u00e9 par un psychoth\u00e9rapeute agr\u00e9\u00e9 qui s&#8217;ajoute aux cas des demandeurs du statut de r\u00e9fugi\u00e9, ce qui renforce leur cas et augmente leurs chances de r\u00e9ussir l&#8217;audience du [&hellip;]<\/p>\n","protected":false},"author":2,"featured_media":0,"parent":0,"menu_order":0,"comment_status":"closed","ping_status":"closed","template":"","meta":{"_exactmetrics_skip_tracking":false,"_exactmetrics_sitenote_active":false,"_exactmetrics_sitenote_note":"","_exactmetrics_sitenote_category":0,"_links_to":"","_links_to_target":""},"_links":{"self":[{"href":"https:\/\/thelifelinecanada.ca\/fr\/wp-json\/wp\/v2\/pages\/3765"}],"collection":[{"href":"https:\/\/thelifelinecanada.ca\/fr\/wp-json\/wp\/v2\/pages"}],"about":[{"href":"https:\/\/thelifelinecanada.ca\/fr\/wp-json\/wp\/v2\/types\/page"}],"author":[{"embeddable":true,"href":"https:\/\/thelifelinecanada.ca\/fr\/wp-json\/wp\/v2\/users\/2"}],"replies":[{"embeddable":true,"href":"https:\/\/thelifelinecanada.ca\/fr\/wp-json\/wp\/v2\/comments?post=3765"}],"version-history":[{"count":1,"href":"https:\/\/thelifelinecanada.ca\/fr\/wp-json\/wp\/v2\/pages\/3765\/revisions"}],"predecessor-version":[{"id":3766,"href":"https:\/\/thelifelinecanada.ca\/fr\/wp-json\/wp\/v2\/pages\/3765\/revisions\/3766"}],"wp:attachment":[{"href":"https:\/\/thelifelinecanada.ca\/fr\/wp-json\/wp\/v2\/media?parent=3765"}],"curies":[{"name":"wp","href":"https:\/\/api.w.org\/{rel}","templated":true}]}}