{"id":3763,"date":"2020-05-04T16:55:05","date_gmt":"2020-05-04T23:55:05","guid":{"rendered":"https:\/\/thelifelinecanada.ca\/fr\/?page_id=3763"},"modified":"2021-02-18T16:04:55","modified_gmt":"2021-02-19T00:04:55","slug":"douleur","status":"publish","type":"page","link":"https:\/\/thelifelinecanada.ca\/fr\/douleur\/","title":{"rendered":"Douleur"},"content":{"rendered":"<p><a href=\"https:\/\/www.westchesterfuneralhome.com\/how-to-cope-with-a-sudden-loss-of-a-loved-one\" target=\"_blank\" rel=\"noopener noreferrer\"><strong><u>Comment faire face \u00e0 la perte soudaine d&#8217;un \u00eatre cher<\/u><\/strong><\/a><\/p>\n<p>La mort inattendue d&#8217;un \u00eatre cher peut \u00eatre une exp\u00e9rience difficile. Bien que nous savons tous que la mort fait partie de la vie, la mort soudaine d\u2019un \u00eatre cher restera n\u00e9anmoins \u00e9motionnelle. Il est important de comprendre que le chagrin affecte chacun diff\u00e9remment. Au cours du processus de deuil, vous ressentirez probablement plusieurs r\u00e9ponses \u00e9motionnelles diff\u00e9rentes. Le deuil peut affecter \u00e0 la fois votre bien-\u00eatre psychologique et physique.<\/p>\n<p>Le temps qu&#8217;il faudra pour accepter la mort inattendue d&#8217;un \u00eatre cher sera diff\u00e9rent pour tout le monde. Alors que vous commencez \u00e0 gu\u00e9rir et \u00e0 avancer dans votre cheminement de deuil, il est assez courant de vous sentir d\u00e9pass\u00e9. Bien que personne ne puisse vraiment comprendre la douleur que vous ressentez, vous pouvez prendre certaines mesures pour faciliter le processus de deuil. Voici quelques conseils utiles pour faire face au deuil et \u00e0 la mort subite d&#8217;un \u00eatre cher.<\/p>\n<div class=\"swp_social_panel swp_horizontal_panel swp_connected swp_default_full_color swp_other_full_color swp_individual_full_color scale-100 scale-full_width\" data-float=\"none\" data-float-color=\"#ffffff\" data-float-mobile=\"none\" data-min-width=\"1100\" data-post-id=\"297\" data-transition=\"slide\">\n<p><strong><a href=\"https:\/\/www.aftertalk.com\/\" target=\"_blank\" rel=\"noopener noreferrer\">Apr\u00e8s avoir parl\u00e9fter Talk<\/a><\/strong><\/p>\n<p>\u00c9crire. Partager. Toujours l\u00e0. Soutien en ligne au deuil &#8211; Parce que lorsqu&#8217;un proche nous quitte, le deuil peut \u00eatre \u00e9crasant. Parfois, la soudaine \u00absolitude\u00bb est trop lourde \u00e0 supporter. Les conversations tout au long de la journ\u00e9e avec un conjoint, les appels t\u00e9l\u00e9phoniques ou les courriels avec un ami ou un enfant &#8211; plus jamais. Le silence est presque insupportable. Vous aspirez \u00e0 poursuivre la conversation. Si vous faites face au chagrin, vous \u00eates au bon endroit. Notre site de soutien en ligne sur le deuil propose des blogs sur le deuil, des citations inspirantes et des outils d&#8217;\u00e9criture interactifs pour vous aider \u00e0 g\u00e9rer votre deuil.<\/p>\n<\/div>\n<div class=\"vc_row wpb_row vc_row-fluid\">\n<div class=\"wpb_column vc_column_container vc_col-sm-12\">\n<div class=\"vc_column-inner\">\n<div class=\"wpb_wrapper\">\n<div class=\"wpb_text_column wpb_content_element \">\n<div class=\"wpb_wrapper\">\n<p class=\"heading fusion-responsive-typography-calculated\" data-fontsize=\"25\" data-lineheight=\"27px\"><a href=\"https:\/\/whatsyourgrief.com\/\" target=\"_blank\" rel=\"noopener noreferrer\"><strong>Quel est votre chagrin<\/strong><\/a><\/p>\n<\/div>\n<\/div>\n<\/div>\n<\/div>\n<\/div>\n<\/div>\n<div class=\"vc_row wpb_row vc_row-fluid\">\n<div class=\"wpb_column vc_column_container vc_col-sm-8\">\n<div class=\"vc_column-inner\">\n<div class=\"wpb_wrapper\">\n<div class=\"wpb_text_column wpb_content_element \">\n<div class=\"wpb_wrapper\">\n<p>Pour le dire simplement, ce site Web traite du deuil. Cela semble probablement trop simplifi\u00e9, mais le chagrin est un sujet complexe, lourd, frustrant, effrayant, \u00e9norme et gros. Cela commence par un d\u00e9c\u00e8s et enveloppe tout le monde, de la famille aux amis, aux amis de la famille et aux amis. Non seulement le deuil est un cauchemar \u00e9motionnel, logistique et existentiel, mais il est \u00e9prouvant. Cela nous oblige \u00e0 naviguer dans le monde sans quelqu&#8217;un d&#8217;important, \u00e0 g\u00e9rer des sentiments et des \u00e9motions complexes et \u00e0 trouver des moyens d&#8217;avancer lorsque tout semble un peu sombre.<\/p>\n<p>Les co-auteurs de ce site sont des professionnels de la sant\u00e9 mentale bas\u00e9s \u00e0 Baltimore avec plus de 20 ans d&#8217;exp\u00e9rience dans le deuil et le deuil. Plus important encore, cependant, nous avons tous les deux connu la mort d&#8217;un parent et avons g\u00e9r\u00e9 la vie apr\u00e8s cette perte. Aucun de nous ne savait quelles ressources \u00e9taient disponibles \u00e0 ce moment-l\u00e0, et nous avons t\u00e2tonn\u00e9 \u00e0 travers l&#8217;obscurit\u00e9 seul. Plus tard, nous nous sommes demand\u00e9 pourquoi quelqu&#8217;un devrait-il se sentir seul alors que nous sommes si nombreux \u00e0 souffrir nous-m\u00eames? Pour cette raison, nous nous engageons \u00e0 nous plonger dans tout ce qui est li\u00e9 au deuil et \u00e0 fournir un endroit o\u00f9 les gens peuvent venir soutenir et \u00eatre soutenus.<\/p>\n<p>Plus pr\u00e9cis\u00e9ment, notre mission est de promouvoir l&#8217;\u00e9ducation, l&#8217;exploration et l&#8217;expression du deuil de mani\u00e8re \u00e0 la fois pratique et cr\u00e9ative. Nous visons \u00e0 fournir au public\u2026o Une \u00e9ducation qui d\u00e9passe la g\u00e9n\u00e9ralisation<br \/>\no Suggestions pratiques et sp\u00e9cifiques pour aller de l&#8217;avant<br \/>\no Des modes d&#8217;auto-exploration et d&#8217;expression de soi qui conviennent \u00e0 tous les types de penseurs et d&#8217;acteurs<br \/>\no Fa\u00e7ons d&#8217;honorer et de se souvenir des proches d\u00e9c\u00e9d\u00e9s.<br \/>\no Une communaut\u00e9 solidaire<\/p>\n<\/div>\n<div class=\"wpb_wrapper\"><a href=\"https:\/\/www.homeadvisor.com\/r\/decluttering-after-loss-of-a-loved-one\/\" target=\"_blank\" rel=\"noopener noreferrer\"><strong><u>D\u00e9sencombrer votre maison apr\u00e8s la perte d&#8217;un \u00eatre cher: un guide \u00e9tape par \u00e9tape pour traverser le processus difficile<\/u><\/strong><\/a><\/div>\n<div><\/div>\n<div class=\"wpb_wrapper\">Perdre quelqu&#8217;un que nous aimons est l&#8217;un des \u00e9v\u00e9nements de la vie les plus difficiles que nous ayons jamais rencontr\u00e9s. Lorsque la perte concerne une personne avec qui vous partagez une maison, elle peut \u00eatre encore plus traumatisante. Une maison pleine de biens qui appartenaient autrefois \u00e0 votre bien-aim\u00e9 peut sembler \u00e9crasante, mais l&#8217;id\u00e9e de les laisser partir peut vous sembler impossible.La dure v\u00e9rit\u00e9 est que, m\u00eame s&#8217;il est difficile de d\u00e9sencombrer et d&#8217;organiser votre maison apr\u00e8s le d\u00e9c\u00e8s d&#8217;un \u00eatre cher, c&#8217;est une \u00e9tape importante pour aller de l&#8217;avant. Ce guide vous aidera \u00e0 cr\u00e9er une strat\u00e9gie pour traverser le processus aussi facilement que possible.<\/div>\n<\/div>\n<\/div>\n<\/div>\n<\/div>\n<\/div>\n","protected":false},"excerpt":{"rendered":"<p>Comment faire face \u00e0 la perte soudaine d&#8217;un \u00eatre cher La mort inattendue d&#8217;un \u00eatre cher peut \u00eatre une exp\u00e9rience difficile. Bien que nous savons tous que la mort fait partie de la vie, la mort soudaine d\u2019un \u00eatre cher restera n\u00e9anmoins \u00e9motionnelle. Il est important de comprendre que le chagrin affecte chacun diff\u00e9remment. Au [&hellip;]<\/p>\n","protected":false},"author":2,"featured_media":0,"parent":0,"menu_order":0,"comment_status":"closed","ping_status":"closed","template":"","meta":{"_exactmetrics_skip_tracking":false,"_exactmetrics_sitenote_active":false,"_exactmetrics_sitenote_note":"","_exactmetrics_sitenote_category":0,"_links_to":"","_links_to_target":""},"_links":{"self":[{"href":"https:\/\/thelifelinecanada.ca\/fr\/wp-json\/wp\/v2\/pages\/3763"}],"collection":[{"href":"https:\/\/thelifelinecanada.ca\/fr\/wp-json\/wp\/v2\/pages"}],"about":[{"href":"https:\/\/thelifelinecanada.ca\/fr\/wp-json\/wp\/v2\/types\/page"}],"author":[{"embeddable":true,"href":"https:\/\/thelifelinecanada.ca\/fr\/wp-json\/wp\/v2\/users\/2"}],"replies":[{"embeddable":true,"href":"https:\/\/thelifelinecanada.ca\/fr\/wp-json\/wp\/v2\/comments?post=3763"}],"version-history":[{"count":3,"href":"https:\/\/thelifelinecanada.ca\/fr\/wp-json\/wp\/v2\/pages\/3763\/revisions"}],"predecessor-version":[{"id":3796,"href":"https:\/\/thelifelinecanada.ca\/fr\/wp-json\/wp\/v2\/pages\/3763\/revisions\/3796"}],"wp:attachment":[{"href":"https:\/\/thelifelinecanada.ca\/fr\/wp-json\/wp\/v2\/media?parent=3763"}],"curies":[{"name":"wp","href":"https:\/\/api.w.org\/{rel}","templated":true}]}}