{"id":36,"date":"2016-09-19T21:37:58","date_gmt":"2016-09-20T04:37:58","guid":{"rendered":"https:\/\/thelifelinecanada.ca\/fr\/?page_id=36"},"modified":"2020-05-02T19:44:09","modified_gmt":"2020-05-03T02:44:09","slug":"email-chat","status":"publish","type":"page","link":"https:\/\/thelifelinecanada.ca\/fr\/help\/email-chat\/","title":{"rendered":"Ligne De Discussion Par Courrier Electronique"},"content":{"rendered":"<h3 lang=\"en-US\" align=\"LEFT\"><strong>Canada<\/strong><\/h3>\n<p style=\"text-align: justify; padding-left: 30px;\"><a href=\"http:\/\/calgaryconnecteen.com\/\" target=\"_blank\" rel=\"noopener noreferrer\"><span style=\"font-size: medium;\"><u>C<\/u><\/span><span style=\"font-size: medium;\"><u>onnecTeen<\/u><\/span><\/a><span style=\"font-size: medium;\"><br \/>\n<\/span>Soutien des pairs des jeunes Canadiens en<span style=\"font-size: medium;\"> messagerie instantan\u00e9e IM, les courriels \u00e9lectroniques, le t\u00e9l\u00e9phone, la hotline et le texte. Texter au 587-333-2724 &#8211; 17h-22h tous les jours<\/span><\/p>\n<p style=\"text-align: justify; padding-left: 30px;\"><span style=\"font-size: medium;\"><a href=\"http:\/\/youthspace.ca\/\" target=\"_blank\" rel=\"noopener noreferrer\"><u>Espace jeunesse (30 ans et moins)<\/u><\/a><br \/>\nDes ressources (y compris un kit d&#8217;adaptation), un forum de soutien par les pairs, un conseil par courriel avec des conseillers professionnels, des SMS et un service de chat en ligne font de ce site un site bien \u00e9quilibr\u00e9 pour les jeunes de moins de 30 ans.<br \/>\n<\/span><\/p>\n<h3 lang=\"en-US\" style=\"text-align: justify;\" align=\"LEFT\"><span style=\"font-size: medium;\"><b>\u00c9tats Unis<\/b><\/span><\/h3>\n<p style=\"text-align: justify; padding-left: 30px;\"><span style=\"font-size: medium;\"><a href=\"http:\/\/www.sfsuicide.org\/get-help\/email-us\/\" target=\"_blank\" rel=\"noopener noreferrer\"><u>San Francisco &#8211; Pr\u00e9vention du suicide<\/u><\/a><br \/>\nHotline locale avec TTY ainsi que service de messagerie instantan\u00e9e IM et service de messagerie \u00e9lectronique. La ligne t\u00e9l\u00e9phonique est disponible 24h \/ 24 au 415-781-0500 (TTY 415-227-0245). Disponible uniquement pour les r\u00e9sidents de Bay Area. \u00c0 l&#8217;ext\u00e9rieur de San Francisco (aux \u00c9tats-Unis), composez le 1-800-273-8255<\/span><\/p>\n<p style=\"text-align: justify; padding-left: 30px;\"><span style=\"font-size: medium;\"><a href=\"https:\/\/teenlineonline.org\/talk-now\/\" target=\"_blank\" rel=\"noopener noreferrer\"><u>Teen Line<\/u><\/a><br \/>\nLes courriels sont r\u00e9pondu par les volontaires adolescent et adulte.<br \/>\n<\/span><\/p>\n<h3 lang=\"en-US\" style=\"text-align: justify;\" align=\"LEFT\"><span style=\"font-size: medium;\"><b>Australie<\/b><\/span><\/h3>\n<p style=\"text-align: justify; padding-left: 30px;\"><span style=\"font-size: medium;\"><a href=\"https:\/\/kidshelpline.com.au\/teens\/get-help\/email-counselling\/\" target=\"_blank\" rel=\"noopener noreferrer\"><u>Aide aux enfants<\/u><\/a><br \/>\nL&#8217;application Kids Helpline de l&#8217;Australie offre un service de conseil par messagerie instantan\u00e9e IM ainsi qu&#8217;une ligne d&#8217;assistance t\u00e9l\u00e9phonique (1800 55 1800) et des conseils par courrier \u00e9lectronique.<br \/>\n<\/span><\/p>\n<p style=\"text-align: justify; padding-left: 30px;\"><u><a href=\"https:\/\/www.sane.org\/get-help\" target=\"_blank\" rel=\"noopener noreferrer\">SANE<br \/>\n<\/a><\/u><span id=\"result_box\" class=\"\" lang=\"fr\">Le Centre d&#8217;aide SANE fournit les informations, les conseils et les recommandations dont vous avez besoin pour g\u00e9rer les probl\u00e8mes de sant\u00e9 mentale. <span class=\"\">Guides et ressources pour les familles, les amis et les autres personnes qui s&#8217;occupent de quelqu&#8217;un souffrant de maladie mentale.<\/span><\/span><\/p>\n<h3 lang=\"en-US\" style=\"text-align: justify;\" align=\"LEFT\"><span style=\"font-size: medium;\"><b>Royaume-Uni<\/b><\/span><\/h3>\n<p style=\"text-align: justify; padding-left: 30px;\"><span style=\"font-size: medium;\"><u><a href=\"https:\/\/www.childline.org.uk\/get-support\/contacting-childline\/\" target=\"_blank\" rel=\"noopener noreferrer\">Childline<\/a><\/u><br \/>\nChildline est un service gratuit, priv\u00e9 et confidentiel o\u00f9 vous pouvez \u00eatre vous. Quel que soit votre souci, chaque fois que vous avez besoin d&#8217;aide, mais vous voulez entrer en contact. L\u00e0 pour vous en ligne, au t\u00e9l\u00e9phone, \u00e0 tout moment.<\/span><\/p>\n<p style=\"text-align: justify; padding-left: 30px;\"><span style=\"font-size: medium;\"><span lang=\"en-US\"><u><a href=\"http:\/\/www.samaritans.org\/how-we-can-help-you\/contact-us\" target=\"_blank\" rel=\"noopener noreferrer\">Samaritans<\/a><\/u><br \/>\nLe plus grand service de conseil en crise du Royaume-Uni, offrant une ligne t\u00e9l\u00e9phonique, courrier \u00e9lectronique, textos, lettres et services face \u00e0 face.<br \/>\nNum\u00e9ro de texte: 07725 90 90 90<\/span><\/span><\/p>\n<h3 style=\"text-align: justify;\" align=\"LEFT\"><span style=\"font-size: 14pt;\"><span lang=\"fr-FR\"><b>Irlande<\/b><\/span><\/span><\/h3>\n<p style=\"text-align: justify; padding-left: 30px;\"><span style=\"font-size: medium;\"><span lang=\"fr-FR\"><u><a href=\"http:\/\/www.pieta.ie\/\" target=\"_blank\" rel=\"noopener noreferrer\">Pieta House<\/a><\/u><br \/>\nUn service irlandais de pr\u00e9vention du suicide et de l&#8217;automutilation proposant une ligne t\u00e9l\u00e9phonique, des connexions par courriers \u00e9lectroniques et des rendez-vous de conseils en personne<br \/>\n<\/span><\/span><\/p>\n<h3 style=\"text-align: justify;\" align=\"LEFT\"><span style=\"font-size: medium;\"><span lang=\"fr-FR\"><b>Malaisie<\/b><\/span><\/span><\/h3>\n<p style=\"text-align: justify; padding-left: 30px;\"><span style=\"font-size: medium;\"><span lang=\"fr-FR\"><u><a href=\"https:\/\/www.befrienders.org\" target=\"_blank\" rel=\"noopener noreferrer\">Befrienders<\/a><\/u><br \/>\nBefrienders assurer une communication amicale confidentielle 24 heures par jour, 7 jours par semaine.<br \/>\n<\/span><\/span><\/p>\n<h3 style=\"text-align: justify;\" align=\"LEFT\"><span style=\"font-size: medium;\"><span lang=\"fr-FR\"><b>Inde<\/b><\/span><\/span><\/h3>\n<p style=\"text-align: justify; padding-left: 30px;\"><span style=\"font-size: medium;\"><span lang=\"fr-FR\"><u><a href=\"http:\/\/www.snehaindia.org\/\" target=\"_blank\" rel=\"noopener noreferrer\">Sneha<\/a><\/u><br \/>\nSNEHA est ouvert 24 heures par jour pour les appels t\u00e9l\u00e9phoniques et de 8h00 \u00e0 10h00 pour les visites tous les jours, au cours de l&#8217;ann\u00e9e.<br \/>\n<\/span><\/span><\/p>\n<h3 style=\"text-align: justify;\" align=\"LEFT\"><span style=\"font-size: medium;\"><span lang=\"fr-FR\"><b>Singapour<\/b><\/span><\/span><\/h3>\n<p style=\"text-align: justify; padding-left: 30px;\"><span style=\"font-size: medium;\"><span lang=\"fr-FR\"><u><a href=\"https:\/\/www.samaritans.org\/\" target=\"_blank\" rel=\"noopener noreferrer\">Samaritans<\/a><\/u><br \/>\nSOS (Samaritans de Singapour) est le seul centre de pr\u00e9vention du suicide \u00e0 Singapour. Il s&#8217;agit d&#8217;une organisation la\u00efque \u00e0 but non lucratif qui fournit un soutien affectif confidentiel de 24 heures aux personnes qui ont des difficult\u00e9s \u00e0 faire face pendant une crise, qui pensent au suicide ou affect\u00e9es par le suicide.<\/span><\/span><\/p>\n","protected":false},"excerpt":{"rendered":"<p>Canada ConnecTeen Soutien des pairs des jeunes Canadiens en messagerie instantan\u00e9e IM, les courriels \u00e9lectroniques, le t\u00e9l\u00e9phone, la hotline et le texte. Texter au 587-333-2724 &#8211; 17h-22h tous les jours Espace jeunesse (30 ans et moins) Des ressources (y compris un kit d&#8217;adaptation), un forum de soutien par les pairs, un conseil par courriel avec [&hellip;]<\/p>\n","protected":false},"author":2,"featured_media":0,"parent":644,"menu_order":0,"comment_status":"closed","ping_status":"closed","template":"","meta":{"_exactmetrics_skip_tracking":false,"_exactmetrics_sitenote_active":false,"_exactmetrics_sitenote_note":"","_exactmetrics_sitenote_category":0,"_links_to":"","_links_to_target":""},"_links":{"self":[{"href":"https:\/\/thelifelinecanada.ca\/fr\/wp-json\/wp\/v2\/pages\/36"}],"collection":[{"href":"https:\/\/thelifelinecanada.ca\/fr\/wp-json\/wp\/v2\/pages"}],"about":[{"href":"https:\/\/thelifelinecanada.ca\/fr\/wp-json\/wp\/v2\/types\/page"}],"author":[{"embeddable":true,"href":"https:\/\/thelifelinecanada.ca\/fr\/wp-json\/wp\/v2\/users\/2"}],"replies":[{"embeddable":true,"href":"https:\/\/thelifelinecanada.ca\/fr\/wp-json\/wp\/v2\/comments?post=36"}],"version-history":[{"count":42,"href":"https:\/\/thelifelinecanada.ca\/fr\/wp-json\/wp\/v2\/pages\/36\/revisions"}],"predecessor-version":[{"id":3742,"href":"https:\/\/thelifelinecanada.ca\/fr\/wp-json\/wp\/v2\/pages\/36\/revisions\/3742"}],"up":[{"embeddable":true,"href":"https:\/\/thelifelinecanada.ca\/fr\/wp-json\/wp\/v2\/pages\/644"}],"wp:attachment":[{"href":"https:\/\/thelifelinecanada.ca\/fr\/wp-json\/wp\/v2\/media?parent=36"}],"curies":[{"name":"wp","href":"https:\/\/api.w.org\/{rel}","templated":true}]}}