{"id":32,"date":"2016-09-19T21:37:29","date_gmt":"2016-09-19T21:37:29","guid":{"rendered":"https:\/\/thelifelinecanada.ca\/fr\/?page_id=32"},"modified":"2020-05-31T10:51:14","modified_gmt":"2020-05-31T17:51:14","slug":"textchat","status":"publish","type":"page","link":"https:\/\/thelifelinecanada.ca\/fr\/help\/textchat\/","title":{"rendered":"Les Textes De Conversation En Ligne"},"content":{"rendered":"<p style=\"text-align: justify;\"><span style=\"font-size: 14pt;\"><span lang=\"fr-FR\"><b>Canada<\/b><\/span><\/span><\/p>\n<h3>Tu as besoin d\u2019aide tout de suite? Texte PARLER au\u00a0<a class=\"sms_button\" href=\"sms:\/\/686868?body=PARLER\">686868<\/a><\/h3>\n<p style=\"text-align: justify;\"><span style=\"font-size: medium;\"><span lang=\"fr-FR\"><a href=\"http:\/\/calgaryconnecteen.com\/\" target=\"_blank\" rel=\"noopener noreferrer\">Connecteen\u00a0<span id=\"result_box\" class=\"short_text\" lang=\"fr\"><span class=\"\">(Jeunesse en Alberta)<\/span><\/span><\/a><br \/>\n<\/span><\/span><span style=\"font-size: medium;\"><span lang=\"fr-FR\"><span id=\"result_box\" class=\"\" lang=\"fr\">Parlez de vos termes. Si vous avez besoin de soutien, nous sommes l\u00e0 pour vous. Si vous craignez que quelqu&#8217;un vous \u00e9coute ou qu&#8217;il soit trop difficile \u00e0 dire \u00e0 haute voix, vous pouvez l&#8217;\u00e9crire dans le chat, le courrier \u00e9lectronique ou le texte. <span class=\"\">Texte 587-333-2724<\/span><\/span><br \/>\n<\/span><\/span><\/p>\n<p style=\"text-align: justify;\"><span style=\"font-size: medium;\"><span lang=\"fr-FR\"><a href=\"http:\/\/youthspace.ca\/?action=chat&amp;PHPSESSID=3eb3c8c8117c36758d9319bec12c0b0a\" target=\"_blank\" rel=\"noopener noreferrer\">YouthSpace<\/a>&#8211;<span id=\"result_box\" class=\"short_text\" lang=\"fr\"><span class=\"\">(30 ans et moins)<br \/>\n<\/span><\/span><\/span><\/span><span id=\"result_box\" class=\"\" lang=\"fr\"><span class=\"\">Est compos\u00e9 d&#8217;une communaut\u00e9 de b\u00e9n\u00e9voles qui sont l\u00e0 pour vous aider &#8211; tout ce que vous traversez.<\/span> <span class=\"\">Texte 778-783-0177 (18 h &#8211; 12 h PST)<\/span><\/span><\/p>\n<p style=\"text-align: justify;\"><span style=\"font-size: 14pt;\"><span lang=\"fr-FR\"><b>\u00c9tats Unis<\/b><\/span><\/span><\/p>\n<p style=\"text-align: justify;\"><span id=\"result_box\" class=\"\" lang=\"fr\"><a href=\"http:\/\/ithacacrisis.org\/\" target=\"_blank\" rel=\"noopener noreferrer\">Service de pr\u00e9vention et de crise du suicide (Finger Lakes, New York)<\/a><br \/>\nDu lundi au vendredi de 6 \u00e0 9 heures pour un conseil de crise gratuit et confidentiel. Les probl\u00e8mes \u00e9motionnels, grands ou petits, ils \u00e9couteront sans jugement et vous aideront \u00e0 trouver votre meilleure solution.<\/span><\/p>\n<p><a href=\"http:\/\/www.crisistextline.org\/\" target=\"_blank\" rel=\"noopener noreferrer\">Ligne de texte de crise<\/a><br \/>\nTexte IMPORTANT \u00e0 741741. Quotidien 24 heures par jour<\/p>\n<p><a href=\"http:\/\/www.yourlifeyourvoice.org\/pages\/ways-to-get-help.aspx#text-info\" target=\"_blank\" rel=\"noopener noreferrer\">Now Matters<\/a><br \/>\n<span class=\"\">Texte VOICE 20121 Tous les jours de 16h00 \u00e0 1h00 CST<\/span><\/p>\n<p><a href=\"https:\/\/teenlineonline.org\/\" target=\"_blank\" rel=\"noopener noreferrer\">Teen Line<\/a><br \/>\n<span class=\"\">Texte TEEN 839863 Tous les jours de 18h \u00e0 21h PST<\/span><\/p>\n<p><a href=\"http:\/\/www.thetrevorproject.org\/pages\/get-help-now\" target=\"_blank\" rel=\"noopener noreferrer\">TrevorLine<\/a><br \/>\n<span class=\"\">Texte &#8220;Trevor&#8221; au 1-202-304-1200.<\/span> <span class=\"\">Disponible du mardi au vendredi de 15h \u00e0 21h HNE \/ 12h \u00e0 18h PT<\/span><\/p>\n<p style=\"text-align: justify;\"><span lang=\"fr-FR\" style=\"font-size: 14pt;\"><b>Royaume-Uni\u00a0<\/b><\/span><\/p>\n<p style=\"text-align: justify;\"><a href=\"https:\/\/www.papyrus-uk.org\/help-advice\/about-hopelineuk\" target=\"_blank\" rel=\"noopener noreferrer\">Hopeline<\/a><br \/>\n<span id=\"result_box\" class=\"\" lang=\"fr\"><span class=\"\">HOPELineUK est un service de conseil et de soutien confidentiel pour les jeunes de moins de 35 ans qui peuvent avoir des pens\u00e9es de suicide et que toute personne concern\u00e9e peut avoir des pens\u00e9es suicidaires.<\/span> <span class=\"\">Texte 07786 20 96 97<\/span><\/span><\/p>\n<p style=\"text-align: justify;\"><a href=\"https:\/\/www.northlondonsamaritans.org.uk\/\" target=\"_blank\" rel=\"noopener noreferrer\">Samaritains <\/a><br \/>\n<span id=\"result_box\" class=\"\" lang=\"fr\"><span class=\"\">Les samaritains sont disponibles 24 heures sur 24 pour fournir un soutien \u00e9motionnel confidentiel aux personnes qui \u00e9prouvent des sentiments de d\u00e9tresse ou de d\u00e9sespoir, y compris ceux qui peuvent conduire au suicide.<\/span> <span class=\"\">Texte 07725 90 90 90<\/span><\/span><\/p>\n<p><span lang=\"fr-FR\"><b><span lang=\"fr-FR\" style=\"font-size: 14pt;\">Nouvelle-Zelande<\/span><\/b><\/span><\/p>\n<p style=\"text-align: justify;\"><a href=\"https:\/\/thelowdown.co.nz\/\" target=\"_blank\" rel=\"noopener noreferrer\">The Lowdown\u00a0<\/a><br \/>\n<span id=\"result_box\" class=\"\" lang=\"fr\"><span class=\"\">Parfois, les hauts et les bas de la vie sont plus que les hauts et les bas habituels.<\/span><br \/>\n<span class=\"\">Si vous \u00eates coinc\u00e9, vous vous sentirez mal, ils vous aideront \u00e0 comprendre si cela pourrait \u00eatre une anxi\u00e9t\u00e9 ou une d\u00e9pression.<\/span> <span class=\"\">Tout ce qui se passe, vous trouverez des id\u00e9es et des personnes qui peuvent vous aider \u00e0 vous d\u00e9tendre.<\/span> <span class=\"\">Texte 5626<\/span><\/span><\/p>\n<p>&nbsp;<\/p>\n","protected":false},"excerpt":{"rendered":"<p>Canada Tu as besoin d\u2019aide tout de suite? Texte PARLER au\u00a0686868 Connecteen\u00a0(Jeunesse en Alberta) Parlez de vos termes. Si vous avez besoin de soutien, nous sommes l\u00e0 pour vous. Si vous craignez que quelqu&#8217;un vous \u00e9coute ou qu&#8217;il soit trop difficile \u00e0 dire \u00e0 haute voix, vous pouvez l&#8217;\u00e9crire dans le chat, le courrier \u00e9lectronique [&hellip;]<\/p>\n","protected":false},"author":2,"featured_media":0,"parent":644,"menu_order":0,"comment_status":"closed","ping_status":"closed","template":"","meta":{"_exactmetrics_skip_tracking":false,"_exactmetrics_sitenote_active":false,"_exactmetrics_sitenote_note":"","_exactmetrics_sitenote_category":0,"_links_to":"","_links_to_target":""},"_links":{"self":[{"href":"https:\/\/thelifelinecanada.ca\/fr\/wp-json\/wp\/v2\/pages\/32"}],"collection":[{"href":"https:\/\/thelifelinecanada.ca\/fr\/wp-json\/wp\/v2\/pages"}],"about":[{"href":"https:\/\/thelifelinecanada.ca\/fr\/wp-json\/wp\/v2\/types\/page"}],"author":[{"embeddable":true,"href":"https:\/\/thelifelinecanada.ca\/fr\/wp-json\/wp\/v2\/users\/2"}],"replies":[{"embeddable":true,"href":"https:\/\/thelifelinecanada.ca\/fr\/wp-json\/wp\/v2\/comments?post=32"}],"version-history":[{"count":39,"href":"https:\/\/thelifelinecanada.ca\/fr\/wp-json\/wp\/v2\/pages\/32\/revisions"}],"predecessor-version":[{"id":3770,"href":"https:\/\/thelifelinecanada.ca\/fr\/wp-json\/wp\/v2\/pages\/32\/revisions\/3770"}],"up":[{"embeddable":true,"href":"https:\/\/thelifelinecanada.ca\/fr\/wp-json\/wp\/v2\/pages\/644"}],"wp:attachment":[{"href":"https:\/\/thelifelinecanada.ca\/fr\/wp-json\/wp\/v2\/media?parent=32"}],"curies":[{"name":"wp","href":"https:\/\/api.w.org\/{rel}","templated":true}]}}