{"id":306,"date":"2016-09-24T20:12:32","date_gmt":"2016-09-24T20:12:32","guid":{"rendered":"https:\/\/thelifelinecanada.ca\/fr\/?page_id=306"},"modified":"2018-10-05T17:44:24","modified_gmt":"2018-10-06T00:44:24","slug":"comedy","status":"publish","type":"page","link":"https:\/\/thelifelinecanada.ca\/fr\/pattern-interrupt\/comedy\/","title":{"rendered":"Com\u00e9die"},"content":{"rendered":"<div class=\"content-list-component text\">\n<p><span id=\"result_box\" class=\"\" lang=\"fr\"><span class=\"\">Les avantages du rire pour la sant\u00e9\u00a0 sont largement r\u00e9pertori\u00e9s.<\/span> <span class=\"\">Il lib\u00e8re des endorphines, ce qui nous fait sentir heureux, ainsi que d&#8217;autres hormones li\u00e9es \u00e0 la r\u00e9duction du stress, \u00e0 la stimulation de la r\u00e9ponse immunitaire et au renforcement des relations sociales.<\/span><\/span><\/p>\n<p><span class=\"\">En ce qui concerne la sant\u00e9 mentale, la lib\u00e9ration de ces hormones heureuses est un excellent soulagement \u00e0 court terme, alors qu&#8217;un niveau \u00e9lev\u00e9 de liens sociaux peut conduire \u00e0 des sentiments d&#8217;inclusion \u00e0 plus long terme et \u00e0 la cr\u00e9ation de r\u00e9seaux de soutien.<\/span> <span class=\"\">Les deux sont des \u00e9l\u00e9ments cl\u00e9s dans la lutte contre la d\u00e9pression.<\/span><\/p>\n<p><span class=\"\">La g\u00e9lotologie &#8211; ou l&#8217;\u00e9tude du rire &#8211; a longtemps cherch\u00e9 des r\u00e9ponses scientifiques aux avantages potentiels pour la sant\u00e9 du rire.<\/span><br \/>\n_____<\/p>\n<p><a href=\"http:\/\/www.purepeople.com\/article\/lambert-wilson-interview-choc-son-pere-tres-violent-sa-depression_a168011\/1\">Lambert Wilson, interview choc : Son p\u00e8re &#8220;tr\u00e8s violent&#8221;, sa d\u00e9pression&#8230;<\/a><\/p>\n<p>Yves Montand dans un album hommage revient sur sa d\u00e9pression alors qu&#8217;il \u00e9tait encens\u00e9 pour son r\u00f4le dans Des hommes et des Dieux. &#8220;J&#8217;ai perdu ma m\u00e8re pendant le tournage du film<\/p>\n<p><a href=\"http:\/\/www.parismatch.com\/People\/Valerie-Lemercier-la-therapie-du-rire-1274402\" target=\"_blank\" rel=\"noopener\"> Val\u00e9rie Lemercier se confie sur sa d\u00e9pression et\u00a0<\/a><a href=\"http:\/\/www.parismatch.com\/People\/Valerie-Lemercier-la-therapie-du-rire-1274402\" target=\"_blank\" rel=\"noopener\">la th\u00e9rapie du rire<\/a><\/p>\n<p>&#8220;Je suis une grande femme un peu d\u00e9pressive&#8221;<\/p>\n<p>la com\u00e9dienne est revenue sur les tendances d\u00e9pressives auxquelles elle a d\u00e9clar\u00e9 \u00eatre parfois sujette. Une certaine m\u00e9lancolie qui se manifesterait depuis ses 20 ans : &#8220;Je me souviens, \u00e0 20 ans, avoir fait des tests psychologiques \u00e0 l&#8217;h\u00f4pital Necker parce que \u00e7a n&#8217;allait pas&#8221;, a d\u00e9clar\u00e9 Val\u00e9rie Lemercier \u00e0 l&#8217;hebdomadaire f\u00e9minin.&#8221;<\/p>\n<div id=\"watch-uploader-info\"><a href=\"https:\/\/www.youtube.com\/watch?v=LPI_1Tobito\" target=\"_blank\" rel=\"noopener\">J\u00e9r\u00e9my Demay:\u00a0Se gu\u00e9rir <\/a><\/div>\n<div>\nAvant de devenir un humoriste \u00e0 succ\u00e8s et renomm\u00e9 au Qu\u00e9bec, J\u00e9r\u00e9my Demay a travers\u00e9 une p\u00e9riode difficile \u00e0 son arriv\u00e9e \u00e0 Montr\u00e9al. Dans cette conf\u00e9rence J\u00e9r\u00e9my nous livre les outils qui l&#8217;ont aid\u00e9 \u00e0 se sortir de sa d\u00e9pression et pourquoi selon lui il faut se gu\u00e9rir.<\/div>\n<p><a title=\"Kevin Breel: Confessions of a Depressed Comic\" href=\"https:\/\/www.ted.com\/talks\/kevin_breel_confessions_of_a_depressed_comic?language=en\" target=\"_blank\" rel=\"noopener\">Kevin Breel: <span id=\"result_box\" class=\"short_text\" lang=\"fr\"><span class=\"\">Confessions d&#8217;un com\u00e9dien d\u00e9prim\u00e9<\/span><\/span> (en anglais)<\/a><\/p>\n<p><span id=\"result_box\" class=\"\" lang=\"fr\"><span class=\"\">Kevin Breel ne ressemblait pas \u00e0 un enfant d\u00e9prim\u00e9: capitaine d&#8217;\u00e9quipe, \u00e0 chaque f\u00eate, dr\u00f4le et confiant.<\/span> <span class=\"\">Mais il raconte l&#8217;histoire de la nuit o\u00f9 il s&#8217;est rendu compte que, pour sauver sa vie, il fallait dire quatre mots simples.<\/span><\/span><\/p>\n<\/div>\n<p><a title=\"Smile: A One Man Comedy Show ABout Depression\" href=\"https:\/\/youtu.be\/805PQQ5swCA\">Smile:\u00a0 Un One Man Show <span id=\"result_box\" class=\"\" lang=\"fr\"><span class=\"\">sur\u00a0 la d\u00e9pression<\/span><\/span> <\/a><a title=\"Kevin Breel: Confessions of a Depressed Comic\" href=\"https:\/\/www.ted.com\/talks\/kevin_breel_confessions_of_a_depressed_comic?language=en\" target=\"_blank\" rel=\"noopener\">(en anglais)<\/a><a title=\"Smile: A One Man Comedy Show ABout Depression\" href=\"https:\/\/youtu.be\/805PQQ5swCA\"><br \/>\n<\/a><\/p>\n<p><span id=\"result_box\" class=\"\" lang=\"fr\"><span class=\"\">Smile est un spectacle humoristique autobiographique sur la d\u00e9pression et la perte du premier amour.<\/span><\/span><\/p>\n","protected":false},"excerpt":{"rendered":"<p>Les avantages du rire pour la sant\u00e9\u00a0 sont largement r\u00e9pertori\u00e9s. Il lib\u00e8re des endorphines, ce qui nous fait sentir heureux, ainsi que d&#8217;autres hormones li\u00e9es \u00e0 la r\u00e9duction du stress, \u00e0 la stimulation de la r\u00e9ponse immunitaire et au renforcement des relations sociales. En ce qui concerne la sant\u00e9 mentale, la lib\u00e9ration de ces hormones [&hellip;]<\/p>\n","protected":false},"author":2,"featured_media":0,"parent":687,"menu_order":0,"comment_status":"closed","ping_status":"closed","template":"","meta":{"_exactmetrics_skip_tracking":false,"_exactmetrics_sitenote_active":false,"_exactmetrics_sitenote_note":"","_exactmetrics_sitenote_category":0,"_links_to":"","_links_to_target":""},"_links":{"self":[{"href":"https:\/\/thelifelinecanada.ca\/fr\/wp-json\/wp\/v2\/pages\/306"}],"collection":[{"href":"https:\/\/thelifelinecanada.ca\/fr\/wp-json\/wp\/v2\/pages"}],"about":[{"href":"https:\/\/thelifelinecanada.ca\/fr\/wp-json\/wp\/v2\/types\/page"}],"author":[{"embeddable":true,"href":"https:\/\/thelifelinecanada.ca\/fr\/wp-json\/wp\/v2\/users\/2"}],"replies":[{"embeddable":true,"href":"https:\/\/thelifelinecanada.ca\/fr\/wp-json\/wp\/v2\/comments?post=306"}],"version-history":[{"count":15,"href":"https:\/\/thelifelinecanada.ca\/fr\/wp-json\/wp\/v2\/pages\/306\/revisions"}],"predecessor-version":[{"id":3688,"href":"https:\/\/thelifelinecanada.ca\/fr\/wp-json\/wp\/v2\/pages\/306\/revisions\/3688"}],"up":[{"embeddable":true,"href":"https:\/\/thelifelinecanada.ca\/fr\/wp-json\/wp\/v2\/pages\/687"}],"wp:attachment":[{"href":"https:\/\/thelifelinecanada.ca\/fr\/wp-json\/wp\/v2\/media?parent=306"}],"curies":[{"name":"wp","href":"https:\/\/api.w.org\/{rel}","templated":true}]}}