{"id":302,"date":"2016-09-24T20:12:18","date_gmt":"2016-09-25T03:12:18","guid":{"rendered":"https:\/\/thelifelinecanada.ca\/fr\/?page_id=302"},"modified":"2018-10-05T17:46:59","modified_gmt":"2018-10-06T00:46:59","slug":"coping-mechanisms","status":"publish","type":"page","link":"https:\/\/thelifelinecanada.ca\/fr\/pattern-interrupt\/coping-mechanisms\/","title":{"rendered":"Les M\u00e9canismes D&#8217;Adaptation"},"content":{"rendered":"<p style=\"text-align: justify;\" align=\"LEFT\"><b><\/b><span style=\"font-size: medium;\"><span lang=\"fr-FR\"><b>Les M\u00e9canismes D&#8217;Adaptation Favorisant La Reprise <\/b><\/span><span lang=\"fr-FR\"><br \/>\nSource: <em><a href=\"https:\/\/www.promises.com\/articles\/addiction-recovery\/coping-mechanisms-to-aid-your-recovery\/\" target=\"_blank\" rel=\"noopener noreferrer\">Centre de Traitement des Promesses<\/a><\/em><\/span><\/span><\/p>\n<p>La vie est remplie de d\u00e9fis, de conflits interpersonnels, de douleurs physiques et \u00e9motionnelles, de perte et de stress. Peu importe qui vous \u00eates &#8211; personne ne passe par la vie indemne. Certaines personnes subissent \u00e9galement des traumatismes importants, que ce soit une enfance marqu\u00e9e par la violence, la n\u00e9gligence ou la perte tragique d&#8217;un ou des deux parents; Une exp\u00e9rience proche de la mort en tant qu&#8217;adulte; \u00catre la victime de violence ou d&#8217;abus; Ou en voyant quelque chose d&#8217;horrible arriver \u00e0 un \u00eatre cher.<\/p>\n<p>Ind\u00e9pendamment de votre pass\u00e9 &#8211; votre&#8221; vie&#8221; actuelle, ce qui compte le plus c&#8217;est comment vous s&#8217;en sortir et tenir le coup. Chacun d&#8217;entre nous apprennent diff\u00e9rents \u00abm\u00e9canismes d&#8217;adaptation\u00bb comme enfants. Par exemple, comme un tr\u00e8s jeune enfant, vous pouvez \u00eatre accroch\u00e9 \u00e0 une couverture pr\u00e9f\u00e9r\u00e9e ou vous pouvez sucer votre pouce pour vous r\u00e9conforter lorsque vous \u00e9tiez effray\u00e9. Comme vous avez un peu plus vieux, vous pouvez utiliser l&#8217;humour pour d\u00e9tourner ou pour cacher une douleur \u00e9motionnelle, ou vous pouvez agir lorsque vous vouliez attirer l&#8217;attention de vos parents bourreaux de travail. Peut-\u00eatre que vous avez pris un itin\u00e9raire plus sain en canalisant vos sentiments en col\u00e8re ou douloureux dans l&#8217;activit\u00e9 physique, d\u00e9chirer l&#8217;asphalte comme un sprinter ou claquer des balles de tennis en vigoureux volleys avec un co\u00e9quipier.<\/p>\n<p>Peut-\u00eatre que vous avez appris \u00e0 utiliser de l&#8217;alcool ou des drogues comme moyen de faire face. L&#8217;abus de substances est l&#8217;un des moyens les plus populaires &#8211; et destructifs &#8211; de faire face aux facteurs de stress de la vie pour des nombreux adolescents et adultes.<\/p>\n<p lang=\"fr-FR\" style=\"text-align: justify;\" align=\"LEFT\"><span style=\"font-size: medium;\">Beaucoup, sinon la plupart, des toxicomanies commencent comme une tentative malheureuse de se d\u00e9tendre apr\u00e8s une journ\u00e9e stressante, de se calmer apr\u00e8s un conflit avec une personne interessnte, de se sentir plus confiants dans une situation sociale inconfortable, ou engourdissement des sentiments douloureux de rejet ou de perte. Cela va bien fonctionner la premi\u00e8re fois, donc vous allez le refaire encore et encore. Et chaque fois que vous vous sentez stress\u00e9 ou vous \u00e9prouvez des \u00e9motions ind\u00e9sirables, vous recourez \u00e0 l&#8217;alcole ou aux drogues. Et avant de le sachiez,vous finissez par devenir un toxicomane<\/span><\/p>\n<p>Si la r\u00e9cup\u00e9ration durable est l&#8217;un de vos objectifs, il est essentiel d&#8217;examiner les m\u00e9canismes d&#8217;adaptation que vous avez utilis\u00e9s au fil des ans (en plus de la toxicomanie). Vous d\u00e9couvrirez que l&#8217;une des cl\u00e9s de la reprise est de vous assurer d&#8217;identifier les techniques d&#8217;adaptation inadapt\u00e9es et de commencer \u00e0 les remplacer par de nouvellesqui sont bonne pour la sant\u00e9. Cela vous aidera \u00e0 rester sur la bonne voie.<\/p>\n<p style=\"text-align: justify;\" align=\"LEFT\"><span style=\"font-size: medium;\"><span lang=\"fr-FR\"><b>Les m\u00e9canismes communs de mauvaise sant\u00e9<\/b><\/span><\/span><\/p>\n<p>Voici quelques-uns des plus communs malsains m\u00e9canismes d&#8217;adaptation &#8211; ceux qui peuvent facilement vous tr\u00e9bucher et vous rendre vuln\u00e9rable \u00e0 la rechute.<\/p>\n<ul style=\"text-align: justify;\">\n<li><span style=\"font-size: medium;\"><span lang=\"fr-FR\">Refus &#8211; C&#8217;est l&#8217;un des m\u00e9canismes d&#8217;adaptation les plus courants pour les toxicomanes. Il s&#8217;agit de mentir \u00e0 vous-m\u00eame et aux autres dans une tentative d&#8217;\u00e9viter de faire face \u00e0 la v\u00e9rit\u00e9 douloureuse sur vous-m\u00eame. Si vous \u00eates en r\u00e9tablissement, vous avez d\u00e9j\u00e0 admis (au moins dans une certaine mesure) que vous avez un probl\u00e8me avec l&#8217;alcool ou la drogue. Mais, vous pouvez toujours utiliser le refus dans d&#8217;autres domaines de votre vie. Par exemple, vous pouvez refuser de savoir \u00e0 quel point votre mariage est troubl\u00e9 ou \u00e0 quel point vous \u00eates important pour la vie de vos enfant<\/span><\/span><\/li>\n<li><span style=\"font-size: medium;\"><span lang=\"fr-FR\">\u00c9vitement &#8211; \u00c9vitement est un m\u00e9canisme d&#8217;adaptation commun, en particulier pour toute personne sujettes \u00e0 l&#8217;anxi\u00e9t\u00e9 ou faible estime de soi. C&#8217;est une habitude particuli\u00e8rement difficile \u00e0 casser, parce que chaque fois que vous \u00e9vitez quelque chose, vous renforcer le comportement.<\/span><\/span><\/li>\n<li><span style=\"font-size: medium;\"><span lang=\"fr-FR\">D\u00e9placement &#8211; Cela se produit lorsque vous r\u00e9orientez des sentiments n\u00e9gatifs \u00e0 l&#8217;\u00e9gard de quelqu&#8217;un ou de quelque chose (par exemple, la col\u00e8re \u00e0 votre patron, la frustration de se coincer dans la circulation) envers quelqu&#8217;un (ou quelque chose) autrement &#8211; typiquement quelqu&#8217;un \u00abplus s\u00fbr\u00bb ou quelqu&#8217;un qui vient de croiser votre chemin , Comme votre conjoint, vos enfants ou un coll\u00e8gue. Malheureusement, cette technique d&#8217;adaptation malsaine peut cr\u00e9er de s\u00e9rieux probl\u00e8mes dans vos relations.<\/span><\/span><\/li>\n<li><span style=\"font-size: medium;\"><span lang=\"fr-FR\">Procrastination &#8211; C&#8217;est une personne rare qui ne procrastinent pas au moins de temps en temps. Mais quand vous le faites fr\u00e9quemment, il cr\u00e9e beaucoup de probl\u00e8mes dans votre vie. Il entra\u00eene \u00e9galement plus de stress, ce qui n&#8217;est pas bon pour quiconque dans la r\u00e9cup\u00e9ration. Si vous \u00eates un procrastinateur, vous \u00eates plus susceptibles d&#8217;essayer d&#8217;\u00e9viter de faire quelque chose d&#8217;ind\u00e9sirable, inconfortable ou difficile.<\/span><\/span><\/li>\n<li><span style=\"font-size: medium;\"><span lang=\"fr-FR\">Passivit\u00e9-agressivit\u00e9 &#8211; Il s&#8217;agit d&#8217;un m\u00e9canisme d&#8217;adaptation tr\u00e8s courant pour les toxicomanes. L&#8217;hostilit\u00e9, la col\u00e8re et\/ou le mal sont g\u00e9n\u00e9ralement les \u00e9motions de conduite derri\u00e8re le comportement passif-agressif. Par exemple, vous \u00eates en col\u00e8re que vous avez d\u00fb annuler une escapade le week-end parce que votre belle-m\u00e8re est venu vous visiter sans pr\u00e9avis, vous &#8220;accidentellement&#8221; renverser un verre de vin rouge sur son chemisier nouvelle. Le comportement passif-agressif peut vous faire sentir bien \u00e0 ce moment, mais il va nuire \u00e0 vos relations et vous emp\u00eacher de traiter les sentiments n\u00e9gatifs d&#8217;une mani\u00e8re constructive.<\/span><\/span><\/li>\n<li><span style=\"font-size: medium;\"><span lang=\"fr-FR\">Rationalisation &#8211; La rationalisation implique l&#8217;utilisation de la \u00ablogique\u00bb ou des excuses pour \u00e9viter de faire face \u00e0 la v\u00e9rit\u00e9. Par exemple, vous pouvez justifier que vous ayez \u00e9t\u00e9 repouss\u00e9 pour une promotion au travail en raison de votre \u00e2ge, alors qu&#8217;en r\u00e9alit\u00e9, vous \u00e9tiez souvent en retard \u00e0 des r\u00e9unions importantes et que vous aviez bouscul\u00e9 un projet r\u00e9cent et hautement prioritaire.<\/span><\/span><\/li>\n<li><span style=\"font-size: medium;\"><span lang=\"fr-FR\">Rester ridiculement occup\u00e9 &#8211; Que ce soit un bourreau de travail ou de garder votre horaire en surr\u00e9servation avec des activit\u00e9s, c&#8217;est encore une autre fa\u00e7on d&#8217;\u00e9viter de traiter avec des personnes, des situations ou des \u00e9motions que vous ne voulez pas faire face pour une raison ou une autre. Vous serez soit vous br\u00fbler ou \u00eatre forc\u00e9 de \u00abfaire face \u00e0 la musique\u00bb \u00e0 un moment donn\u00e9 &#8211; qui sont tous deux des d\u00e9clencheurs puissants pour la rechute<\/span><\/span><\/li>\n<li><span style=\"font-size: medium;\"><span lang=\"fr-FR\">Comparaison &#8211; Ce m\u00e9canisme d&#8217;adaptation survient lorsque vous mettez mentalement des \u00e9motions ou des pens\u00e9es conflictuelles dans des \u00abcompartiments\u00bb diff\u00e9rents. Par exemple, une femme qui est secr\u00e8tement impliqu\u00e9e avec deux hommes compartiment\u00e9 ses sentiments pour un quand elle est avec l&#8217;autre. Parfois, la compartimentation sert un but, mais ces compartiments commencent in\u00e9vitablement \u00e0 \u00abfuir\u00bb.<\/span><\/span><\/li>\n<li><span style=\"font-size: medium;\"><span lang=\"fr-FR\">Intellectualization &#8211; C&#8217;est une autre fa\u00e7on d&#8217;\u00e9viter ou de \u00abbloquer\u00bb les \u00e9motions n\u00e9gatives ou inconfortables. Les intellectuels se concentrent souvent sur des faits comme les faits, les statistiques et la logique &#8211; non seulement dans leurs conversations avec les autres, mais dans leur propre dialogue interne.<\/span><\/span><\/li>\n<li><span style=\"font-size: medium;\"><span lang=\"fr-FR\">Trivialisation &#8211; Il s&#8217;agit de minimiser ou de minimiser les choses qui sont importantes ou significatives, g\u00e9n\u00e9ralement \u00e0 votre d\u00e9triment. Par exemple, vous vous dites que \u00abce n&#8217;est pas une grosse affaire\u00bb lorsque votre conjoint est verbalement violent \u00e0 vos enfants ou \u00e0 vos.<\/span><\/span><\/li>\n<\/ul>\n<p style=\"text-align: justify;\" align=\"LEFT\"><span style=\"font-size: medium;\"><span lang=\"fr-FR\">Bien qu&#8217;il existe d&#8217;autres m\u00e9canismes d&#8217;adaptation malsains ainsi, ceux \u00e9num\u00e9r\u00e9s ci-dessus sont parmi les plus courantes. \u00cates-vous reconnu dans l&#8217;un d&#8217;eux?<br \/>\n<\/span><\/span><b><\/b><\/p>\n<p style=\"text-align: justify;\" align=\"LEFT\"><span style=\"font-size: medium;\"><span lang=\"fr-FR\"><b>Les m\u00e9canismes d&#8217;adaptation sains<\/b><\/span><\/span><\/p>\n<p>Il y a un dicton populaire que \u00abla nature abhorre le vide\u00bb. Le m\u00eame tend \u00e0 s&#8217;appliquer en psychologie. C&#8217;est une des raisons pour lesquelles les toxicomanes luttent souvent dans leur r\u00e9tablissement. Donner une d\u00e9pendance laisse un \u00e9norme vide de nombreuses fa\u00e7ons diff\u00e9rentes. Cela signifie \u00e9galement que vous avez renonc\u00e9 \u00e0 l&#8217;un de vos principaux m\u00e9canismes d&#8217;adaptation. Donc, maintenant vous devez le remplacer (ainsi que tous les autres m\u00e9canismes d&#8217;adaptation malsains) avec quelque chose autre &#8211; quelque chose de sain et une affirmation de la vie, plut\u00f4t que nuisibles ou purement destructeur.<\/p>\n<p>Voici quelques exemples de m\u00e9canismes d&#8217;adaptation sains. Certains sembleront bon sens, tandis que d&#8217;autres peuvent sembler inhabituel ou \u00e9tranger \u00e0 vous. Ne soyez pas trop rapide \u00e0 exclure tout cela, m\u00eame si elles ne semblent pas comme un bon ajustement \u00e0 premi\u00e8re vue. Par exemple, peut-\u00eatre l&#8217;id\u00e9e de m\u00e9diter sonne un peu trop \u00abspirituelle\u00bb ou \u00abnouvelle \u00e8re\u00bb pour vous, ou peut-\u00eatre vous avez toujours d\u00e9test\u00e9 tout type d&#8217;exercice. Cependant, puisque le r\u00e9tablissement est un nouveau chapitre dans votre vie, c&#8217;est aussi le moment id\u00e9al pour vous ouvrir \u00e0 de nouvelles pratiques.<\/p>\n<ul style=\"text-align: justify;\">\n<li><span style=\"font-size: medium;\"><span lang=\"fr-FR\">Exercice &#8211; l&#8217;exercice est mains-vers le bas l&#8217;un des meilleurs m\u00e9canismes d&#8217;adaptation. En plus de vous aider \u00e0 atteindre et maintenir un poids sant\u00e9, dormir mieux et r\u00e9duire votre risque de d\u00e9velopper une multitude de probl\u00e8mes de sant\u00e9 graves, l&#8217;exercice r\u00e9gulier am\u00e9liore \u00e9galement votre bien-\u00eatre \u00e9motionnel. L&#8217;exercice a\u00e9robique (Ex. Le jogging, la marche rapide, le cyclisme et la natation) a d\u00e9montr\u00e9 qu&#8217;il r\u00e9duit les sympt\u00f4mes d&#8217;anxi\u00e9t\u00e9 et de d\u00e9pression. En fait, des \u00e9tudes ont montr\u00e9 l&#8217;exercice r\u00e9gulier pour \u00eatre tout aussi efficace que prendre un m\u00e9dicament antid\u00e9presseur pour la d\u00e9pression. Il r\u00e9duit \u00e9galement le stress, stimule la confiance en soi et am\u00e9liore l&#8217;estime de soi. Si vous trouvez un type d&#8217;exercice que vous appr\u00e9ciez et \/ ou le faire avec un partenaire, vous serez beaucoup plus susceptibles de s&#8217;en tenir \u00e0 elle. (V\u00e9rifiez toujours votre m\u00e9decin avant de vous lancer dans un programme d&#8217;exercices.)<\/span><\/span><\/li>\n<li><span style=\"font-size: medium;\"><span lang=\"fr-FR\">Se concentrer sur le positif &#8211; Les rechutes sont souvent d\u00e9clench\u00e9es par la pens\u00e9e n\u00e9gative. Une des meilleures fa\u00e7ons d&#8217;\u00e9viter une spirale descendante est de se concentrer sur le positif. Parfois, vous devrez peut-\u00eatre creuser profond\u00e9ment pour trouver la doublure d&#8217;argent, mais il est l\u00e0. Cela ne signifie pas que vous devriez banaliser ou minimiser les choses n\u00e9gatives; Plut\u00f4t, les reconna\u00eetre et ensuite chercher le positif.<\/span><\/span><\/li>\n<li><span style=\"font-size: medium;\"><span lang=\"fr-FR\">Pratiquer la gratitude &#8211; La cl\u00e9 ici est de \u00abpratiquer\u00bb la gratitude, car il ne vient pas naturellement pour la plupart des personnes. Cela signifie chercher consciemment des choses &#8211; peu importe \u00e0 quel point il est petit &#8211; pour lequel \u00eatre vraiment reconnaissant. Il pourrait \u00eatre une brise fra\u00eeche sur une journ\u00e9e chaude ou de l&#8217;eau courante &#8211; des choses que nous prenons souvent pour acquis. Certaines personnes trouvent que le fait de tenir un quotidien journal de la gratitude est un excellent moyen de mettre en \u0153uvre ce m\u00e9canisme d&#8217;adaptation. Lorsque vous vous sentez triste, en col\u00e8re ou en bas, lisez votre journal de gratitude pour stimuler votre esprit et recentrer vos pens\u00e9es.<\/span><\/span><\/li>\n<li><span style=\"font-size: medium;\"><span lang=\"fr-FR\">Journalisation &#8211; Il ya une raison pour laquelle les th\u00e9rapeutes recommandent de journaliser &#8211; l&#8217;acte d&#8217;\u00e9crire vos pens\u00e9es et leurs sentiments &#8211; \u00e0 leurs clients. Journaliser est une excellente fa\u00e7on d&#8217;exprimer vos sentiments &#8211; positifs et n\u00e9gatifs &#8211; dans un endroit s\u00fbr et priv\u00e9. Le faire sur une base r\u00e9guli\u00e8re vous aidera \u00e0 mieux comprendre vous-m\u00eame. Exprimer vous-m\u00eame sur le papier permet \u00e9galement de s&#8217;assurer que vous ne gardez pas les sentiments n\u00e9gatifs embouteill\u00e9s.<\/span><\/span><\/li>\n<li><span style=\"font-size: medium;\"><span lang=\"fr-FR\">M\u00e9ditation &#8211; La m\u00e9ditation est souvent associ\u00e9e \u00e0 la pratique religieuse, mais vous n&#8217;avez pas \u00e0 \u00eatre religieux pour profiter de ses nombreux avantages. Il peut \u00eatre aussi simple que de prendre quelques minutes pour trouver un endroit tranquille et de s&#8217;asseoir dans le silence, se concentrant sur rien de plus que votre respiration. Lorsqu&#8217;elle est pratiqu\u00e9e r\u00e9guli\u00e8rement, la m\u00e9ditation procure de nombreux bienfaits physiques et mentaux en induisant une relaxation profonde, en augmentant la conscience et en r\u00e9duisant le stress.<\/span><\/span><\/li>\n<li><span style=\"font-size: medium;\"><span lang=\"fr-FR\">Respiration profonde &#8211; Parfois, nous avons tous juste besoin de prendre une profonde respiration. Formalement pratiquer la respiration profonde &#8211; chaque fois que vous vous sentez en col\u00e8re, boulevers\u00e9, frustr\u00e9, stress\u00e9 ou anxieux &#8211; est un excellent moyen de r\u00e9duire ces sentiments n\u00e9gatifs et de vous calmer. Pratiquer la respiration par le diaphragme, inhaler profond\u00e9ment et expirer lentement.<\/span><\/span><\/li>\n<li><span lang=\"fr-FR\">En parler\u00a0: En tant que humains, nous ne sommes pas cens\u00e9s \u00eatre socialement isol\u00e9s. Il est important d&#8217;avoir quelqu&#8217;un &#8211; une confidente qui est un bon auditeur &#8211; avec qui vous pouvez divulguer des sentiments et des pens\u00e9es p\u00e9nibles. Parler d&#8217;eux est une bonne fa\u00e7on de les r\u00e9gler. C&#8217;est l&#8217;une des raisons pour lesquelles les personnes vont \u00e0 la th\u00e9rapie &#8211; pour \u00abparler\u00bb des problemes qui les ennuient.<\/span><\/li>\n<li><span style=\"font-size: medium;\"><span lang=\"fr-FR\">Transformez votre col\u00e8re ou votre douleur en quelque chose d&#8217;utile &#8211; Beaucoup d&#8217;organismes de bienfaisance, d&#8217;organisations de b\u00e9n\u00e9voles et d&#8217;auto-assistance \/ livres inspir\u00e9s ont \u00e9t\u00e9 soutenus par la douleur ou la col\u00e8re de quelqu&#8217;un. Par exemple, une femme qui a subi un divorce douloureux et d\u00e9chirant \u00e9crit un livre pour aider les autres femmes \u00e0 voir la lumi\u00e8re au bout du tunnel. Un homme qui a perdu sa femme \u00e0 un cancer de l&#8217;ovaire commence un organisme de bienfaisance pour recueillir des fonds pour la recherche sur le cancer de l&#8217;ovaire. Que vous cr\u00e9ez votre propre projet ou joignez-vous \u00e0 un autre, canaliser les sentiments n\u00e9gatifs en quelque chose qui aidera les autres est une situation gagnant\/ gagnant et un excellent moyen de faciliter la gu\u00e9rison.<\/span><\/span><\/li>\n<\/ul>\n<p style=\"text-align: justify;\"><span style=\"font-size: medium;\"><span lang=\"fr-FR\">Esp\u00e9rons que ces listes vous aidera \u00e0 reconna\u00eetre tous les m\u00e9canismes malsains d&#8217;adaptation que vous pouvez toujours utiliser, tout en fournissant \u00e9galement des id\u00e9es pour de nouvelles fa\u00e7ons b\u00e9n\u00e9fiques de faire face aux d\u00e9fis qui sont une partie in\u00e9vitable de la vie. Votre r\u00e9tablissement est vital pour votre bien-\u00eatre. D\u00e9cidez aujourd&#8217;hui que vous allez commencer \u00e0 remplacer les fa\u00e7ons n\u00e9gatives de faire face \u00e0 ceux qui am\u00e9liorent votre vie &#8211; et votre r\u00e9tablissement.<br \/>\n<\/span><\/span><\/p>\n<p style=\"text-align: justify;\"><span style=\"font-size: medium;\"><span lang=\"fr-FR\">Source: <\/span><a href=\"https:\/\/www.promises.com\/articles\/addiction-recovery\/coping-mechanisms-to-aid-your-recovery\/\" target=\"_blank\" rel=\"noopener noreferrer\"><span lang=\"fr-FR\"><i>Centre de Traitement des Promesses<\/i><\/span><\/a><\/span><i> <\/i><\/p>\n<p>&nbsp;<\/p>\n","protected":false},"excerpt":{"rendered":"<p>Les M\u00e9canismes D&#8217;Adaptation Favorisant La Reprise Source: Centre de Traitement des Promesses La vie est remplie de d\u00e9fis, de conflits interpersonnels, de douleurs physiques et \u00e9motionnelles, de perte et de stress. Peu importe qui vous \u00eates &#8211; personne ne passe par la vie indemne. Certaines personnes subissent \u00e9galement des traumatismes importants, que ce soit une [&hellip;]<\/p>\n","protected":false},"author":2,"featured_media":0,"parent":687,"menu_order":0,"comment_status":"closed","ping_status":"closed","template":"","meta":{"_exactmetrics_skip_tracking":false,"_exactmetrics_sitenote_active":false,"_exactmetrics_sitenote_note":"","_exactmetrics_sitenote_category":0,"_links_to":"","_links_to_target":""},"_links":{"self":[{"href":"https:\/\/thelifelinecanada.ca\/fr\/wp-json\/wp\/v2\/pages\/302"}],"collection":[{"href":"https:\/\/thelifelinecanada.ca\/fr\/wp-json\/wp\/v2\/pages"}],"about":[{"href":"https:\/\/thelifelinecanada.ca\/fr\/wp-json\/wp\/v2\/types\/page"}],"author":[{"embeddable":true,"href":"https:\/\/thelifelinecanada.ca\/fr\/wp-json\/wp\/v2\/users\/2"}],"replies":[{"embeddable":true,"href":"https:\/\/thelifelinecanada.ca\/fr\/wp-json\/wp\/v2\/comments?post=302"}],"version-history":[{"count":12,"href":"https:\/\/thelifelinecanada.ca\/fr\/wp-json\/wp\/v2\/pages\/302\/revisions"}],"predecessor-version":[{"id":3412,"href":"https:\/\/thelifelinecanada.ca\/fr\/wp-json\/wp\/v2\/pages\/302\/revisions\/3412"}],"up":[{"embeddable":true,"href":"https:\/\/thelifelinecanada.ca\/fr\/wp-json\/wp\/v2\/pages\/687"}],"wp:attachment":[{"href":"https:\/\/thelifelinecanada.ca\/fr\/wp-json\/wp\/v2\/media?parent=302"}],"curies":[{"name":"wp","href":"https:\/\/api.w.org\/{rel}","templated":true}]}}