{"id":300,"date":"2016-09-24T20:12:11","date_gmt":"2016-09-25T03:12:11","guid":{"rendered":"https:\/\/thelifelinecanada.ca\/fr\/?page_id=300"},"modified":"2021-02-17T09:37:35","modified_gmt":"2021-02-17T17:37:35","slug":"ecounselling","status":"publish","type":"page","link":"https:\/\/thelifelinecanada.ca\/fr\/pattern-interrupt\/ecounselling\/","title":{"rendered":"Conseils En Ligne"},"content":{"rendered":"<p lang=\"fr-FR\" style=\"text-align: justify;\" align=\"LEFT\"><span style=\"font-size: medium;\">Beaucoup de personnes, \u00e0 un moment ou autre, se retrouvent dans le r\u00f4le d&#8217;un conseiller sans avoir une v\u00e9ritable compr\u00e9hension du concept ou de quoi le r\u00f4le du conseiller professionnel implique.<\/span><\/p>\n<p style=\"text-align: justify;\">Le r\u00f4le du conseiller est de permettre au client d&#8217;explorer de nombreux aspects de sa vie et de ses sentiments en parlant ouvertement et librement. Ce type de discussion est rarement possible avec la famille ou des amis, qui peuvent \u00eatre impliqu\u00e9s \u00e9motionnellement et ont des opinions et des pr\u00e9jug\u00e9s qui peuvent \u00eatre pr\u00e9judiciables \u00e0 la r\u00e9ussite de la consultation. Il est important que le conseiller ne soit pas impliqu\u00e9 \u00e9motionnellement avec le client et ne le soit pas pendant les s\u00e9ances de counseling. Le conseiller ne juge ni ne conseille. Le conseiller donne au client l&#8217;occasion d&#8217;exprimer des sentiments difficiles tels que la col\u00e8re, le ressentiment, la culpabilit\u00e9 et la peur dans un environnement confidentiel.<\/p>\n<p style=\"text-align: justify;\">Le conseiller peut encourager le client \u00e0 examiner des parties de sa vie qu&#8217;il peut avoir trouv\u00e9 difficile ou impossible de faire face. Il peut y avoir une exploration des exp\u00e9riences d&#8217;enfance afin de jeter un peu de lumi\u00e8re sur pourquoi un individu r\u00e9agit ou r\u00e9agit de certaines fa\u00e7ons dans des situations donn\u00e9es. Cela est souvent suivi par des fa\u00e7ons dont le client peut modifier ces comportements.<\/p>\n<p style=\"text-align: justify;\">Un counseling efficace r\u00e9duit la confusion, ce qui permet au client de prendre des d\u00e9cisions efficaces conduisant \u00e0 des changements positifs dans son attitude et\/ou son comportement. Un counseling efficace ne consiste pas \u00e0 donner des conseils et n&#8217;agit pas pour le compte de quelqu&#8217;un d&#8217;autre (ce sont plus les r\u00f4les d&#8217;un coach de vie). Le but ultime est de permettre au client de faire ses propres choix, de prendre ses propres d\u00e9cisions et d&#8217;agir en cons\u00e9quence.<\/p>\n<p style=\"text-align: justify;\" align=\"LEFT\"><span style=\"font-size: medium;\"><span lang=\"fr-FR\"><b>Le conseil est:<\/b><\/span><\/span><\/p>\n<ul style=\"text-align: justify;\">\n<li><span style=\"font-size: medium;\"><span lang=\"fr-FR\">Le processus qui se produit quand un client et un conseiller r\u00e9servent du temps afin d&#8217;explorer les difficult\u00e9s qui peuvent inclure les sentiments stressants ou \u00e9motionnels du client.<\/span><\/span><\/li>\n<li><span style=\"font-size: medium;\"><span lang=\"fr-FR\"> L&#8217;acte d&#8217;aider le client \u00e0 voir les choses plus clairement, peut-\u00eatre d&#8217;un point de vue diff\u00e9rent. Cela peut permettre au client de concentrer sur les sentiments, les exp\u00e9riences ou le comportement, dans le but de faciliter un changement positif.<\/span><\/span><\/li>\n<li><span style=\"font-size: medium;\"><span lang=\"fr-FR\"> Une relation de confiance. La confidentialit\u00e9 est primordiale pour le succ\u00e8s de la consultation. Les conseillers professionnels expliquent habituellement leur politique en mati\u00e8re de confidentialit\u00e9, mais ils peuvent \u00eatre tenus par la loi de divulguer des renseignements s&#8217;ils croient qu&#8217;il ya un risque pour la vie.<br \/>\n<\/span><\/span><\/li>\n<\/ul>\n<p style=\"text-align: justify;\" align=\"LEFT\"><span style=\"font-size: medium;\"><span lang=\"fr-FR\"><br \/>\n<\/span><span lang=\"fr-FR\"><b>Le counselling n&#8217;est pas:<\/b><\/span><\/span><\/p>\n<ul style=\"text-align: justify;\">\n<li><span style=\"font-size: medium;\"><span lang=\"fr-FR\"> Donnant des conseils.<\/span><\/span><\/li>\n<li><span style=\"font-size: medium;\"><span lang=\"fr-FR\"> Jugement.<\/span><\/span><\/li>\n<li><span style=\"font-size: medium;\"><span lang=\"fr-FR\"> Essayer de r\u00e9parer les probl\u00e8mes du client.<\/span><\/span><\/li>\n<li><span style=\"font-size: medium;\"><span lang=\"fr-FR\">Attendre ou encourager un client \u00e0 se comporter d&#8217;une mani\u00e8re dont le conseiller a comport\u00e9 en confrontant un probl\u00e8me similaire dans leur propre vie.<\/span><\/span><\/li>\n<li><span style=\"font-size: medium;\"><span lang=\"fr-FR\">S&#8217;impliquer \u00e9motionnellement avec le client.<\/span><\/span><\/li>\n<li><span style=\"font-size: medium;\"><span lang=\"fr-FR\">En examinant les probl\u00e8mes d&#8217;un client \u00e0 partir de votre propre perspective, en fonction de votre propre syst\u00e8me de valeurs.<\/span> <\/span><\/li>\n<\/ul>\n<p style=\"text-align: justify;\" align=\"LEFT\"><span style=\"font-size: medium;\"><span lang=\"fr-FR\"><b>Ressources additionnelles:<\/b><\/span><\/span><\/p>\n<p align=\"LEFT\">Les ressources ci-dessous sont des applications anglaises avec des descriptions en fran\u00e7ais<\/p>\n<p style=\"text-align: justify;\"><span style=\"font-size: medium;\"><a href=\"https:\/\/www.betterhelp.com\/start\/?utm_source=facebook.com&amp;utm_medium=cover&amp;utm_content=cover&amp;utm_campaign=fb_organic&amp;modal=1&amp;go=true\"><span lang=\"fr-FR\"><i>MeilleureAide<\/i><\/span><\/a><span lang=\"fr-FR\"><br \/>\nLa plus grande plateforme de conseils en ligne du monde. Nous changeons la fa\u00e7on dont les personnes obtiennent de l&#8217;aide face aux d\u00e9fis de la vie en offrant un acc\u00e8s commode, discret et abordable \u00e0 un th\u00e9rapeute certifi\u00e9. <\/span><\/span><span style=\"font-size: medium;\"><span lang=\"fr-FR\"><i>MeilleureAide<\/i><\/span><\/span><span style=\"font-size: medium;\"><span lang=\"fr-FR\"> rend le conseil professionnel disponible \u00e0 tout moment, n&#8217;importe o\u00f9, par l&#8217;interm\u00e9diaire d&#8217;un ordinateur, d&#8217;une tablette ou d&#8217;un smartphone.<\/span><\/span><\/p>\n<p style=\"text-align: justify;\"><span style=\"font-size: medium;\"><a href=\"https:\/\/hasuecounselling.ca\/\" target=\"_blank\" rel=\"noopener noreferrer\"><span lang=\"fr-FR\"><i>Hasu Ecounselling<\/i><\/span><\/a><span lang=\"fr-FR\"><br \/>\nHasu eCounselling fournit des conseils en ligne sur la vid\u00e9o, la conversation et le texte pour les personnes aux prises avec des probl\u00e8mes de sant\u00e9 mentale tels que le stress, l&#8217;anxi\u00e9t\u00e9, la d\u00e9pression et la d\u00e9pendance.<\/span><\/span><\/p>\n<p style=\"text-align: justify;\"><span style=\"font-size: medium;\"><a href=\"https:\/\/www.helppro.com\/SPTF\/BasicSearch.aspx\" target=\"_blank\" rel=\"noopener noreferrer\"><span lang=\"fr-FR\"><i>HelpPRO Th\u00e9rapeute de pr\u00e9vention du suicide Finder. (Etats-Unis)<\/i><\/span><\/a><span lang=\"fr-FR\"><br \/>\nL&#8217;information fournie dans le Finder de th\u00e9rapeute de pr\u00e9vention de Suicide d&#8217;HelpPRO est fournie par les fournisseurs de th\u00e9rapie d&#8217;inscription<br \/>\n<\/span><\/span><span style=\"font-size: medium;\"><span lang=\"fr-FR\"><i><br \/>\n<a href=\"http:\/\/www.counselingtherapyonline.com\/\" target=\"_blank\" rel=\"noopener noreferrer\">Th\u00e9rapie de Mindfulness en ligne, Dr. Peter Strong<\/a><\/i><\/span><\/span><span style=\"font-size: medium;\"><span lang=\"fr-FR\"><br \/>\nMindfulness Therapy vous enseigne comment contr\u00f4ler la pens\u00e9e r\u00e9active habituelle qui alimente votre anxi\u00e9t\u00e9 et votre d\u00e9pression.<\/span><\/span><\/p>\n<p style=\"text-align: justify;\"><span style=\"font-size: medium;\"><a href=\"https:\/\/www.powerofmind.com.au\/\" target=\"_blank\" rel=\"noopener noreferrer\"><span lang=\"fr-FR\"><i>Pouvoir de l&#8217;esprit (Power of Mind )<\/i><\/span><\/a><span lang=\"fr-FR\"><br \/>\n<\/span><\/span><span style=\"font-size: medium;\"><span lang=\"fr-FR\"><i>Power of Mind <\/i><\/span><\/span><span style=\"font-size: medium;\"><span lang=\"fr-FR\">est un service priv\u00e9 de consultation en ligne qui aide les individus de tous \u00e2ges, de toute culture et de tout statut \u00e0 \u00eatre aid\u00e9s, guid\u00e9s et soutenus par des conseils.<\/span><\/span><\/p>\n<p style=\"text-align: justify;\"><span style=\"font-size: medium;\"><a href=\"http:\/\/almapsicologia.com\/joomla\/index.php\"><span lang=\"fr-FR\"><i>Alma Psicologia (espagnol) <\/i><\/span><\/a><\/span><span style=\"font-size: medium;\"><span lang=\"fr-FR\"><i>Amparo Penny (th\u00e9rapeute en TCD)<\/i><\/span><\/span><span style=\"font-size: medium;\"><span lang=\"fr-FR\"><br \/>\nMon domaine d&#8217;int\u00e9r\u00eat est de travailler avec les adolescents \u00e0 l&#8217;\u00e2ge adulte, ceux qui ont un d\u00e9sir de changer leur vie pour le mieux.<br \/>\n<\/span><\/span><span style=\"font-size: medium;\"><span lang=\"fr-FR\"><i><br \/>\n<a href=\"https:\/\/www.ontheline.org.au\/\" target=\"_blank\" rel=\"noopener noreferrer\">Sur la Ligne (Australie)<\/a><\/i><\/span><\/span><span style=\"font-size: medium;\"><span lang=\"fr-FR\"><br \/>\nService gratuit pour les Australiens offrant une vari\u00e9t\u00e9 de services de t\u00e9l\u00e9sant\u00e9, y compris le Suicide s<\/span><\/span><span lang=\"fr-FR\">ervice de rappel <\/span><span style=\"font-size: medium;\"><span lang=\"fr-FR\">(Call Back Service) avec des conseils gratuits et confidentiels avec des professionnels dans les sessions de chat IM en cours<\/span><\/span><\/p>\n<p style=\"text-align: justify;\"><span style=\"font-size: medium;\"><span lang=\"fr-FR\"><i><a href=\"http:\/\/supportgroups.com\/\" target=\"_blank\" rel=\"noopener noreferrer\">SupportGroups<\/a>\u00a0 Conseil en ligne<\/i><\/span><\/span><span style=\"font-size: medium;\"><span lang=\"fr-FR\"><br \/>\n<span id=\"result_box\" class=\"\" lang=\"fr\"><span class=\"\">SupportGroups.com est une communaut\u00e9 croissante de groupes de soutien en ligne.<\/span> <span class=\"\">Notre objectif est de rassembler les gens autour des d\u00e9fis de la vie en fournissant des informations concises et \u00e0 jour et un lieu de rendez-vous pour les individus, leurs amis et leurs familles et les professionnels qui proposent des voies d&#8217;acc\u00e8s.<\/span><\/span><br \/>\n<\/span><\/span><\/p>\n<p style=\"text-align: justify;\"><span style=\"font-size: medium;\"><a href=\"https:\/\/www.metanoia.org\/imhs\/\" target=\"_blank\" rel=\"noopener noreferrer\"><span lang=\"fr-FR\"><i>Parlez \u00e0 un th\u00e9rapeute en ligne<\/i><\/span><\/a><span lang=\"fr-FR\"><br \/>\nCertaines personnes peuvent ne pas se sentir \u00e0 parler \u00e0 un professionnel directement encore, ou sont incertains si elles ont besoin de psychoth\u00e9rapie. Vous pouvez utiliser l&#8217;un des services en ligne gratuits ci-dessous pour obtenir des conseils suppl\u00e9mentaires de la part d&#8217;autres personnes.<br \/>\n<\/span><\/span><span style=\"font-size: medium;\"><span lang=\"fr-FR\"><i><br \/>\n<a href=\"https:\/\/accesscbt.co.uk\/\">Acc\u00e8s CBT<\/a><\/i><\/span><\/span><span style=\"font-size: medium;\"><span lang=\"fr-FR\"><br \/>\nTrop occup\u00e9 pour se rendre \u00e0 un rendez-vous? Pas de garde d&#8217;enfants? Inquiet de la confidentialit\u00e9? Skype CBT bas\u00e9 signifie que vous pouvez acc\u00e9der \u00e0 la meilleure en psychoth\u00e9rapie dans le confort de votre salon.<\/span><\/span><\/p>\n<p style=\"text-align: justify;\"><span style=\"font-size: medium;\"><a href=\"http:\/\/blahtherapy.com\/\"><span lang=\"fr-FR\"><i>BlahTherapy<\/i><\/span><\/a><span lang=\"fr-FR\"><br \/>\nBesoin de parler? Choisissez qui vous voulez parler.<\/span><\/span><\/p>\n<p style=\"text-align: justify;\"><span style=\"font-size: medium;\"><span lang=\"fr-FR\"><i>Rupture gratuite en ligne\u00a0: <a href=\"http:\/\/www.breakingfreeonline.com\/?AspxAutoDetectCookieSupport=1\">Breaking Free Online<\/a> (r\u00e9cup\u00e9ration de la d\u00e9pendance au Royaume-Uni)<\/i><\/span><\/span><span style=\"font-size: medium;\"><span lang=\"fr-FR\"><br \/>\nUn programme en ligne confidentiel de traitement et de r\u00e9tablissement de l&#8217;alcoolisme et de la toxicomanie<\/span><\/span><\/p>\n<p style=\"text-align: justify;\"><span style=\"font-size: medium;\"><a href=\"https:\/\/www.breakthrough.com\/\"><span lang=\"fr-FR\"><i>Perc\u00e9e<\/i><\/span><\/a><span lang=\"fr-FR\"><br \/>\nSentez-vous mieux Th\u00e9rapie de sant\u00e9 mentale de votre canap\u00e9<br \/>\n<\/span><\/span><span style=\"font-size: medium;\"><span lang=\"fr-FR\"><i><br \/>\n<a href=\"http:\/\/www.carrienet.com\/\">CarrieNet<\/a><\/i><\/span><\/span><span style=\"font-size: medium;\"><span lang=\"fr-FR\"><br \/>\nMes services sont id\u00e9aux pour les professionnels occup\u00e9s ou pour les gens qui veulent simplement le luxe d&#8217;avoir un professionnel autoris\u00e9 disponible quand il est le plus commode et b\u00e9n\u00e9fique<br \/>\n<\/span><\/span><\/p>\n<p style=\"text-align: justify;\"><span style=\"font-size: medium;\"><a href=\"http:\/\/emotionallysensitive.com\/\" target=\"_blank\" rel=\"noopener noreferrer\"><span lang=\"fr-FR\"><i>Chemin DBT<\/i><\/span><\/a><span lang=\"fr-FR\"><br \/>\nApprenez les habilet\u00e9s de DBT en ligne dans nos classes psycho-\u00e9ducatives inform\u00e9es en temps r\u00e9el (DBT).<\/span><\/span><\/p>\n<p style=\"text-align: justify;\"><span style=\"font-size: medium;\"><a href=\"https:\/\/www.learntolive.com\/\" target=\"_blank\" rel=\"noopener noreferrer\"><span lang=\"fr-FR\"><i>Apprends \u00e0 vivre:\u00a0<\/i><\/span><\/a><span lang=\"fr-FR\"> <a href=\"https:\/\/www.learntolive.com\/\" target=\"_blank\" rel=\"nofollow noopener noreferrer\">Learn to Live<\/a><br \/>\nSi vous \u00e9prouvez de l&#8217;anxi\u00e9t\u00e9 sociale, nous sommes l\u00e0 pour vous aider.<br \/>\n<\/span><\/span><span style=\"font-size: medium;\"><span lang=\"fr-FR\"><i><br \/>\n<a href=\"https:\/\/www.helppro.com\/SPTF\/BasicSearch.aspx\" target=\"_blank\" rel=\"noopener noreferrer\">Liveperson: Sant\u00e9 mentale et \u00e9motionnelle<\/a><\/i><\/span><\/span><span style=\"font-size: medium;\"><span lang=\"fr-FR\"><br \/>\nLes m\u00e9decins et les experts en sant\u00e9 certifi\u00e9s sont disponibles jour et nuit pour offrir des services professionnels physiques et mentaux m\u00e9dicaux, pour les entreprises et les particuliers.<\/span><\/span><\/p>\n<p style=\"text-align: justify;\"><span style=\"font-size: medium;\"><a href=\"http:\/\/www.onlinecounsellingservice.co.uk\/\" target=\"_blank\" rel=\"noopener noreferrer\"><span lang=\"fr-FR\"><i>Le service de conseil en ligne<\/i><\/span><\/a><span lang=\"fr-FR\"><br \/>\nNous aidons les clients \u00e0 se sentir mieux sur eux-m\u00eames, leur vie et leurs relations. 24 heures en ligne Counseling et th\u00e9rapie par t\u00e9l\u00e9phone peuvent \u00eatre consult\u00e9s dans le monde entier, 7 jours par semaine, du travail, \u00e0 l&#8217;\u00e9tranger ou le confort de votre propre maison.<\/span><\/span><\/p>\n<p style=\"text-align: justify;\"><span style=\"font-size: medium;\"><a href=\"https:\/\/www.7cups.com\/\"><span lang=\"fr-FR\"><i>7 tasses<\/i><\/span><\/a><span lang=\"fr-FR\"><br \/>\nQue vous passiez des moments difficiles ou que vous vouliez simplement parler \u00e0 quelqu&#8217;un, \u00e0 7 tasses, vous trouverez un chemin qui vous reliera \u00e0 des gens gentils et vous aidera \u00e0 d\u00e9velopper de nouvelles comp\u00e9tences pour r\u00e9soudre vos probl\u00e8mes<br \/>\n<\/span><\/span><\/p>\n<p style=\"text-align: justify;\"><span style=\"font-size: medium;\"><a href=\"https:\/\/www.therapieland.nl\/\" target=\"_blank\" rel=\"noopener noreferrer\"><span lang=\"fr-FR\"><i>Therapieland (n\u00e9erlandais)<\/i><\/span><\/a><span lang=\"fr-FR\"><br \/>\nTherapieland onderscheidt zich van andere-Health aanbieders, omdat wij onze modules ontwikkelen vanuit de behoeften van de cli\u00ebnt. Daarom heeft ons plate-forme oen een moderne, les m\u00e9dias sociaux-achtige look-and-feel, waardoor Therapieland zeer toegankelijk en pr\u00e9ttig om mee te werken is.<\/span><\/span><\/p>\n<p style=\"text-align: justify;\" align=\"LEFT\"><span style=\"font-size: medium;\"><span lang=\"fr-FR\"><a href=\"http:\/\/therapymarket.co.uk\/\" target=\"_blank\" rel=\"noopener noreferrer\">TherapyMarket (annuaire des th\u00e9rapeutes en ligne au Royaume-Uni)<\/a><br \/>\nTrouvez un conseiller, un entra\u00eeneur ou un praticien de la th\u00e9rapie qui travaille sur Internet avec une simple recherche. Webcam counseling, e-mail \/ th\u00e9rapie en ligne et le coaching Internet, il est facile de surmonter les probl\u00e8mes et d&#8217;am\u00e9liorer votre vie en ligne.<\/span><\/span><\/p>\n<p style=\"text-align: justify;\"><a href=\"http:\/\/www.therapywithpromise.com\/\" target=\"_blank\" rel=\"noopener noreferrer\"><span lang=\"fr-FR\"><i>Therary Avec Promise<\/i><\/span><\/a><span lang=\"fr-FR\"><br \/>\nTh\u00e9rapie comportementale cognitive et Mindfulness \u00e0 la promesse<\/span><\/p>\n","protected":false},"excerpt":{"rendered":"<p>Beaucoup de personnes, \u00e0 un moment ou autre, se retrouvent dans le r\u00f4le d&#8217;un conseiller sans avoir une v\u00e9ritable compr\u00e9hension du concept ou de quoi le r\u00f4le du conseiller professionnel implique. Le r\u00f4le du conseiller est de permettre au client d&#8217;explorer de nombreux aspects de sa vie et de ses sentiments en parlant ouvertement et [&hellip;]<\/p>\n","protected":false},"author":2,"featured_media":0,"parent":687,"menu_order":0,"comment_status":"closed","ping_status":"closed","template":"","meta":{"_exactmetrics_skip_tracking":false,"_exactmetrics_sitenote_active":false,"_exactmetrics_sitenote_note":"","_exactmetrics_sitenote_category":0,"_links_to":"","_links_to_target":""},"_links":{"self":[{"href":"https:\/\/thelifelinecanada.ca\/fr\/wp-json\/wp\/v2\/pages\/300"}],"collection":[{"href":"https:\/\/thelifelinecanada.ca\/fr\/wp-json\/wp\/v2\/pages"}],"about":[{"href":"https:\/\/thelifelinecanada.ca\/fr\/wp-json\/wp\/v2\/types\/page"}],"author":[{"embeddable":true,"href":"https:\/\/thelifelinecanada.ca\/fr\/wp-json\/wp\/v2\/users\/2"}],"replies":[{"embeddable":true,"href":"https:\/\/thelifelinecanada.ca\/fr\/wp-json\/wp\/v2\/comments?post=300"}],"version-history":[{"count":39,"href":"https:\/\/thelifelinecanada.ca\/fr\/wp-json\/wp\/v2\/pages\/300\/revisions"}],"predecessor-version":[{"id":3791,"href":"https:\/\/thelifelinecanada.ca\/fr\/wp-json\/wp\/v2\/pages\/300\/revisions\/3791"}],"up":[{"embeddable":true,"href":"https:\/\/thelifelinecanada.ca\/fr\/wp-json\/wp\/v2\/pages\/687"}],"wp:attachment":[{"href":"https:\/\/thelifelinecanada.ca\/fr\/wp-json\/wp\/v2\/media?parent=300"}],"curies":[{"name":"wp","href":"https:\/\/api.w.org\/{rel}","templated":true}]}}