{"id":30,"date":"2016-09-19T21:37:15","date_gmt":"2016-09-19T21:37:15","guid":{"rendered":"https:\/\/thelifelinecanada.ca\/fr\/?page_id=30"},"modified":"2017-06-09T10:59:07","modified_gmt":"2017-06-09T17:59:07","slug":"call","status":"publish","type":"page","link":"https:\/\/thelifelinecanada.ca\/fr\/help\/call\/","title":{"rendered":"Les Lignes D&#8217;Appel"},"content":{"rendered":"<p align=\"LEFT\">\u00a0<span style=\"font-size: medium;\"><span lang=\"fr-FR\"><b>Canada<\/b><\/span><\/span><\/p>\n<ul>\n<li><span lang=\"fr-FR\">Jeunesse, J&#8217;\u00e9coute <\/span><span style=\"font-size: medium;\"><span lang=\"fr-FR\"> de l&#8217;\u00e2ge de 20 ans et moins au Canada 1-800-668-6868<\/span><\/span><\/li>\n<li><span style=\"font-size: medium;\"><span lang=\"fr-FR\"> Ligne d&#8217;aide 24\/7 des Premi\u00e8res nations et des Inuits pour le mieux-\u00eatre 1-855-242-3310<\/span><\/span><\/li>\n<li><span style=\"font-size: medium;\"><span lang=\"fr-FR\"> Ligne de crise des pensionnats indiens canadiens 1-866-925-4419<\/span><\/span><\/li>\n<li><span style=\"font-size: medium;\"><span lang=\"fr-FR\">Trans LifeLine &#8211; Tous les \u00e2ges 1-877-330-6366<\/span><\/span><\/li>\n<li><span style=\"font-size: medium;\"><span lang=\"fr-FR\">Ligne de crise de l&#8217;Alberta &#8211; tous \u00e2ges 403-266-4357<\/span><\/span><\/li>\n<li><span style=\"font-size: medium;\"><span lang=\"fr-FR\">Ligne de crise en Colombie-Britannique &#8211; Tous les \u00e2ges 1-800-SUICIDE<\/span><\/span><\/li>\n<li><span style=\"font-size: medium;\"><span lang=\"fr-FR\">Colombie-Britannique Soutien en sant\u00e9 mentale 310-6789<\/span><\/span><\/li>\n<li><span style=\"font-size: medium;\"><span lang=\"fr-FR\">BC211 \u2013 Hotline de r\u00e9f\u00e9rence 24\/7 Composez 211<\/span><\/span><\/li>\n<li><span style=\"font-size: medium;\"><span lang=\"fr-FR\">Ligne de crise du Manitoba &#8211; Tous les \u00e2ges 1-877-435-7170<\/span><\/span><\/li>\n<li><span style=\"font-size: medium;\"><span lang=\"fr-FR\">Ligne de crise du Nouveau-Brunswick &#8211; Tous les \u00e2ges 1-800-667-5005<\/span><\/span><\/li>\n<li><span style=\"font-size: medium;\"><span lang=\"fr-FR\">Ligne de Terre-Neuve-et-Labrador tous les \u00e2ges 1-888-737-4668<\/span><\/span><\/li>\n<li><span style=\"font-size: medium;\"><span lang=\"fr-FR\">Territoires du Nord-Ouest tous \u00e2ges 24\/7 1-800-661-0844<\/span><\/span><\/li>\n<li><span style=\"font-size: medium;\"><span lang=\"fr-FR\">Ligne de crise de la Nouvelle-\u00c9cosse &#8211; Tous les \u00e2ges 1-888-429-8167<\/span><\/span><\/li>\n<li><span style=\"font-size: medium;\"><span lang=\"fr-FR\">Ligne du Nunavut &#8211; Tous les \u00e2ges de 19 h \u00e0 23 h (HNE) 1-800-265-3333<\/span><\/span><\/li>\n<li><span style=\"font-size: medium;\"><span lang=\"fr-FR\">Ligne de crise de l&#8217;Ontario &#8211; Tous les \u00e2ges 1-866-531-2600<\/span><\/span><\/li>\n<li><span style=\"font-size: medium;\"><span lang=\"fr-FR\">Coll\u00e8ges et universit\u00e9s de l&#8217;Ontario 1-866-925-5454<\/span><\/span><\/li>\n<li><span style=\"font-size: medium;\"><span lang=\"fr-FR\">Ligne de crise de l&#8217;\u00cele-du-Prince-\u00c9douard &#8211; Tous les \u00e2ges 1-800-218-2885<\/span><\/span><\/li>\n<li><span style=\"font-size: medium;\"><span lang=\"fr-FR\">Ligne nationale de crise du Qu\u00e9bec &#8211; Tous les \u00e2ges 1-866-277-3553<\/span><\/span><\/li>\n<li><span style=\"font-size: medium;\"><span lang=\"fr-FR\"> Ligne de crise de la Saskatchewan &#8211; Tous les \u00e2ges 1-306-525-5333<\/span><\/span><\/li>\n<li><span style=\"font-size: medium;\"><span style=\"font-size: medium;\"><span lang=\"fr-FR\"> Ligne de crise du Yukon &#8211; Tous les \u00e2ges 7 h \u00e0 12 h (PST) 1-844-533-3030<\/span><\/span><\/span>&nbsp;\n<p><b><\/b><\/li>\n<\/ul>\n<p><span style=\"font-size: medium;\"><span lang=\"fr-FR\"><b>\u00c9tats Unis<\/b><\/span><\/span><\/p>\n<ul>\n<li><span style=\"font-size: medium;\"><span lang=\"fr-FR\"> Trans LifeLine &#8211; \u00c9tats-Unis 1-877-565-8860<\/span><\/span><\/li>\n<li><span style=\"font-size: medium;\"><span lang=\"fr-FR\"> La ligne de vie du projet Trevor 866-488-7386<\/span><\/span><\/li>\n<li><span style=\"font-size: medium;\"><span lang=\"fr-FR\"> Ligne de vie nationale de pr\u00e9vention du suicide 1-800-273-PARLER\u00a0 <\/span><\/span><\/li>\n<li><span style=\"font-size: medium;\"><span style=\"font-size: medium;\"><span lang=\"fr-FR\">Anciens Combattants Canada et \u00c9tats-Unis 1-800-273-8255 Presse 2 pour l&#8217;espagnol<\/span><\/span><\/span>&nbsp;\n<p><b><\/b><\/li>\n<\/ul>\n<p><span style=\"font-size: medium;\"><span lang=\"fr-FR\"><b>Chine<\/b><\/span><\/span><\/p>\n<ul>\n<li><span style=\"font-size: medium;\"><span lang=\"fr-FR\">P\u00e9kin &#8211; Amiti\u00e9s 03-5286-9090<\/span><\/span><\/li>\n<li><span style=\"font-size: medium;\"><span lang=\"fr-FR\">Hong Kong &#8211; Les Samaritains 2896-0000<\/span><\/span><\/li>\n<li><span style=\"font-size: medium;\"><span style=\"font-size: medium;\"><span lang=\"fr-FR\"> Shanghai &#8211; ligne de vie 021-6279-8990<\/span><\/span><\/span>&nbsp;\n<p><b><\/b><\/li>\n<\/ul>\n<p><span style=\"font-size: medium;\"><span lang=\"fr-FR\"><b>Angleterre<\/b><\/span><\/span><\/p>\n<ul>\n<li><span style=\"font-size: medium;\"><span style=\"font-size: medium;\"><span lang=\"fr-FR\">Les Samaritains &#8211; 08457-90-90-90<\/span><\/span><\/span>&nbsp;\n<p><b><\/b><\/li>\n<\/ul>\n<p><span style=\"font-size: medium;\"><span lang=\"fr-FR\"><b>France<\/b><\/span><\/span><\/p>\n<ul>\n<li><span style=\"font-size: medium;\"><span style=\"font-size: medium;\"><span lang=\"fr-FR\">Ligne nationale de crise &#8211; 01-45-39-40-00<\/span><\/span><\/span>&nbsp;<\/li>\n<\/ul>\n<p><span style=\"font-size: medium;\"><span lang=\"fr-FR\"><b>Inde<\/b><\/span><\/span><\/p>\n<ul>\n<li><span style=\"font-size: medium;\"><span style=\"font-size: medium;\"><span lang=\"fr-FR\">SNEHA Un lien avec la vie 91-44-2464-0050<\/span><\/span><\/span>&nbsp;<\/li>\n<\/ul>\n<p><span style=\"font-size: medium;\"><span lang=\"fr-FR\"><b>Irlande<\/b><\/span><\/span><\/p>\n<ul>\n<li><span style=\"font-size: medium;\"><span lang=\"fr-FR\"> Vie 1-800-247-100 ou texte le mot AIDE \u00e0 51444<\/span><\/span><\/li>\n<li><span style=\"font-size: medium;\"><span style=\"font-size: medium;\"><span lang=\"fr-FR\">Les Samaritains 18-50-60-90-90<\/span><\/span><\/span>&nbsp;\n<p><b><\/b><\/li>\n<\/ul>\n<p><span style=\"font-size: medium;\"><span lang=\"fr-FR\"><b>Japon<\/b><\/span><\/span><\/p>\n<ul>\n<li><span style=\"font-size: medium;\"><span lang=\"fr-FR\">Amiti\u00e9s Osaka 81-066-260-4343<\/span><\/span><\/li>\n<li><span style=\"font-size: medium;\"><span lang=\"fr-FR\">Enfants et familles 03-4550-1146<\/span><\/span><\/li>\n<li><span style=\"font-size: medium;\"><span lang=\"fr-FR\">Centre de counselling 03-4550-1146<\/span><\/span><\/li>\n<li><span style=\"font-size: medium;\"><span style=\"font-size: medium;\"><span lang=\"fr-FR\">Ligne de vie Tokyo 03-5774-0992<\/span><\/span><\/span>&nbsp;\n<p><b><\/b><\/li>\n<\/ul>\n<p><span style=\"font-size: medium;\"><span lang=\"fr-FR\"><b>Pays-Bas<\/b><\/span><\/span><\/p>\n<ul>\n<li><span style=\"font-size: medium;\"><span style=\"font-size: medium;\"><span lang=\"fr-FR\"> Ligne nationale de crise 0900-1450<\/span><\/span><\/span>&nbsp;\n<p><b><\/b><\/li>\n<\/ul>\n<p><span style=\"font-size: medium;\"><span lang=\"fr-FR\"><b>Nouvelle-Z\u00e9lande<\/b><\/span><\/span><\/p>\n<ul>\n<li><span style=\"font-size: medium;\"><span lang=\"fr-FR\"> LifeLine NZ 09-5222-999 dans Auckland<\/span><\/span><\/li>\n<li><span style=\"font-size: medium;\"><span style=\"font-size: medium;\"><span lang=\"fr-FR\"> LifeLine NZ 0800-543-354 hors d&#8217;Auckland<\/span><\/span><\/span>&nbsp;\n<p><b><\/b><\/li>\n<\/ul>\n<p><span style=\"font-size: medium;\"><span lang=\"fr-FR\"><b>Irlande du Nord<\/b><\/span><\/span><\/p>\n<ul>\n<li><span style=\"font-size: medium;\"><span lang=\"fr-FR\"> Childline 1-800-666-666 -0800-1111<\/span><\/span><\/li>\n<li><span style=\"font-size: medium;\"><span lang=\"fr-FR\">Contact Jeunesse (conseil pour les jeunes) 028-90457848<\/span><\/span><\/li>\n<li><span style=\"font-size: medium;\"><span lang=\"fr-FR\">Samaritains: 1-850-60-90-90 (Num\u00e9ro national factur\u00e9 au taux d&#8217;appel local<\/span><\/span><\/li>\n<li><span style=\"font-size: medium;\"><span lang=\"fr-FR\">Jeunes Ligne de conseils: 0808-808 5678<\/span><\/span><\/li>\n<li><span style=\"font-size: medium;\"><span lang=\"fr-FR\">Youthline: 0808-808 8000<\/span><\/span><\/li>\n<li><span style=\"font-size: medium;\"><span style=\"font-size: medium;\"><span lang=\"fr-FR\">Zest pour la pr\u00e9vention du suicide Londonderry &#8211; 028-71266999<\/span><\/span><\/span>&nbsp;\n<p><b><\/b><\/li>\n<\/ul>\n<p><span style=\"font-size: medium;\"><span lang=\"fr-FR\"><b>\u00c9cosse<\/b><\/span><\/span><\/p>\n<ul>\n<li><span style=\"font-size: medium;\"><span lang=\"fr-FR\"> Age \u00c9cosse: 0845-125-9732<\/span><\/span><\/li>\n<li><span style=\"font-size: medium;\"><span lang=\"fr-FR\">Espace respiratoire \u00c9cosse: 0800-83-85-87 &#8211; en particulier pour les jeunes hommes qui peuvent se sentir suicidaires<\/span><\/span><\/li>\n<li><span style=\"font-size: medium;\"><span lang=\"fr-FR\">Centre de crise d&#8217;\u00c9dimbourg: 0808-801-0414<\/span><\/span><\/li>\n<li><span style=\"font-size: medium;\"><span lang=\"fr-FR\">Interactions Counseling &amp; Services de soutien: 01592-262869<\/span><\/span><\/li>\n<li><span style=\"font-size: medium;\"><span lang=\"fr-FR\">Lothian LGBT Ligne d&#8217;aide (Helpline): 0131-556-4049<\/span><\/span><\/li>\n<li><span style=\"font-size: medium;\"><span lang=\"fr-FR\">NHS 24 HR Ligne d&#8217;aide (Helpline): 08454-24-24-24<\/span><\/span><\/li>\n<li><span style=\"font-size: medium;\"><span lang=\"fr-FR\">NHS INFORM Scotland Ligne d&#8217;aide (Helpline): 0800-22-44-88<\/span><\/span><\/li>\n<li><span style=\"font-size: medium;\"><span style=\"font-size: medium;\"><span lang=\"fr-FR\">Les Samaritains: 08457-90-90-90<\/span><\/span><\/span>&nbsp;<\/li>\n<\/ul>\n<p align=\"LEFT\"><span style=\"font-size: medium;\"><span lang=\"fr-FR\"><b>Sri Lanka<\/b><\/span><\/span><\/p>\n<ul>\n<li><span style=\"font-size: medium;\"><span lang=\"fr-FR\">Bandarawela: 0572222662<\/span><\/span><\/li>\n<li><span style=\"font-size: medium;\"><span lang=\"fr-FR\"> Kandy: 081-2234806<\/span><\/span><\/li>\n<li><span style=\"font-size: medium;\"><span lang=\"fr-FR\"> Katunayake: 011311020<\/span><\/span><\/li>\n<li><span style=\"font-size: medium;\"><span lang=\"fr-FR\"> Kohuwela 5780153<\/span><\/span><\/li>\n<li><span style=\"font-size: medium;\"><span lang=\"fr-FR\"> Kurunegala 0374931731<\/span><\/span><\/li>\n<li><span style=\"font-size: medium;\"><span lang=\"fr-FR\">Lunugamvehera 0475781200<\/span><\/span><\/li>\n<li><span style=\"font-size: medium;\"><span lang=\"fr-FR\">Matale 0662223521<\/span><\/span><\/li>\n<li><span style=\"font-size: medium;\"><span lang=\"fr-FR\">Mawanelle 035-5788330<\/span><\/span><\/li>\n<li><span style=\"font-size: medium;\"><span lang=\"fr-FR\"> Panadura 038-2235291<\/span><\/span><\/li>\n<li><span style=\"font-size: medium;\"><span lang=\"fr-FR\">Panduwasnuwara 0372291718<\/span><\/span><\/li>\n<li><span style=\"font-size: medium;\"><span lang=\"fr-FR\">Panduwasnuwera 0375715815<\/span><\/span><\/li>\n<li><span style=\"font-size: medium;\"><span lang=\"fr-FR\">Sumithrayo &#8211; Colombo 2692909\/2696666\/2683555<br \/>\n<\/span><\/span><b><\/b><\/li>\n<\/ul>\n<p><span style=\"font-size: medium;\"><span lang=\"fr-FR\"><b>Royaume-Uni<\/b><\/span><\/span><\/p>\n<ul>\n<li><span style=\"font-size: medium;\"><span lang=\"fr-FR\"> CHILDLINE 0800-1111<\/span><\/span><\/li>\n<li><span style=\"font-size: medium;\"><span lang=\"fr-FR\"> Ligne familiale 0808-800-5678<\/span><\/span><\/li>\n<li><span style=\"font-size: medium;\"><span lang=\"fr-FR\">Papyrus Ligne d&#8217;espoir (Hopeline) 0870-1704000<\/span><\/span><\/li>\n<li><span style=\"font-size: medium;\"><span lang=\"fr-FR\"> Les Samaritains 08457-90-90-90<\/span><\/span><\/li>\n<\/ul>\n<p>&nbsp;<\/p>\n","protected":false},"excerpt":{"rendered":"<p>\u00a0Canada Jeunesse, J&#8217;\u00e9coute de l&#8217;\u00e2ge de 20 ans et moins au Canada 1-800-668-6868 Ligne d&#8217;aide 24\/7 des Premi\u00e8res nations et des Inuits pour le mieux-\u00eatre 1-855-242-3310 Ligne de crise des pensionnats indiens canadiens 1-866-925-4419 Trans LifeLine &#8211; Tous les \u00e2ges 1-877-330-6366 Ligne de crise de l&#8217;Alberta &#8211; tous \u00e2ges 403-266-4357 Ligne de crise en Colombie-Britannique [&hellip;]<\/p>\n","protected":false},"author":2,"featured_media":0,"parent":644,"menu_order":0,"comment_status":"closed","ping_status":"closed","template":"","meta":{"_exactmetrics_skip_tracking":false,"_exactmetrics_sitenote_active":false,"_exactmetrics_sitenote_note":"","_exactmetrics_sitenote_category":0,"_links_to":"","_links_to_target":""},"_links":{"self":[{"href":"https:\/\/thelifelinecanada.ca\/fr\/wp-json\/wp\/v2\/pages\/30"}],"collection":[{"href":"https:\/\/thelifelinecanada.ca\/fr\/wp-json\/wp\/v2\/pages"}],"about":[{"href":"https:\/\/thelifelinecanada.ca\/fr\/wp-json\/wp\/v2\/types\/page"}],"author":[{"embeddable":true,"href":"https:\/\/thelifelinecanada.ca\/fr\/wp-json\/wp\/v2\/users\/2"}],"replies":[{"embeddable":true,"href":"https:\/\/thelifelinecanada.ca\/fr\/wp-json\/wp\/v2\/comments?post=30"}],"version-history":[{"count":61,"href":"https:\/\/thelifelinecanada.ca\/fr\/wp-json\/wp\/v2\/pages\/30\/revisions"}],"predecessor-version":[{"id":3404,"href":"https:\/\/thelifelinecanada.ca\/fr\/wp-json\/wp\/v2\/pages\/30\/revisions\/3404"}],"up":[{"embeddable":true,"href":"https:\/\/thelifelinecanada.ca\/fr\/wp-json\/wp\/v2\/pages\/644"}],"wp:attachment":[{"href":"https:\/\/thelifelinecanada.ca\/fr\/wp-json\/wp\/v2\/media?parent=30"}],"curies":[{"name":"wp","href":"https:\/\/api.w.org\/{rel}","templated":true}]}}