{"id":298,"date":"2016-09-24T20:12:04","date_gmt":"2016-09-25T03:12:04","guid":{"rendered":"https:\/\/thelifelinecanada.ca\/fr\/?page_id=298"},"modified":"2021-06-16T12:49:00","modified_gmt":"2021-06-16T19:49:00","slug":"emotional-support-videos","status":"publish","type":"page","link":"https:\/\/thelifelinecanada.ca\/fr\/pattern-interrupt\/emotional-support-videos\/","title":{"rendered":"Vid\u00e9os de Soutien Emotionnel"},"content":{"rendered":"<div class=\"fusion-fullwidth fullwidth-box fusion-builder-row-1 nonhundred-percent-fullwidth non-hundred-percent-height-scrolling\" style=\"background-color: #ffffff;background-position: center center;background-repeat: no-repeat;padding-top:0px;padding-right:0px;padding-bottom:0px;padding-left:0px;margin-bottom: 0px;margin-top: 0px;border-width: 0px 0px 0px 0px;border-color:#eae9e9;border-style:solid;\" ><div class=\"fusion-builder-row fusion-row\"><div class=\"fusion-layout-column fusion_builder_column fusion-builder-column-0 fusion_builder_column_1_1 1_1 fusion-one-full fusion-column-first fusion-column-last\" style=\"margin-top:0px;margin-bottom:0px;\"><div class=\"fusion-column-wrapper fusion-flex-column-wrapper-legacy\" style=\"background-position:left top;background-repeat:no-repeat;-webkit-background-size:cover;-moz-background-size:cover;-o-background-size:cover;background-size:cover;padding: 0px 0px 0px 0px;\"><div class=\"fusion-text fusion-text-1\"><h2><span style=\"color: #000000; font-size: 14pt;\"><strong><span id=\"result_box\" class=\"\" lang=\"fr\"><span class=\"\">Vid\u00e9os YouTube pour un Soutien Emotionnel en cas de Crise<\/span><\/span><\/strong><\/span><\/h2>\n<div><\/div>\n<div id=\"gt-res-c\" class=\"g-unit\">\n<div id=\"gt-res-p\">\n<div id=\"gt-res-data\">\n<div id=\"gt-res-wrap\">\n<div id=\"gt-res-content\">\n<div id=\"gt-res-dir-ctr\" class=\"trans-verified-button-small\" dir=\"ltr\"><span id=\"result_box\" class=\"\" lang=\"fr\"><span class=\"\">Le but de ces vid\u00e9os est de donner \u00e0 ceux d&#8217;entre nous qui vivons avec une maladie mentale l&#8217;occasion de raconter leurs histoires, de savoir que nous ne sommes pas SEULS, et de r\u00e9duire la honte ou la stigmatisation entourant la maladie mentale.<\/span><\/span><\/div>\n<\/div>\n<\/div>\n<\/div>\n<\/div>\n<\/div>\n<p>_____<\/p>\n<p>Si vous avez des pens\u00e9es suicidaires, regardez cette vid\u00e9o<\/p>\n<p><a href=\"https:\/\/www.youtube.com\/watch?v=RM4g_nNVnEY\" target=\"_blank\" rel=\"noopener\">Je veux moi suicider \/ mourir &#8211; que faire si vous \u00eates suicidaire?<\/a><\/p>\n<p>_____<\/p>\n<p>Durant 4 ans, pendant ses \u00e9tudes, Holo a souffert d&#8217;un trouble anxieux. D&#8217;abord une attaque de panique, puis deux: le d\u00e9but d&#8217;un cercle vicieux. Progressivement s&#8217;est install\u00e9 de l&#8217;anxi\u00e9t\u00e9 g\u00e9n\u00e9ralis\u00e9e puis de l&#8217;agoraphobie. A travers son t\u00e9moignage, elle partage avec nous comment cela a pu impacter sa vie sociale, ses \u00e9tudes et son moral. Aujourd&#8217;hui, elle ne souffre plus du tout de ces sympt\u00f4mes.<\/p>\n<p><a href=\"https:\/\/www.youtube.com\/watch?v=PK0Tod624gE\" target=\"_blank\" rel=\"noopener\">Anxi\u00e9t\u00e9, crises de panique, agoraphobie: Mon t\u00e9moignage partie 1\/2 <\/a><\/p>\n<p><a href=\"https:\/\/www.youtube.com\/watch?v=tb8hIkFsVSo\" target=\"_blank\" rel=\"noopener\">Anxi\u00e9t\u00e9, crises de panique, agoraphobie: Mon t\u00e9moignage partie 2\/2 <\/a><\/p>\n<p>____<\/p>\n<p><span id=\"result_box\" class=\"\" lang=\"fr\">Campagne vid\u00e9o contre l&#8217;intimidation et le suicide du LGTBQ, les personnes cr\u00e9ant et partageant des histoires d&#8217;espoir que la vie s&#8217;am\u00e9liore apr\u00e8s l&#8217;\u00e9cole secondaire.<\/span><\/p>\n<p><span class=\"\">&#8220;Beaucoup de jeunes LGBT ne peuvent pas imaginer ce que leur vie pourrait \u00eatre comme des adultes ouvertement homosexuels. Ils ne peuvent pas imaginer un avenir pour eux-m\u00eames. Alors, montrons \u00e0 eux comment sont nos vies, montrons ce que l&#8217;avenir pourrait tenir au magasin<\/span> <span class=\"\">leur.&#8221;<\/span><\/p>\n<p><a href=\"https:\/\/itgetsbetter.org\" target=\"_blank\" rel=\"noopener\">It Gets Better<\/a><\/p>\n<p><span id=\"result_box\" class=\"\" lang=\"fr\">La grande chose \u00e0 propos d&#8217;un plan de s\u00e9curit\u00e9 est que nous pouvons les cr\u00e9er avec notre th\u00e9rapeute (si on en voit un) ou par nous-m\u00eames. <span class=\"\">Ils doivent \u00eatre exclusifs et r\u00e9alistes.<\/span><\/span><\/p>\n<p><a href=\"https:\/\/www.youtube.com\/watch?v=zCTMaJWBLT4&amp;t=3s\" target=\"_blank\" rel=\"noopener\">Suicide: comment \u00e9viter le drame? <\/a><\/p>\n<p>_____<\/p>\n<p><span id=\"result_box\" class=\"\" lang=\"fr\"><span class=\"\">Plus de collections de superbes vid\u00e9os pour vous lorsque vous vous sentez en col\u00e8re ou suicide.<\/span><\/span><\/p>\n<p><a href=\"https:\/\/www.youtube.com\/watch?v=BzBfiOWZGxU\" target=\"_blank\" rel=\"noopener\">Avoir des pens\u00e9es suicidaires&#8230; Que faire ?<\/a><span id=\"result_box\" class=\"\" lang=\"fr\"><\/span><\/p>\n<p><a href=\"https:\/\/www.youtube.com\/watch?v=LLwINvbaOE8\" target=\"_blank\" rel=\"noopener\">Le suicide <\/a><\/p>\n<p><a href=\"https:\/\/www.youtube.com\/watch?v=2-REIcOg_fE\" target=\"_blank\" rel=\"noopener\">Comment aider un ami suicidaire? Parce que vous en \u00eates capable! <\/a><\/p>\n<p><strong>Des vid\u00e9os additionnels en anglais<\/strong><\/p>\n<p><a href=\"https:\/\/www.youtube.com\/watch?v=VOjY2BM6JGA\" target=\"_blank\" rel=\"nofollow noopener\">Suicidal? It&#8217;s OK. You can get through it. Please talk.<\/a><\/p>\n<p><a href=\"http:\/\/youtu.be\/_IW4pyba3DE\" target=\"_blank\" rel=\"nofollow noopener\">Suicidal? Take some pause for thought<\/a><\/p>\n<p><a href=\"https:\/\/www.youtube.com\/watch?v=nEbIuDuW7l8\" target=\"_blank\" rel=\"nofollow noopener\">The Laughing Heart<\/a><\/p>\n<p><a href=\"https:\/\/www.youtube.com\/watch?v=ltun92DfnPY\" target=\"_blank\" rel=\"nofollow noopener\">To This Day Project &#8211; Shane Koyczan<\/a><\/p>\n<p><a href=\"https:\/\/www.youtube.com\/watch?v=DoHwuvDEo5c\" target=\"_blank\" rel=\"nofollow noopener\">U Can Cope<\/a><\/p>\n<p><span style=\"font-size: 12pt;\"><a href=\"https:\/\/www.youtube.com\/watch?v=OEAyj4ncljI\" target=\"_blank\" rel=\"noopener\"><span id=\"eow-title\" dir=\"ltr\" title=\"What to do when you're feeling suicidal? (\ufe36\ufe39\ufe3a)\">What to do when you&#8217;re feeling suicidal?<\/span><\/a><\/span><\/p>\n<\/div><div class=\"fusion-clearfix\"><\/div><\/div><\/div><\/div><\/div>\n","protected":false},"excerpt":{"rendered":"","protected":false},"author":2,"featured_media":0,"parent":687,"menu_order":0,"comment_status":"closed","ping_status":"closed","template":"","meta":{"_exactmetrics_skip_tracking":false,"_exactmetrics_sitenote_active":false,"_exactmetrics_sitenote_note":"","_exactmetrics_sitenote_category":0,"_links_to":"","_links_to_target":""},"_links":{"self":[{"href":"https:\/\/thelifelinecanada.ca\/fr\/wp-json\/wp\/v2\/pages\/298"}],"collection":[{"href":"https:\/\/thelifelinecanada.ca\/fr\/wp-json\/wp\/v2\/pages"}],"about":[{"href":"https:\/\/thelifelinecanada.ca\/fr\/wp-json\/wp\/v2\/types\/page"}],"author":[{"embeddable":true,"href":"https:\/\/thelifelinecanada.ca\/fr\/wp-json\/wp\/v2\/users\/2"}],"replies":[{"embeddable":true,"href":"https:\/\/thelifelinecanada.ca\/fr\/wp-json\/wp\/v2\/comments?post=298"}],"version-history":[{"count":22,"href":"https:\/\/thelifelinecanada.ca\/fr\/wp-json\/wp\/v2\/pages\/298\/revisions"}],"predecessor-version":[{"id":3890,"href":"https:\/\/thelifelinecanada.ca\/fr\/wp-json\/wp\/v2\/pages\/298\/revisions\/3890"}],"up":[{"embeddable":true,"href":"https:\/\/thelifelinecanada.ca\/fr\/wp-json\/wp\/v2\/pages\/687"}],"wp:attachment":[{"href":"https:\/\/thelifelinecanada.ca\/fr\/wp-json\/wp\/v2\/media?parent=298"}],"curies":[{"name":"wp","href":"https:\/\/api.w.org\/{rel}","templated":true}]}}