{"id":291,"date":"2016-09-24T20:11:34","date_gmt":"2016-09-25T03:11:34","guid":{"rendered":"https:\/\/thelifelinecanada.ca\/fr\/?page_id=291"},"modified":"2021-06-11T20:10:54","modified_gmt":"2021-06-12T03:10:54","slug":"interactive-mind","status":"publish","type":"page","link":"https:\/\/thelifelinecanada.ca\/fr\/pattern-interrupt\/interactive-mind\/","title":{"rendered":"Esprit Interactif"},"content":{"rendered":"<h2><span style=\"font-size: 12pt;\"><span id=\"result_box\" class=\"short_text\" lang=\"fr\"><span class=\"\">Applications pour votre cerveau<\/span><\/span><\/span><\/h2>\n<p><a class=\"external\" href=\"https:\/\/itunes.apple.com\/us\/app\/cognifit-brain-fitness\/id528285610?mt=8\" target=\"_blank\" rel=\"noopener noreferrer\">CogniFit Brain Fitness<\/a><a class=\"external\" href=\"https:\/\/itunes.apple.com\/us\/app\/cognifit-brain-fitness\/id528285610?mt=8\" target=\"_blank\" rel=\"noopener noreferrer\"><img class=\"alignright size-full wp-image-28522\" src=\"http:\/\/lifecdn.dailyburn.com\/life\/wp-content\/uploads\/2014\/05\/cognifit.jpg\" sizes=\"(max-width: 175px) 100vw, 175px\" srcset=\"http:\/\/lifecdn.dailyburn.com\/life\/wp-content\/uploads\/2014\/05\/cognifit.jpg 175w, http:\/\/lifecdn.dailyburn.com\/life\/wp-content\/uploads\/2014\/05\/cognifit-150x150.jpg 150w, http:\/\/lifecdn.dailyburn.com\/life\/wp-content\/uploads\/2014\/05\/cognifit-115x115.jpg 115w\" alt=\"cognifit\" width=\"175\" height=\"175\" data-jpibfi-post-excerpt=\"Keep your mind sharp now that the school year's begun! Here are the best apps that can help promote better mental health \u2014 from boosting memory and brainpower to soothing frayed nerves.\" data-jpibfi-post-url=\"http:\/\/dailyburn.com\/life\/tech\/train-your-brain-apps\/\" data-jpibfi-post-title=\"10 Best Apps to Train Your Brain\" \/><\/a><b><a class=\"external\" href=\"https:\/\/itunes.apple.com\/us\/app\/cognifit-brain-fitness\/id528285610?mt=8\" target=\"_blank\" rel=\"noopener noreferrer\"><br \/>\n<\/a><\/b><span id=\"result_box\" class=\"\" lang=\"fr\"><span class=\"\">Am\u00e9liorer les capacit\u00e9s cognitives, telles que la m\u00e9moire et la concentration, avec des jeux \u00e9l\u00e9gants, amusants et addictifs con\u00e7us par des neuroscientifiques.<\/span> <span class=\"\">Les utilisateurs peuvent suivre les progr\u00e8s et acc\u00e9der \u00e0 des informations sur la sant\u00e9 globale du cerveau.<\/span> Les joueurs comp\u00e9titifs peuvent \u00e9galement d\u00e9fier les amis. <span class=\"\">Apr\u00e8s un quiz initial, l&#8217;application adapte la difficult\u00e9 de chaque jeu \u00e0 votre profil et vous donne des recommandations bas\u00e9es sur vos r\u00e9sultats.<\/span> <span class=\"\">Les d\u00e9veloppeurs ont constat\u00e9 que les utilisateurs ont vu l&#8217;am\u00e9lioration en passant au moins 20 minutes, deux \u00e0 trois fois par semaine, en jouant aux jeux.<\/span> <span class=\"\">(Gratuit pour quatre jeux ou abonnement complet pour 13 $ par mois ou 120 $, disponible pour iOS)<\/span><\/span><\/p>\n<p><a href=\"https:\/\/www.cognifit.com\/fr\" target=\"_blank\" rel=\"noopener noreferrer\">Cliquez ici pour acc\u00e9der \u00e0 CogniFit en fran\u00e7ais<\/a><\/p>\n<p>&nbsp;<\/p>\n<p><a class=\"external\" href=\"https:\/\/itunes.apple.com\/us\/app\/personal-zen\/id689013447?mt=8\" target=\"_blank\" rel=\"noopener noreferrer\">Personal Zen<\/a><a class=\"external\" href=\"https:\/\/itunes.apple.com\/us\/app\/personal-zen\/id689013447?mt=8\" target=\"_blank\" rel=\"noopener noreferrer\"><img class=\"alignright size-full wp-image-28523\" src=\"http:\/\/lifecdn.dailyburn.com\/life\/wp-content\/uploads\/2014\/05\/personal-zen.jpg\" sizes=\"(max-width: 175px) 100vw, 175px\" srcset=\"http:\/\/lifecdn.dailyburn.com\/life\/wp-content\/uploads\/2014\/05\/personal-zen.jpg 175w, http:\/\/lifecdn.dailyburn.com\/life\/wp-content\/uploads\/2014\/05\/personal-zen-150x150.jpg 150w, http:\/\/lifecdn.dailyburn.com\/life\/wp-content\/uploads\/2014\/05\/personal-zen-115x115.jpg 115w\" alt=\"personal-zen\" width=\"175\" height=\"175\" data-jpibfi-post-excerpt=\"Keep your mind sharp now that the school year's begun! Here are the best apps that can help promote better mental health \u2014 from boosting memory and brainpower to soothing frayed nerves.\" data-jpibfi-post-url=\"http:\/\/dailyburn.com\/life\/tech\/train-your-brain-apps\/\" data-jpibfi-post-title=\"10 Best Apps to Train Your Brain\" \/><\/a><b><a class=\"external\" href=\"https:\/\/itunes.apple.com\/us\/app\/personal-zen\/id689013447?mt=8\" target=\"_blank\" rel=\"noopener noreferrer\"><br \/>\n<\/a><\/b><span id=\"result_box\" class=\"\" lang=\"fr\">Les joueurs suivent deux personnages anim\u00e9s, dont l&#8217;un semble calme et amical tandis que l&#8217;autre a l&#8217;air en col\u00e8re, alors qu&#8217;ils traversent un champ de bruissement. Ce jeu, d\u00e9velopp\u00e9 par le Dr Dennis et les chercheurs du Hunter College et de la City University de New York, r\u00e9duit l&#8217;anxi\u00e9t\u00e9 en formant votre cerveau pour se concentrer davantage sur le positif et moins sur le n\u00e9gatif. <span class=\"\">\u00abL&#8217;habitude de penser au monde d&#8217;une mani\u00e8re plus positive &#8211; comme la recherche d&#8217;une doublure d&#8217;argent en mauvaise situation &#8211; est l&#8217;une des principales fa\u00e7ons dont nous pouvons promouvoir notre propre r\u00e9silience face \u00e0 l&#8217;adversit\u00e9\u00bb, explique le Dr Dennis.<\/span> <span class=\"\">M\u00eame une seule s\u00e9ance de jeu peut renforcer la r\u00e9silience pendant plusieurs heures.<\/span> <span class=\"\">Elle sugg\u00e8re d&#8217;utiliser l&#8217;application avant un \u00e9v\u00e9nement stressant, mais 10 minutes par jour contribuera \u00e0 cr\u00e9er des effets positifs plus durables.<\/span> <span class=\"\">(Gratuit, disponible pour iOS)<\/span><\/span><\/p>\n<p>&nbsp;<\/p>\n<p><a class=\"external\" href=\"https:\/\/itunes.apple.com\/us\/app\/happify\/id730601963?mt=8\" target=\"_blank\" rel=\"noopener noreferrer\">Happify<\/a><b><a href=\"http:\/\/lifecdn.dailyburn.com\/life\/wp-content\/uploads\/2014\/05\/happify.jpg\"><img class=\"alignright size-full wp-image-28527\" src=\"http:\/\/lifecdn.dailyburn.com\/life\/wp-content\/uploads\/2014\/05\/happify.jpg\" sizes=\"(max-width: 175px) 100vw, 175px\" srcset=\"http:\/\/lifecdn.dailyburn.com\/life\/wp-content\/uploads\/2014\/05\/happify.jpg 175w, http:\/\/lifecdn.dailyburn.com\/life\/wp-content\/uploads\/2014\/05\/happify-150x150.jpg 150w, http:\/\/lifecdn.dailyburn.com\/life\/wp-content\/uploads\/2014\/05\/happify-115x115.jpg 115w\" alt=\"happify\" width=\"175\" height=\"175\" data-jpibfi-post-excerpt=\"Keep your mind sharp now that the school year's begun! Here are the best apps that can help promote better mental health \u2014 from boosting memory and brainpower to soothing frayed nerves.\" data-jpibfi-post-url=\"http:\/\/dailyburn.com\/life\/tech\/train-your-brain-apps\/\" data-jpibfi-post-title=\"10 Best Apps to Train Your Brain\" \/><\/a><br \/>\n<\/b><span id=\"result_box\" class=\"\" lang=\"fr\">Former votre cerveau pour \u00eatre plus heureux? Oui, les recherches montrent que certaines activit\u00e9s contribuent \u00e0 renforcer votre capacit\u00e9 \u00e0 conqu\u00e9rir des pens\u00e9es n\u00e9gatives, \u00e0 montrer la gratitude, \u00e0 faire face au stress et \u00e0 l&#8217;empathie &#8211; tous les ingr\u00e9dients essentiels pour une vie plus compl\u00e8te et plus heureuse. <span class=\"\">En utilisant les principes fondamentaux de la psychologie positive, qui consiste \u00e0 se concentrer sur les forces et les vertus qui permettent aux individus de cr\u00e9er des vies enrichissantes, les questionnaires de l&#8217;application, les sondages et le journal de gratitude &#8211; combin\u00e9s avec une communaut\u00e9 positive &#8211; enseignent progressivement des habitudes \u00e9volutives.<\/span> <span class=\"\">L&#8217;objectif est de d\u00e9velopper ces comp\u00e9tences et de garder les utilisateurs souriants toute la journ\u00e9e.<\/span> <span class=\"\">(Gratuit, disponible pour iOS))<\/span><\/span><\/p>\n<p>&nbsp;<\/p>\n<p><a class=\"external\" href=\"https:\/\/play.google.com\/store\/apps\/details?id=t2.paj\" target=\"_blank\" rel=\"noopener noreferrer\">Positive Activity Jackpot<\/a><b><a class=\"external\" href=\"https:\/\/play.google.com\/store\/apps\/details?id=t2.paj\" target=\"_blank\" rel=\"noopener noreferrer\"><img class=\"alignright size-full wp-image-28528\" src=\"http:\/\/lifecdn.dailyburn.com\/life\/wp-content\/uploads\/2014\/05\/positive-activity-jackpot.jpg\" sizes=\"(max-width: 175px) 100vw, 175px\" srcset=\"http:\/\/lifecdn.dailyburn.com\/life\/wp-content\/uploads\/2014\/05\/positive-activity-jackpot.jpg 175w, http:\/\/lifecdn.dailyburn.com\/life\/wp-content\/uploads\/2014\/05\/positive-activity-jackpot-150x150.jpg 150w, http:\/\/lifecdn.dailyburn.com\/life\/wp-content\/uploads\/2014\/05\/positive-activity-jackpot-115x115.jpg 115w\" alt=\"positive-activity-jackpot\" width=\"175\" height=\"175\" data-jpibfi-post-excerpt=\"Keep your mind sharp now that the school year's begun! Here are the best apps that can help promote better mental health \u2014 from boosting memory and brainpower to soothing frayed nerves.\" data-jpibfi-post-url=\"http:\/\/dailyburn.com\/life\/tech\/train-your-brain-apps\/\" data-jpibfi-post-title=\"10 Best Apps to Train Your Brain\" \/><br \/>\n<\/a><\/b><span id=\"result_box\" class=\"\" lang=\"fr\">Cette application a \u00e9t\u00e9 d\u00e9velopp\u00e9e \u00e0 l&#8217;origine pour les membres du service qui retournent du combat avec un risque \u00e9lev\u00e9 de syndrome de stress post-traumatique. Il utilise la r\u00e9alit\u00e9 augment\u00e9e avec le GPS d&#8217;un t\u00e9l\u00e9phone Android pour trouver des activit\u00e9s et des distractions \u00e0 proximit\u00e9 pour quelqu&#8217;un qui fait face \u00e0 la d\u00e9pression. Si vous ne pouvez pas d\u00e9cider quoi faire, \u00abtirez le levier\u00bb et laissez la fonction jackpot de l&#8217;application faire le choix pour vous. Le PAJ est bas\u00e9 sur une forme de th\u00e9rapie comportementale appel\u00e9e planification d&#8217;\u00e9v\u00e9nements agr\u00e9able, ce qui encourage un programme quotidien d&#8217;activit\u00e9s amusantes pour am\u00e9liorer les humeurs et surmonter les pens\u00e9es d\u00e9sesp\u00e9r\u00e9es. <span class=\"\">(Gratuit, disponible sur Google Play)<\/span><\/span><\/p>\n<p>&nbsp;<\/p>\n<p><a class=\"external\" href=\"https:\/\/itunes.apple.com\/us\/app\/eidetic\/id536240413\" target=\"_blank\" rel=\"noopener noreferrer\">Eidetic<\/a><a class=\"external\" href=\"https:\/\/itunes.apple.com\/us\/app\/eidetic\/id536240413\" target=\"_blank\" rel=\"noopener noreferrer\"><img class=\"alignright size-full wp-image-28530\" src=\"http:\/\/lifecdn.dailyburn.com\/life\/wp-content\/uploads\/2014\/05\/eidetic.jpg\" sizes=\"(max-width: 175px) 100vw, 175px\" srcset=\"http:\/\/lifecdn.dailyburn.com\/life\/wp-content\/uploads\/2014\/05\/eidetic.jpg 175w, http:\/\/lifecdn.dailyburn.com\/life\/wp-content\/uploads\/2014\/05\/eidetic-150x150.jpg 150w, http:\/\/lifecdn.dailyburn.com\/life\/wp-content\/uploads\/2014\/05\/eidetic-115x115.jpg 115w\" alt=\"eidetic\" width=\"175\" height=\"175\" data-jpibfi-post-excerpt=\"Keep your mind sharp now that the school year's begun! Here are the best apps that can help promote better mental health \u2014 from boosting memory and brainpower to soothing frayed nerves.\" data-jpibfi-post-url=\"http:\/\/dailyburn.com\/life\/tech\/train-your-brain-apps\/\" data-jpibfi-post-title=\"10 Best Apps to Train Your Brain\" \/><\/a><b><a class=\"external\" href=\"https:\/\/itunes.apple.com\/us\/app\/eidetic\/id536240413\" target=\"_blank\" rel=\"noopener noreferrer\"><br \/>\n<\/a><\/b><span id=\"result_box\" class=\"\" lang=\"fr\">Eidetic utilise une technique appel\u00e9e r\u00e9p\u00e9tition espac\u00e9e pour vous aider \u00e0 m\u00e9moriser n&#8217;importe quoi, des num\u00e9ros de t\u00e9l\u00e9phone importants \u00e0 des mots ou des faits int\u00e9ressants. <span class=\"\">Il fonctionne diff\u00e9remment des applications typiques de formation au cerveau en utilisant des \u00e9l\u00e9ments qui ont un sens et un contexte, comme le num\u00e9ro de t\u00e9l\u00e9phone de votre beau, les d\u00e9tails du compte bancaire ou une nouvelle citation \u00e0 retenir.<\/span> <span class=\"\">Les notifications vous rappellent quand il est temps de vous tester et d&#8217;\u00e9taler les tests au fil du temps pour vous assurer de conserver les informations dans la m\u00e9moire \u00e0 long terme.<\/span> <span class=\"\">(Gratuit, disponible sur iOS)<\/span><\/span><\/p>\n<p><b>\u00a0<\/b><\/p>\n<p><a class=\"external\" href=\"https:\/\/itunes.apple.com\/us\/app\/relieflink\/id721474553?mt=8\" target=\"_blank\" rel=\"noopener noreferrer\">ReliefLink<\/a><a href=\"http:\/\/lifecdn.dailyburn.com\/life\/wp-content\/uploads\/2014\/05\/relief-link.jpg\"><img class=\"alignright size-full wp-image-28531\" src=\"http:\/\/lifecdn.dailyburn.com\/life\/wp-content\/uploads\/2014\/05\/relief-link.jpg\" sizes=\"(max-width: 175px) 100vw, 175px\" srcset=\"http:\/\/lifecdn.dailyburn.com\/life\/wp-content\/uploads\/2014\/05\/relief-link.jpg 175w, http:\/\/lifecdn.dailyburn.com\/life\/wp-content\/uploads\/2014\/05\/relief-link-150x150.jpg 150w, http:\/\/lifecdn.dailyburn.com\/life\/wp-content\/uploads\/2014\/05\/relief-link-115x115.jpg 115w\" alt=\"relief-link\" width=\"175\" height=\"175\" data-jpibfi-post-excerpt=\"Keep your mind sharp now that the school year's begun! Here are the best apps that can help promote better mental health \u2014 from boosting memory and brainpower to soothing frayed nerves.\" data-jpibfi-post-url=\"http:\/\/dailyburn.com\/life\/tech\/train-your-brain-apps\/\" data-jpibfi-post-title=\"10 Best Apps to Train Your Brain\" \/><\/a><b><br \/>\n<\/b><span id=\"result_box\" class=\"\" lang=\"fr\">Dr. Kaslow a d\u00e9velopp\u00e9 cette application prim\u00e9e pour la pr\u00e9vention du suicide, mais elle peut \u00eatre utilis\u00e9e comme un pisteur d&#8217;humeur g\u00e9n\u00e9ral. &#8220;C&#8217;est comme MyFitnessPal en ce sens que vous pouvez suivre toutes sortes de choses qui sont pertinentes pour votre sant\u00e9 mentale&#8221;, explique le docteur Kaslow. Il comprend \u00e9galement des m\u00e9thodes d&#8217;adaptation uniques, telles que la prise en compte de la voix et des exercices de relaxation, ou une musique relaxante. <span class=\"\">Le localisateur de carte identifie les th\u00e9rapeutes, les groupes de soutien et les \u00e9tablissements de traitement de la sant\u00e9 mentale \u00e0 proximit\u00e9, aussi, au cas o\u00f9 vous devriez vous adresser \u00e0 un professionnel.<\/span><\/span><\/p>\n<p>&nbsp;<\/p>\n<p><strong>15 <span id=\"result_box\" class=\"short_text\" lang=\"fr\"><span class=\"\">Jeux de r\u00e9flexion<\/span><\/span> e<span id=\"result_box\" class=\"short_text\" lang=\"fr\"><span class=\"\">t Jeux d&#8217;exercice mental<\/span><\/span><br \/>\n<\/strong><\/p>\n<p><span id=\"result_box\" class=\"\" lang=\"fr\">Alors que les applications de formation au cerveau ne remplaceront jamais compl\u00e8tement l&#8217;intervention face \u00e0 face et les approches de pr\u00e9vention, le Dr Dennis consid\u00e8re leur potentiel comme compl\u00e9ment \u00e0 d&#8217;autres activit\u00e9s de r\u00e9duction du stress, que ce soit l&#8217;exercice physique, le yoga ou la consultation d&#8217;un th\u00e9rapeute. Elle ajoute: \u00abLes applications peuvent \u00e9galement \u00eatre des traitements de passerelle qui permettent \u00e0 l&#8217;individu de faire des changements positifs, ce qui peut ensuite mener \u00e0 la recherche d&#8217;autres outils de promotion de la sant\u00e9\u00bb. Et si la technologie peut aider \u00e0 affiner le cerveau et \u00e0 calmer les nerfs, la vraie sant\u00e9 mentale est beaucoup Plus holistique. &#8220;Ce qui est le plus important est de sentir que vous avez un sens dans la vie et les liens sociaux&#8221;, explique le docteur Kaslow. <span class=\"\">&#8220;Cela ne veut pas dire que vous devez \u00eatre heureux, mais cela doit faire avec un but&#8221;. Et il n&#8217;y a pas d&#8217;application pour \u00e7a &#8230; pour le moment.<\/span><\/span><\/p>\n<p>1. Vous aimez le calcul ?: <a href=\"http:\/\/www.tv5monde.com\/cms\/chaine-francophone\/jeunesse\/Entrainement-cerebral\/p-26351-Au-bout-du-compte.htm\" target=\"_blank\" rel=\"noopener noreferrer\">Au bout du compte.<\/a><\/p>\n<p>2. <a href=\"http:\/\/www.tv5monde.com\/cms\/chaine-francophone\/jeunesse\/Entrainement-cerebral\/p-26340-Mots-coupes.htm\" target=\"_blank\" rel=\"noopener noreferrer\">Mots coup\u00e9s :\u00a0<\/a>Le principe de cet exercice est de reconstituer le plus vite possible de mots\u00a0 en r\u00e9assemblant leurs syllabes.<\/p>\n<p>3.\u00a0Comment m\u00e9moriser une longue liste de mots ? <a href=\"http:\/\/www.tv5monde.com\/cms\/chaine-francophone\/jeunesse\/Entrainement-cerebral\/p-26354-Memoire-d-elephant.htm\" target=\"_blank\" rel=\"noopener noreferrer\">M\u00e9moire d&#8217;\u00e9l\u00e9phant<\/a><\/p>\n<p>4. <a href=\"http:\/\/www.tv5monde.com\/cms\/chaine-francophone\/jeunesse\/Entrainement-cerebral\/p-26353-Garcon-SVP.htm\" target=\"_blank\" rel=\"noopener noreferrer\">Gar\u00e7on SVP: <\/a>Vous devrez vous mettre dans la peau d&#8217;un serveur de restaurant, en essayant rappeler le menu choisi par 2, 3 ou 4 convives.<\/p>\n<p>5. Rangez des mots dans des tiroirs en fonction de leur cat\u00e9gorie (animal, m\u00e9tier\u2026):<a href=\"http:\/\/www.tv5monde.com\/cms\/chaine-francophone\/jeunesse\/Entrainement-cerebral\/p-26352-Tiroirs-secrets.htm\" target=\"_blank\" rel=\"noopener noreferrer\"> Tiroirs secrets<\/a><\/p>\n<p>6.Dans certaines situations il est n\u00e9cessaire de maintenir temporairement en m\u00e9moire quelques informations: <a href=\"http:\/\/www.tv5monde.com\/cms\/chaine-francophone\/jeunesse\/Entrainement-cerebral\/p-26357-Attention-concentrez-vous-.htm\" target=\"_blank\" rel=\"noopener noreferrer\">Attention concentrez-vous !\u00a0<\/a><\/p>\n<p>7. <a href=\"http:\/\/www.tv5monde.com\/cms\/chaine-francophone\/jeunesse\/Entrainement-cerebral\/p-26358-Chants-d-oiseaux.htm\" target=\"_blank\" rel=\"noopener noreferrer\">Chants d&#8217;oiseaux:<\/a> Cet exercice vous propose d&#8217;apprendre \u00e0 m\u00e9moriser le chant des esp\u00e8ces d&#8217;oiseaux les plus courantes.<\/p>\n<p>8. D\u00e9chiffrez une citation dont les lettres ont \u00e9t\u00e9 remplac\u00e9es soit par d&#8217;autres lettres soit par des symboles:<a href=\"http:\/\/www.tv5monde.com\/cms\/chaine-francophone\/jeunesse\/Entrainement-cerebral\/p-26350-Dechiffrement.htm\" target=\"_blank\" rel=\"noopener noreferrer\"> D\u00e9chiffrement<\/a>.<\/p>\n<p>9. <a href=\"http:\/\/www.tv5monde.com\/cms\/chaine-francophone\/jeunesse\/Entrainement-cerebral\/p-26362-Videz-votre-sac.htm\" target=\"_blank\" rel=\"noopener noreferrer\">Videz votre sac: <\/a>pour cet exercice, il s&#8217;agira de composer le plus grand nombre possible de noms communs de 4 lettres \u00e0 partir d&#8217;une racine de deux lettres donn\u00e9e.<\/p>\n<p>10. <a href=\"http:\/\/www.tv5monde.com\/cms\/chaine-francophone\/jeunesse\/Entrainement-cerebral\/p-26361-Attrapez-la-coccinelle.htm\" target=\"_blank\" rel=\"noopener noreferrer\">Attrapez la coccinelle<\/a>: Cliquez le plus rapidement et le plus pr\u00e9cis\u00e9ment sur la coccinelle qui appara\u00eet de fa\u00e7on al\u00e9atoire sur votre \u00e9cran.<\/p>\n<p>11. Vous aimez les jeux de lettres m\u00e9langeant raisonnement et vocabulaire ? <a href=\"http:\/\/www.tv5monde.com\/cms\/chaine-francophone\/jeunesse\/Entrainement-cerebral\/p-26363-Mots-pour-mots.htm\" target=\"_blank\" rel=\"noopener noreferrer\">Mots pour mots.<\/a><\/p>\n<p>12. <a href=\"http:\/\/www.tv5monde.com\/cms\/chaine-francophone\/jeunesse\/Entrainement-cerebral\/p-26365-Tours-de-Hanoi.htm\" target=\"_blank\" rel=\"noopener noreferrer\">Tours de Hanoi<\/a>: L&#8217;exercice consiste \u00e0 d\u00e9placer des anneaux sur des tiges pour atteindre une position-but \u00e0 partir d\u2019une position initiale donn\u00e9e, tout en respectant certaines r\u00e8gles.<\/p>\n<p>13. <a href=\"http:\/\/www.tv5monde.com\/cms\/chaine-francophone\/jeunesse\/Entrainement-cerebral\/p-26366-Que-d-accrocs-dans-cette-histoire.htm\" target=\"_blank\" rel=\"noopener noreferrer\">Que d\u2019accrocs dans cette histoire:<\/a> Vous devrez compl\u00e9ter successivement 3 textes \u00e0 trous avec les 15 mots dont vous disposerez pour chacun<\/p>\n<p>14. <a href=\"http:\/\/www.tv5monde.com\/cms\/chaine-francophone\/jeunesse\/Entrainement-cerebral\/p-26364-Le-juste-mot.htm\" target=\"_blank\" rel=\"noopener noreferrer\">Le juste mot:<\/a> cet exercice vous propose d\u2019entra\u00eener et d\u2019enrichir votre m\u00e9moire des mots en trouvant les mots correspondant \u00e0 des d\u00e9finitions.<\/p>\n","protected":false},"excerpt":{"rendered":"<p>Applications pour votre cerveau CogniFit Brain Fitness Am\u00e9liorer les capacit\u00e9s cognitives, telles que la m\u00e9moire et la concentration, avec des jeux \u00e9l\u00e9gants, amusants et addictifs con\u00e7us par des neuroscientifiques. Les utilisateurs peuvent suivre les progr\u00e8s et acc\u00e9der \u00e0 des informations sur la sant\u00e9 globale du cerveau. Les joueurs comp\u00e9titifs peuvent \u00e9galement d\u00e9fier les amis. Apr\u00e8s [&hellip;]<\/p>\n","protected":false},"author":2,"featured_media":0,"parent":687,"menu_order":0,"comment_status":"closed","ping_status":"closed","template":"","meta":{"_exactmetrics_skip_tracking":false,"_exactmetrics_sitenote_active":false,"_exactmetrics_sitenote_note":"","_exactmetrics_sitenote_category":0,"_links_to":"","_links_to_target":""},"_links":{"self":[{"href":"https:\/\/thelifelinecanada.ca\/fr\/wp-json\/wp\/v2\/pages\/291"}],"collection":[{"href":"https:\/\/thelifelinecanada.ca\/fr\/wp-json\/wp\/v2\/pages"}],"about":[{"href":"https:\/\/thelifelinecanada.ca\/fr\/wp-json\/wp\/v2\/types\/page"}],"author":[{"embeddable":true,"href":"https:\/\/thelifelinecanada.ca\/fr\/wp-json\/wp\/v2\/users\/2"}],"replies":[{"embeddable":true,"href":"https:\/\/thelifelinecanada.ca\/fr\/wp-json\/wp\/v2\/comments?post=291"}],"version-history":[{"count":16,"href":"https:\/\/thelifelinecanada.ca\/fr\/wp-json\/wp\/v2\/pages\/291\/revisions"}],"predecessor-version":[{"id":3837,"href":"https:\/\/thelifelinecanada.ca\/fr\/wp-json\/wp\/v2\/pages\/291\/revisions\/3837"}],"up":[{"embeddable":true,"href":"https:\/\/thelifelinecanada.ca\/fr\/wp-json\/wp\/v2\/pages\/687"}],"wp:attachment":[{"href":"https:\/\/thelifelinecanada.ca\/fr\/wp-json\/wp\/v2\/media?parent=291"}],"curies":[{"name":"wp","href":"https:\/\/api.w.org\/{rel}","templated":true}]}}