{"id":287,"date":"2016-09-24T20:11:18","date_gmt":"2016-09-25T03:11:18","guid":{"rendered":"https:\/\/thelifelinecanada.ca\/fr\/?page_id=287"},"modified":"2021-06-12T15:00:07","modified_gmt":"2021-06-12T22:00:07","slug":"life-changing-books","status":"publish","type":"page","link":"https:\/\/thelifelinecanada.ca\/fr\/pattern-interrupt\/life-changing-books\/","title":{"rendered":"Des Livres Qui Changent La Vie"},"content":{"rendered":"<div class=\"content-list-component mt-paragraph text\">\n<p><span id=\"result_box\" class=\"\" lang=\"fr\"><span class=\"\">Vous trouverez ci-dessous vingt livres qui changent la vie.<\/span> <span class=\"\">\u00c0 moins que vous ne soyez d\u00e9termin\u00e9 \u00e0 \u00eatre mis\u00e9rable (ce qui, \u00e9trangement, certains sont), ces livres changeront votre vie pour le mieux.<\/span> <span class=\"\">Cliquez sur les titres pour commander une copie pour vous-m\u00eame, puis marquez-les et mettez-les en pratique.<\/span><\/span><\/p>\n<p><strong>Les livres ci-dessous sont des applications anglaises avec des descriptions en fran\u00e7ais<\/strong><\/p>\n<p><a href=\"https:\/\/www.amazon.fr\/D%C3%A9couvrir-sens-vie-revue-augment%C3%A9e\/dp\/2761939069\" target=\"_blank\" rel=\"noopener\">D\u00e9couvrir un sens \u00e0 sa vie NE revue et augment\u00e9e <\/a><\/p>\n<\/div>\n<div class=\"content-list-component mt-paragraph text\">\n<p style=\"padding-left: 30px;\"><span id=\"result_box\" class=\"\" lang=\"fr\"><span class=\"\">Par Viktor Frankl &#8211; Dans ce livre, l&#8217;auteur d\u00e9taille ses exp\u00e9riences dans un camp de concentration d&#8217;Auschwitz, tout en partageant sa perspective de vivre une vie significative.<\/span> <span class=\"\">Le livre a vendu plus de 10 millions d&#8217;exemplaires et a toujours \u00e9t\u00e9 class\u00e9 parmi les livres les plus influents jamais \u00e9crits.<\/span><\/span><\/p>\n<\/div>\n<div class=\"content-list-component mt-paragraph text\">\n<p><a href=\"http:\/\/goo.gl\/MjnRcY\" target=\"_blank\" rel=\"nofollow noopener\" data-beacon=\"{&quot;p&quot;:{&quot;mnid&quot;:&quot;entry_text&quot;,&quot;lnid&quot;:&quot;citation&quot;,&quot;mpid&quot;:2,&quot;plid&quot;:&quot;http:\/\/goo.gl\/MjnRcY&quot;}}\">As A Man Thinketh<\/a><\/p>\n<p style=\"padding-left: 30px;\"><span id=\"result_box\" class=\"\" lang=\"fr\"><span class=\"\">Par James Allen &#8211; Bien que vous puissiez probablement finir cette petite brochure en moins d&#8217;une heure ou deux, ses mots sont puissants et profonds.<\/span><\/span><\/p>\n<\/div>\n<div class=\"content-list-component mt-paragraph text\">\n<p><a href=\"http:\/\/goo.gl\/Ob1gqm\" target=\"_blank\" rel=\"nofollow noopener\" data-beacon=\"{&quot;p&quot;:{&quot;mnid&quot;:&quot;entry_text&quot;,&quot;lnid&quot;:&quot;citation&quot;,&quot;mpid&quot;:3,&quot;plid&quot;:&quot;http:\/\/goo.gl\/Ob1gqm&quot;}}\">The Gifts of Imperfection<\/a><\/p>\n<p style=\"padding-left: 30px;\"><span id=\"result_box\" class=\"\" lang=\"fr\"><span class=\"\">Par Brene Brown &#8211; Dans ce livre, l&#8217;auteur aborde comment trouver une valeur personnelle profonde tout en vivant dans un monde qui est constamment bombard\u00e9 par des messages de qui, quoi et comment nous devrions \u00eatre.<\/span><\/span><\/p>\n<\/div>\n<div class=\"content-list-component mt-paragraph text\">\n<p><a href=\"http:\/\/goo.gl\/QRYsBF\" target=\"_blank\" rel=\"nofollow noopener\" data-beacon=\"{&quot;p&quot;:{&quot;mnid&quot;:&quot;entry_text&quot;,&quot;lnid&quot;:&quot;citation&quot;,&quot;mpid&quot;:4,&quot;plid&quot;:&quot;http:\/\/goo.gl\/QRYsBF&quot;}}\">The Alchemist<\/a><\/p>\n<p style=\"padding-left: 30px;\"><span id=\"result_box\" class=\"\" lang=\"fr\"><span class=\"\">Par Paulo Coelho &#8211; C&#8217;est un fantastique et magnifique r\u00e9cit de d\u00e9couvrir qui nous sommes et de ch\u00e9rir sans crainte notre propre \u00abl\u00e9gende personnelle\u00bb.<\/span><\/span><\/p>\n<\/div>\n<div class=\"content-list-component mt-paragraph text\">\n<p><a href=\"http:\/\/goo.gl\/33E2ZS\" target=\"_blank\" rel=\"nofollow noopener\" data-beacon=\"{&quot;p&quot;:{&quot;mnid&quot;:&quot;entry_text&quot;,&quot;lnid&quot;:&quot;citation&quot;,&quot;mpid&quot;:5,&quot;plid&quot;:&quot;http:\/\/goo.gl\/33E2ZS&quot;}}\">Les Miserables<\/a><\/p>\n<p style=\"padding-left: 30px;\"><span id=\"result_box\" class=\"\" lang=\"fr\"><span class=\"\">Par Victor Hugo &#8211; Ce livre a-t-il vraiment besoin d&#8217;une explication?<\/span> <span class=\"\">Il suit la vie du condamn\u00e9 r\u00e9form\u00e9, Jean Valjean, et illustre le pouvoir et la beaut\u00e9 de la r\u00e9demption.<\/span><\/span><\/p>\n<\/div>\n<div class=\"content-list-component mt-paragraph text\">\n<p><a href=\"http:\/\/goo.gl\/W1e6TH\" target=\"_blank\" rel=\"nofollow noopener\" data-beacon=\"{&quot;p&quot;:{&quot;mnid&quot;:&quot;entry_text&quot;,&quot;lnid&quot;:&quot;citation&quot;,&quot;mpid&quot;:6,&quot;plid&quot;:&quot;http:\/\/goo.gl\/W1e6TH&quot;}}\">The Last Lecture<\/a><\/p>\n<p style=\"padding-left: 30px;\"><span id=\"result_box\" class=\"\" lang=\"fr\">Par Randy Pausch &#8211; Diagnostiqu\u00e9 avec le cancer terminal du pancr\u00e9as, le professeur Randy Pausch a prononc\u00e9 sa \u00abderni\u00e8re conf\u00e9rence\u00bb \u00e0 Carnegie Mellon en septembre 2007. Sa conf\u00e9rence a \u00e9t\u00e9 structur\u00e9e autour de la question hypoth\u00e9tique: \u00abQuelle sagesse essaieriez-vous de transmettre au monde si vous <span class=\"\">Savait que c&#8217;\u00e9tait votre derni\u00e8re chance? &#8220;Le livre expose les id\u00e9es pr\u00e9sent\u00e9es dans la derni\u00e8re conf\u00e9rence et a \u00e9t\u00e9 co-\u00e9crit et approuv\u00e9 par Pausch avant sa mort.<\/span><\/span><\/p>\n<\/div>\n<div class=\"content-list-component mt-paragraph text\">\n<p><a href=\"http:\/\/goo.gl\/6JErcY\" target=\"_blank\" rel=\"nofollow noopener\" data-beacon=\"{&quot;p&quot;:{&quot;mnid&quot;:&quot;entry_text&quot;,&quot;lnid&quot;:&quot;citation&quot;,&quot;mpid&quot;:7,&quot;plid&quot;:&quot;http:\/\/goo.gl\/6JErcY&quot;}}\">To Kill a Mockingbird<\/a><\/p>\n<p style=\"padding-left: 30px;\"><span id=\"result_box\" class=\"\" lang=\"fr\"><span class=\"\">Pour dire simplement, Atticus Finch est l&#8217;un des meilleurs personnages les plus nobles jamais \u00e9crits.<\/span><\/span><\/p>\n<\/div>\n<div class=\"content-list-component mt-paragraph text\">\n<p><a href=\"http:\/\/goo.gl\/O0IpwU\" target=\"_blank\" rel=\"nofollow noopener\" data-beacon=\"{&quot;p&quot;:{&quot;mnid&quot;:&quot;entry_text&quot;,&quot;lnid&quot;:&quot;citation&quot;,&quot;mpid&quot;:8,&quot;plid&quot;:&quot;http:\/\/goo.gl\/O0IpwU&quot;}}\">The Road Less Traveled<\/a><\/p>\n<p style=\"padding-left: 30px;\">Par M. Scott Peck &#8211; O\u00f9 commencez-vous? Ce livre est honn\u00eatement l&#8217;un de mes livres pr\u00e9f\u00e9r\u00e9s absolus de tous les temps. Il est emball\u00e9 avec une vision incroyable et des solutions pour affronter et r\u00e9soudre certains des plus grands probl\u00e8mes de la vie.<\/p>\n<\/div>\n<div class=\"content-list-component mt-paragraph text\">\n<p><a href=\"http:\/\/goo.gl\/e2VJQf\" target=\"_blank\" rel=\"nofollow noopener\" data-beacon=\"{&quot;p&quot;:{&quot;mnid&quot;:&quot;entry_text&quot;,&quot;lnid&quot;:&quot;citation&quot;,&quot;mpid&quot;:9,&quot;plid&quot;:&quot;http:\/\/goo.gl\/e2VJQf&quot;}}\">Don\u2019t Sweat the Small Stuff<\/a><\/p>\n<p style=\"padding-left: 30px;\">Par Richard Carlson &#8211; Ce livre vous aide \u00e0 surmonter &#8220;les petites choses&#8221; qui peuvent vous rendre fou. Il est rempli de suggestions favorables et r\u00e9fl\u00e9chies sur la fa\u00e7on de vivre une vie plus paisible.<\/p>\n<\/div>\n<div class=\"content-list-component mt-paragraph text\">\n<p><a href=\"http:\/\/goo.gl\/ukQHtW\" target=\"_blank\" rel=\"nofollow noopener\" data-beacon=\"{&quot;p&quot;:{&quot;mnid&quot;:&quot;entry_text&quot;,&quot;lnid&quot;:&quot;citation&quot;,&quot;mpid&quot;:10,&quot;plid&quot;:&quot;http:\/\/goo.gl\/ukQHtW&quot;}}\">The Seven Paths<\/a><\/p>\n<p style=\"padding-left: 30px;\">Par la Fondation Anasazi &#8211; Cette histoire po\u00e9tique et \u00e9vocatrice pr\u00e9sente les m\u00e9ditations d&#8217;un ancien tribus anasazi qui apprend que le point de la promenade de la vie est la fa\u00e7on dont on se d\u00e9place dans le c\u0153ur. Il parcourt sept chemins, chacun enseignant une le\u00e7on symbolis\u00e9e par un \u00e9l\u00e9ment du monde naturel: la lumi\u00e8re, le vent, l&#8217;eau, la pierre, les plantes, les animaux et enfin l&#8217;unit\u00e9 de tous les \u00eatres avec le Cr\u00e9ateur.<\/p>\n<\/div>\n<div class=\"content-list-component mt-paragraph text\">\n<p><a href=\"http:\/\/goo.gl\/hWXY25\" target=\"_blank\" rel=\"nofollow noopener\" data-beacon=\"{&quot;p&quot;:{&quot;mnid&quot;:&quot;entry_text&quot;,&quot;lnid&quot;:&quot;citation&quot;,&quot;mpid&quot;:11,&quot;plid&quot;:&quot;http:\/\/goo.gl\/hWXY25&quot;}}\">The Secret<\/a><\/p>\n<p style=\"padding-left: 30px;\">Par Rhonda Byrne &#8211; Dans ce livre best-seller, diverses personnes partagent leur vision et leur exp\u00e9rience avec &#8220;The Secret&#8221; (la loi de l&#8217;attraction). Bien que ce livre puisse \u00eatre un peu mystique, il est tr\u00e8s utile d&#8217;expliquer comment nos perspectives mentales peuvent affecter tous les domaines de nos vies (pour vos types d&#8217;affaires, je recommande \u00e9galement Think and Grow Rich par Napoleon Hill).<\/p>\n<\/div>\n<div class=\"content-list-component mt-paragraph text\">\n<p><a href=\"http:\/\/goo.gl\/BbXxwG\" target=\"_blank\" rel=\"nofollow noopener\" data-beacon=\"{&quot;p&quot;:{&quot;mnid&quot;:&quot;entry_text&quot;,&quot;lnid&quot;:&quot;citation&quot;,&quot;mpid&quot;:13,&quot;plid&quot;:&quot;http:\/\/goo.gl\/BbXxwG&quot;}}\">7 Habits of Highly Effective\u00a0People<\/a><\/p>\n<p style=\"padding-left: 30px;\">Par Steven Covey &#8211; Ce livre est constamment list\u00e9 comme l&#8217;un des livres les plus inspirants jamais \u00e9crits et a vendu plus de 15 millions d&#8217;exemplaires dans le monde entier.<\/p>\n<\/div>\n<div class=\"content-list-component mt-paragraph text\">\n<p><a href=\"http:\/\/goo.gl\/0Hk31v\" target=\"_blank\" rel=\"nofollow noopener\" data-beacon=\"{&quot;p&quot;:{&quot;mnid&quot;:&quot;entry_text&quot;,&quot;lnid&quot;:&quot;citation&quot;,&quot;mpid&quot;:14,&quot;plid&quot;:&quot;http:\/\/goo.gl\/0Hk31v&quot;}}\">The Chronicles of Narnia<\/a><\/p>\n<p style=\"padding-left: 30px;\">Par C. S. Lewis &#8211; Si vous souhaitez lire une fiction plus inspirante, consultez ces classiques par C. S. Lewis. Non seulement ils sont divertissants, mais ils sont aussi remplis d&#8217;une sagesse intemporelle sur la d\u00e9pendance, le p\u00e9ch\u00e9, la culpabilit\u00e9 et la nature de l&#8217;homme.<\/p>\n<\/div>\n<div class=\"content-list-component mt-paragraph text\">\n<p><a href=\"http:\/\/goo.gl\/9qKFdA\" target=\"_blank\" rel=\"nofollow noopener\" data-beacon=\"{&quot;p&quot;:{&quot;mnid&quot;:&quot;entry_text&quot;,&quot;lnid&quot;:&quot;citation&quot;,&quot;mpid&quot;:15,&quot;plid&quot;:&quot;http:\/\/goo.gl\/9qKFdA&quot;}}\">How to Win Friends and Influence People<\/a><\/p>\n<p style=\"padding-left: 30px;\">Par Dale Carnegie &#8211; Je suis une personne assez introvertie, alors je ne m&#8217;arr\u00eate pas de rencontrer de nouvelles personnes. Mais ce livre fournit des conseils g\u00e9n\u00e9raux et pratiques sur le travail et l&#8217;aide aux personnes. Je suis un grand croyant en trouver le bonheur.<\/p>\n<\/div>\n<div class=\"content-list-component mt-paragraph text\">\n<p><a href=\"http:\/\/goo.gl\/D6YhB4\" target=\"_blank\" rel=\"nofollow noopener\" data-beacon=\"{&quot;p&quot;:{&quot;mnid&quot;:&quot;entry_text&quot;,&quot;lnid&quot;:&quot;citation&quot;,&quot;mpid&quot;:17,&quot;plid&quot;:&quot;http:\/\/goo.gl\/D6YhB4&quot;}}\">The Great Divorce<\/a><\/p>\n<p style=\"padding-left: 30px;\">Par C. S. Lewis &#8211; Dans cette histoire all\u00e9gorique, un bus de p\u00e9cheurs laisse les profondeurs de l&#8217;enfer pour voir comment ce ciel pourrait \u00eatre. Quand ils arrivent, on leur dit qu&#8217;ils peuvent rester au paradis s&#8217;ils peuvent abandonner les p\u00e9ch\u00e9s qui les retiennent. \u00c0 travers une s\u00e9rie de personnages qui luttent avec diff\u00e9rents vices, C. S. Lewis illustre magistralement que, le plus souvent, nous sommes les choses m\u00eames qui nous retient.<\/p>\n<\/div>\n<div class=\"content-list-component mt-paragraph text\">\n<p><a href=\"http:\/\/goo.gl\/VQ1h36\" target=\"_blank\" rel=\"nofollow noopener\" data-beacon=\"{&quot;p&quot;:{&quot;mnid&quot;:&quot;entry_text&quot;,&quot;lnid&quot;:&quot;citation&quot;,&quot;mpid&quot;:18,&quot;plid&quot;:&quot;http:\/\/goo.gl\/VQ1h36&quot;}}\">The Book Thief<\/a><\/p>\n<p style=\"padding-left: 30px;\">Par Markus Zusak &#8211; Je ne sais m\u00eame pas comment d\u00e9crire ce livre. C&#8217;est beau, d\u00e9chirant, mais tr\u00e8s r\u00e9confortant, tout en m\u00eame temps. Il raconte l&#8217;histoire d&#8217;une petite fille qui grandit en Allemagne pendant la Seconde Guerre mondiale.<\/p>\n<\/div>\n<div class=\"content-list-component mt-paragraph text\">\n<p><a href=\"http:\/\/goo.gl\/6jzIO0\" target=\"_blank\" rel=\"nofollow noopener\" data-beacon=\"{&quot;p&quot;:{&quot;mnid&quot;:&quot;entry_text&quot;,&quot;lnid&quot;:&quot;citation&quot;,&quot;mpid&quot;:19,&quot;plid&quot;:&quot;http:\/\/goo.gl\/6jzIO0&quot;}}\">The Shack<\/a><\/p>\n<p style=\"padding-left: 30px;\">Par William P. Young &#8211; Apr\u00e8s que sa plus jeune fille soit assassin\u00e9e par un tueur en s\u00e9rie, Mackenzie Allen Phillips re\u00e7oit une note myst\u00e9rieuse &#8211; apparemment de Dieu &#8211; lui disant de revenir \u00e0 \u00abla cabane\u00bb, la sc\u00e8ne du crime. Ce qui se passe ensuite, c&#8217;est un voyage spirituel d&#8217;amour et de pardon qui change pour toujours sa vie. &#8220;<\/p>\n<\/div>\n<div class=\"content-list-component mt-paragraph text\">\n<p><a href=\"http:\/\/goo.gl\/DHNIfI\" target=\"_blank\" rel=\"nofollow noopener\" data-beacon=\"{&quot;p&quot;:{&quot;mnid&quot;:&quot;entry_text&quot;,&quot;lnid&quot;:&quot;citation&quot;,&quot;mpid&quot;:20,&quot;plid&quot;:&quot;http:\/\/goo.gl\/DHNIfI&quot;}}\">The Book of Virtues<\/a><\/p>\n<p style=\"padding-left: 30px;\">Par William J. Bennett &#8211; Ce livre est une collection massive de quelques-unes des plus grandes histoires jamais racont\u00e9es. J&#8217;ai effectivement une copie de celui-ci au coin de mon bureau maintenant, une des histoires de ce livre a chang\u00e9 ma vie.<\/p>\n<\/div>\n","protected":false},"excerpt":{"rendered":"<p>Vous trouverez ci-dessous vingt livres qui changent la vie. \u00c0 moins que vous ne soyez d\u00e9termin\u00e9 \u00e0 \u00eatre mis\u00e9rable (ce qui, \u00e9trangement, certains sont), ces livres changeront votre vie pour le mieux. Cliquez sur les titres pour commander une copie pour vous-m\u00eame, puis marquez-les et mettez-les en pratique. Les livres ci-dessous sont des applications anglaises [&hellip;]<\/p>\n","protected":false},"author":2,"featured_media":0,"parent":687,"menu_order":0,"comment_status":"closed","ping_status":"closed","template":"","meta":{"_exactmetrics_skip_tracking":false,"_exactmetrics_sitenote_active":false,"_exactmetrics_sitenote_note":"","_exactmetrics_sitenote_category":0,"_links_to":"","_links_to_target":""},"_links":{"self":[{"href":"https:\/\/thelifelinecanada.ca\/fr\/wp-json\/wp\/v2\/pages\/287"}],"collection":[{"href":"https:\/\/thelifelinecanada.ca\/fr\/wp-json\/wp\/v2\/pages"}],"about":[{"href":"https:\/\/thelifelinecanada.ca\/fr\/wp-json\/wp\/v2\/types\/page"}],"author":[{"embeddable":true,"href":"https:\/\/thelifelinecanada.ca\/fr\/wp-json\/wp\/v2\/users\/2"}],"replies":[{"embeddable":true,"href":"https:\/\/thelifelinecanada.ca\/fr\/wp-json\/wp\/v2\/comments?post=287"}],"version-history":[{"count":12,"href":"https:\/\/thelifelinecanada.ca\/fr\/wp-json\/wp\/v2\/pages\/287\/revisions"}],"predecessor-version":[{"id":3860,"href":"https:\/\/thelifelinecanada.ca\/fr\/wp-json\/wp\/v2\/pages\/287\/revisions\/3860"}],"up":[{"embeddable":true,"href":"https:\/\/thelifelinecanada.ca\/fr\/wp-json\/wp\/v2\/pages\/687"}],"wp:attachment":[{"href":"https:\/\/thelifelinecanada.ca\/fr\/wp-json\/wp\/v2\/media?parent=287"}],"curies":[{"name":"wp","href":"https:\/\/api.w.org\/{rel}","templated":true}]}}