{"id":2856,"date":"2016-12-19T18:23:50","date_gmt":"2016-12-20T02:23:50","guid":{"rendered":"https:\/\/thelifelinecanada.ca\/fr\/?page_id=2856"},"modified":"2021-06-12T13:24:28","modified_gmt":"2021-06-12T20:24:28","slug":"workplaceemployers","status":"publish","type":"page","link":"https:\/\/thelifelinecanada.ca\/fr\/workplaceemployers\/","title":{"rendered":"Les Employeurs"},"content":{"rendered":"<p align=\"LEFT\"><a name=\"result_box56\"><\/a> <span style=\"font-size: medium;\"><span lang=\"fr-FR\"><b>Sant\u00e9 mentale au milieu de travail: comment les employeurs peuvent cr\u00e9er des milieux de travail sains et aider les employ\u00e9s \u00e0 se r\u00e9tablir de la maladie mentale<\/b><\/span><\/span><\/p>\n<p><em>Par <a href=\"https:\/\/troubleshumeur.ca\/\" target=\"_blank\" rel=\"noopener\">la Soci\u00e9t\u00e9 des troubles de l&#8217;humeur du Canada<\/a><\/em><br \/>\n<em> T\u00e9l\u00e9charger le guide gratuit en anglais de sant\u00e9 mentale en milieu de travail: <a href=\"https:\/\/thelifelinecanada.ca\/wp-content\/uploads\/2016\/12\/WorkplaceHealth_En.pdf\" target=\"_blank\" rel=\"noopener\">Workplace Mental Health Guide<\/a><\/em><\/p>\n<p>La sant\u00e9 mentale au milieu de travail suit l&#8217;introduction de la Norme nationale sur la sant\u00e9 et la s\u00e9curit\u00e9 psychologiques par la Commission de la sant\u00e9 mentale du Canada. La norme est la premi\u00e8re du genre dans le monde. Ce manuel offre aux employeurs une approche \u00e9tape par \u00e9tape pour l&#8217;adoption de la norme. En r\u00e9sumant \u00e0 la fois la norme et le guide d&#8217;action publi\u00e9 plus t\u00f4t par la Commission de la sant\u00e9 mentale du Canada, la Soci\u00e9t\u00e9 des troubles de l&#8217;humeur du Canada a cr\u00e9\u00e9 pour les employeurs une ressource accessible pour apporter des changements positifs dans leur milieu de travail. -ligne.<\/p>\n<p>Cette importante ressource n&#8217;aurait pu \u00eatre d\u00e9velopp\u00e9e, imprim\u00e9e et distribu\u00e9e sans les subventions de Lundbeck Canada et Eli Lilly Canada. Nous les remercions pour leur soutien. Nous remercions \u00e9galement la Dre Barbara Everett d&#8217;avoir aid\u00e9 \u00e0 la recherche et \u00e0 l&#8217;\u00e9criture de ce manuel ainsi qu&#8217;aux membres de notre comit\u00e9 consultatif ainsi qu&#8217;\u00e0 tous ceux qui ont consacr\u00e9 leur temps et leurs efforts \u00e0 ce projet.<\/p>\n<p>La sant\u00e9 mentale au milieu de travail encouragera la discussion et le dialogue dans votre lieu de travail. La maladie mentale touche tous les Canadiens. Le message g\u00e9n\u00e9ral que la Soci\u00e9t\u00e9 des troubles de l&#8217;humeur du Canada veut transmettre dans tous ses travaux est que le r\u00e9tablissement de la maladie mentale est possible.<\/p>\n<p><em>Par <a href=\"https:\/\/troubleshumeur.ca\" target=\"_blank\" rel=\"noopener\">la Soci\u00e9t\u00e9 des troubles de l&#8217;humeur du Canada<\/a><\/em><br \/>\n<em> T\u00e9l\u00e9charger le guide gratuit en anglais de sant\u00e9 mentale en milieu de travail <span lang=\"fr-FR\">: <a href=\"https:\/\/thelifelinecanada.ca\/wp-content\/uploads\/2016\/12\/WorkplaceHealth_En.pdf\" target=\"_blank\" rel=\"noopener\">Workplace Mental Health Guide<\/a><\/span><\/em><\/p>\n<p>&nbsp;<\/p>\n<p lang=\"fr-FR\" align=\"LEFT\"><span style=\"font-family: Georgia,serif;\"><span style=\"font-size: medium;\"><b>Plus de ressources<\/b><\/span><\/span><\/p>\n<ul>\n<li><span style=\"font-size: medium;\"><a href=\"http:\/\/www.e-rh.org\/dz-ias-reference-rh\/IAS-CHAUDAT-RH.pdf\" target=\"_blank\" rel=\"noopener\"><span style=\"font-family: Georgia,serif;\"><span lang=\"fr-FR\">Le suicide<\/span>: les lourdes responsabilit\u00e9s et les cons\u00e9quences pour l\u2019employeur fran\u00e7ais.:\u00a0<\/span><\/a><\/span><span style=\"font-family: Georgia,serif;\"><span style=\"font-size: medium;\">L\u2019int\u00e9r\u00eat d\u2019une fonction RH socialement responsible par Pierre Chaudat<\/span><\/span><\/li>\n<li><span style=\"font-size: medium;\"><a href=\"http:\/\/www.regionautravail.com\/media\/other\/15998--i624.pdf\" target=\"_blank\" rel=\"noopener\"><span style=\"font-family: Georgia,serif;\">Le suicide et les facteurs de risque en milieu de travail: r\u00e9gion au travail.com<\/span><\/a><\/span>: Cet article se veut un moment de r\u00e9flexion sur les liens pouvant exister entre le suicide et le milieu de travail. Car ce qui m\u00e8ne au suicide est rarement simple et g\u00e9n\u00e9ralisable. Habituellement, le suicide n\u2019est pas caus\u00e9 par un facteur unique ou un seul \u00e9v\u00e9nement.<br \/>\nC\u2019est plut\u00f4t l\u2019accumulation et l\u2019interaction de plusieurs \u00e9l\u00e9ments dans une p\u00e9riode pr\u00e9cise de la vie d\u2019un individu qui l\u2019am\u00e8nent \u00e0 vivre une d\u00e9tresse telle\u00a0 qu\u2019il envisage de mettre fin \u00e0 ses jours comme solution pour arr\u00eater de souffrir.<\/li>\n<\/ul>\n<p>&nbsp;<\/p>\n<p>&nbsp;<\/p>\n","protected":false},"excerpt":{"rendered":"<p>Sant\u00e9 mentale au milieu de travail: comment les employeurs peuvent cr\u00e9er des milieux de travail sains et aider les employ\u00e9s \u00e0 se r\u00e9tablir de la maladie mentale Par la Soci\u00e9t\u00e9 des troubles de l&#8217;humeur du Canada T\u00e9l\u00e9charger le guide gratuit en anglais de sant\u00e9 mentale en milieu de travail: Workplace Mental Health Guide La sant\u00e9 [&hellip;]<\/p>\n","protected":false},"author":2,"featured_media":0,"parent":0,"menu_order":0,"comment_status":"closed","ping_status":"closed","template":"","meta":{"_exactmetrics_skip_tracking":false,"_exactmetrics_sitenote_active":false,"_exactmetrics_sitenote_note":"","_exactmetrics_sitenote_category":0,"_links_to":"","_links_to_target":""},"_links":{"self":[{"href":"https:\/\/thelifelinecanada.ca\/fr\/wp-json\/wp\/v2\/pages\/2856"}],"collection":[{"href":"https:\/\/thelifelinecanada.ca\/fr\/wp-json\/wp\/v2\/pages"}],"about":[{"href":"https:\/\/thelifelinecanada.ca\/fr\/wp-json\/wp\/v2\/types\/page"}],"author":[{"embeddable":true,"href":"https:\/\/thelifelinecanada.ca\/fr\/wp-json\/wp\/v2\/users\/2"}],"replies":[{"embeddable":true,"href":"https:\/\/thelifelinecanada.ca\/fr\/wp-json\/wp\/v2\/comments?post=2856"}],"version-history":[{"count":11,"href":"https:\/\/thelifelinecanada.ca\/fr\/wp-json\/wp\/v2\/pages\/2856\/revisions"}],"predecessor-version":[{"id":3857,"href":"https:\/\/thelifelinecanada.ca\/fr\/wp-json\/wp\/v2\/pages\/2856\/revisions\/3857"}],"wp:attachment":[{"href":"https:\/\/thelifelinecanada.ca\/fr\/wp-json\/wp\/v2\/media?parent=2856"}],"curies":[{"name":"wp","href":"https:\/\/api.w.org\/{rel}","templated":true}]}}