{"id":283,"date":"2016-09-24T20:11:01","date_gmt":"2016-09-25T03:11:01","guid":{"rendered":"https:\/\/thelifelinecanada.ca\/fr\/?page_id=283"},"modified":"2021-06-12T12:51:53","modified_gmt":"2021-06-12T19:51:53","slug":"self-management","status":"publish","type":"page","link":"https:\/\/thelifelinecanada.ca\/fr\/pattern-interrupt\/self-management\/","title":{"rendered":"La Gestion De Soi"},"content":{"rendered":"<p align=\"LEFT\"><strong>Les ressources ci-dessous sont anglaises avec des descriptions en fran\u00e7ais<\/strong><\/p>\n<p style=\"text-align: justify;\" align=\"LEFT\"><span style=\"font-size: medium;\"><span lang=\"fr-FR\"><a href=\"http:\/\/www.metanoia.org\/suicide\/\" target=\"_blank\" rel=\"noopener noreferrer\">Suicide\u2026read this first<\/a>: Suicide &#8230; lire ceci en premier<\/span><span lang=\"fr-FR\"><br \/>\nLa page web originale \u00e9crite par Martha Ainsworth. Un classique de la pr\u00e9vention du suicide, ce simple essai a sauv\u00e9 des vies sur Internet depuis 1995. Aussi puissant aujourd&#8217;hui comme quand il a \u00e9t\u00e9 cr\u00e9\u00e9 pour la premi\u00e8re fois.<\/span><\/span><\/p>\n<p><span lang=\"fr-FR\"><a href=\"http:\/\/www.b-free.ca\/\" target=\"_blank\" rel=\"noopener noreferrer\">B-free.ca<\/a><br \/>\nUne bonne ressource Web et une ligne d&#8217;aide canadienne pour les jeunes sur la fa\u00e7on de traiter l&#8217;intimidation.<\/span><\/p>\n<p><span lang=\"fr-FR\"><a href=\"http:\/\/www.howibeatdepression.com\/bullying-and-depression\/\" target=\"_blank\" rel=\"nofollow noopener noreferrer\">Bullying and Depression<\/a>: L&#8217;intimidation et la d\u00e9pression<\/span><span lang=\"fr-FR\"><br \/>\nHistoires, faccts et comment battre la d\u00e9pression.<\/span><\/p>\n<p><span lang=\"fr-FR\"><a href=\"http:\/\/www.crisiscentre.bc.ca\/get-help\/coping-and-self-care\/\" target=\"_blank\" rel=\"nofollow noopener noreferrer\">Coping &amp; Self-Care<\/a>: Faire face et se soigner<\/span><span lang=\"fr-FR\"><br \/>\nIl ya beaucoup de choses que vous pouvez faire pour aider \u00e0 r\u00e9duire vos sentiments de stress et de douleur \u00e9motionnelle. Cette section sur les strat\u00e9gies d&#8217;adaptation et de traitement du stress vous sera utile.<\/span><\/p>\n<p><span lang=\"fr-FR\"><a href=\"https:\/\/thelifelinecanada.ca\/need-help\/coping-with-suicidal-thoughts\/\" target=\"_blank\" rel=\"nofollow noopener noreferrer\">Coping With Suicidal Thoughts<\/a>: Faire face aux pens\u00e9es suicidaires<\/span><span lang=\"fr-FR\"><br \/>\nFaire face \u00e0 des pens\u00e9es suicidaires est destin\u00e9 aux personnes qui sont actuellement l&#8217;id\u00e9e de suicide et \/ ou ont eu un plan ou fait une tentative de se blesser.<\/span><\/p>\n<p><a href=\"https:\/\/assist.ehubhealth.com\/self\/\" target=\"_blank\" rel=\"noopener noreferrer\">E-hub<\/a><span lang=\"fr-FR\"><br \/>\nUn portail Web \u00e0 une suite d&#8217;outils et de ressources, y compris la psychoth\u00e9rapie CBT avec MoodGym et e-couch, informations sur la d\u00e9pression, un r\u00e9pertoire de services Web \u00e9valu\u00e9s par les utilisateurs et plus encore. Inclut un forum mod\u00e9r\u00e9 de support par les pairs et des services de discussion sans crise.<\/span><\/p>\n<p><span lang=\"fr-FR\"><a href=\"http:\/\/getselfhelp.co.uk\/suicidal.htm\" target=\"_blank\" rel=\"nofollow noopener noreferrer\">Get Self-Help \u2013 Coping with Suicidal Thoughts:\u00a0<\/a> Obtenir de l&#8217;entraide &#8211; Faire face aux pens\u00e9es suicidaires<\/span><span lang=\"fr-FR\"><br \/>\nCe site Web fournit des ressources d&#8217;auto-assistance et de th\u00e9rapie de la TCC, y compris des fiches de travail et des fiches d&#8217;information et des mp3 d&#8217;auto-assistance7<\/span><\/p>\n<p><span lang=\"fr-FR\"><a href=\"http:\/\/www.nowmattersnow.org\" target=\"_blank\" rel=\"nofollow noopener noreferrer\">NowMattersNow<\/a><br \/>\nNous proposons ici des strat\u00e9gies pour survivre et construire des vies plus g\u00e9rables et significatives.<\/span><\/p>\n<p><span lang=\"fr-FR\"><a href=\"http:\/\/thereasons.ca\/\" target=\"_blank\" rel=\"noopener noreferrer\">Reasons to go on Living<\/a>: Raisons de continuer \u00e0 vivre<\/span><span lang=\"fr-FR\"><br \/>\nProjet de recherche canadien archivant des histoires de tentative de suicide ainsi que la raison pour laquelle le survivant est maintenant heureux d&#8217;\u00eatre en vie<\/span><\/p>\n<p><span lang=\"fr-FR\"><a href=\"https:\/\/grassrootstrainingcic.blogspot.co.uk\/2013\/04\/reasons-for-staying-alive-when-you-are.html\" target=\"_blank\" rel=\"nofollow noopener noreferrer\">Reasons for staying alive when you are considering suicide<\/a>; Raisons pour rester en vie quand vous envisagez le suicide<\/span><span lang=\"fr-FR\"><br \/>\nLes raisons de base pour rester en vie quand vous envisagez de suicide.<\/span><\/p>\n<p><span lang=\"fr-FR\"><a href=\"http:\/\/www.heretohelp.bc.ca\/self-help-resources\" target=\"_blank\" rel=\"nofollow noopener noreferrer\">Self-help Resources<\/a>; Ressources d&#8217;auto-assistance<\/span><span lang=\"fr-FR\"><br \/>\nInfo sur la sant\u00e9 mentale en 11 langues<\/span><\/p>\n<p><span lang=\"fr-FR\"><a href=\"http:\/\/www.helpguide.org\/articles\/suicide-prevention\/suicide-help-dealing-with-your-suicidal-thoughts-and-feelings.htm\" target=\"_blank\" rel=\"nofollow noopener noreferrer\">Suicide Help: Dealing with Suicidal Thoughts &amp; Feelings<\/a>:\u00a0 Comment traiter les pens\u00e9es suicidaires et les sentiments<\/span><span lang=\"fr-FR\"><br \/>\nComment traiter les pens\u00e9es suicidaires et les sentiments et surmonter la douleur<\/span><\/p>\n<p><span lang=\"fr-FR\"><a href=\"http:\/\/www.wellnessworkshop.ie\/\" target=\"_blank\" rel=\"nofollow noopener noreferrer\">Wellness Workshop<\/a>; Atelier de bien-\u00eatre<\/span><span lang=\"fr-FR\"><br \/>\nL&#8217;atelier de bien-\u00eatre en ligne est une ressource pour vous aider dans votre voyage personnel vers la sant\u00e9 mentale. L&#8217;atelier s&#8217;adresse \u00e0 tous et il est con\u00e7u pour vous donner des outils pour am\u00e9liorer votre bien-\u00eatre mental et pour maintenir votre bien-\u00eatre.<\/span><\/p>\n","protected":false},"excerpt":{"rendered":"<p>Les ressources ci-dessous sont anglaises avec des descriptions en fran\u00e7ais Suicide\u2026read this first: Suicide &#8230; lire ceci en premier La page web originale \u00e9crite par Martha Ainsworth. Un classique de la pr\u00e9vention du suicide, ce simple essai a sauv\u00e9 des vies sur Internet depuis 1995. Aussi puissant aujourd&#8217;hui comme quand il a \u00e9t\u00e9 cr\u00e9\u00e9 pour [&hellip;]<\/p>\n","protected":false},"author":2,"featured_media":0,"parent":687,"menu_order":0,"comment_status":"closed","ping_status":"closed","template":"","meta":{"_exactmetrics_skip_tracking":false,"_exactmetrics_sitenote_active":false,"_exactmetrics_sitenote_note":"","_exactmetrics_sitenote_category":0,"_links_to":"","_links_to_target":""},"_links":{"self":[{"href":"https:\/\/thelifelinecanada.ca\/fr\/wp-json\/wp\/v2\/pages\/283"}],"collection":[{"href":"https:\/\/thelifelinecanada.ca\/fr\/wp-json\/wp\/v2\/pages"}],"about":[{"href":"https:\/\/thelifelinecanada.ca\/fr\/wp-json\/wp\/v2\/types\/page"}],"author":[{"embeddable":true,"href":"https:\/\/thelifelinecanada.ca\/fr\/wp-json\/wp\/v2\/users\/2"}],"replies":[{"embeddable":true,"href":"https:\/\/thelifelinecanada.ca\/fr\/wp-json\/wp\/v2\/comments?post=283"}],"version-history":[{"count":19,"href":"https:\/\/thelifelinecanada.ca\/fr\/wp-json\/wp\/v2\/pages\/283\/revisions"}],"predecessor-version":[{"id":3843,"href":"https:\/\/thelifelinecanada.ca\/fr\/wp-json\/wp\/v2\/pages\/283\/revisions\/3843"}],"up":[{"embeddable":true,"href":"https:\/\/thelifelinecanada.ca\/fr\/wp-json\/wp\/v2\/pages\/687"}],"wp:attachment":[{"href":"https:\/\/thelifelinecanada.ca\/fr\/wp-json\/wp\/v2\/media?parent=283"}],"curies":[{"name":"wp","href":"https:\/\/api.w.org\/{rel}","templated":true}]}}