{"id":28,"date":"2016-09-19T21:37:00","date_gmt":"2016-09-20T04:37:00","guid":{"rendered":"https:\/\/thelifelinecanada.ca\/fr\/?page_id=28"},"modified":"2021-02-17T09:23:37","modified_gmt":"2021-02-17T17:23:37","slug":"coping-with-suicidal-thoughts","status":"publish","type":"page","link":"https:\/\/thelifelinecanada.ca\/fr\/help\/coping-with-suicidal-thoughts\/","title":{"rendered":"Faire Face Aux Pens\u00e9es Suicidaires"},"content":{"rendered":"<p style=\"text-align: justify;\" align=\"LEFT\"><span style=\"font-size: medium;\"><span lang=\"fr-FR\">Les pens\u00e9es suicidaires peuvent se produire lorsque les sentiments de d\u00e9sespoir et d&#8217;isolement deviennent trop puissant. Vous pourriez sentir tellement accabl\u00e9 de douleur que le suicide semble \u00eatre le seul moyen de vous lib\u00e9rer du fardeau que vous avez port\u00e9. Mais sachez qu&#8217;il ya de l&#8217;aide disponible pour faire face \u00e0 vos sentiments. Contact un professionnel de la sant\u00e9 mentale qui peut vous aider \u00e0 gu\u00e9rir et \u00e0 \u00e9prouver la joie et le bonheur \u00e0 nouveau.<\/span><\/span><span style=\"font-size: medium;\"><span lang=\"fr-FR\"><br \/>\n<\/span><\/span><b><\/b><\/p>\n<p style=\"text-align: justify;\" align=\"LEFT\"><span style=\"font-size: medium;\"><span lang=\"fr-FR\"><b>Faire face aux pens\u00e9es suicidaires<\/b><\/span><\/span><\/p>\n<p><em>T\u00e9l\u00e9charger gratuitement: <a href=\"https:\/\/thelifelinecanada.ca\/fr\/wp-content\/uploads\/2016\/09\/Faire-Face-\u00e0-des-Pens\u00e9es-Suicidaires-Coping-With-Suicidal-Thoughts.xps\">Faire Face \u00e0 des Pens\u00e9es Suicidaires &#8211; Coping With Suicidal Thoughts<\/a><\/em><\/p>\n<p>\u00c9crit par Dr. Joti Samra, R.Psych. Et le Dr Dan Bilsker, R.Psych. (Auteurs principaux), Consortium pour la sant\u00e9 mentale organisationnelle (COMH; www.comh.ca), Facult\u00e9 des sciences de la sant\u00e9, Universit\u00e9 Simon Fraser, Vancouver, C.-B.<br \/>\n<b><\/b><\/p>\n<p>________________________________________________________________________________<\/p>\n<p style=\"text-align: justify;\" align=\"LEFT\"><span style=\"font-size: medium;\"><span lang=\"fr-FR\"><b>Je pense s\u00e9rieusement au suicide. Que devrais-je faire?<br \/>\n_________________________________________________________________________<\/b><\/span><\/span><\/p>\n<p><span style=\"font-size: medium;\"><strong><span lang=\"fr-FR\">Suggestions Pratiques<\/span><\/strong><span lang=\"fr-FR\"><br \/>\n<\/span><\/span><\/p>\n<p style=\"text-align: justify;\" align=\"LEFT\"><span style=\"font-size: medium;\"><span lang=\"fr-FR\">Si vous avez des penser suicidaires, vous n&#8217;\u00eates pas seul. Beaucoup de gens ont des pens\u00e9es suicidaire, pour un nombre de raisons. Les pens\u00e9es suicidaires peuvent \u00eatre tr\u00e8s effrayantes. Vous vous sentez probablement bless\u00e9, confus, accabl\u00e9 et sans espoir pour votre avenir. Vous pouvez ressentir de la tristesse, du chagrin, de la col\u00e8re, de la culpabilit\u00e9, de la honte ou du vide. Vous pouvez penser que rien ne peut \u00eatre fait pour changer votre situation. Vos sentiments peuvent sembler comme ils peuvent pas \u00eatre manipuler. Il est important de qu&#8217;ont sache que penser au suicide ne signifie pas que vous allez perdre le contr\u00f4le ou agir sur ces pens\u00e9es. Ayant des pens\u00e9es suicidaire ne signifie pas que vous \u00eates faible, ou \u00abfou\u00bb. Beaucoup de gens pensent au suicide parce qu&#8217;ils cherchent un moyen d&#8217;\u00e9chapper \u00a0la douleur qu&#8217;ils ressentent.<br \/>\nM\u00eame si votre situation semble d\u00e9sesp\u00e9r\u00e9e et vous vous demandez si vous pouvez vivre une autre minute de sentir si mauvais. Il existe des moyens de passer \u00e0 travers cette situation et se sentir mieux. Vous n&#8217;avez pas \u00e0 faire face \u00e0 cette situation seule. L&#8217;aide est disponible. Voici quelques id\u00e9es que vous pouvez utiliser en ce moment.<br \/>\n<\/span><\/span><\/p>\n<table border=\"1\" width=\"100%\" cellspacing=\"0\" cellpadding=\"4\">\n<colgroup>\n<col width=\"256*\" \/> <\/colgroup>\n<tbody>\n<tr>\n<td valign=\"TOP\" width=\"100%\">\n<p align=\"LEFT\"><span style=\"font-size: medium;\"><span lang=\"fr-FR\">Communiquez avec d&#8217;autres personnes: Si vous \u00eates peur\u00a0de perdre le contr\u00f4le ou de faire quelque chose qui peut vous blesser, parle \u00e0 quelqu&#8217;un. Assurez-vous que vous \u00eates avec quelqu&#8217;un que vous avez confiance. Si vous vivez seul, demandez \u00e0 un ami ou un membre de la famille de rester avec vous. Si vous ne connaissez personne ou ne pouvez pas atteindre vos amis ou membres de votre famille, appelez votre ligne de crise locale.<\/span><\/span><\/p>\n<p>Gardez votre maison en s\u00e9curit\u00e9 en vous d\u00e9barrassant des moyens de vous blesser: Il est important de se d\u00e9barrasser des choses qui pourraient \u00eatre utilis\u00e9es pour vous blesser ou vous tuer, comme des pilules, des lames de rasoir ou des armes \u00e0 feu. Si vous ne pouvez pas le faire, allez \u00e0 un endroit o\u00f9 vous pouvez \u00a0sentir en s\u00e9curit\u00e9.<\/p>\n<p>\u00c9laborer un plan de s\u00e9curit\u00e9: Il est tr\u00e8s utile d&#8217;avoir un plan \u00e9crit de s\u00e9curit\u00e9 lorsque vous avez des\u00a0<span style=\"font-family: inherit; font-size: inherit;\">pens\u00e9es d&#8217;automutilation.<\/span>\u00a0Demandez \u00e0 un membre de la famille, un ami ou un professionnel de confiance de vous aider \u00e0 remplir ce plan de s\u00e9curit\u00e9. Gardez ce plan quelque part que vous pouvez voir ou trouver facilement. Notez les \u00e9tapes que vous allez prendre pour vous prot\u00e9ger (voir l&#8217;exemple suivant). Suivez les \u00e9tapes. Si vous suivez ces \u00e9tapes et ne vous sentez toujours pas en s\u00e9curit\u00e9, appelez une ligne de crise, allez \u00e0 la salle d&#8217;urgence d&#8217;un h\u00f4pital ou appelez le 911.<\/td>\n<\/tr>\n<\/tbody>\n<\/table>\n<p style=\"text-align: justify;\" align=\"LEFT\"><span style=\"font-size: medium;\"><span lang=\"fr-FR\"><b>Plan de S\u00e9curit\u00e9<\/b><\/span><\/span><\/p>\n<p>Si vous avez des pens\u00e9es de vous blesser, commencez \u00e0 l&#8217;\u00e9tape 1. Passez par chaque \u00e9tape jusqu&#8217;\u00e0 ce que vous \u00eates en s\u00e9curit\u00e9. Rappelez vous: Les pens\u00e9es suicidaires peuvent \u00eatre tr\u00e8s fortes. Il peut\u00a0<span style=\"font-size: medium;\"><span lang=\"fr-FR\">sembler qu&#8217;ils dureront \u00e9ternellement. Avec le soutien et le temps, ces pens\u00e9es vont g\u00e9n\u00e9ralement passer. Quand ils passent, vous pouvez mettre l<\/span><\/span><span lang=\"fr-FR\">&#8216;\u00e9nergie dans le<\/span><span style=\"font-size: medium;\"><span lang=\"fr-FR\">s probl\u00e8mes qui ont contribu\u00e9 \u00e0 vous sentir si mal. Le d\u00e9sespoir que vous pouvez ressentir maintenant ne durera pas \u00e9ternellement. Il est important de demander de l&#8217;aide et du soutien. Vous pouvez franchir cette p\u00e9riode difficile. Puisqu&#8217;il peut \u00eatre difficile de se concentrer et de penser clairement lorsque vous vous sentez suicidaire. S&#8217;il vous pla\u00eet copiez les \u00e9tapes sous ce paragraph et place dans un endroit o\u00f9 vous pouvez facilement l&#8217;utiliser, comme votre porte-monnaie, portefeuille ou par t\u00e9l\u00e9phone.<\/span><\/span><\/p>\n<ol>\n<li style=\"text-align: justify;\"><span style=\"font-size: medium;\"><span lang=\"fr-FR\">Rappeler moi-m\u00eame mes raisons de vivre<\/span><\/span><\/li>\n<li style=\"text-align: justify;\"><span style=\"font-size: medium;\"><span lang=\"fr-FR\"> Appeler un ami ou un membre de la famille<\/span><\/span><\/li>\n<li style=\"text-align: justify;\"><span style=\"font-size: medium;\"><span lang=\"fr-FR\"> Appelez une personne de r\u00e9serve si la personne ci-dessus n&#8217;est pas disponible<\/span><\/span><\/li>\n<li style=\"text-align: justify;\"><span style=\"font-size: medium;\"><span lang=\"fr-FR\"> Appeler un fournisseur de soins (psychologue, psychiatre, th\u00e9rapeute)<\/span><\/span><\/li>\n<li style=\"text-align: justify;\"><span style=\"font-size: medium;\"><span lang=\"fr-FR\">Appelez ma ligne de crise locale<\/span><\/span><\/li>\n<li style=\"text-align: justify;\"><span style=\"font-size: medium;\"><span lang=\"fr-FR\"> Allez quelque part, je suis en s\u00e9curit\u00e9<\/span><\/span><\/li>\n<li style=\"text-align: justify;\"><span style=\"font-size: medium;\"><span lang=\"fr-FR\">Allez \u00e0 la salle d&#8217;urgence \u00e0 l&#8217;h\u00f4pital le plus proche<\/span><\/span><\/li>\n<li style=\"text-align: justify;\"><span style=\"font-size: medium;\"><span lang=\"fr-FR\">Si je sens que je ne peux pas me rendre \u00e0 l&#8217;h\u00f4pital en toute s\u00e9curit\u00e9, appelez le 911 et demandez le transport \u00e0 l&#8217;h\u00f4pital. Ils enverront quelqu&#8217;un pour me transporter en toute s\u00e9curit\u00e9.<br \/>\n<\/span><\/span><b><\/b><\/li>\n<\/ol>\n<p>________________________________________________________________________________<\/p>\n<p><span style=\"font-size: medium;\"><span lang=\"fr-FR\"><b>Que Puis-Je Faire Pour Diminuer Les Pens\u00e9es De Suicide?<br \/>\n_________________________________________________________________________<\/b><\/span><\/span><\/p>\n<p style=\"text-align: justify;\" align=\"LEFT\"><span style=\"font-size: medium;\"><strong><span lang=\"fr-FR\">Probl\u00e8mes \u00e0 R\u00e9soudre:<\/span><\/strong><\/span><\/p>\n<p style=\"text-align: justify;\" align=\"LEFT\"><span style=\"font-size: medium;\"><span lang=\"fr-FR\">Il est toujours utile de penser \u00e0 des moyens autres que le suicide qui peuvent r\u00e9soudre vos probl\u00e8mes. Tout d&#8217;abord, faire une liste de tous les probl\u00e8mes dans votre vie. Deuxi\u00e8mement, faire une liste de toutes les solutions que vous pouvez penser \u00e0 faire face \u00e0 ces probl\u00e8mes. Vous pouvez demander \u00e0 quelqu&#8217;un en qui vous avez confiance de vous aider. Faire face \u00e0 un ou deux petits probl\u00e8mes peut aider \u00e0 mettre fin aux sentiments imm\u00e9diats de suicide. Une fois que vous pensez plus clairement, vous pouvez aborder d&#8217;autres probl\u00e8mes plus importants. Vous trouverez des feuilles de travail sur la r\u00e9solution de probl\u00e8mes et la pens\u00e9e saine dans le manuel de comp\u00e9tences sur les antid\u00e9presseurs <\/span><\/span><span style=\"font-size: medium;\"><span lang=\"fr-FR\"><i>www.carmha.ca <\/i><\/span><\/span><span style=\"font-size: medium;\"><span lang=\"fr-FR\">ou \u00e0 <\/span><\/span><span style=\"font-size: medium;\"><span lang=\"fr-FR\"><i>www.heretohelp.bc.ca<\/i><\/span><\/span><\/p>\n<p>M\u00eame si votre situation semble d\u00e9sesp\u00e9r\u00e9e et vous vous demandez si vous pouvez supporter une autre minute de sentir si mauvais, il existe des moyens de passer \u00e0 travers cette p\u00e9riode et se sentir mieux. Vous n&#8217;avez pas \u00e0 faire face \u00e0 cette situation seule. L&#8217;aide est disponible. Voici quelques id\u00e9es que vous pouvez utiliser en ce moment.<br \/>\n<i><\/i><\/p>\n<p style=\"text-align: justify;\" align=\"LEFT\"><span style=\"font-size: medium;\"><strong><span lang=\"fr-FR\">Pensez Aux Raisons De Vivre:<\/span><\/strong><\/span><\/p>\n<p>La plupart des personnes qui pensent au suicide veulent \u00e9chapper \u00e0 leur douleur, mais ils ne veulent pas toujours mourir. Lorsque vous vous sentez faible, il est facile de rester concentr\u00e9 sur les choses qui sont n\u00e9gatives et bouleversant dans votre vie. Cela fait penser au suicide comme la seule option plus facile. Commencez \u00e0 penser \u00e0 certaines raisons que vous avez pour vivre. Par exemple, beaucoup de gens ont des personnes proches, les animaux qu&#8217;ils aiment, la religion, les objectifs et les r\u00eaves, ou des responsabilit\u00e9s envers les autres dans leur vie qui leur donnent des raisons de vivre et les emp\u00eache d&#8217;agir sur leurs pens\u00e9es suicidaires. Pensez \u00e0 toutes les raisons que vous avez pour la vie.<\/p>\n<p lang=\"fr-FR\" style=\"text-align: justify;\" align=\"LEFT\"><span style=\"font-size: medium;\"><strong>\u00c9crivez-Les. <\/strong><\/span><\/p>\n<p style=\"text-align: justify;\" align=\"LEFT\"><span style=\"font-size: medium;\">Rappelez-vous d&#8217;eux quand vous vous sentez faible.<br \/>\nRappelez-vous de les choses qui ont aid\u00e9 dans le pass\u00e9:<\/span><\/p>\n<p>Beaucoup de personnes ont eu des pens\u00e9es de suicide avant. Pensez \u00e0 certaines des choses qui ont aid\u00e9 \u00e0 vous sentir mieux quand vous avez fait face aux m\u00eames types de probl\u00e8mes dans le pass\u00e9. Voici quelques exemples: avoir foi et confiance que le temps aide toujours; Communiquer avec les amis et la famille; Voir un professionnel; Aller \u00e0 un groupe de soutien; Suivre un plan de s\u00e9curit\u00e9; Faire quelque chose que vous aimez; N&#8217;\u00eates pas seul; Tenir un journal; Boit pas l&#8217;alcohol ou n&#8217;utilise pas des drogues. Parlez \u00e0 un ami, \u00e0 un membre de la famille ou \u00e0 un professionnel:<\/p>\n<p>Il est important de parler \u00e0 quelqu&#8217;un de confiance sur ce que vous ressentez. Parfois, parler simplement de ce que vous ressentez peut vous aider. Il est important d&#8217;\u00eatre ouvert sur toutes vos pens\u00e9es. Si vous avez un plan de suicide, il est important de dire \u00e0 quelqu&#8217;un le plan. Les personnes disent souvent qu&#8217;ils sont soulag\u00e9s et qu&#8217;ils ont partag\u00e9 ce qu&#8217;ils ressentaient avec quelqu&#8217;un. Parler peut vous aider \u00e0 \u00a0sentir moins seul.<br \/>\n<i><\/i><\/p>\n<p style=\"text-align: justify;\" align=\"LEFT\"><span style=\"font-size: medium;\"><strong><span lang=\"fr-FR\">Obtenir Un Traitement Pour Les Probl\u00e8mes De Sant\u00e9 Mentale:<\/span><\/strong><\/span><\/p>\n<p>Il est important d&#8217;obtenir un traitement pour la d\u00e9pression, l&#8217;anxi\u00e9t\u00e9, et les probl\u00e8mes d&#8217;alcool et de drogues. Voir votre m\u00e9decin de famille ne suffit pas. Il peut aider \u00e0 voir un sp\u00e9cialiste de la sant\u00e9 mentale, comme un psychologue ou un psychiatre. Vous pouvez obtenir des r\u00e9f\u00e9rences de votre m\u00e9decin ou apprendre \u00e0 trouver un sp\u00e9cialiste des lignes de r\u00e9f\u00e9rence r\u00e9pertori\u00e9s \u00e0 la derni\u00e8re page. Si vous recevez d\u00e9j\u00e0 un traitement, il faut dire, si votre plan de traitement ne fonctionne pas.<br \/>\n<i><\/i><\/p>\n<p style=\"text-align: justify;\" align=\"LEFT\"><span style=\"font-size: medium;\"><strong><span lang=\"fr-FR\">Faites Le Contraire De Ce Que Vous Ressentez:<\/span><\/strong><\/span><\/p>\n<p>Lorsque vous pensez au suicide, il peut \u00eatre utile de faire le contraire de ce que vous ressentez.<\/p>\n<p style=\"text-align: justify;\" align=\"LEFT\"><span style=\"font-size: medium;\"><span lang=\"fr-FR\">Par exemple, quand les personnes se sentent d\u00e9prim\u00e9es, ils veulent habituellement \u00eatre seules. Fait le contraire, par exemple \u00eatre\u00a0en contact avec d&#8217;autres personnes, peuvent aider avec les sentiments de d\u00e9pression.<\/span><\/span><\/p>\n<p style=\"text-align: justify;\" align=\"LEFT\"><span style=\"font-size: medium;\"><strong><span lang=\"fr-FR\">Voici Quelques Exemples De Probl\u00e8mes Communs Et D&#8217;id\u00e9es De Solutions:<\/span><\/strong><span lang=\"fr-FR\"><br \/>\n<\/span><\/span><i><\/i><\/p>\n<p style=\"text-align: justify; padding-left: 30px;\" align=\"LEFT\"><span style=\"font-size: medium;\"><strong><span lang=\"fr-FR\">Probl\u00e8me: Humeur D\u00e9prim\u00e9e<\/span><\/strong><span lang=\"fr-FR\"><br \/>\n<\/span><\/span><\/p>\n<p style=\"text-align: justify; padding-left: 30px;\" align=\"LEFT\"><span style=\"font-size: medium;\"><strong><span lang=\"fr-FR\">Solution Possible:<\/span><\/strong><\/span><\/p>\n<ul>\n<li style=\"text-align: justify;\"><span style=\"font-size: medium;\"><span lang=\"fr-FR\">Appelez une ligne de crise pour le soutien affectif<\/span><\/span><\/li>\n<li style=\"text-align: justify;\"><span style=\"font-size: medium;\"><span lang=\"fr-FR\"> \u00c0 court terme de r\u00e9solution de probl\u00e8mes et de renvois pour une aide \u00e0 long terme.<\/span><\/span><\/li>\n<li style=\"text-align: justify;\"><span style=\"font-size: medium;\"><span lang=\"fr-FR\">Consultez votre m\u00e9decin de famille pour discuter des options de traitement (Exp\u00a0: M\u00e9dicaments, changements de m\u00e9dicaments, maladies non diagnostiqu\u00e9es).<\/span><\/span><\/li>\n<li style=\"text-align: justify;\"><span style=\"font-size: medium;\"><span lang=\"fr-FR\">Prenez soin de vous-m\u00eame en vous reposant, en faisants des exercices r\u00e9guli\u00e8rement, en mangeant r\u00e9guli\u00e8rement et en passant du temps entre amis.<\/span><\/span><\/li>\n<\/ul>\n<p><span style=\"font-size: medium;\"><strong><span lang=\"fr-FR\">Probl\u00e8me: Fin De Relation<\/span><\/strong><span lang=\"fr-FR\"><br \/>\n<\/span><\/span><\/p>\n<p style=\"text-align: justify;\" align=\"LEFT\"><span style=\"font-size: medium;\"><strong><span lang=\"fr-FR\">Solution Possible:<\/span><\/strong><\/span><\/p>\n<ul>\n<li style=\"text-align: justify;\"><span style=\"font-size: medium;\"><span lang=\"fr-FR\">Parlez aux amis de la douleur que vous ressentez.<\/span><\/span><\/li>\n<li style=\"text-align: justify;\"><span style=\"font-size: medium;\"><span lang=\"fr-FR\">Obtenir de l&#8217;aide d&#8217;une ligne de crise ou d&#8217;un conseiller.<\/span><\/span><\/li>\n<li style=\"text-align: justify;\"><span style=\"font-size: medium;\"><span style=\"font-size: medium;\"><span lang=\"fr-FR\">Rejoignez un groupe social.<\/span><\/span><\/span><\/li>\n<\/ul>\n<p><span style=\"font-size: medium;\"><span lang=\"fr-FR\"><b>Comment puis-je mieux comprendre mes pens\u00e9es?<\/b><\/span><span lang=\"fr-FR\"><br \/>\n<\/span><\/span><\/p>\n<table border=\"1\" width=\"100%\" cellspacing=\"0\" cellpadding=\"4\">\n<colgroup>\n<col width=\"256*\" \/> <\/colgroup>\n<tbody>\n<tr>\n<td valign=\"TOP\" width=\"100%\">\n<p lang=\"fr-FR\" align=\"CENTER\"><span style=\"font-size: medium;\"><b>Comment puis-je diminuer les chances que je me sentira suicidaire \u00e0 l&#8217;avenir?<\/b><\/span><\/p>\n<\/td>\n<\/tr>\n<\/tbody>\n<\/table>\n<p style=\"text-align: justify;\" align=\"LEFT\"><span style=\"font-size: medium;\"><br \/>\n<strong><span lang=\"fr-FR\">Suggestions Pratiques<\/span><\/strong><\/span><\/p>\n<p style=\"text-align: justify;\" align=\"LEFT\"><span style=\"font-size: medium;\"><strong><span lang=\"fr-FR\">Obtenez Un Support Professionnel:<\/span><\/strong><span lang=\"fr-FR\"><br \/>\nVous pouvez obtenir de l&#8217;aide et des aiguillages de votre m\u00e9decin ou des lignes de r\u00e9f\u00e9rence \u00e9num\u00e9r\u00e9es \u00e0 la page suivante. Si le premier renvoi ne fonctionne pas pour vous, demandez pour un autre.<\/span><\/span><\/p>\n<p>Identifier les d\u00e9clencheurs ou les situations \u00e0 haut risque: pensez aux situations ou aux facteurs qui augmentent vos sentiments de d\u00e9sespoir et vos pens\u00e9es de suicide. Travaille pour \u00e9viter ces situations. Par exemple, aller \u00e0 un bar et boire avec des amis peut augmenter les sentiments de d\u00e9pression. Si c&#8217;est un d\u00e9clencheur pour vous, \u00e9vite d&#8217;aller \u00e0 un bar ou de voir des amis qui boivent.<\/p>\n<p style=\"text-align: justify;\" align=\"LEFT\"><span style=\"font-size: medium;\"><strong><span lang=\"fr-FR\">Auto-Soins:<\/span><\/strong><\/span><\/p>\n<ul>\n<li style=\"text-align: justify;\"><span style=\"font-size: medium;\"><span lang=\"fr-FR\">Prendre soin de vous-m\u00eame est important de se sentir mieux. Il est important de faire ce qui suit:<\/span><\/span><\/li>\n<li style=\"text-align: justify;\"><span style=\"font-size: medium;\"><span lang=\"fr-FR\">Mangez une alimentation saine;<\/span><\/span><\/li>\n<li style=\"text-align: justify;\"><span style=\"font-size: medium;\"><span lang=\"fr-FR\">Faites de l&#8217;exercice chaque jour;<\/span><\/span><\/li>\n<li style=\"text-align: justify;\"><span style=\"font-size: medium;\"><span lang=\"fr-FR\">Bonne nuit de sommeil ;<\/span><\/span><\/li>\n<li style=\"text-align: justify;\"><span style=\"font-size: medium;\"><span lang=\"fr-FR\">Diminuez ou cessez d&#8217;utiliser de l&#8217;alcool ou des drogues, car cela peut rendre les sentiments de d\u00e9pression et de suicide pire.<\/span><\/span><\/li>\n<\/ul>\n<p><span style=\"font-size: medium;\"><strong><span lang=\"fr-FR\">Suivez Avec Les M\u00e9dicaments Prescrits:<\/span><\/strong><span lang=\"fr-FR\"><br \/>\nSi vous prenez des m\u00e9dicaments d&#8217;ordonnance, il est important de vous assurer que vous les prenez comme votre docteur a dirig\u00e9. Parlez \u00e0 votre m\u00e9decin si les m\u00e9dicaments ne fonctionnent pas ou si les effets secondaires vous causent des probl\u00e8mes. Si vous commence \u00e0 prendre des antid\u00e9presseurs, il est important de savoir que les sympt\u00f4mes de la d\u00e9pression se r\u00e9solvent \u00e0 des taux diff\u00e9rents. Les sympt\u00f4mes physiques comme l&#8217;\u00e9nergie ou le sommeil peuvent s&#8217;am\u00e9liorer d&#8217;abord. L&#8217;am\u00e9lioration de l&#8217;humeur peut \u00eatre retard\u00e9e. Parlez \u00e0 votre m\u00e9decin si vous vous sentez pire.<br \/>\n<\/span><\/span><\/p>\n<p style=\"text-align: justify;\" align=\"LEFT\"><span style=\"font-size: medium;\"><strong><span lang=\"fr-FR\">Structure et Routine:<\/span><\/strong><span lang=\"fr-FR\"><br \/>\nGardez une routine r\u00e9guli\u00e8re autant que possible, m\u00eame lorsque vos sentiments semblent hors votre de contr\u00f4le. Voici quelques conseils pour cr\u00e9er une structure dans votre vie:<\/span><\/span><\/p>\n<ul>\n<li style=\"text-align: justify;\"><span style=\"font-size: medium;\"><span lang=\"fr-FR\"> R\u00e9veillez-vous \u00e0 une heure r\u00e9guli\u00e8re;<\/span><\/span><\/li>\n<li style=\"text-align: justify;\"><span style=\"font-size: medium;\"><span lang=\"fr-FR\"> Avoir un temps de lit r\u00e9gulier;<\/span><\/span><\/li>\n<li style=\"text-align: justify;\"><span style=\"font-size: medium;\"><span lang=\"fr-FR\"> Avoir des activit\u00e9s pr\u00e9vues dans votre journ\u00e9e, comme aller faire une promenade ou aller \u00e0 la gym<\/span><\/span><\/li>\n<li><span style=\"font-size: medium;\"><span lang=\"fr-FR\"> Continuez d&#8217;aller travailler ou \u00e0 l&#8217;\u00e9cole.<br \/>\n<\/span><span lang=\"fr-FR\"><i><br \/>\n<\/i><\/span><\/span><\/li>\n<\/ul>\n<p><span style=\"font-size: medium;\"><strong><span lang=\"fr-FR\">Faites Ce Que Vous Aimez:<\/span><\/strong><span lang=\"fr-FR\"><br \/>\nLorsque vous vous sentez tr\u00e8s faible, fait une activit\u00e9 que vous aimez. Vous pouvez constater que tr\u00e8s peu de choses vous apportent du plaisir. Pensez aux choses que vous avez plaisir \u00e0 faire\u00a0lorsque vous ne vous sentez pas si d\u00e9prim\u00e9 ou suicidaire. Faites ces choses, m\u00eame si elles ne vous apportent pas plaisir en ce moment. Donner une pause aux pens\u00e9es de suicide peut aider, m\u00eame si c&#8217;est pour un court laps de temps.<br \/>\n<\/span><\/span><\/p>\n<p style=\"text-align: justify;\" align=\"LEFT\"><span style=\"font-size: medium;\"><strong><span lang=\"fr-FR\">Pensez Aux Objectifs Personnels:<\/span><\/strong><span lang=\"fr-FR\"><br \/>\nPensez aux objectifs personnels que vous avez pour vous-m\u00eame, ou que vous avez dans le pass\u00e9. Voici quelques exemples: lire un livre particulier; voyager; obtenir un animal de compagnie; se d\u00e9placer \u00e0 un autre endroit; apprendre un nouveau passe-temps; faire de b\u00e9n\u00e9vole; retourner \u00e0 l&#8217;\u00e9cole; Ou cr\u00e9er une famille.<\/span><\/span><\/p>\n<p><em>Continuer \u00e0 Lire:\u00a0<a href=\"https:\/\/thelifelinecanada.ca\/fr\/wp-content\/uploads\/2016\/09\/Faire-Face-\u00e0-des-Pens\u00e9es-Suicidaires-Coping-With-Suicidal-Thoughts.xps\">Faire Face \u00e0 des Pens\u00e9es Suicidaires &#8211; Coping With Suicidal Thoughts<\/a><\/em><\/p>\n","protected":false},"excerpt":{"rendered":"<p>Les pens\u00e9es suicidaires peuvent se produire lorsque les sentiments de d\u00e9sespoir et d&#8217;isolement deviennent trop puissant. Vous pourriez sentir tellement accabl\u00e9 de douleur que le suicide semble \u00eatre le seul moyen de vous lib\u00e9rer du fardeau que vous avez port\u00e9. Mais sachez qu&#8217;il ya de l&#8217;aide disponible pour faire face \u00e0 vos sentiments. Contact un [&hellip;]<\/p>\n","protected":false},"author":2,"featured_media":0,"parent":644,"menu_order":0,"comment_status":"closed","ping_status":"closed","template":"","meta":{"_exactmetrics_skip_tracking":false,"_exactmetrics_sitenote_active":false,"_exactmetrics_sitenote_note":"","_exactmetrics_sitenote_category":0,"_links_to":"","_links_to_target":""},"_links":{"self":[{"href":"https:\/\/thelifelinecanada.ca\/fr\/wp-json\/wp\/v2\/pages\/28"}],"collection":[{"href":"https:\/\/thelifelinecanada.ca\/fr\/wp-json\/wp\/v2\/pages"}],"about":[{"href":"https:\/\/thelifelinecanada.ca\/fr\/wp-json\/wp\/v2\/types\/page"}],"author":[{"embeddable":true,"href":"https:\/\/thelifelinecanada.ca\/fr\/wp-json\/wp\/v2\/users\/2"}],"replies":[{"embeddable":true,"href":"https:\/\/thelifelinecanada.ca\/fr\/wp-json\/wp\/v2\/comments?post=28"}],"version-history":[{"count":74,"href":"https:\/\/thelifelinecanada.ca\/fr\/wp-json\/wp\/v2\/pages\/28\/revisions"}],"predecessor-version":[{"id":3790,"href":"https:\/\/thelifelinecanada.ca\/fr\/wp-json\/wp\/v2\/pages\/28\/revisions\/3790"}],"up":[{"embeddable":true,"href":"https:\/\/thelifelinecanada.ca\/fr\/wp-json\/wp\/v2\/pages\/644"}],"wp:attachment":[{"href":"https:\/\/thelifelinecanada.ca\/fr\/wp-json\/wp\/v2\/media?parent=28"}],"curies":[{"name":"wp","href":"https:\/\/api.w.org\/{rel}","templated":true}]}}