{"id":277,"date":"2016-09-24T20:10:36","date_gmt":"2016-09-24T20:10:36","guid":{"rendered":"https:\/\/thelifelinecanada.ca\/fr\/?page_id=277"},"modified":"2021-02-19T10:40:10","modified_gmt":"2021-02-19T18:40:10","slug":"ways-to-improve-your-mood","status":"publish","type":"page","link":"https:\/\/thelifelinecanada.ca\/fr\/pattern-interrupt\/ways-to-improve-your-mood\/","title":{"rendered":"Am\u00e9liorez Votre Humeur"},"content":{"rendered":"<h2><span style=\"font-size: 14pt;\"><span id=\"result_box\" class=\"short_text\" lang=\"fr\"><span class=\"\">Moyens d&#8217;am\u00e9liorer votre \u00e9tat d&#8217;esprit<\/span><\/span><\/span><\/h2>\n<p><span id=\"result_box\" class=\"\" lang=\"fr\"><span class=\"\">Si vous cherchez des suggestions, vous pouvez les trouver utiles:<\/span><\/span><\/p>\n<p><span id=\"result_box\" class=\"\" lang=\"fr\">1. Retour en arri\u00e8re et auto-r\u00e9fl\u00e9chir. Chaque fois que vous commencez \u00e0 vous sentir d\u00e9prim\u00e9, essayez d&#8217;arr\u00eater, de r\u00e9fl\u00e9chir et d&#8217;arriver \u00e0 la racine des sentiments.<\/span><\/p>\n<p>2. Parle a quelqu&#8217;un. Vous pouvez boucher les sentiments par peur que vous soyez jug\u00e9. Parler a une personne amoureuse et compr\u00e9hensive est l&#8217;une des meilleures choses que vous pouvez faire.<\/p>\n<p>3. \u00c9coutez de la musique. La musique peut gu\u00e9rir, vous mettre en meilleure humeur, vous sentir moins seul ou vous conduire \u00e0 un voyage mental.<\/p>\n<p>4. Accrochez ou jouez avec des animaux de compagnie. <span class=\"\">Passer du temps de qualit\u00e9 avec un animal de compagnie aimant peut faire en sorte que votre c\u0153ur et votre \u00e2me se sentent mieux.<\/span><\/p>\n<p><span class=\"\">5. Faites une promenade.<\/span> <span class=\"\">La marche aide toujours \u00e0 nettoyer la t\u00eate et \u00e0 d\u00e9gager de l&#8217;\u00e9nergie n\u00e9gative.<\/span> <span class=\"\">C&#8217;est particuli\u00e8rement th\u00e9rapeutique si vous choisissez de marcher dans un endroit pittoresque.<\/span><\/p>\n<p><span class=\"\">6. Buvez quelque chose de sain et revigorant.<\/span> <span class=\"\">Il existe de nombreux avantages pour la sant\u00e9 et l&#8217;humeur de boire du jus d&#8217;orange et d&#8217;autres jus de fruits.<\/span><\/p>\n<p><span id=\"result_box\" class=\"\" lang=\"fr\"><span title=\"7. Write.\">7. Ecrire. <\/span><span title=\"Writing can be the first thing to do when your feeling down.\">L&#8217;\u00e9criture peut \u00eatre la premi\u00e8re chose \u00e0 faire lorsque vous vous sentez mal. <\/span><span title=\"It always helps me get thoughts and feelings out in front of you. \">Cela t&#8217;aide toujours \u00e0 faire penser et ressentir devant toi.<\/span><\/span><\/p>\n<p><span title=\"8. Take a nap.\">8. Faites une sieste. <\/span><span title=\"Sometimes we just need to recharge.\">Parfois, il suffit de recharger. <\/span><span title=\"It always feels better after getting some rest. \">Il se sent toujours mieux apr\u00e8s avoir r\u00e9ussi \u00e0 se reposer.<\/span><\/p>\n<p><span title=\"9. Plan a fun activity.\">9. Organize une activit\u00e9 amusante. Se m<\/span><span title=\"Moping around never helps to feel any better, so it usually helps to plan something fun to do if your feeling up to it.\">orfond n&#8217;a jamais aider \u00e0 se sentir mieux, donc il aide g\u00e9n\u00e9ralement \u00e0 planifier quelque chose d&#8217;amusant \u00e0 faire si vous vous sentez \u00e0 l&#8217;aise. <\/span><span title=\"It can be something as simple as creating your own vision board or something as big as planning a trip. \">Il peut \u00eatre quelque chose d&#8217;aussi simple que de cr\u00e9er votre propre conseil de vision ou quelque chose d&#8217;aussi important que de planifier un voyage.<\/span><\/p>\n<p><span title=\"10. Do something spontaneous.\">10. Faites quelque chose de spontan\u00e9. <\/span><span title=\"Some favorite memories entail choices you made spontaneously.\">Certains souvenirs favoris impliquent des choix que vous avez faits spontan\u00e9ment. <\/span><span title=\"We should all learn to let go of routine every now and then and do something exciting and unplanned. \">Nous devrions tous apprendre \u00e0 abandonner la routine de temps en temps et \u00e0 faire quelque chose d&#8217;excitant et impr\u00e9vu.<\/span><\/p>\n<p><span title=\"11. Prioritize.\">11. Prioriser. <\/span><span title=\"Sometimes we feel depressed when priorities are out of balance.\">Parfois, nous nous sentons d\u00e9prim\u00e9s lorsque les priorit\u00e9s sont d\u00e9s\u00e9quilibr\u00e9es. <\/span><span title=\"Try to make sure your giving a fair amount of attention to all the priorities in your life, such as work, relationships, health, and personal happiness. \">Essayez de vous assurer d&#8217;accorder une attention particuli\u00e8re \u00e0 toutes les priorit\u00e9s de votre vie, telles que le travail, les relations, la sant\u00e9 et le bonheur personnel.<\/span><\/p>\n<p><span title=\"12. Look through old photographs or snap some new ones.\">12. Regardez \u00e0 travers de vieilles photographies ou en cassez de nouvelles. <\/span><span title=\"Sorting through old memories or capturing new ones usually puts a smile on ones face. \">Le triage d&#8217;anciens m\u00e9moires ou la saisie de nouveaux comporte g\u00e9n\u00e9ralement un sourire sur le visage.<\/span><\/p>\n<p><span title=\"13. Hug someone.\">13. \u00c9treignez quelqu&#8217;un. <\/span><span title=\"Be a hugger.\">Soyez un hugger. <\/span><span title=\"Hugs are such an easy way to express love and care without having to say a word. \">Les c\u00e2lins sont un moyen simple d&#8217;exprimer l&#8217;amour et le soin sans avoir \u00e0 dire un mot.<\/span><\/p>\n<p><span title=\"14. Laugh.\">14. Rire. <\/span><span title=\"Watch a funny movie or spend time with someone who has a good sense of humor.\">Regardez un film dr\u00f4le ou passez du temps avec quelqu&#8217;un qui a un bon sens de l&#8217;humour. <\/span><span title=\"Laughing releases tension and has a natural ability to heal.\">Rire lib\u00e8re la tension et a une capacit\u00e9 naturelle \u00e0 gu\u00e9rir.<\/span><\/p>\n<p><span id=\"result_box\" class=\"\" lang=\"fr\"><span title=\"15. Cry.\">15. Pleurer. <\/span><span title=\"I don\u2019t like crying in front of people, but whenever you have an opportunity to slink away and cry by yourself, we always feel better afterwards.\">Je n&#8217;aime pas pleurer devant les gens, mais chaque fois que vous avez l&#8217;opportunit\u00e9 de vous d\u00e9tendre et de pleurer par vous-m\u00eame, nous nous sentons toujours mieux apr\u00e8s. Pleurer<\/span><span title=\"Crying releases pain. \"> lib\u00e8re la douleur.<\/span><\/span><\/p>\n<p><span title=\"16. Read back over old emails or text messages, or listen to old voicemails.\">16. Lisez les anciens courriels ou les messages texte, ou \u00e9coutez les anciens messages vocaux. <\/span><span title=\"Whenever you feel dejected or bad about yourself, read kind emails and comments.\">Chaque fois que vous vous sentez abattu ou mal \u00e0 propos de vous, lisez des courriels et des commentaires gentils. <\/span><span title=\"Doing so reminds that you are loved, thought about, and appreciated. \">Cela vous rappelle que vous \u00eates aim\u00e9, pens\u00e9 et appr\u00e9ci\u00e9.<\/span><\/p>\n<p><span title=\"17. Reconnect with someone.\">17. Rebranchez-vous avec quelqu&#8217;un. <\/span><span title=\"Get back in touch with an old friend or a family member that you haven\u2019t spoken to in awhile.\">Reviens en contact avec un vieil ami ou un membre de la famille dont tu n&#8217;as pas parl\u00e9 depuis un moment. <\/span><span title=\"Reconnecting with people almost always puts one in a good mood and fills the heart up with love. \">Reconnecter avec les gens presque toujours met l&#8217;un de bonne humeur et remplit le c\u0153ur avec amour.<\/span><\/p>\n<p><span title=\"18. Write yourself a letter.\">18. \u00c9cris-toi une lettre. <\/span><span title=\"Try to separate yourself from the ego and give yourself a pep talk every now and then.\">Essayez de vous s\u00e9parer de l&#8217;ego et de vous donner une conversation rapide de temps en temps. <\/span><span title=\"Cicero said, \u201cNobody can give you wiser advice than yourself.\u201d \">Cic\u00e9ron a dit: &#8220;Personne ne peut vous donner des conseils plus sages que vous.&#8221;<\/span><\/p>\n<p><span title=\"19. Try a deep breathing exercise.\">19. Essayez un exercice de respiration profonde. <\/span><span title=\"There are all kinds of deep breathing exercises out there.\">Il existe toutes sortes d&#8217;exercices de respiration profonde l\u00e0-bas. <\/span><span title=\"Find one you like and do it whenever you\u2019re feeling stressed or overly emotional. \">Trouvez celui que vous aimez et faites-le chaque fois que vous vous sentez stress\u00e9 ou excessivement \u00e9motif.<\/span><\/p>\n<p><span title=\"20. Cultivate gratitude.\">20. Cultiver la gratitude. <\/span><span title=\"Practicing genuine gratitude on a daily basis can be a major source of healing in your life.\">Pratiquer une v\u00e9ritable reconnaissance au quotidien peut \u00eatre une source majeure de gu\u00e9rison dans votre vie. <\/span><span title=\"When you step back and notice everything you have to be grateful for, it makes you feel like you have everything you need and that nothing is lacking. \">Lorsque vous reculez et remarquez tout ce dont vous devez \u00eatre reconnaissant, cela vous fait sentir que vous avez tout ce dont vous avez besoin et que rien ne manque.<\/span><\/p>\n<p><span title=\"21. Re-watch a funny or inspiring YouTube video.\">21. Regarde de nouveau une vid\u00e9o amusante ou inspirante sur YouTube. <\/span><span title=\"There are so many funny and inspiring videos online. \">Il existe tellement de vid\u00e9os amusantes et inspirantes en ligne.<\/span><\/p>\n<p><span title=\"22. Bake something.\">22. Cuisiner. <\/span><span title=\"Plus, you can eat whatever you baked and share it with others afterward. \">De plus, vous pouvez manger tout ce que vous avez cuit et le partager avec d&#8217;autres apr\u00e8s.<\/span><\/p>\n<p><span title=\"23. Get out of the house.\">23. Sortez de la maison. <\/span><span title=\"Make a point to get out every now and then, whether it\u2019s to get some fresh air or go out to eat with a friend.\">Faites un moyen de sortir de temps en temps, qu&#8217;il s&#8217;agisse d&#8217;obtenir de l&#8217;air frais ou de sortir avec un ami.<\/span><\/p>\n<p><span id=\"result_box\" class=\"\" lang=\"fr\"><span title=\"24. Focus on what truly matters to you.\">24. Concentrez-vous sur ce qui vous int\u00e9resse vraiment. <\/span><span title=\"Sometimes we forget what matters to us and what isn\u2019t that important.\">Parfois, nous oublions ce qui nous int\u00e9resse et ce qui n&#8217;est pas important. <\/span><span title=\"Some things just aren\u2019t worth getting too upset over. \">Certaines choses ne vaut pas la peine d&#8217;\u00eatre trop contrari\u00e9es.<\/span><\/span><\/p>\n<p><span title=\"25. Take a negative comment or situation and look for something positive about it.\">25. Faites un commentaire ou une situation n\u00e9gative et cherchez quelque chose de positif \u00e0 ce sujet. <\/span><span title=\"If someone says something negative to you or you get stuck in an unpleasant situation, sometimes it helps to look at it from a different angle.\">Si quelqu&#8217;un vous dit quelque chose de n\u00e9gatif ou que vous \u00eates coinc\u00e9 dans une situation d\u00e9sagr\u00e9able, il est parfois utile de le regarder sous un angle diff\u00e9rent. <\/span><span title=\"Perspective is everything. \">La perspective est tout.<\/span><\/p>\n<p><span title=\"26. Daydream.\">26. R\u00eaverie. <\/span><span title=\"Take a mental vacation.\">Prenez des vacances mentales. <\/span><span title=\"Let your mind wander for a while. \">Laissez votre esprit errer pendant un certain temps.<\/span><\/p>\n<p><span title=\"27. Let some natural sunlight come in. Opening all the blinds and curtains and letting natural sunlight flood your home can help elevate your mood. \">27. Laissez entrer de la lumi\u00e8re naturelle. L&#8217;ouverture de tous les stores et rideaux et la lumi\u00e8re naturelle envahissant votre maison peut aider \u00e0 \u00e9lever votre humeur.<\/span><\/p>\n<p><span title=\"28. Take a mental health day.\">28. Faites une journ\u00e9e de sant\u00e9 mentale. <\/span><span title=\"Sometimes we just need to take a day to clear our heads and nurture our souls.\">Parfois, nous devons juste prendre une journ\u00e9e pour nous d\u00e9tendre et nourrir nos \u00e2mes. <\/span><span title=\"Mental health has a history of being a bit erratic, so nurturing it is a priority in life. \">La sant\u00e9 mentale a une histoire d&#8217;\u00eatre un peu erratique, ce qui favorise sa priorit\u00e9.<\/span><\/p>\n<p><span title=\"29. Let go.\">29. Laissez aller. <\/span><span title=\"This is a very simple mantra.\">C&#8217;est un mantra tr\u00e8s simple. <\/span><span title=\"Say it to yourself multiple times each day, which is very liberating and empowering. \">Dites-le plusieurs fois par jour, ce qui est tr\u00e8s lib\u00e9rateur et habilitant.<\/span><\/p>\n<p><span title=\"30. Read Tiny Buddha.\">30. Lisez Tiny Buddha. <\/span><span title=\"There is a category for almost every universal theme or emotion.\">Il existe une cat\u00e9gorie pour presque tous les th\u00e8mes ou \u00e9motions universels.<\/span><\/p>\n<p>&nbsp;<\/p>\n","protected":false},"excerpt":{"rendered":"<p>Moyens d&#8217;am\u00e9liorer votre \u00e9tat d&#8217;esprit Si vous cherchez des suggestions, vous pouvez les trouver utiles: 1. Retour en arri\u00e8re et auto-r\u00e9fl\u00e9chir. Chaque fois que vous commencez \u00e0 vous sentir d\u00e9prim\u00e9, essayez d&#8217;arr\u00eater, de r\u00e9fl\u00e9chir et d&#8217;arriver \u00e0 la racine des sentiments. 2. Parle a quelqu&#8217;un. Vous pouvez boucher les sentiments par peur que vous soyez [&hellip;]<\/p>\n","protected":false},"author":2,"featured_media":0,"parent":687,"menu_order":0,"comment_status":"closed","ping_status":"closed","template":"","meta":{"_exactmetrics_skip_tracking":false,"_exactmetrics_sitenote_active":false,"_exactmetrics_sitenote_note":"","_exactmetrics_sitenote_category":0,"_links_to":"","_links_to_target":""},"_links":{"self":[{"href":"https:\/\/thelifelinecanada.ca\/fr\/wp-json\/wp\/v2\/pages\/277"}],"collection":[{"href":"https:\/\/thelifelinecanada.ca\/fr\/wp-json\/wp\/v2\/pages"}],"about":[{"href":"https:\/\/thelifelinecanada.ca\/fr\/wp-json\/wp\/v2\/types\/page"}],"author":[{"embeddable":true,"href":"https:\/\/thelifelinecanada.ca\/fr\/wp-json\/wp\/v2\/users\/2"}],"replies":[{"embeddable":true,"href":"https:\/\/thelifelinecanada.ca\/fr\/wp-json\/wp\/v2\/comments?post=277"}],"version-history":[{"count":14,"href":"https:\/\/thelifelinecanada.ca\/fr\/wp-json\/wp\/v2\/pages\/277\/revisions"}],"predecessor-version":[{"id":3800,"href":"https:\/\/thelifelinecanada.ca\/fr\/wp-json\/wp\/v2\/pages\/277\/revisions\/3800"}],"up":[{"embeddable":true,"href":"https:\/\/thelifelinecanada.ca\/fr\/wp-json\/wp\/v2\/pages\/687"}],"wp:attachment":[{"href":"https:\/\/thelifelinecanada.ca\/fr\/wp-json\/wp\/v2\/media?parent=277"}],"curies":[{"name":"wp","href":"https:\/\/api.w.org\/{rel}","templated":true}]}}