{"id":275,"date":"2016-09-24T20:10:29","date_gmt":"2016-09-24T20:10:29","guid":{"rendered":"https:\/\/thelifelinecanada.ca\/fr\/?page_id=275"},"modified":"2021-02-19T13:12:18","modified_gmt":"2021-02-19T21:12:18","slug":"ways-to-transform-negative-thoughts","status":"publish","type":"page","link":"https:\/\/thelifelinecanada.ca\/fr\/pattern-interrupt\/ways-to-transform-negative-thoughts\/","title":{"rendered":"Des Facons Transformer des Pens\u00e9es"},"content":{"rendered":"<p>En cultivant la conscience, nous pouvons apprendre \u00e0 identifier les pens\u00e9es n\u00e9gatives qui nous laisse douter et de se hisser, et apprendre plut\u00f4t \u00e0 embrasser la tranquillit\u00e9 qui r\u00e9side dans le moment pr\u00e9sent.<\/p>\n<p>L&#8217;une des fa\u00e7ons les plus faciles d&#8217;\u00eatre d\u00e9connect\u00e9 de notre c\u0153ur est la pens\u00e9e n\u00e9gative habituelle. Il peut \u00eatre facile de penser que des pens\u00e9es n\u00e9gatives ou inqui\u00e9tantes sont capables de \u00abkidnapper\u00bb nos esprits et de nous sortir du moment pr\u00e9sent, surtout quand nous sommes stress\u00e9s ou anxieux. Ces pens\u00e9es d\u00e9sagr\u00e9ables sont souvent bas\u00e9es sur des processus de pens\u00e9e automatique qui ont jou\u00e9 \u00e0 plusieurs reprises dans nos t\u00eates, sans rival, depuis des ann\u00e9es. Ces mod\u00e8les de pens\u00e9e peuvent se diviser en trois cat\u00e9gories g\u00e9n\u00e9rales: \u00e9tiquetage, catastrophisation et surg\u00e9n\u00e9ralisation.<\/p>\n<p>_____<\/p>\n<h3><strong>Lib\u00e9ration de mod\u00e8les de pens\u00e9e n\u00e9gatifs<\/strong><\/h3>\n<p>L&#8217;attention, selon Jon Kabat-Zinn (qui est le directeur fondateur de la Clinique de r\u00e9duction du stress et du Center for Mindfulness in Medicine, Health Care and Society de l&#8217;Universit\u00e9 de Massachusetts Medical School), peut \u00eatre d\u00e9finie comme \u00abpr\u00eatant attention dans un mani\u00e8re particuli\u00e8re: dans l&#8217;intention, au moment pr\u00e9sent et non-jumel\u00e9. \u00bbEn d&#8217;autres termes, la conscience nous permet de prendre conscience de nos pens\u00e9es sans les \u00e9tiqueter ou les juger. Lorsque nous pouvons rester immobiles et \u00eatre ancr\u00e9s dans le maintenant, nous remarquons plus clairement nos pens\u00e9es. Et lorsque nous prenons conscience de nos pens\u00e9es, nous pouvons commencer \u00e0 les remettre en question.<\/p>\n<h3><strong>R\u00e9flexions n\u00e9gatives<\/strong><\/h3>\n<p>Il est plus facile de contester des pens\u00e9es n\u00e9gatives lorsque le processus se d\u00e9compose en \u00e9tapes. La prochaine fois que vous vous observerez dans un sch\u00e9ma de pens\u00e9e n\u00e9gatif, essayez de pratiquer ces quatre \u00e9tapes.<\/p>\n<p>1. Reconnaissez que vous avez une pens\u00e9e n\u00e9gative ou un mod\u00e8le de pens\u00e9es n\u00e9gatives.<\/p>\n<p>2. Dites &#8220;Stop!&#8221; Dans votre t\u00eate (ou \u00e0 haute voix s&#8217;il se sent socialement appropri\u00e9).<\/p>\n<p>3. D\u00e9fiez la pens\u00e9e en la sondant avec des questions. Demandez-vous, &#8220;Quelles preuves puis-je soutenir cette pens\u00e9e?&#8221; Les chances sont que vous constaterez que la preuve n&#8217;est pas forte.<\/p>\n<p>4. Remplacez la pens\u00e9e par quelque chose de plus rationnel ou positif. Par exemple, si vous pensez, &#8220;Je suis laid&#8221;, essayez de r\u00e9fl\u00e9chir plut\u00f4t aux individus de votre vie qui ne seraient pas d&#8217;accord, ou explorer des photos flatteuses sur Facebook ou Instagram.<\/p>\n<p>Lorsque nous lib\u00e9rons des mod\u00e8les de pens\u00e9e n\u00e9gatifs et nous rendons compte du pr\u00e9sent, nous nous permettons de vivre pleinement toute la joie qui nous est donn\u00e9e dans un moment donn\u00e9.<\/p>\n<h3><strong>Devenir conscient &#8211; votre plan d&#8217;action<\/strong><\/h3>\n<p>La conscience peut se sentir bien, mais cela ne signifie pas qu&#8217;il soit facile \u00e0 r\u00e9aliser. Pour aider les clients \u00e0 d\u00e9marrer sur le chemin de la conscience, je recommande les pratiques suivantes.<\/p>\n<p style=\"padding-left: 30px;\">Imaginez comment les jeunes enfants et les animaux agissent dans le monde. Ils sont tellement connect\u00e9s \u00e0 ce qui se passe dans le pr\u00e9sent (vous ne voyez pas un chien s&#8217;inqui\u00e9ter du regard qu&#8217;il a re\u00e7u du chien du voisin jeudi dernier). Configurez une intention d&#8217;apporter une curiosit\u00e9 douce \u00e0 la vie, comme le font les animaux et les enfants. Lorsque nous abordons nos pens\u00e9es de cette fa\u00e7on, nous ne ressentons pas le besoin de les attacher ou de les repousser. Au lieu de cela, nous pouvons les explorer, avec une merveille enfantine, et laissez-les \u00eatre rien de plus que ce qu&#8217;ils sont &#8211; des pens\u00e9es.<\/p>\n<p style=\"padding-left: 30px;\">Pratique le yoga &#8211; surtout les poses difficiles. Le yoga est une m\u00e9ditation du corps. Dans le yoga, nos corps nous aident \u00e0 nous \u00abancrer\u00bb dans le pr\u00e9sent, car notre prise de conscience est ax\u00e9e sur les changements qui se produisent au sein de notre corps. Un paradigme particuli\u00e8rement utile pour ceux qui souffrent d&#8217;anxi\u00e9t\u00e9 ou de d\u00e9pression est de tenir une pose difficile (comme le chien, la planche ou le guerrier 3) et attirer l&#8217;attention sur l&#8217;inconfort &#8211; embrassez-le et respirez-le. Lorsque nous \u00e9prouvons un \u00e9tat d\u00e9pressif ou anxieux, nous pensons qu&#8217;il ne finira jamais, que la douleur ne se l\u00e8vera pas. Les poses difficiles nous apprennent \u00e0 accepter le d\u00e9fi et \u00e0 faire confiance \u00e0 cela, tout comme n&#8217;importe quoi, il passera, et la douleur diminuera.<\/p>\n<p style=\"padding-left: 30px;\">Mangez avec attention. Quand \u00e9tait la derni\u00e8re fois que vous vous \u00eates assis pour un repas et avez vraiment appr\u00e9ci\u00e9 la saveur, la texture, l&#8217;odeur et la pr\u00e9sentation de votre nourriture? Souvent, nous mangeons en course ou devant un \u00e9cran. En revanche, manger consciemment signifie attirer l&#8217;attention sur nos cinq sens en conjonction avec un ralentissement. Pensez \u00e0 l&#8217;origine de votre nourriture &#8211; qui l&#8217;a fait? Quels proc\u00e9d\u00e9s ont eu lieu pour ramener les aliments \u00e0 la plaque devant vous? Regarder, sentir, explorer, ressentir, sentir \u00e0 nouveau, prendre une petite bouch\u00e9e, m\u00e2cher, go\u00fbter, savourer et avaler. D\u00e9fiez-vous de manger un repas avec attention (et peut-\u00eatre en silence) au moins quelques fois par semaine.<\/p>\n<p style=\"padding-left: 30px;\">Prenez une douche attentive. Les activit\u00e9s que nous effectuons quotidiennement, comme la douche, deviennent souvent les plus insens\u00e9es, car nous apprenons \u00e0 faire une croisi\u00e8re \u00e0 travers elles sur un pilote automatique. Mais ces activit\u00e9s constituent de merveilleuses occasions d&#8217;exercer une attention particuli\u00e8re. La prochaine fois que vous \u00eates dans la douche, concentrez-vous sur l&#8217;eau sur votre peau. Quelle est la temp\u00e9rature? Comment est la pression? Utilisez votre odorat pour appr\u00e9cier le parfum de votre shampooing ou votre lavage corporel. Vivez vraiment le moment et r\u00e9fl\u00e9chissez r\u00e9ellement \u00e0 ce que vous faites. Notez comment cette exp\u00e9rience diff\u00e8re de votre routine habituelle.<\/p>\n<p style=\"padding-left: 30px;\">Pratiquez une \u00e9coute attentive. Qu&#8217;est-ce que cela signifie d&#8217;\u00e9couter attentivement? Cela signifie \u00e9couter, \u00e9couter, sans jugement et sans pr\u00e9parer ni penser \u00e0 votre r\u00e9ponse ou opinion. Au lieu de cela, \u00e9coutez et permettez \u00e0 l&#8217;espace de la personne d&#8217;exprimer ses id\u00e9es et ses sentiments. N&#8217;interrompez pas, n&#8217;ajoute pas votre avis ou n&#8217;accepte pas ou n&#8217;est pas d&#8217;accord. D\u00e9cidez de ne pas attacher ni rejeter ce que l&#8217;autre personne exprime. Il suffit de laisser l&#8217;expression \u00eatre ce qu&#8217;elle est. La simple pratique de l&#8217;\u00e9coute attentive peut am\u00e9liorer les relations en favorisant le respect mutuel et en cr\u00e9ant une compr\u00e9hension plus approfondie des messages communiqu\u00e9s.<\/p>\n<p style=\"padding-left: 30px;\">&#8211; Embrasse quelqu&#8217;un.<br \/>\n&#8211; Rire \u00e0 haute voix dans une toilette publique, donc \u00e7a fait \u00e9cho.<br \/>\n&#8211; Mangez des bonbons en attendant en ligne.<br \/>\n&#8211; Dit merci pour tout.<br \/>\n&#8211; Un compliment que vous connaissez doit l&#8217;entendre.<br \/>\n&#8211; Glisse vers le bas une rampe.<br \/>\n&#8211; Plantez quelque chose.<br \/>\n&#8211; Faire du yoga.<br \/>\n&#8211; Sprint aussi vite que possible Phoebe Buffay (YouTube it).<br \/>\n&#8211; Prenez une photo stupide.<br \/>\n&#8211; Jouez votre chanson pr\u00e9f\u00e9r\u00e9e &#8211; LOUDLY!<br \/>\n&#8211; Exercice.<br \/>\n&#8211; Lisez un livre et dites \u00e0 quelqu&#8217;un d&#8217;autre ce que vous lisez en vous pla\u00e7ant dans l&#8217;histoire.<br \/>\n&#8211; Tournez jusqu&#8217;\u00e0 ce que vous soyez \u00e9tourdi.<br \/>\n&#8211; Bulles soufflantes &#8211; Gomme. Baguette savonneuse. Baignoire (votre choix).<br \/>\n&#8211; Promenez-vous dans la nature.<br \/>\n&#8211; Regardez un film dr\u00f4le.<br \/>\n&#8211; Appelle un ami.<br \/>\n&#8211; Pr\u00e9voyez des vacances.<br \/>\n&#8211; \u00c9treignez quelqu&#8217;un &#8211; de pr\u00e9f\u00e9rence un \u00e9tranger.<br \/>\n&#8211; Essayer une roue \u00e0 b\u00fbches.<br \/>\n&#8211; Adoptez un animal de compagnie.<br \/>\n&#8211; Danse nue \u00e0 Richard Simmons &#8220;Sweatin to the Oldies&#8221;.<br \/>\n&#8211; Dormir nu sur des feuilles de soie.<br \/>\n&#8211; Nager nus.<br \/>\n&#8211; Fondamentalement, fais tout ce que tu ferais normalement, mais nu.<br \/>\n&#8211; Faire cuire quelque chose et la transmettre \u00e0 vos voisins.<br \/>\n&#8211; Inspirez d&#8217;un ballon d&#8217;h\u00e9lium et commandez une pizza.<br \/>\n&#8211; Prenez une sieste sur un banc de parc.<br \/>\n&#8211; Obtenez un massage.<br \/>\n&#8211; Sautez dans un bassin enti\u00e8rement habill\u00e9.<br \/>\n&#8211; Faire des flexions tout en essayant de jouer de l&#8217;harmonica.<br \/>\n&#8211; Le bras lutte contre votre voisin.<br \/>\n&#8211; Des \u00e9missions de sifflet lors de votre prochaine r\u00e9union.<br \/>\n&#8211; M\u00e9diter.<br \/>\n&#8211; Achetez-vous quelque chose.<br \/>\n&#8211; Obtenez un bol de yaourt glac\u00e9 g\u00e9ant.<br \/>\n&#8211; Testez une nouvelle voiture.<br \/>\n&#8211; D\u00e9posez-le &#8211; Entrez dans votre placard et SCREAAAAM!<br \/>\n&#8211; Lisez n&#8217;importe quoi par Louise L. Hay.<br \/>\n&#8211; Obtenez une manucure &#8211; les gars et les gals!<br \/>\n&#8211; Marchez pieds nus dans l&#8217;herbe.<br \/>\n&#8211; Brossez vos cheveux &#8211; \u00e9prouv\u00e9 pour \u00eatre relaxant.<br \/>\n&#8211; Sautez les roches au lac. Si vous n&#8217;\u00eates pas pr\u00e8s d&#8217;un lac, sautez des assiettes au parc.<br \/>\n&#8211; Dump amis n\u00e9gatifs.<br \/>\n&#8211; Obtenez de l&#8217;acupuncture.<br \/>\n&#8211; Peindre quelque chose.<br \/>\n&#8211; \u00c9coutez les sons ambiants &#8211; ces sons doux et relaxants qui r\u00e9duisent votre fr\u00e9quence d&#8217;ondes c\u00e9r\u00e9brales.<br \/>\n&#8211; Aller \u00e0 la boutique pour animaux de compagnie et tenir quelque chose de goulot.<br \/>\n&#8211; Faites un long bain chaud.<br \/>\n&#8211; Eteins ton telephone.<br \/>\n&#8211; Ignorez les autres avis et commencez \u00e0 valoriser le v\u00f4tre.<br \/>\n&#8211; Surmonter une peur &#8211; faites quelque chose que vous avez peur de faire.<br \/>\n&#8211; D\u00e9fiez vos pens\u00e9es n\u00e9gatives pour la validit\u00e9.<br \/>\n&#8211; Cherchez quelque chose pour \u00eatre reconnaissant pour cette minute.<br \/>\n&#8211; Passez du temps seul, mais faites-le avec des amis, des familles et des \u00e9trangers.<br \/>\n&#8211; Obtenez un soin du visage.<br \/>\n&#8211; SOURIRE = -) &#8211; Les changements neurologiques se produisent dans le cerveau juste en souriant.<br \/>\n&#8211; Placez le pass\u00e9 dans le pass\u00e9.<br \/>\n&#8211; Apprenez le kit d&#8217;acupuncture \u00e0 domicile &#8230; sans les aiguilles.<br \/>\n&#8211; Grimper \u00e0 un arbre.<br \/>\n&#8211; Allez dans votre endroit heureux.<br \/>\n&#8211; Aidez un \u00e9tranger.<br \/>\n&#8211; \u00c9crivez dans votre journal.<br \/>\n&#8211; Sachez qu&#8217;il n&#8217;y a pas d&#8217;\u00e9chec &#8211; abandonnant seulement.<\/p>\n<p><em>Source: <a href=\"http:\/\/psychcentral.com\/\">PsychCentral.com (en englais)<\/a><\/em><\/p>\n","protected":false},"excerpt":{"rendered":"<p>En cultivant la conscience, nous pouvons apprendre \u00e0 identifier les pens\u00e9es n\u00e9gatives qui nous laisse douter et de se hisser, et apprendre plut\u00f4t \u00e0 embrasser la tranquillit\u00e9 qui r\u00e9side dans le moment pr\u00e9sent. L&#8217;une des fa\u00e7ons les plus faciles d&#8217;\u00eatre d\u00e9connect\u00e9 de notre c\u0153ur est la pens\u00e9e n\u00e9gative habituelle. Il peut \u00eatre facile de penser [&hellip;]<\/p>\n","protected":false},"author":2,"featured_media":0,"parent":687,"menu_order":0,"comment_status":"closed","ping_status":"closed","template":"","meta":{"_exactmetrics_skip_tracking":false,"_exactmetrics_sitenote_active":false,"_exactmetrics_sitenote_note":"","_exactmetrics_sitenote_category":0,"_links_to":"","_links_to_target":""},"_links":{"self":[{"href":"https:\/\/thelifelinecanada.ca\/fr\/wp-json\/wp\/v2\/pages\/275"}],"collection":[{"href":"https:\/\/thelifelinecanada.ca\/fr\/wp-json\/wp\/v2\/pages"}],"about":[{"href":"https:\/\/thelifelinecanada.ca\/fr\/wp-json\/wp\/v2\/types\/page"}],"author":[{"embeddable":true,"href":"https:\/\/thelifelinecanada.ca\/fr\/wp-json\/wp\/v2\/users\/2"}],"replies":[{"embeddable":true,"href":"https:\/\/thelifelinecanada.ca\/fr\/wp-json\/wp\/v2\/comments?post=275"}],"version-history":[{"count":30,"href":"https:\/\/thelifelinecanada.ca\/fr\/wp-json\/wp\/v2\/pages\/275\/revisions"}],"predecessor-version":[{"id":3801,"href":"https:\/\/thelifelinecanada.ca\/fr\/wp-json\/wp\/v2\/pages\/275\/revisions\/3801"}],"up":[{"embeddable":true,"href":"https:\/\/thelifelinecanada.ca\/fr\/wp-json\/wp\/v2\/pages\/687"}],"wp:attachment":[{"href":"https:\/\/thelifelinecanada.ca\/fr\/wp-json\/wp\/v2\/media?parent=275"}],"curies":[{"name":"wp","href":"https:\/\/api.w.org\/{rel}","templated":true}]}}