{"id":273,"date":"2016-09-24T20:10:21","date_gmt":"2016-09-24T20:10:21","guid":{"rendered":"https:\/\/thelifelinecanada.ca\/fr\/?page_id=273"},"modified":"2017-10-06T17:41:10","modified_gmt":"2017-10-07T00:41:10","slug":"words-of-wisdom","status":"publish","type":"page","link":"https:\/\/thelifelinecanada.ca\/fr\/pattern-interrupt\/words-of-wisdom\/","title":{"rendered":"Paroles de Sagesse"},"content":{"rendered":"<p><strong>Les citations ont \u00e9t\u00e9 traduites de l&#8217;anglais vers le fran\u00e7ais<\/strong><\/p>\n<h3><strong>Citations Inspirantes<\/strong><\/h3>\n<p>1. La vie consiste \u00e0 faire un impact, \u00e0 ne pas g\u00e9n\u00e9rer de revenus. -Kevin Kruse<\/p>\n<p>2. Tout ce que l&#8217;esprit de l&#8217;homme peut concevoir et croire, il peut atteindre. -Napoleon Hill<\/p>\n<p>3. S&#8217;efforcer de ne pas \u00eatre un succ\u00e8s, mais plut\u00f4t d&#8217;\u00eatre utile. -Albert Einstein<\/p>\n<p>4. Deux routes ont diverg\u00e9 dans un bois, et j&#8217;ai-je pris la moins parcourue, et cela a fait toute la diff\u00e9rence. -Robert Frost<\/p>\n<p>5. J&#8217;attribue mon succ\u00e8s \u00e0 ceci: je n&#8217;ai jamais donn\u00e9 ou n&#8217;ai eu aucune excuse. -Florence Nightingale<\/p>\n<p>6. Vous manquez 100% des coups que vous ne prenez pas. -Wayne Gretzky<\/p>\n<p>7. J&#8217;ai manqu\u00e9 plus de 9000 tirs dans ma carri\u00e8re. J&#8217;ai perdu pr\u00e8s de 300 jeux. 26 fois, j&#8217;ai eu confiance pour prendre le coup gagnant du jeu et manqu\u00e9. J&#8217;ai \u00e9chou\u00e9 \u00e0 maintes reprises dans ma vie. Et c&#8217;est pourquoi je r\u00e9ussis. -Michael Jordan<\/p>\n<p>8. Le plus difficile est la d\u00e9cision d&#8217;agir, le reste n&#8217;est qu&#8217;une t\u00e9nacit\u00e9. -Amelia Earhart<\/p>\n<p>9. Chaque gr\u00e8ve me rapproche du prochain rendez-vous. -Babe Ruth<\/p>\n<p>10. La d\u00e9finition du but est le point de d\u00e9part de toutes les r\u00e9alisations. -W. Clement Stone<\/p>\n<p>11. La vie ne consiste pas \u00e0 obtenir et \u00e0 avoir, il s&#8217;agit de donner et d&#8217;\u00eatre. -Kevin Kruse<\/p>\n<p>12. La vie est ce qui vous arrive alors que vous \u00eates occup\u00e9 \u00e0 faire d&#8217;autres projets. -John Lennon<\/p>\n<p>13. Nous devenons ce dont nous pensons. -Earl Nightingale<\/p>\n<p>Dans plus d&#8217;une vingtaine d&#8217;ann\u00e9es, vous serez plus d\u00e9\u00e7u par les choses que vous n&#8217;avez pas faites que par celles que vous avez faites, alors jettez-vous hors des bouches, naviguez loin du port s\u00fbr, attrapez les aliz\u00e9s dans vos voiles. Explorer r\u00eaver d\u00e9couvrir. -Mark Twain<\/p>\n<p>15.Life est 10% ce qui m&#8217;arrive et 90% de la fa\u00e7on dont je r\u00e9agis. -Charles Swindoll<\/p>\n<p>16. La mani\u00e8re la plus courante de renoncer \u00e0 leur pouvoir consiste \u00e0 penser qu&#8217;ils n&#8217;en ont pas. -Alice Walker<\/p>\n<p>17. L&#8217;esprit est tout. Ce que vous pensez devenir. -Bouddha<\/p>\n<p>18. Le meilleur moment pour planter un arbre \u00e9tait il y a 20 ans. Le deuxi\u00e8me meilleur moment est maintenant. -Proverbe chinois<\/p>\n<p>19. Une vie non examin\u00e9e ne vaut pas la peine d&#8217;\u00eatre v\u00e9cue. -Socrates<\/p>\n<p>20. Quatre-vingts pour cent des succ\u00e8s apparaissent. -Woody Allen<\/p>\n<p>21. Votre temps est limit\u00e9, alors ne le laissez pas vivre la vie de quelqu&#8217;un d&#8217;autre. -Steve Jobs<\/p>\n<p>22. Gagner n&#8217;est pas tout, mais vouloir gagner est. -Vince Lombardi<\/p>\n<p>23. Je ne suis pas un produit de ma situation. Je suis un produit de mes d\u00e9cisions. -Stephen Covey<\/p>\n<p>24. Tout enfant est un artiste. Le probl\u00e8me consiste \u00e0 rester un artiste une fois qu&#8217;il grandit. -Pablo Picasso<\/p>\n<p>25. Vous ne pouvez jamais traverser l&#8217;oc\u00e9an jusqu&#8217;\u00e0 ce que vous ayez le courage de perdre de vue le rivage. -Christophe Colomb<\/p>\n<p>26. J&#8217;ai appris que les gens vont oublier ce que vous avez dit, les gens vont oublier ce que vous avez fait, mais les gens n&#8217;oublieront jamais comment vous les avez fait sentir. -Maya Angelou<\/p>\n<p>27. Soit vous dirigez le jour, soit le jour o\u00f9 vous vous rendez. -Jim Rohn<\/p>\n<p>28. Si vous pensez que vous pouvez ou vous pensez que vous ne pouvez pas, vous avez raison. -Henry Ford<\/p>\n<p>29. Les deux jours les plus importants de votre vie sont le jour o\u00f9 vous \u00eates n\u00e9 et le jour o\u00f9 vous d\u00e9couvrez pourquoi. -Mark Twain<\/p>\n<p>30. Tout ce que vous pouvez faire, ou r\u00eaver, commencez. L&#8217;audace a du g\u00e9nie, du pouvoir et de la magie. -Johann Wolfgang von Goethe<\/p>\n<p>31. La meilleure revanche est un succ\u00e8s massif. -Frank Sinatra<\/p>\n<p>32. Les gens disent souvent que la motivation ne dure pas. Eh bien, on ne se baigne pas non plus. C&#8217;est pourquoi nous le recommandons tous les jours. -Zig Ziglar<\/p>\n<p>33. La vie se r\u00e9tr\u00e9cit ou se d\u00e9veloppe proportionnellement \u00e0 son courage. -Anais Nin<\/p>\n<p>34. Si vous entendez une voix en vous, vous dites \u00abvous ne pouvez pas peindre\u00bb, puis, par tous les moyens, la peinture et cette voix seront r\u00e9duites au silence. -Vincent Van Gogh<\/p>\n<p>35. Il n&#8217;y a qu&#8217;un seul moyen d&#8217;\u00e9viter les critiques: ne rien faire, ne rien dire et ne rien \u00eatre. -Aristotle<\/p>\n<p>36. Demandez et vous sera remis; recherche, et vous trouverez; frappez et la porte vous sera ouverte. -J\u00e9sus<\/p>\n<p>37. La seule personne que vous \u00eates destin\u00e9e \u00e0 devenir est la personne que vous d\u00e9cidez d&#8217;\u00eatre. -Ralph Waldo Emerson<\/p>\n<p>38. Allez avec confiance dans la direction de vos r\u00eaves. Vis la vie que tu as imagin\u00e9e. -Henry David Thoreau<\/p>\n<p>39. Lorsque je me tiendrai devant Dieu \u00e0 la fin de ma vie, j&#8217;esp\u00e8re que je n&#8217;aurais plus un seul talent et que je pourrais dire que j&#8217;ai utilis\u00e9 tout ce que vous m&#8217;avez donn\u00e9. -Erma Bombeck<\/p>\n<p>40. Peu de choses peuvent aider un individu plus que de lui imposer des responsabilit\u00e9s et lui faire savoir que vous lui avez confiance. -Booker T. Washington<\/p>\n<p>41. Certaines choses attirent votre attention, mais ne poursuivent que celles qui capturent le c\u0153ur. &#8211; Ancien Proverbe Indien<\/p>\n<p>42. Croyez que vous pouvez et vous \u00eates \u00e0 mi-chemin. -Th\u00e9odore Roosevelt<\/p>\n<p>43. Tout ce que vous avez toujours voulu est de l&#8217;autre c\u00f4t\u00e9 de la peur. -George Addair<\/p>\n<p>44. Nous pouvons facilement pardonner \u00e0 un enfant qui a peur de l&#8217;obscurit\u00e9; la vraie trag\u00e9die de la vie est quand les hommes ont peur de la lumi\u00e8re. -Platon<\/p>\n<p>45. Apprends ta langue \u00e0 dire: \u00abJe ne sais pas\u00bb, et tu progresseras. -Maimonides<\/p>\n<p>46. \u200b\u200bCommencez o\u00f9 vous \u00eates. Utilisez ce que vous avez. Fais ce que tu peux. -Arthur Ashe<\/p>\n<p>47. Quand j&#8217;avais 5 ans, ma m\u00e8re m&#8217;a toujours dit que le bonheur \u00e9tait la cl\u00e9 de la vie. Quand je suis all\u00e9 \u00e0 l&#8217;\u00e9cole, ils m&#8217;ont demand\u00e9 ce que je voulais \u00eatre lorsque j&#8217;ai grandi. J&#8217;ai \u00e9crit \u00abheureux\u00bb. Ils m&#8217;ont dit que je ne comprenais pas la mission, et je leur ai dit qu&#8217;ils ne comprenaient pas la vie. -John Lennon<\/p>\n<p>48. Tomber sept fois et rester debout huit heures. -Japanese Proverb<\/p>\n<p>49. Quand une porte de bonheur se ferme, une autre ouvre, mais souvent nous nous attendons si longtemps \u00e0 la porte ferm\u00e9e que nous ne voyons pas celle qui nous a \u00e9t\u00e9 ouverte. -Helen Keller<\/p>\n<p>50. Tout a de la beaut\u00e9, mais tout le monde ne le voit pas. -Confucius<\/p>\n<p>51. Comme il est merveilleux, personne ne doit attendre un moment avant de commencer \u00e0 am\u00e9liorer le monde. -Anne Frank<\/p>\n<p>52. Quand je l\u00e2che ce que je suis, je deviens ce que je pourrais \u00eatre. -Lao Tzu<\/p>\n<p>53. La vie n&#8217;est pas mesur\u00e9e par le nombre de respirations que nous prenons, mais par les moments qui nous enl\u00e8vent. -Maya Angelou<\/p>\n<p>54. Le bonheur n&#8217;est pas quelque chose de pr\u00eat. Cela vient de vos propres actions. -Dala\u00ef Lama<\/p>\n<p>55. Si on vous offre un si\u00e8ge sur un fus\u00e9e, ne demandez pas quel si\u00e8ge! Il suffit de continuer. -Sheryl Sandberg<\/p>\n<p>56. Tout d&#8217;abord, avoir un id\u00e9al concret clair et clair; un objectif, un objectif. Deuxi\u00e8mement, avez les moyens n\u00e9cessaires pour atteindre vos objectifs; la sagesse, l&#8217;argent, les mat\u00e9riaux et les m\u00e9thodes. Troisi\u00e8mement, ajustez tous vos moyens \u00e0 cette fin. -Aristotle<\/p>\n<p>57. Si le vent ne sert pas, prenez les rames. -Latin Proverb<\/p>\n<p>58. Vous ne pouvez pas tomber si vous ne grimpez pas. Mais il n&#8217;y a pas de joie de vivre toute votre vie sur le terrain. -Inconnu<\/p>\n<p>59. Nous devons croire que nous sommes dou\u00e9s pour quelque chose, et que cette chose, \u00e0 tout prix, doit \u00eatre atteinte. -Marie Curie<\/p>\n<p>60. Trop d&#8217;entre nous ne vivent pas nos r\u00eaves parce que nous vivons nos peurs. -Les Brown<\/p>\n<p>61. Les d\u00e9fis sont ce qui rend la vie int\u00e9ressante et les surmonter, c&#8217;est ce qui rend la vie utile. -Joshua J. Marine<\/p>\n<p>62. Si vous voulez vous soulever, soulevez quelqu&#8217;un d&#8217;autre. -Booker T. Washington<\/p>\n<p>63. J&#8217;ai \u00e9t\u00e9 impressionn\u00e9 par l&#8217;urgence de faire. Le savoir n&#8217;est pas suffisant; nous devons faire une demande. \u00catre dispos\u00e9 n&#8217;est pas suffisant; nous devons le faire. -L\u00e9onard de Vinci<\/p>\n<p>64. Les limitations ne sont que dans nos esprits. Mais si nous utilisons notre imagination, nos possibilit\u00e9s deviennent illimit\u00e9es. -Jamie Paolinetti<\/p>\n<p>65. Vous prenez votre vie de vos propres mains, et ce qui se passe? Une chose terrible, personne \u00e0 bl\u00e2mer. -Erica Jong<\/p>\n<p>66. Quel est l&#8217;argent? Un homme est un succ\u00e8s s&#8217;il se l\u00e8ve le matin et se couche le soir et entre les deux il veut faire. -Bob Dylan<\/p>\n<p>67. Je n&#8217;ai pas \u00e9chou\u00e9 le test. Je viens de trouver 100 fa\u00e7ons de le faire mal. -Benjamin Franklin<\/p>\n<p>68. Pour r\u00e9ussir, votre d\u00e9sir de succ\u00e8s devrait \u00eatre sup\u00e9rieur \u00e0 votre peur de l&#8217;\u00e9chec. -Bill Cosby<\/p>\n<p>69. Une personne qui n&#8217;a jamais commis d&#8217;erreur n&#8217;a jamais essay\u00e9 de nouvelles. &#8211; Albert Einstein<\/p>\n<p>70. La personne qui le dit ne peut pas faire ne doit pas interrompre la personne qui le fait. -Proverbe chinois<\/p>\n<p>71. Il n&#8217;y a pas de brouillards suppl\u00e9mentaires. -Roger Staubach<\/p>\n<p>72. Il n&#8217;est jamais trop tard pour \u00eatre ce que vous pourriez avoir \u00e9t\u00e9. -George Eliot<\/p>\n<p>73. Vous devenez ce que vous croyez. -Oprah Winfrey<\/p>\n<p>74. Je pr\u00e9f\u00e8re mourir de passion que d&#8217;ennui. -Vincent Van Gogh<\/p>\n<p>75. Un homme vraiment riche est celui dont les enfants coulent dans ses bras quand ses mains sont vides. -Inconnu<\/p>\n<p>76. Ce n&#8217;est pas ce que vous faites pour vos enfants, mais ce que vous leur avez enseign\u00e9 \u00e0 faire pour eux-m\u00eames, cela leur fera des \u00eatres humains r\u00e9ussi. -Ann Landers<\/p>\n<p>77. Si vous voulez que vos enfants se d\u00e9brouillent bien, passez deux fois plus de temps avec eux et la moiti\u00e9 de l&#8217;argent. -Abigail Van Buren<\/p>\n<p>78. Cr\u00e9ez vos propres r\u00eaves, ou quelqu&#8217;un d&#8217;autre vous embauchera pour construire le leur. -Farrah Grey<\/p>\n<p>79. Les combats qui comptent ne sont pas ceux des m\u00e9dailles d&#8217;or. Les luttes en vous-m\u00eames &#8211; les batailles invisibles \u00e0 l&#8217;int\u00e9rieur de nous tous &#8211; c&#8217;est l\u00e0 que \u00e7a se trouve. -Jesse Owens<\/p>\n<p>80. L&#8217;\u00e9ducation co\u00fbte de l&#8217;argent. Mais aussi l&#8217;ignorance. -Sir Claus Moser<\/p>\n<p>81. J&#8217;ai appris au cours des ann\u00e9es que, lorsque l&#8217;esprit est invent\u00e9, cela diminue la peur. -Rosa Parks<\/p>\n<p>82. Peu importe la lenteur que vous allez tant que vous ne vous arr\u00eatez pas. -Confucius<\/p>\n<p>83. Si vous regardez ce que vous avez dans la vie, vous aurez toujours plus. Si vous regardez ce que vous n&#8217;avez pas dans la vie, vous n&#8217;en aurez jamais assez. -Oprah Winfrey<\/p>\n<p>84. Rappelez-vous que ne pas obtenir ce que vous voulez, c&#8217;est parfois un bon coup de chance. -Dala\u00ef Lama<\/p>\n<p>85. Vous ne pouvez pas utiliser la cr\u00e9ativit\u00e9. Plus vous utilisez, plus vous avez. -Maya Angelou<\/p>\n<p>86. R\u00eavez bien et osez \u00e9chouer. -Norman Vaughan<\/p>\n<p>87. Nos vies commencent \u00e0 finir le jour o\u00f9 nous nous taisons sur ce qui compte. -Martin Luther King jr.<\/p>\n<p>88. Faites ce que vous pouvez, l\u00e0 o\u00f9 vous \u00eates, avec ce que vous avez. -Teddy Roosevelt<\/p>\n<p>89. Si vous faites ce que vous avez toujours fait, vous obtiendrez ce que vous avez toujours obtenu. -Tony Robbins<\/p>\n<p>90. Le r\u00eave, apr\u00e8s tout, est une forme de planification. -Gloria Steinem<\/p>\n<p>91. C&#8217;est votre place dans le monde; c&#8217;est ta vie. Continuez et faites tout votre possible avec vous, et faites de la vie que vous voulez vivre. -Mae Jemison<\/p>\n<p>92. Vous pouvez \u00eatre d\u00e9\u00e7u si vous \u00e9chouez, mais vous \u00eates condamn\u00e9 si vous n&#8217;essayez pas. -Beverly Sills<\/p>\n<p>93. Rappelez-vous que personne ne peut vous faire sentir inf\u00e9rieur sans votre consentement. -Eleanor Roosevelt<\/p>\n<p>94. La vie est ce que nous faisons, a toujours \u00e9t\u00e9, sera toujours. -Grandma Mo\u00efse<\/p>\n<p>95. La question n&#8217;est pas qui me l\u00e2che; C&#8217;est qui va m&#8217;arr\u00eater. -Ayn Rand<\/p>\n<p>96. Lorsque tout semble aller contre vous, n&#8217;oubliez pas que l&#8217;avion d\u00e9collait contre le vent, pas avec lui. -Henry Ford<\/p>\n<p>97. Ce ne sont pas les ann\u00e9es de votre vie qui comptent. C&#8217;est la vie de vos ann\u00e9es. -Abraham Lincoln<\/p>\n<p>98. Changez vos pens\u00e9es et vous changez votre monde. -Norman Vincent Peale<\/p>\n<p>99. Ecrivez quelque chose qui vaut la peine de lire ou faites quelque chose qui vaut la peine d&#8217;\u00eatre \u00e9crit. -Benjamin Franklin<\/p>\n<p>100. Rien n&#8217;est impossible, le mot lui-m\u00eame dit: \u00abJe suis possible!\u00bb -Audrey Hepburn<\/p>\n<p>101. Le seul moyen de faire un excellent travail est d&#8217;aimer ce que vous faites. -Steve Jobs<\/p>\n<p>102. Si vous pouvez le r\u00eaver, vous pouvez le r\u00e9aliser. -Zig Ziglar<\/p>\n","protected":false},"excerpt":{"rendered":"<p>Les citations ont \u00e9t\u00e9 traduites de l&#8217;anglais vers le fran\u00e7ais Citations Inspirantes 1. La vie consiste \u00e0 faire un impact, \u00e0 ne pas g\u00e9n\u00e9rer de revenus. -Kevin Kruse 2. Tout ce que l&#8217;esprit de l&#8217;homme peut concevoir et croire, il peut atteindre. -Napoleon Hill 3. S&#8217;efforcer de ne pas \u00eatre un succ\u00e8s, mais plut\u00f4t d&#8217;\u00eatre [&hellip;]<\/p>\n","protected":false},"author":2,"featured_media":0,"parent":687,"menu_order":0,"comment_status":"closed","ping_status":"closed","template":"","meta":{"_exactmetrics_skip_tracking":false,"_exactmetrics_sitenote_active":false,"_exactmetrics_sitenote_note":"","_exactmetrics_sitenote_category":0,"_links_to":"","_links_to_target":""},"_links":{"self":[{"href":"https:\/\/thelifelinecanada.ca\/fr\/wp-json\/wp\/v2\/pages\/273"}],"collection":[{"href":"https:\/\/thelifelinecanada.ca\/fr\/wp-json\/wp\/v2\/pages"}],"about":[{"href":"https:\/\/thelifelinecanada.ca\/fr\/wp-json\/wp\/v2\/types\/page"}],"author":[{"embeddable":true,"href":"https:\/\/thelifelinecanada.ca\/fr\/wp-json\/wp\/v2\/users\/2"}],"replies":[{"embeddable":true,"href":"https:\/\/thelifelinecanada.ca\/fr\/wp-json\/wp\/v2\/comments?post=273"}],"version-history":[{"count":5,"href":"https:\/\/thelifelinecanada.ca\/fr\/wp-json\/wp\/v2\/pages\/273\/revisions"}],"predecessor-version":[{"id":3640,"href":"https:\/\/thelifelinecanada.ca\/fr\/wp-json\/wp\/v2\/pages\/273\/revisions\/3640"}],"up":[{"embeddable":true,"href":"https:\/\/thelifelinecanada.ca\/fr\/wp-json\/wp\/v2\/pages\/687"}],"wp:attachment":[{"href":"https:\/\/thelifelinecanada.ca\/fr\/wp-json\/wp\/v2\/media?parent=273"}],"curies":[{"name":"wp","href":"https:\/\/api.w.org\/{rel}","templated":true}]}}