{"id":263,"date":"2016-09-24T20:05:43","date_gmt":"2016-09-24T20:05:43","guid":{"rendered":"https:\/\/thelifelinecanada.ca\/fr\/?page_id=263"},"modified":"2017-06-13T09:35:04","modified_gmt":"2017-06-13T16:35:04","slug":"worldwide-emergency-numbers","status":"publish","type":"page","link":"https:\/\/thelifelinecanada.ca\/fr\/help\/crisis-centres\/worldwide-emergency-numbers\/","title":{"rendered":"Num\u00e9ros D&#8217;Urgence Dans Le Monde Entier"},"content":{"rendered":"<h2 class=\"title\"><img class=\"alignnone size-full wp-image-2307\" src=\"https:\/\/thelifelinecanada.ca\/fr\/wp-content\/uploads\/2016\/09\/l_1983_a71c039338e34490032e31d068addbe1.png\" alt=\"Map of Worldwide Emergency Numbers\" width=\"940\" height=\"469\" srcset=\"https:\/\/thelifelinecanada.ca\/fr\/wp-content\/uploads\/2016\/09\/l_1983_a71c039338e34490032e31d068addbe1-200x100.png 200w, https:\/\/thelifelinecanada.ca\/fr\/wp-content\/uploads\/2016\/09\/l_1983_a71c039338e34490032e31d068addbe1-300x150.png 300w, https:\/\/thelifelinecanada.ca\/fr\/wp-content\/uploads\/2016\/09\/l_1983_a71c039338e34490032e31d068addbe1-400x200.png 400w, https:\/\/thelifelinecanada.ca\/fr\/wp-content\/uploads\/2016\/09\/l_1983_a71c039338e34490032e31d068addbe1-600x299.png 600w, https:\/\/thelifelinecanada.ca\/fr\/wp-content\/uploads\/2016\/09\/l_1983_a71c039338e34490032e31d068addbe1-768x383.png 768w, https:\/\/thelifelinecanada.ca\/fr\/wp-content\/uploads\/2016\/09\/l_1983_a71c039338e34490032e31d068addbe1-800x399.png 800w, https:\/\/thelifelinecanada.ca\/fr\/wp-content\/uploads\/2016\/09\/l_1983_a71c039338e34490032e31d068addbe1.png 940w\" sizes=\"(max-width: 940px) 100vw, 940px\" \/><\/h2>\n<h3 id=\"page-title\" class=\"title\">Les Services d&#8217;urgence dans le monde entier Contact Nombres<\/h3>\n<article class=\"node-630 node node-page view-mode-full clearfix\">\n<header><\/header>\n<div class=\"field field-name-body field-type-text-with-summary field-label-hidden\">\n<div class=\"field-items\">\n<div class=\"field-item even\">\n<p>Si vous \u00eates en situation d&#8217;urgence o\u00f9 votre vie et\/ou la vie d&#8217;un autre ou d&#8217;autres personnes est en danger puis nous demande d&#8217;appeler le num\u00e9ro d&#8217;urgence &#8211; n&#8217;h\u00e9sitez pas.<\/p>\n<h3><strong>Liste des num\u00e9ros d&#8217;urgence:<\/strong><\/h3>\n<ul>\n<li>Canada and United States 911<\/li>\n<\/ul>\n<\/div>\n<ul>\n<li>Antigua &amp; Barbuda 911<\/li>\n<li>Argentina 911<\/li>\n<li>Australia 0<\/li>\n<li>Bahamas 911 or 919<\/li>\n<li>Bahrain 999<\/li>\n<li>Bangladesh 999<\/li>\n<li>Bermuda 911<\/li>\n<li>Canada 911<\/li>\n<li>Cayman Islands 911<\/li>\n<li>Channel Islands 999<\/li>\n<li>Chile 911<\/li>\n<li>Colombia 123<\/li>\n<li>Costa Rica 911<\/li>\n<li>Dominican Republic 911<\/li>\n<li>Egypt 122<\/li>\n<li>El Salvador 911<\/li>\n<li>European \u00a0Toutes les \u00eeles et le continent 112 &#8211; Des t\u00e9l\u00e9phones mobiles et des lignes terrestres. Cela inclut \u00e9galement le Royaume-Uni et la R\u00e9publique d&#8217;Irlande qui utilisent \u00e9galement le 999 pour les num\u00e9ros d&#8217;urgence.<\/li>\n<li>Gibraltar 190 &#8211; Les pompiers et l&#8217;ambulance.<\/li>\n<li>Gibraltar 199<\/li>\n<li>Greenland 112<\/li>\n<li>Grenada 911<\/li>\n<li>Grenada 999<\/li>\n<li>Honduras 199<\/li>\n<li>Hong Kong 999<\/li>\n<li>Iceland 112<\/li>\n<li>India 112 \u00c0 partir de t\u00e9l\u00e9phones mobiles seulement<\/li>\n<li>Isle of Man 999<\/li>\n<li>Israel 112 \u00c0 partir de t\u00e9l\u00e9phones mobiles seulement<\/li>\n<li>Jordan 112<\/li>\n<li>Kazakhstan 112<\/li>\n<li>Kuwait 112<\/li>\n<li>Macau 999<\/li>\n<li>Madagascar 117<\/li>\n<li>Malaysia 999<\/li>\n<li>Maldives 102<\/li>\n<li>Morocco 190<\/li>\n<li>Myanmar \/ Burma 999<\/li>\n<li>Nepal 100<\/li>\n<li>New Zealand 111<\/li>\n<li>Nigeria 199<\/li>\n<li>Oman 999<\/li>\n<li>Pakistan 112 \u00c0 partir de t\u00e9l\u00e9phones mobiles seulement<\/li>\n<li>Paraguay 911<\/li>\n<li>Philippines 117<\/li>\n<li>Qatar 999<\/li>\n<li>Republic of Ireland 999 \u2013 Garde-c\u00f4tes \u00e9galement et grotte et sauvetage en montagne.<\/li>\n<li>Russia 112<\/li>\n<li>Solomon Islands 999<\/li>\n<li>South Africa 112<\/li>\n<li>South Korea 112\u00a0 &#8211; 02112 \u00c0 partir de t\u00e9l\u00e9phones mobiles seulement<\/li>\n<li>Sudan 999<\/li>\n<li>Tajikstan 112<\/li>\n<li>Turkey 112 \u00c0 partir de t\u00e9l\u00e9phones mobiles seulement<\/li>\n<li>Ukraine 112<\/li>\n<li>United Kingdom 999 &#8211; Garde-c\u00f4tes \u00e9galement et de l&#8217;air \/ services de secours en mer.<\/li>\n<li>United States of America 911<\/li>\n<li>Uruguay 911<\/li>\n<li>Vanuatu 112<\/li>\n<li>Venezuela 171<\/li>\n<\/ul>\n<\/div>\n<div class=\"field-items\">\n<div class=\"field-item even\">\n<table style=\"height: 139px;\" width=\"817\">\n<tbody>\n<tr>\n<td><strong>Please note:<\/strong> this could never be a complete list of all the emergency numbers around the world. <em>The numbers listed are current to our best knowledge and belief<\/em>. If you wish to suggest an amendment or addition to the list please let us know.<\/p>\n<p><img class=\"alignnone size-full wp-image-2309\" src=\"https:\/\/thelifelinecanada.ca\/fr\/wp-content\/uploads\/2016\/09\/ABC-2.png\" alt=\"Spanish map\" width=\"1600\" height=\"1127\" srcset=\"https:\/\/thelifelinecanada.ca\/fr\/wp-content\/uploads\/2016\/09\/ABC-2-200x141.png 200w, https:\/\/thelifelinecanada.ca\/fr\/wp-content\/uploads\/2016\/09\/ABC-2-300x211.png 300w, https:\/\/thelifelinecanada.ca\/fr\/wp-content\/uploads\/2016\/09\/ABC-2-400x282.png 400w, https:\/\/thelifelinecanada.ca\/fr\/wp-content\/uploads\/2016\/09\/ABC-2-600x423.png 600w, https:\/\/thelifelinecanada.ca\/fr\/wp-content\/uploads\/2016\/09\/ABC-2-768x541.png 768w, https:\/\/thelifelinecanada.ca\/fr\/wp-content\/uploads\/2016\/09\/ABC-2-800x564.png 800w, https:\/\/thelifelinecanada.ca\/fr\/wp-content\/uploads\/2016\/09\/ABC-2-1024x721.png 1024w, https:\/\/thelifelinecanada.ca\/fr\/wp-content\/uploads\/2016\/09\/ABC-2-1200x845.png 1200w, https:\/\/thelifelinecanada.ca\/fr\/wp-content\/uploads\/2016\/09\/ABC-2.png 1600w\" sizes=\"(max-width: 1600px) 100vw, 1600px\" \/><\/td>\n<\/tr>\n<\/tbody>\n<\/table>\n<\/div>\n<\/div>\n<\/div>\n<\/article>\n","protected":false},"excerpt":{"rendered":"<p>Les Services d&#8217;urgence dans le monde entier Contact Nombres Si vous \u00eates en situation d&#8217;urgence o\u00f9 votre vie et\/ou la vie d&#8217;un autre ou d&#8217;autres personnes est en danger puis nous demande d&#8217;appeler le num\u00e9ro d&#8217;urgence &#8211; n&#8217;h\u00e9sitez pas. Liste des num\u00e9ros d&#8217;urgence: Canada and United States 911 Antigua &amp; Barbuda 911 Argentina 911 Australia [&hellip;]<\/p>\n","protected":false},"author":2,"featured_media":0,"parent":224,"menu_order":0,"comment_status":"closed","ping_status":"closed","template":"","meta":{"_exactmetrics_skip_tracking":false,"_exactmetrics_sitenote_active":false,"_exactmetrics_sitenote_note":"","_exactmetrics_sitenote_category":0,"_links_to":"","_links_to_target":""},"_links":{"self":[{"href":"https:\/\/thelifelinecanada.ca\/fr\/wp-json\/wp\/v2\/pages\/263"}],"collection":[{"href":"https:\/\/thelifelinecanada.ca\/fr\/wp-json\/wp\/v2\/pages"}],"about":[{"href":"https:\/\/thelifelinecanada.ca\/fr\/wp-json\/wp\/v2\/types\/page"}],"author":[{"embeddable":true,"href":"https:\/\/thelifelinecanada.ca\/fr\/wp-json\/wp\/v2\/users\/2"}],"replies":[{"embeddable":true,"href":"https:\/\/thelifelinecanada.ca\/fr\/wp-json\/wp\/v2\/comments?post=263"}],"version-history":[{"count":22,"href":"https:\/\/thelifelinecanada.ca\/fr\/wp-json\/wp\/v2\/pages\/263\/revisions"}],"predecessor-version":[{"id":3508,"href":"https:\/\/thelifelinecanada.ca\/fr\/wp-json\/wp\/v2\/pages\/263\/revisions\/3508"}],"up":[{"embeddable":true,"href":"https:\/\/thelifelinecanada.ca\/fr\/wp-json\/wp\/v2\/pages\/224"}],"wp:attachment":[{"href":"https:\/\/thelifelinecanada.ca\/fr\/wp-json\/wp\/v2\/media?parent=263"}],"curies":[{"name":"wp","href":"https:\/\/api.w.org\/{rel}","templated":true}]}}