{"id":255,"date":"2016-09-24T20:04:36","date_gmt":"2016-09-24T20:04:36","guid":{"rendered":"https:\/\/thelifelinecanada.ca\/fr\/?page_id=255"},"modified":"2021-06-12T18:18:44","modified_gmt":"2021-06-13T01:18:44","slug":"united-states-national-suicide-prevention-hotline","status":"publish","type":"page","link":"https:\/\/thelifelinecanada.ca\/fr\/help\/crisis-centres\/united-states-national-suicide-prevention-hotline\/","title":{"rendered":"Centres de crise des \u00c9tats-Unis"},"content":{"rendered":"<div id=\"content-wrapper\" class=\"row-fluid\">\n<div id=\"content\" class=\"span8\">\n<div class=\"view view-crisis-lines view-id-crisis_lines view-display-id-page view-dom-id-e916c647142d0d62d7b280e4794bc660\">\n<div class=\"view-content\">\n<div class=\"view-grouping\">\n<div class=\"view-grouping-content\">\n<div class=\"views-row views-row-1 views-row-odd views-row-first\">\u00a0<span id=\"result_box\" class=\"\" lang=\"fr\"><span title=\"If your life is in danger or you know someone\u2019s life is in danger dial 911 EMERGENCY NOW \u2013 DO NOT HESITATE!\">Si votre vie est en danger ou si vous savez que la vie de quelqu&#8217;un est en danger, APPLER le 911 EN CAS D&#8217;URGENCE MAINTENANT &#8211; NE H\u00c9SITEZ PAS! <\/span><span title=\"You can click here for Emergency services in your area Worldwide. \">Vous pouvez <a href=\"https:\/\/thelifelinecanada.ca\/fr\/help\/crisis-centres\/worldwide-emergency-numbers\/\" target=\"_blank\" rel=\"noopener\">cliquer ici <\/a>pour les services d&#8217;urgence dans votre r\u00e9gion dans le monde entier.<\/span><\/span><\/div>\n<div>\n<article>\n<div>\n<div>\n<div>\n<p><span title=\"If you are experiencing suicidal thoughts, you need to know that you\u2019re not alone. \">Si vous ressentez des pens\u00e9es suicidaires, vous devez savoir que vous n&#8217;\u00eates pas seul.<\/span><\/p>\n<p><span title=\"You can also call if you are not in crisis, seeking additional information.\">Vous pouvez \u00e9galement appeler si vous n&#8217;\u00eates pas en crise, en recherchant des informations suppl\u00e9mentaires. <\/span><span title=\"If you come across information on this page which is incorrect, please contact us so we can update it. \">Si vous rencontrez des informations sur cette page qui sont incorrectes, veuillez nous contacter afin que nous puissions les mettre \u00e0 jour.<\/span><\/p>\n<p><span title=\"United States Suicide Prevention Lifelines are available 24\/7 \u2013 so make use of them if your loved one needs to talk with someone urgently.\">Les Lignes de vie pour la pr\u00e9vention du suicide des \u00c9tats-Unis sont disponibles 24 heures sur 24, 7 jours sur 7, alors faites-les si votre \u00eatre cher a besoin de parler avec quelqu&#8217;un d&#8217;urgence. <\/span><span title=\"Call National Hope Hepline at 1-800-SUICIDE (1-800-784-2433) or the National Suicide Prevention Lifeline at 1-800-273-TALK (1-800-273-8255) or in Spanish, 1-888-\">Appelez National Hope Hepline au 1-800-SUICIDE (1-800-784-2433) ou la National Lifecycle Prevention Lifeline au 1-800-273-TALK (1-800-273-8255) ou en espagnol, 1-888- <\/span><span title=\"628-9454. \">628-9454.<\/span><\/p>\n<p><span title=\"Center for Mental Health Services (CMHS), of the Substance Abuse and Mental Health Services Administration (SAMHSA), maintains a mental health services locator, which you can use to help find services, facilities and resources in your state. \"><strong>Centre de services de sant\u00e9 mentale (CMHS)<\/strong>, <span id=\"result_box\" class=\"\" lang=\"fr\"><span class=\"\">L&#8217;Administration de la toxicomanie et des services de sant\u00e9 mentale <\/span><\/span>(SAMHSA), entretient un localisateur de<a href=\"https:\/\/www.samhsa.gov\/language-assistance-services#french\" target=\"_blank\" rel=\"noopener\"> services de sant\u00e9 mentale<\/a>, que vous pouvez utiliser pour trouver des services, des installations et des ressources dans votre <span title=\"Center for Mental Health Services (CMHS), of the Substance Abuse and Mental Health Services Administration (SAMHSA), maintains a mental health services locator, which you can use to help find services, facilities and resources in your State. \">\u00c9tat<\/span>.<\/span><\/p>\n<p><span title=\"Boys Town \"><strong>Boys Town<\/strong><br \/>\n<\/span><span title=\"1-800-448-3000 \">1-800-448-3000<\/span><\/p>\n<p><span title=\"Covenant House for teens, kids &amp; families \"><strong>Maison de l&#8217;Alliance pour les adolescents, les enfants et les familles<\/strong> (<strong>Covenant House for teens, kids &amp; families<\/strong>)<br \/>\n<\/span><span title=\"1-800-999-9999 \">1-800-999-9999<\/span><\/p>\n<p><span title=\"National Graduate Student Crisis Line \"><strong>Ligne nationale de crise des \u00e9tudiants dipl\u00f4m\u00e9s<\/strong> (<strong>National Graduate Student Crisis Line<\/strong>)<br \/>\n<\/span><span title=\"1-800-GRAD-HLP or 1-800-472-3457 \">1-800-GRAD-HLP ou 1-800-472-3457<\/span><\/p>\n<p><span title=\"National Hopeline Helpline \"><strong>National Hopeline Helpline<\/strong><br \/>\n<\/span><span title=\"1-800-SUICIDE or 1-800-784-2433 \">1-800-SUICIDE ou 1-800-784-2433<\/span><\/p>\n<p><span title=\"National Suicide Prevention Hotline \"><strong>National Suicide Prevention Hotline<\/strong><br \/>\n<\/span><span title=\"1-800-273-TALK or 1-800-273-8255 \">1-800-273-TALK ou 1-800-273-8255<\/span><\/p>\n<p><span title=\"Postpartum Depression for Moms \"><strong>D\u00e9pression postpartum chez les mamans<\/strong> (<strong>Postpartum Depression for Moms<\/strong>)<br \/>\n<\/span><span title=\"1-800-PPD-MOMS or 1-800-773-6667 \">1-800-PPD-MOMS ou 1-800-773-6667<\/span><\/p>\n<p><span title=\"The TREVOR Project for lesbian, gay, bisexual, transgender and questioning youth \"><strong>Le projet TREVOR pour les jeunes lesbiennes, homosexuelles, bisexuelles, transgenres et interrogatoires<\/strong> (<strong>The TREVOR Project for lesbian, gay, bisexual, transgender and questioning youth<\/strong>)<br \/>\n<\/span><span title=\"1-866-488-7386 \">1-866-488-7386<\/span><\/p>\n<p><span title=\"ULifeline for College &amp; University Students \"><strong>ULIFeline for College &amp; University Students<\/strong><br \/>\n<\/span><span title=\"1-800-273-TALK \">1-800-273-PARLER<\/span><\/p>\n<p><span title=\"Vet2Vet Veteran\u2019s Crisis line \"><strong>Ligne de crise : Vet2Vet Veteran&#8217;s Crisis<\/strong><br \/>\n<\/span><span title=\"1-877-VET-2-VET or 1-877-838-2838 \">1-877-VET-2-VET ou 1-877-838-2838<\/span><\/p>\n<p><span title=\"Veteran\u2019s Crisis Line \"><strong>Ligne de crise des anciens combattants<\/strong> (<strong>Veteran\u2019s Crisis Line<\/strong>)<br \/>\n<\/span><span title=\"1-800-273-8255 \">1-800-273-8255<\/span><\/p>\n<p><span title=\"Youth America Hotline \"><strong>Youth America Hotline<\/strong> (Hotline pour <span id=\"result_box\" class=\"short_text\" lang=\"fr\"><span class=\"\">Jeunesse d&#8217;am\u00e9rique<\/span><\/span>)<br \/>\n<\/span><span title=\"1-877-YOUTHLINE or 1-877-968-8454 \">1-877-JEUNESSE ou 1-877-968-8454<\/span><\/p>\n<p><span title=\"Youth Hotline \"><strong>Hotline pour jeunes (<\/strong><strong>Youth Hotline)<\/strong><br \/>\n<\/span><span title=\"1-800-448-1833\">1-800-448-1833<\/span><\/p>\n<\/div>\n<\/div>\n<\/div>\n<\/article>\n<\/div>\n<div><\/div>\n<\/div>\n<\/div>\n<\/div>\n<\/div>\n<\/div>\n<\/div>\n","protected":false},"excerpt":{"rendered":"<p>\u00a0Si votre vie est en danger ou si vous savez que la vie de quelqu&#8217;un est en danger, APPLER le 911 EN CAS D&#8217;URGENCE MAINTENANT &#8211; NE H\u00c9SITEZ PAS! Vous pouvez cliquer ici pour les services d&#8217;urgence dans votre r\u00e9gion dans le monde entier. Si vous ressentez des pens\u00e9es suicidaires, vous devez savoir que vous [&hellip;]<\/p>\n","protected":false},"author":2,"featured_media":0,"parent":224,"menu_order":0,"comment_status":"closed","ping_status":"closed","template":"","meta":{"_exactmetrics_skip_tracking":false,"_exactmetrics_sitenote_active":false,"_exactmetrics_sitenote_note":"","_exactmetrics_sitenote_category":0,"_links_to":"","_links_to_target":""},"_links":{"self":[{"href":"https:\/\/thelifelinecanada.ca\/fr\/wp-json\/wp\/v2\/pages\/255"}],"collection":[{"href":"https:\/\/thelifelinecanada.ca\/fr\/wp-json\/wp\/v2\/pages"}],"about":[{"href":"https:\/\/thelifelinecanada.ca\/fr\/wp-json\/wp\/v2\/types\/page"}],"author":[{"embeddable":true,"href":"https:\/\/thelifelinecanada.ca\/fr\/wp-json\/wp\/v2\/users\/2"}],"replies":[{"embeddable":true,"href":"https:\/\/thelifelinecanada.ca\/fr\/wp-json\/wp\/v2\/comments?post=255"}],"version-history":[{"count":25,"href":"https:\/\/thelifelinecanada.ca\/fr\/wp-json\/wp\/v2\/pages\/255\/revisions"}],"predecessor-version":[{"id":703,"href":"https:\/\/thelifelinecanada.ca\/fr\/wp-json\/wp\/v2\/pages\/255\/revisions\/703"}],"up":[{"embeddable":true,"href":"https:\/\/thelifelinecanada.ca\/fr\/wp-json\/wp\/v2\/pages\/224"}],"wp:attachment":[{"href":"https:\/\/thelifelinecanada.ca\/fr\/wp-json\/wp\/v2\/media?parent=255"}],"curies":[{"name":"wp","href":"https:\/\/api.w.org\/{rel}","templated":true}]}}