{"id":245,"date":"2016-09-24T19:26:15","date_gmt":"2016-09-25T02:26:15","guid":{"rendered":"https:\/\/thelifelinecanada.ca\/fr\/?page_id=245"},"modified":"2021-06-12T13:10:09","modified_gmt":"2021-06-12T20:10:09","slug":"lgbtq","status":"publish","type":"page","link":"https:\/\/thelifelinecanada.ca\/fr\/resources\/lgbtq\/","title":{"rendered":"LGBTQ"},"content":{"rendered":"<p><span style=\"font-size: medium;\"><b>LGBTQ<\/b><\/span><\/p>\n<p><em>Ressources en anglais<\/em><\/p>\n<p><a class=\"wiki_link_ext\" href=\"https:\/\/afterellen.com\/\" target=\"_blank\" rel=\"nofollow noopener noreferrer\">After Ellen<\/a>: Apr\u00e8s Ellen &#8211; Forum des lesbiennes<\/p>\n<p><span id=\"result_box\" class=\"\" lang=\"fr\"><span title=\"AfterEllen.com works the lesbian\/bi pop culture beat with a fun, feminist perspective on film, television, music, books, and sports.\">AfterEllen.com travaille la culture des lesbiennes \/ bi pop avec une perspective amusante et f\u00e9ministe sur le cin\u00e9ma, la t\u00e9l\u00e9vision, la musique, les livres et les sports. <\/span><span title=\"We also cover lifestyle issues like lesbian sex and dating, coming out, and our take on the current political climate as it affects our community. \">Nous abordons \u00e9galement les probl\u00e8mes de style de vie comme les rapports sexuels lesbiens et les rencontres, et notre prise en compte du climat politique actuel qui affecte notre communaut\u00e9.<\/span><\/span><\/p>\n<p><a class=\"wiki_link_ext\" href=\"http:\/\/www.dailystrength.org\/support-groups\/Lesbian-Gay\" target=\"_blank\" rel=\"nofollow noopener noreferrer\">Daily Strength LGBT Online Support Groups<\/a>: Groupes de soutien en LGBT en ligne &#8211; Forums<\/p>\n<p><span id=\"result_box\" class=\"\" lang=\"fr\"><span title=\"Daily Strength LGBT Online Support Groups \">Groupes de soutien en ligne LGBT de Force quotidienne<br \/>\n<\/span><span title=\"This community is dedicated to the challenges that gay men and lesbian women face, both between the partners in a relationship and from other. \">Cette communaut\u00e9 est d\u00e9di\u00e9e aux d\u00e9fis auxquels sont confront\u00e9s les homosexuels et les femmes lesbiennes, tant entre les partenaires que dans les relations et les autres.<\/span><\/span><\/p>\n<p><a class=\"wiki_link_ext\" href=\"http:\/\/emptyclosets.com\/forum\/\" target=\"_blank\" rel=\"nofollow noopener noreferrer\">Empty Closets<\/a>&#8211; Coming Out Forum<\/p>\n<p><span id=\"result_box\" class=\"\" lang=\"fr\"><span title=\"Empty Closets offers a forum where you can join in with a wide range of discussions or start your own, a chat room, useful articles and links.\">Blank Closets offre un forum o\u00f9 vous pouvez vous joindre \u00e0 un large \u00e9ventail de discussions ou cr\u00e9er votre propre site, une salle de discussion, des articles utiles et des liens. <\/span><span title=\"Members can also create their own galleries and blogs. \">Les membres peuvent \u00e9galement cr\u00e9er leurs propres galeries et blogs.<\/span><\/span><\/p>\n<p><a class=\"wiki_link\" href=\"http:\/\/www.itgetsbetter.org\/pages\/about-it-gets-better-project\/\" target=\"_blank\" rel=\"noopener noreferrer\">It Gets Better <\/a><span lang=\"fr-FR\"><br \/>\n<\/span><\/p>\n<p><span id=\"result_box\" class=\"\" lang=\"fr\"><span title=\"The It Gets Better Project\u2019s mission is to communicate to lesbian, gay, bisexual and transgender youth around the world that it gets better, and to create and inspire the changes needed to make it better for them. \">La mission de Gilt Better Project est de communiquer aux jeunes lesbiennes, homosexuelles, bisexuelles et transgenres du monde entier pour qu&#8217;elles s&#8217;am\u00e9liorent et pour cr\u00e9er et inspirer les changements n\u00e9cessaires pour mieux les am\u00e9liorer.<\/span><\/span><\/p>\n<p><span lang=\"fr-FR\"><a class=\"wiki_link_ext\" href=\"http:\/\/www.mindout.org.uk\/\" target=\"_blank\" rel=\"nofollow noopener noreferrer\">MindOut<\/a>&#8211; Service Chat (Royaume-Uni)<br \/>\n<\/span><\/p>\n<p><span id=\"result_box\" class=\"\" lang=\"fr\"><span title=\"MindOut is a mental health service run by and for lesbians, gay men, bisexual, trans, and queer people. \">MindOut est un service de sant\u00e9 mentale g\u00e9r\u00e9 par et pour les lesbiennes, homosexuels, bisexuels, trans et les gens \u00e9tranges.<\/span><\/span><\/p>\n<p><span lang=\"fr-FR\"><a class=\"wiki_link_ext\" href=\"http:\/\/www.rainbowcouch.co.uk\/\" target=\"_blank\" rel=\"nofollow noopener noreferrer\">Rainbow Couch<\/a>&#8211; Chat, voix ou vid\u00e9o Psychoth\u00e9rapie<br \/>\n<\/span><\/p>\n<p><span id=\"result_box\" class=\"\" lang=\"fr\"><span title=\"The Rainbow Couch is Ronete Cohen\u2019s online psychotherapy service.\">The Rainbow Couch est le service de psychoth\u00e9rapie en ligne de Ronete Cohen. <\/span><span title=\"It is easily accessible from anywhere in the world via Skype or phone. \">Il est facilement accessible depuis n&#8217;importe o\u00f9 dans le monde via Skype ou le t\u00e9l\u00e9phone.<\/span><\/span><\/p>\n<p><span lang=\"fr-FR\"><a class=\"wiki_link_ext\" href=\"https:\/\/www.susans.org\/chat\/\" target=\"_blank\" rel=\"nofollow noopener noreferrer\">Susan\u2019s Place<\/a> &#8211; Transgender Chat, Ressources<br \/>\n<\/span><\/p>\n<p><span lang=\"fr-FR\"><a class=\"wiki_link_ext\" href=\"http:\/\/www.translifeline.org\" target=\"_blank\" rel=\"nofollow noopener noreferrer\">Trans Lifeline<\/a><br \/>\n<\/span><\/p>\n<p><span id=\"result_box\" class=\"\" lang=\"fr\"><span title=\"This line is primarily for transgender people experiencing a crisis.\">Cette ligne est principalement destin\u00e9e aux personnes transgenres qui connaissent une crise. <\/span><span title=\"This includes people who may be struggling with their gender identity and are not sure that they are transgender.\">Cela inclut les personnes qui peuvent avoir du mal \u00e0 respecter leur identit\u00e9 de genre et ne sont pas s\u00fbres qu&#8217;elles sont transgenres. <\/span><span title=\"While our goal is to prevent self harm, we welcome the call of any transgender person in need. \">Alors que notre objectif est de pr\u00e9venir les dommages \u00e0 soi-m\u00eame, nous accueillons l&#8217;appel de toute personne transgenre dans le besoin.<\/span><\/span><\/p>\n<p><span lang=\"fr-FR\"><a class=\"wiki_link\" href=\"http:\/\/www.thetrevorproject.org\/\" target=\"_blank\" rel=\"noopener noreferrer\">TrevorChat<\/a><br \/>\n<\/span><\/p>\n<p><span id=\"result_box\" class=\"\" lang=\"fr\"><span title=\"Trevor Project trained counselors are here to support you 24\/7.\">Les conseillers form\u00e9s Trevor Project sont l\u00e0 pour vous soutenir 24 heures sur 24, 7 jours sur 7. <\/span><span title=\"If you are a young person in crisis, feeling suicidal, or in need of a safe and judgment-free place to talk and chat. \">Si vous \u00eates un jeune en crise, si vous vous sentez suicidaire ou si vous avez besoin d&#8217;un endroit s\u00fbr et sans jugement pour parler et discuter.<\/span><\/span><\/p>\n<p><span lang=\"fr-FR\"><a class=\"wiki_link_ext\" href=\"https:\/\/www.trevorspace.org\/\" target=\"_blank\" rel=\"nofollow noopener noreferrer\">TrevorSpace<\/a><\/span><\/p>\n<p><span lang=\"fr-FR\"><span id=\"result_box\" class=\"\" lang=\"fr\"><span title=\"Join a supportive lesbian, gay, bisexual, transgender, and questioning (LGBTQ) youth community on TrevorSpace \">Rejoignez une communaut\u00e9 de jeunes lesbienne, gay, bisexuelle, transgenre et interrogeante (LGBTQ) de soutien sur TrevorSpace<\/span><\/span><br \/>\n<\/span><\/p>\n<p><span lang=\"fr-FR\">LGBT <a class=\"wiki_link\" href=\"http:\/\/www.youthline.ca\/\" target=\"_blank\" rel=\"noopener noreferrer\">Youthline<\/a><br \/>\n<\/span><\/p>\n<p><span id=\"result_box\" class=\"\" lang=\"fr\"><span title=\"Youth Line offers confidential and non-judgemental peer support through our telephone, text and chat services.\">Youth Line offre un soutien par les pairs confidentiel et sans jugement gr\u00e2ce \u00e0 nos services de t\u00e9l\u00e9phone, de texte et de discussion. <\/span><span title=\"Get in touch with a peer support volunteer from Sunday to Friday, 4:00PM to 9:30 PM. \">Communiquez avec un b\u00e9n\u00e9vole de soutien par les pairs de dimanche \u00e0 vendredi de 16h00 \u00e0 21h30.<\/span><\/span><\/p>\n<p><span lang=\"fr-FR\"><a class=\"wiki_link_ext\" href=\"http:\/\/www.youth-guard.org\/youth\/\" target=\"_blank\" rel=\"nofollow noopener noreferrer\">Youth Guardian Services<\/a>: Services de garde de jeunes &#8211; Groupes de soutien par courriel des jeunes<\/span><\/p>\n<p><span id=\"result_box\" class=\"\" lang=\"fr\"><span title=\"The YOUTH Lists are a group of three email mailing lists separated by age groups (13-17, 17-21, 21-25 ) that offer online support for young people, particularly young people who identify as gay, lesbian, bisexual, transgendered,\">Les listes de JEUNESSE sont un groupe de trois listes de courrier \u00e9lectronique s\u00e9par\u00e9es par groupes d&#8217;\u00e2ge (13-17, 17-21, 21-25) qui offrent un soutien en ligne pour les jeunes, en particulier les jeunes qui s&#8217;identifient comme homosexuels, lesbiennes, bisexuelles, transgenres, <\/span><span title=\"questioning, or straight supportive.\">Des questions ou un soutien direct. <\/span><span title=\"Our lists are unique in the way that they are managed and operated, the rules that we have, and the safe, supportive environment that we maintain. \">Nos listes sont uniques dans la mani\u00e8re dont elles sont g\u00e9r\u00e9es et exploit\u00e9es, les r\u00e8gles que nous avons et l&#8217;environnement s\u00e9curitaire et favorable que nous maintenons.<\/span><\/span><\/p>\n<p><span lang=\"fr-FR\"><b>Plus de ressources LGBTQ<\/b><\/span><\/p>\n<ul>\n<li><a href=\"http:\/\/www.preventionsuicide.info\/jeunes\/groupe_risque\/groupe_homosexuelles.php\" target=\"_blank\" rel=\"noopener noreferrer\">Le portail de la pr\u00e9vention du suicide <\/a>:\u00a0La question du suicide des jeunes homosexuel\/les et bisexuelles doit \u00eatre abord\u00e9e avec prudence, car elle peut entra\u00eener des effets contre-productifs et pr\u00e9senter des risques de victimisation ou de stigmatisation<\/li>\n<li><a href=\"https:\/\/lynnepion.com\/2013\/03\/07\/lhomophobie-tue-t-elle-nos-jeunes\/\" target=\"_blank\" rel=\"noopener noreferrer\">l&#8217;homophobie\u00a0 tue-t-elle nos jeunes?<\/a> Le risque de suicide est beaucoup plus \u00e9lev\u00e9 chez les gar\u00e7ons homosexuels que chez les gar\u00e7ons h\u00e9t\u00e9rosexuels. Voici certains facteurs ayant des r\u00e9percussions sur le risque de suicide chez les jeunes appartenant \u00e0 une minorit\u00e9 sexuelle<\/li>\n<\/ul>\n<p><em>Autres ressources en anglais<\/em><\/p>\n<ul>\n<li><span style=\"font-size: medium;\"><span lang=\"fr-FR\"> <a href=\"https:\/\/www.activeminds.org\/about-mental-health\/get-help-now\/\">Active Minds<\/a>: LGBQ Ressources en sant\u00e9 mentale: <span id=\"result_box\" class=\"\" lang=\"fr\"><span title=\"Active Minds \u00a0\u00a0\u00a0\u00a0\">\u00a0\u00a0\u00a0\u00a0<\/span><span title=\"Active Minds empowers students to change the perception about mental health on college campuses. \u00a0\u00a0\u00a0\u00a0\">Active Minds permet aux \u00e9tudiants de modifier la perception de la sant\u00e9 mentale dans les campus.<\/span><\/span><\/span><\/span><\/li>\n<li><span style=\"font-size: medium;\"><span lang=\"fr-FR\"><a href=\"https:\/\/www.drugrehab.com\/guides\/lgbtq\/\" target=\"_blank\" rel=\"noopener noreferrer\">LGBTQ Addiction Guide<\/a> : Association des psychiatres gais et lesbiennes: <span id=\"result_box\" class=\"\" lang=\"fr\"><span title=\"LGBTQ Student Resource \u00a0\u00a0\u00a0\u00a0\">\u00a0<\/span><span title=\"Within this guide, LGBTQ students can learn about the resources and support systems available to them to assist in navigating both high school and college environments, which can often be the toughest of times. \u00a0\u00a0\u00a0\u00a0\">Dans ce guide, les \u00e9tudiants LGBTQ peuvent se renseigner sur les ressources et les syst\u00e8mes de soutien qui leur sont offerts pour aider \u00e0 naviguer \u00e0 la fois dans les coll\u00e8ges et les coll\u00e8ges, ce qui peut souvent \u00eatre le plus difficile.<\/span><\/span><br \/>\n<\/span><\/span><\/li>\n<li><span style=\"font-size: medium;\"><span lang=\"fr-FR\"><a href=\"http:\/\/www.algbtic.org\/\" target=\"_blank\" rel=\"noopener noreferrer\">ALGTBIC<\/a>: Association pour les questions lesbiennes, gays, bisexuelles et transgenres en mati\u00e8re de counseling<\/span><\/span><span style=\"font-size: medium;\"><span lang=\"fr-FR\"><br \/>\n<\/span><\/span><\/li>\n<li><span style=\"font-size: medium;\"><span lang=\"fr-FR\"> <a href=\"https:\/\/www.nationaleatingdisorders.org\/eating-disorders-lgbt-populations\" target=\"_blank\" rel=\"noopener noreferrer\">NEDA Eating Disorders in LGBT<\/a>: Troubles de l&#8217;alimentation chez les personnes LGBT: <span id=\"result_box\" class=\"\" lang=\"fr\"><span title=\"SAMHSA A Practitioner\u2019s Resource \u00a0\u00a0\u00a0\u00a0\">\u00a0 <span title=\"Eating disorders have historically been associated with straight, young, white females, but in reality, they affect people from all demographics and they are not caused by any single factor.\">Les troubles de l&#8217;alimentation ont \u00e9t\u00e9 historiquement associ\u00e9s \u00e0 des femelles droites, jeunes et blanches, mais en r\u00e9alit\u00e9, elles affectent les personnes de toutes les donn\u00e9es d\u00e9mographiques et elles ne sont pas caus\u00e9es par un seul facteur. <\/span><span title=\"They arise from a combination of long-standing behavioral, biological, emotional, psychological, interpersonal, and social factors. \">Ils d\u00e9coulent d&#8217;une combinaison de facteurs comportementaux, biologiques, \u00e9motionnels, psychologiques, interpersonnels et sociaux de longue date.<\/span><\/span><\/span><br \/>\n<\/span><\/span><\/li>\n<li><span style=\"font-size: medium;\"><span lang=\"fr-FR\"><a href=\"http:\/\/www.healthypeople.gov\/2020\/topicsobjectives2020\/overview.aspx?topicid=25\" target=\"_blank\" rel=\"noopener noreferrer\">Lesbian, Gay, Bisexual, and Transgender Health<\/a>: Sant\u00e9 des lesbiennes, des gais, des bisexuels et des transsexuels: <span id=\"result_box\" class=\"\" lang=\"fr\"><span title=\"Improve the health, safety, and well-being of lesbian, gay, bisexual, and transgender (LGBT) individuals. \">Am\u00e9liorer la sant\u00e9, la s\u00e9curit\u00e9 et le bien-\u00eatre des personnes lesbiennes, homosexuelles, bisexuelles et transgenres (LGBT).<br \/>\n<\/span><span title=\"SAMHSA LGBT Populations \">Populations LGBT SAMHSA<\/span><\/span><\/span><\/span><\/li>\n<\/ul>\n","protected":false},"excerpt":{"rendered":"<p>LGBTQ Ressources en anglais After Ellen: Apr\u00e8s Ellen &#8211; Forum des lesbiennes AfterEllen.com travaille la culture des lesbiennes \/ bi pop avec une perspective amusante et f\u00e9ministe sur le cin\u00e9ma, la t\u00e9l\u00e9vision, la musique, les livres et les sports. Nous abordons \u00e9galement les probl\u00e8mes de style de vie comme les rapports sexuels lesbiens et les [&hellip;]<\/p>\n","protected":false},"author":2,"featured_media":0,"parent":137,"menu_order":0,"comment_status":"closed","ping_status":"closed","template":"","meta":{"_exactmetrics_skip_tracking":false,"_exactmetrics_sitenote_active":false,"_exactmetrics_sitenote_note":"","_exactmetrics_sitenote_category":0,"_links_to":"","_links_to_target":""},"_links":{"self":[{"href":"https:\/\/thelifelinecanada.ca\/fr\/wp-json\/wp\/v2\/pages\/245"}],"collection":[{"href":"https:\/\/thelifelinecanada.ca\/fr\/wp-json\/wp\/v2\/pages"}],"about":[{"href":"https:\/\/thelifelinecanada.ca\/fr\/wp-json\/wp\/v2\/types\/page"}],"author":[{"embeddable":true,"href":"https:\/\/thelifelinecanada.ca\/fr\/wp-json\/wp\/v2\/users\/2"}],"replies":[{"embeddable":true,"href":"https:\/\/thelifelinecanada.ca\/fr\/wp-json\/wp\/v2\/comments?post=245"}],"version-history":[{"count":29,"href":"https:\/\/thelifelinecanada.ca\/fr\/wp-json\/wp\/v2\/pages\/245\/revisions"}],"predecessor-version":[{"id":3851,"href":"https:\/\/thelifelinecanada.ca\/fr\/wp-json\/wp\/v2\/pages\/245\/revisions\/3851"}],"up":[{"embeddable":true,"href":"https:\/\/thelifelinecanada.ca\/fr\/wp-json\/wp\/v2\/pages\/137"}],"wp:attachment":[{"href":"https:\/\/thelifelinecanada.ca\/fr\/wp-json\/wp\/v2\/media?parent=245"}],"curies":[{"name":"wp","href":"https:\/\/api.w.org\/{rel}","templated":true}]}}