{"id":228,"date":"2016-09-24T19:12:10","date_gmt":"2016-09-25T02:12:10","guid":{"rendered":"https:\/\/thelifelinecanada.ca\/fr\/?page_id=228"},"modified":"2018-10-05T10:27:54","modified_gmt":"2018-10-05T17:27:54","slug":"search-for-a-professional","status":"publish","type":"page","link":"https:\/\/thelifelinecanada.ca\/fr\/help\/search-for-a-professional\/","title":{"rendered":"Rechercher un professionnel"},"content":{"rendered":"<p style=\"text-align: justify;\" align=\"LEFT\"><span style=\"font-size: medium;\"><span lang=\"fr-FR\"><b>Sant\u00e9 mentale Canada<\/b><\/span><\/span><\/p>\n<p>La mission de Sant\u00e9 mentale Canada est de fournir la voie qui unit le public canadien au professionnel de la sant\u00e9 mentale et s&#8217;engage \u00e0 renforcer la sensibilisation et \u00e0 alerter le public sur les services de sant\u00e9 mentale disponibles partout au Canada.<\/p>\n<p>Pour trouver un professionnel de la sant\u00e9 mentale au Canada, <a href=\"http:\/\/www.mentalhealthcanada.com\/quicksearch.asp?lang=e&amp;province=British%20Columbia\" target=\"_blank\" rel=\"noopener noreferrer\">cliquez ici<\/a><br \/>\n_____<br \/>\n<b><\/b><\/p>\n<p style=\"text-align: justify;\" align=\"LEFT\"><span style=\"font-size: medium;\"><span lang=\"fr-FR\"><b>Sant\u00e9 mentale<\/b><\/span><\/span><\/p>\n<p><span lang=\"fr-FR\"><i>EMental Health<\/i><\/span><span lang=\"fr-FR\"> est un site d&#8217;information complet sur la sant\u00e9 mentale et o\u00f9 trouver de l&#8217;aide? <\/span><span lang=\"fr-FR\"><i>EMentalHealth.ca<\/i><\/span><span lang=\"fr-FR\"> fournit des renseignements anonymes, confidentiels et dignes de confiance, 24 heures sur 24, 365 jours par ann\u00e9e.<\/span><\/p>\n<p>Pour trouver des professionnels en sant\u00e9 mentale en ligne au Canada <a href=\"http:\/\/www.ementalhealth.ca\/Canada\/Mental-Health-Professionals\/index.php?m=heading&amp;ID=53\" target=\"_blank\" rel=\"noopener noreferrer\">cliquez ici<\/a><\/p>\n<p style=\"text-align: justify;\" align=\"LEFT\"><span style=\"font-size: medium;\">_____<br \/>\n<\/span><b><\/b><\/p>\n<p style=\"text-align: justify;\" align=\"LEFT\"><span style=\"font-size: medium;\"><span lang=\"fr-FR\"><b>Centre de services de sant\u00e9 mentale (CMHS)<br \/>\n<\/b><\/span><span lang=\"fr-FR\"><br \/>\nLe CMHS de l&#8217;Administration des services de sant\u00e9 mentale et de toxicomanie (SAMHSA), maintient un localisateur de services de sant\u00e9 mentale, que vous pouvez utiliser pour aider \u00e0 trouver des services, des installations et des ressources dans votre \u00c9tat.<\/span><\/span><\/p>\n<p>Localisateur de services de sant\u00e9 mentale des \u00c9tats-Unis<a href=\"http:\/\/www.ementalhealth.ca\/Canada\/Mental-Health-Professionals\/index.php?m=heading&amp;ID=53\" target=\"_blank\" rel=\"noopener noreferrer\"> cliquez ici<\/a><br \/>\n____<\/p>\n<p lang=\"fr-FR\" style=\"text-align: justify;\" align=\"LEFT\"><span style=\"font-size: medium;\"><span lang=\"en\"><b>HelpPRO Suicide Prevention Therapist Finder<\/b><\/span><\/span><\/p>\n<p lang=\"fr-FR\" style=\"text-align: justify;\" align=\"LEFT\"><span style=\"font-size: medium;\"><br \/>\nLe HelpPRO Suicide Prevention Therapist Finder est d\u00e9velopp\u00e9 en partenariat avec de grandes organisations de pr\u00e9vention du suicide, dont la Fondation Carson J Spencer, l&#8217;Association am\u00e9ricaine de Suicidologie, l&#8217;Institut QPR, le Suicide Prevention Resource Centre et la National Suicide Prevention Lifeline.<\/span><\/p>\n<p>Recherche de th\u00e9rapeute des \u00c9tats-Unis<a href=\"https:\/\/www.helppro.com\/SPTF\/BasicSearch.aspx\" target=\"_blank\" rel=\"noopener noreferrer\"> cliquez ici<\/a><br \/>\n____<\/p>\n<p style=\"text-align: justify;\" align=\"LEFT\"><span style=\"font-size: medium;\"><span lang=\"fr-FR\"><b>March\u00e9 th\u00e9rapeutique<\/b><\/span><\/span><\/p>\n<p>Trouvez un conseiller, un entra\u00eeneur ou un praticien de la th\u00e9rapie qui travaille sur Internet avec une simple recherche. Webcam counseling, e-mail\/th\u00e9rapie en ligne et le coaching Internet, il est facile de surmonter les probl\u00e8mes et d&#8217;am\u00e9liorer votre vie en ligne. Recherchez des entra\u00eeneurs, des th\u00e9rapeutes ou des conseillers masculins ou f\u00e9minins de toute la Grande-Bretagne.<\/p>\n<p>U.K. Mental Health Services Locator<a href=\"http:\/\/therapymarket.co.uk\/\" target=\"_blank\" rel=\"noopener noreferrer\"> cliquez ici<\/a><\/p>\n<p>&nbsp;<\/p>\n","protected":false},"excerpt":{"rendered":"<p>Sant\u00e9 mentale Canada La mission de Sant\u00e9 mentale Canada est de fournir la voie qui unit le public canadien au professionnel de la sant\u00e9 mentale et s&#8217;engage \u00e0 renforcer la sensibilisation et \u00e0 alerter le public sur les services de sant\u00e9 mentale disponibles partout au Canada. Pour trouver un professionnel de la sant\u00e9 mentale au [&hellip;]<\/p>\n","protected":false},"author":2,"featured_media":0,"parent":644,"menu_order":0,"comment_status":"closed","ping_status":"closed","template":"","meta":{"_exactmetrics_skip_tracking":false,"_exactmetrics_sitenote_active":false,"_exactmetrics_sitenote_note":"","_exactmetrics_sitenote_category":0,"_links_to":"","_links_to_target":""},"_links":{"self":[{"href":"https:\/\/thelifelinecanada.ca\/fr\/wp-json\/wp\/v2\/pages\/228"}],"collection":[{"href":"https:\/\/thelifelinecanada.ca\/fr\/wp-json\/wp\/v2\/pages"}],"about":[{"href":"https:\/\/thelifelinecanada.ca\/fr\/wp-json\/wp\/v2\/types\/page"}],"author":[{"embeddable":true,"href":"https:\/\/thelifelinecanada.ca\/fr\/wp-json\/wp\/v2\/users\/2"}],"replies":[{"embeddable":true,"href":"https:\/\/thelifelinecanada.ca\/fr\/wp-json\/wp\/v2\/comments?post=228"}],"version-history":[{"count":28,"href":"https:\/\/thelifelinecanada.ca\/fr\/wp-json\/wp\/v2\/pages\/228\/revisions"}],"predecessor-version":[{"id":3357,"href":"https:\/\/thelifelinecanada.ca\/fr\/wp-json\/wp\/v2\/pages\/228\/revisions\/3357"}],"up":[{"embeddable":true,"href":"https:\/\/thelifelinecanada.ca\/fr\/wp-json\/wp\/v2\/pages\/644"}],"wp:attachment":[{"href":"https:\/\/thelifelinecanada.ca\/fr\/wp-json\/wp\/v2\/media?parent=228"}],"curies":[{"name":"wp","href":"https:\/\/api.w.org\/{rel}","templated":true}]}}