{"id":224,"date":"2016-09-24T19:08:51","date_gmt":"2016-09-25T02:08:51","guid":{"rendered":"https:\/\/thelifelinecanada.ca\/fr\/?page_id=224"},"modified":"2021-02-16T12:51:46","modified_gmt":"2021-02-16T20:51:46","slug":"crisis-centres","status":"publish","type":"page","link":"https:\/\/thelifelinecanada.ca\/fr\/help\/crisis-centres\/","title":{"rendered":"Centres de Crises"},"content":{"rendered":"<p style=\"text-align: justify;\"><span lang=\"fr-FR\">Si votre vie est en danger ou si vous savez que la vie de quelqu&#8217;un est en danger APPELER le num\u00e9ro d&#8217;URGENCE 911 MAINTENANT &#8211; N&#8217;HESITE PAS! Vous pouvez <\/span><a href=\"https:\/\/thelifelinecanada.ca\/fr\/help\/crisis-centres\/worldwide-emergency-numbers\/\"><span lang=\"fr-FR\"><u>cliquer ici<\/u><\/span><\/a><span lang=\"fr-FR\"> pour les services d&#8217;urgence dans votre r\u00e9gion.<\/span><\/p>\n<p style=\"text-align: justify;\">Lorsque vous cliquez sur les liens de ce site Web, vous serez redirig\u00e9 vers des sites Web non affili\u00e9s \u00e0 la Fondation LifeLine Canada (The LifeLine Canada Foundation), mais qui ont le soutien de la TLC.<\/p>\n<p style=\"text-align: justify;\"><strong>Canada<\/strong><\/p>\n<ul style=\"text-align: justify;\">\n<li><a href=\"https:\/\/thelifelinecanada.ca\/fr\/help\/crisis-centres\/canadian-crisis-centres\/\"><span lang=\"fr-FR\">Centres de Crise Canadien<\/span><\/a><\/li>\n<\/ul>\n<p><span style=\"font-size: large;\"><span lang=\"fr-FR\"><b>\u00c9tats Unis<\/b><\/span><\/span><\/p>\n<ul style=\"text-align: justify;\">\n<li><a href=\"https:\/\/thelifelinecanada.ca\/fr\/help\/crisis-centres\/united-states-national-suicide-prevention-hotline\/\"><span lang=\"fr-FR\">Centres de Crise des \u00c9tats-Unis<\/span><\/a><\/li>\n<\/ul>\n<p style=\"text-align: justify;\"><strong>International<\/strong><\/p>\n<ul>\n<li><a href=\"https:\/\/thelifelinecanada.ca\/fr\/help\/crisis-centres\/international-crisis-centres\/\"><span lang=\"fr-FR\">Num\u00e9ros D&#8217;Urgence de Centres de Crise Internationale (Hotlines).<\/span><\/a><\/li>\n<li><a href=\"https:\/\/thelifelinecanada.ca\/fr\/help\/crisis-centres\/worldwide-emergency-numbers\/\"><span lang=\"fr-FR\">Num\u00e9ros D&#8217;Urgence dans le Monde Entier<\/span><\/a><\/li>\n<\/ul>\n<p><span lang=\"fr-FR\"><b>La pens\u00e9e suicidaire est g\u00e9n\u00e9ralement associ\u00e9e \u00e0 des probl\u00e8mes qui peuvent \u00eatre trait\u00e9s.<\/b><\/span><\/p>\n<p style=\"text-align: justify;\"><span lang=\"fr-FR\">La d\u00e9pression clinique, les troubles anxieux, la d\u00e9pendance chimique et d&#8217;autres troubles produisent une profonde d\u00e9tresse \u00e9motionnelle. Ils interf\u00e8rent \u00e9galement avec la r\u00e9solution efficace des probl\u00e8mes. Mais les \u00e9tudes montrent que la grande majorit\u00e9 des personnes qui re\u00e7oivent un traitement appropri\u00e9 s&#8217;am\u00e9liorent ou se r\u00e9tablissent compl\u00e8tement. M\u00eame si vous avez re\u00e7u un traitement avant, les diff\u00e9rents traitements fonctionnent mieux pour diff\u00e9rentes personnes dans des\u00a0diff\u00e9rentes situations. Plusieurs essais sont parfois n\u00e9cessaires avant de trouver la bonne combinaison.<\/span><\/p>\n<p style=\"text-align: justify;\"><span lang=\"fr-FR\">Si vous \u00eates incapable de penser \u00e0 des solutions autres que le suicide, ce n&#8217;est pas que les solutions n&#8217;existent pas, seulement que vous n&#8217;\u00eates pas capable de les voir.<br \/>\n<\/span><\/p>\n<p style=\"text-align: justify;\"><span lang=\"fr-FR\">Les th\u00e9rapeutes et les conseillers (et parfois les amis) peuvent vous aider \u00e0 voir des diff\u00e9rentes\u00a0solutions qui autrement ne sont pas \u00e9videntes.<\/span><\/p>\n<p><span lang=\"fr-FR\"><b>Les crises suicidaires sont presque toujours temporaires.<\/b><\/span><\/p>\n<p style=\"text-align: justify;\"><span lang=\"fr-FR\">Bien qu&#8217;il puisse sembler que votre malheur ne finira jamais, il est important de r\u00e9aliser que les crises sont g\u00e9n\u00e9ralement pour un temps limit\u00e9es. Des solutions sont trouv\u00e9es, les sentiments changent, des \u00e9v\u00e9nements positifs inattendus se produisent. Le suicide est parfois appel\u00e9 \u00abune solution permanente \u00e0 un probl\u00e8me temporaire\u00bb. Ne laissez pas le suicide vous voler des meilleurs moments qui viendront en temps.<\/span><\/p>\n<p><span lang=\"fr-FR\"><b>Les probl\u00e8mes sont rarement aussi grands qu&#8217;ils apparaissent \u00e0 la premi\u00e8re vue.<\/b><\/span><\/p>\n<p style=\"text-align: justify;\"><span lang=\"fr-FR\">Perte d&#8217;emploi, probl\u00e8mes financiers, perte d&#8217;importantes personnes dans notre vie &#8211; tous ces \u00e9v\u00e9nements stressants peuvent sembler catastrophiques au moment o\u00f9 ils se produisent. Des mois ou des ann\u00e9es plus tard, ils semblent g\u00e9n\u00e9ralement plus petits et plus g\u00e9rable. Parfois, penser de cinq ans dans la future peut nous aider \u00e0 prendre conscience\u00a0qu&#8217;un probl\u00e8me qui semble actuellement catastrophique passera et que nous survivra.<\/span><\/p>\n<p><span lang=\"fr-FR\"><b>Raisons de vivre peut aider \u00e0 soutenir une personne dans la douleur.<\/b><\/span><\/p>\n<p style=\"text-align: justify;\"><span lang=\"fr-FR\">Un c\u00e9l\u00e8bre psychologue a men\u00e9 une \u00e9tude sur les survivants des camps de concentration nazis. Il a constat\u00e9 que ceux qui ont surv\u00e9cu avez presque toujours un \u00e9tat fortes croyances sur ce qui \u00e9tait important dans la vie. Vous, aussi, pourrait \u00eatre en mesure de renforcer votre connexion avec la vie si vous consid\u00e9rez ce qui vous a soutenu \u00e0 travers les moments difficiles. Les liens familiaux, la religion,\u00a0les r\u00eaves pour l&#8217;avenir et l&#8217;amour de l&#8217;art ou de la nature son quelques-uns des nombreux aspects de la vie qui donnent du sens et de la gratification.\u00a0<\/span>Ces aspect de la vie peuvent \u00eatre perdu dans un temps de d\u00e9tresse \u00e9motionnelle .<\/p>\n<p><span lang=\"fr-FR\"><b>Ne gardez pas les pens\u00e9es suicidaires \u00e0 vous-m\u00eame!<\/b><\/span><\/p>\n<p style=\"text-align: justify;\">L&#8217;aide est disponible pour vous, que ce soit d&#8217;un ami, d&#8217;un th\u00e9rapeute ou d&#8217;un membre du clerg\u00e9. Trouvez quelqu&#8217;un en qui vous avez confiance et faites-leur savoir \u00e0 quel point les choses sont mauvaises. Cela peut \u00eatre votre premi\u00e8re \u00e9tape sur la voie de la gu\u00e9rison.<\/p>\n<p style=\"text-align: justify;\"><span lang=\"fr-FR\"><i>Source: Association am\u00e9ricaine pour la Suicidologie, <a href=\"http:\/\/www.suicidology.org\/\" target=\"_blank\" rel=\"noopener noreferrer\">www.suicidology.org<\/a><\/i><\/span><\/p>\n<p>&nbsp;<\/p>\n<p>&nbsp;<\/p>\n","protected":false},"excerpt":{"rendered":"<p>Si votre vie est en danger ou si vous savez que la vie de quelqu&#8217;un est en danger APPELER le num\u00e9ro d&#8217;URGENCE 911 MAINTENANT &#8211; N&#8217;HESITE PAS! Vous pouvez cliquer ici pour les services d&#8217;urgence dans votre r\u00e9gion. Lorsque vous cliquez sur les liens de ce site Web, vous serez redirig\u00e9 vers des sites Web [&hellip;]<\/p>\n","protected":false},"author":2,"featured_media":0,"parent":644,"menu_order":0,"comment_status":"closed","ping_status":"closed","template":"","meta":{"_exactmetrics_skip_tracking":false,"_exactmetrics_sitenote_active":false,"_exactmetrics_sitenote_note":"","_exactmetrics_sitenote_category":0,"_links_to":"","_links_to_target":""},"_links":{"self":[{"href":"https:\/\/thelifelinecanada.ca\/fr\/wp-json\/wp\/v2\/pages\/224"}],"collection":[{"href":"https:\/\/thelifelinecanada.ca\/fr\/wp-json\/wp\/v2\/pages"}],"about":[{"href":"https:\/\/thelifelinecanada.ca\/fr\/wp-json\/wp\/v2\/types\/page"}],"author":[{"embeddable":true,"href":"https:\/\/thelifelinecanada.ca\/fr\/wp-json\/wp\/v2\/users\/2"}],"replies":[{"embeddable":true,"href":"https:\/\/thelifelinecanada.ca\/fr\/wp-json\/wp\/v2\/comments?post=224"}],"version-history":[{"count":49,"href":"https:\/\/thelifelinecanada.ca\/fr\/wp-json\/wp\/v2\/pages\/224\/revisions"}],"predecessor-version":[{"id":3789,"href":"https:\/\/thelifelinecanada.ca\/fr\/wp-json\/wp\/v2\/pages\/224\/revisions\/3789"}],"up":[{"embeddable":true,"href":"https:\/\/thelifelinecanada.ca\/fr\/wp-json\/wp\/v2\/pages\/644"}],"wp:attachment":[{"href":"https:\/\/thelifelinecanada.ca\/fr\/wp-json\/wp\/v2\/media?parent=224"}],"curies":[{"name":"wp","href":"https:\/\/api.w.org\/{rel}","templated":true}]}}