{"id":209,"date":"2016-09-19T22:13:55","date_gmt":"2016-09-19T22:13:55","guid":{"rendered":"https:\/\/thelifelinecanada.ca\/fr\/?page_id=209"},"modified":"2017-06-04T11:02:04","modified_gmt":"2017-06-04T18:02:04","slug":"classroom-poster-english","status":"publish","type":"page","link":"https:\/\/thelifelinecanada.ca\/fr\/classroom-poster-english\/","title":{"rendered":"Les Affiches de Classe"},"content":{"rendered":"<p>La Fondation LifeLine Canada (TLC) traduit tout le contenu en langue fran\u00e7aise et travaille avec le soutien du Conseil des de minist\u00e8res d&#8217;\u00c9ducation Canadien afin d&#8217;entra\u00eener des affiches dans les salles de classe du coll\u00e8ge jusqu&#8217;aux universit\u00e9s partout au Canada.TLC s&#8217;engage \u00e9galement \u00e0 apporter les affiches The LifeLine App \u00e0 des organisations, des bureaux, des agences, des h\u00f4pitaux, des \u00e9tablissements, des professionnels de la sant\u00e9 mentale et des bureaux de m\u00e9decins.<\/p>\n<p>Les affiches de classes de l&#8217;application LifeLine Canada, en anglais et en fran\u00e7ais vont bient\u00f4t venir!<\/p>\n","protected":false},"excerpt":{"rendered":"<p>La Fondation LifeLine Canada (TLC) traduit tout le contenu en langue fran\u00e7aise et travaille avec le soutien du Conseil des de minist\u00e8res d&#8217;\u00c9ducation Canadien afin d&#8217;entra\u00eener des affiches dans les salles de classe du coll\u00e8ge jusqu&#8217;aux universit\u00e9s partout au Canada.TLC s&#8217;engage \u00e9galement \u00e0 apporter les affiches The LifeLine App \u00e0 des organisations, des bureaux, des [&hellip;]<\/p>\n","protected":false},"author":2,"featured_media":0,"parent":0,"menu_order":0,"comment_status":"closed","ping_status":"closed","template":"","meta":{"_exactmetrics_skip_tracking":false,"_exactmetrics_sitenote_active":false,"_exactmetrics_sitenote_note":"","_exactmetrics_sitenote_category":0,"_links_to":"","_links_to_target":""},"_links":{"self":[{"href":"https:\/\/thelifelinecanada.ca\/fr\/wp-json\/wp\/v2\/pages\/209"}],"collection":[{"href":"https:\/\/thelifelinecanada.ca\/fr\/wp-json\/wp\/v2\/pages"}],"about":[{"href":"https:\/\/thelifelinecanada.ca\/fr\/wp-json\/wp\/v2\/types\/page"}],"author":[{"embeddable":true,"href":"https:\/\/thelifelinecanada.ca\/fr\/wp-json\/wp\/v2\/users\/2"}],"replies":[{"embeddable":true,"href":"https:\/\/thelifelinecanada.ca\/fr\/wp-json\/wp\/v2\/comments?post=209"}],"version-history":[{"count":15,"href":"https:\/\/thelifelinecanada.ca\/fr\/wp-json\/wp\/v2\/pages\/209\/revisions"}],"predecessor-version":[{"id":3289,"href":"https:\/\/thelifelinecanada.ca\/fr\/wp-json\/wp\/v2\/pages\/209\/revisions\/3289"}],"wp:attachment":[{"href":"https:\/\/thelifelinecanada.ca\/fr\/wp-json\/wp\/v2\/media?parent=209"}],"curies":[{"name":"wp","href":"https:\/\/api.w.org\/{rel}","templated":true}]}}