{"id":195,"date":"2016-09-19T22:12:54","date_gmt":"2016-09-19T22:12:54","guid":{"rendered":"https:\/\/thelifelinecanada.ca\/fr\/?page_id=195"},"modified":"2017-06-04T10:47:51","modified_gmt":"2017-06-04T17:47:51","slug":"contribute","status":"publish","type":"page","link":"https:\/\/thelifelinecanada.ca\/fr\/contribute\/","title":{"rendered":"Faire une Contribution"},"content":{"rendered":"<p>La mission de la Fondation LifeLine Canada est d&#8217;ouvrir les esprits, de sauver des vies et de restaurer l&#8217;espoir. Qu&#8217;il s&#8217;agisse de l&#8217;information fournie sur ce site Web, de l&#8217;application LifeLine ou de l&#8217;une de nos initiatives comme Companion Paws Canada, nous recherchons constamment des moyens de r\u00e9duire le taux de suicide et de minimiser les cons\u00e9quences des comportements suicidaires. Un cadeau \u00e0 la Fondation LifeLine Canada aide \u00e0 financer notre mission pour sauver des vies et donner espoir aux personnes touch\u00e9es par le suicide. Si vous avez des questions sur votre don ou sur d&#8217;autres fa\u00e7ons dont vous pourriez contribuer, n&#8217;h\u00e9sitez pas \u00e0 <a href=\"https:\/\/thelifelinecanada.ca\/fr\/contact-us\/\">nous contacter<\/a>.<\/p>\n<p>Merci beaucoup d&#8217;avoir envisag\u00e9 de faire un don \u00e0 la Fondation LifeLine Canada. Cette Fondation est financ\u00e9e \u00e0 100% par la collecte de fonds que nous faisons et par la g\u00e9n\u00e9rosit\u00e9 des personnes qui choisissent de contribuer, comme vous.<\/p>\n<p>&nbsp;<\/p>\n<style>\r\n        .wpedon-container .wpedon-select,\r\n        .wpedon-container .wpedon-input {\r\n            width: 107px;\r\n            min-width: 107px;\r\n            max-width: 107px;\r\n        }\r\n    <\/style><div class='wpedon-container wpedon-align-left'><form target='_blank' action='https:\/\/www.paypal.com\/cgi-bin\/webscr' method='post' class='wpedon-form'><input type='hidden' name='cmd' value='_donations' \/><input type='hidden' name='business' value='paypal@thelifelinecanada.ca' \/><input type='hidden' name='currency_code' value='CAD' \/><input type='hidden' name='notify_url' value='https:\/\/thelifelinecanada.ca\/fr\/wp-admin\/admin-post.php?action=add_wpedon_button_ipn'><input type='hidden' name='lc' value='en_US'><input type='hidden' name='bn' value='WPPlugin_SP'><input type='hidden' name='return' value='https:\/\/thelifelinecanada.ca\/fr' \/><input type='hidden' name='cancel_return' value='https:\/\/thelifelinecanada.ca\/fr' \/><input class='wpedon_paypalbuttonimage' type='image' src='https:\/\/www.paypalobjects.com\/webstatic\/en_US\/btn\/btn_donate_92x26.png' border='0' name='submit' alt='Make your payments with PayPal. It is free, secure, effective.' style='border: none;'><img alt='' border='0' style='border:none;display:none;' src='https:\/\/www.paypal.com\/en_US\/i\/scr\/pixel.gif' width='1' height='1'><input type='hidden' name='amount' id='amount_31132b2ac8166939e6bc01d2139a5fe7' value='' \/><input type='hidden' name='price' id='price_31132b2ac8166939e6bc01d2139a5fe7' value='' \/><input type='hidden' name='item_number' value='' \/><input type='hidden' name='item_name' value='Donation' \/><input type='hidden' name='name' value='Donation' \/><input type='hidden' name='custom' value='1936'><input type='hidden' name='no_shipping' value='1'><input type='hidden' name='no_note' value='0'><input type='hidden' name='currency_code' value='CAD'><\/form><\/div>\n<p>&nbsp;<\/p>\n<p>&nbsp;<\/p>\n<p>&nbsp;<\/p>\n","protected":false},"excerpt":{"rendered":"<p>La mission de la Fondation LifeLine Canada est d&#8217;ouvrir les esprits, de sauver des vies et de restaurer l&#8217;espoir. Qu&#8217;il s&#8217;agisse de l&#8217;information fournie sur ce site Web, de l&#8217;application LifeLine ou de l&#8217;une de nos initiatives comme Companion Paws Canada, nous recherchons constamment des moyens de r\u00e9duire le taux de suicide et de minimiser [&hellip;]<\/p>\n","protected":false},"author":2,"featured_media":0,"parent":0,"menu_order":0,"comment_status":"closed","ping_status":"closed","template":"","meta":{"_exactmetrics_skip_tracking":false,"_exactmetrics_sitenote_active":false,"_exactmetrics_sitenote_note":"","_exactmetrics_sitenote_category":0,"_links_to":"","_links_to_target":""},"_links":{"self":[{"href":"https:\/\/thelifelinecanada.ca\/fr\/wp-json\/wp\/v2\/pages\/195"}],"collection":[{"href":"https:\/\/thelifelinecanada.ca\/fr\/wp-json\/wp\/v2\/pages"}],"about":[{"href":"https:\/\/thelifelinecanada.ca\/fr\/wp-json\/wp\/v2\/types\/page"}],"author":[{"embeddable":true,"href":"https:\/\/thelifelinecanada.ca\/fr\/wp-json\/wp\/v2\/users\/2"}],"replies":[{"embeddable":true,"href":"https:\/\/thelifelinecanada.ca\/fr\/wp-json\/wp\/v2\/comments?post=195"}],"version-history":[{"count":25,"href":"https:\/\/thelifelinecanada.ca\/fr\/wp-json\/wp\/v2\/pages\/195\/revisions"}],"predecessor-version":[{"id":3288,"href":"https:\/\/thelifelinecanada.ca\/fr\/wp-json\/wp\/v2\/pages\/195\/revisions\/3288"}],"wp:attachment":[{"href":"https:\/\/thelifelinecanada.ca\/fr\/wp-json\/wp\/v2\/media?parent=195"}],"curies":[{"name":"wp","href":"https:\/\/api.w.org\/{rel}","templated":true}]}}