{"id":1882,"date":"2016-11-17T11:20:20","date_gmt":"2016-11-17T19:20:20","guid":{"rendered":"https:\/\/thelifelinecanada.ca\/fr\/?page_id=1882"},"modified":"2018-10-05T17:39:49","modified_gmt":"2018-10-06T00:39:49","slug":"health-care-professionals","status":"publish","type":"page","link":"https:\/\/thelifelinecanada.ca\/fr\/resources\/health-care-professionals\/","title":{"rendered":"Les Professionnels De La Sant\u00e9"},"content":{"rendered":"<p style=\"text-align: justify;\" align=\"LEFT\"><span style=\"font-size: medium;\"><span lang=\"fr-FR\"><b>Une Ressource Pour Les Conseillers<\/b><\/span><\/span><\/p>\n<p><em>Par<a href=\"http:\/\/www.who.int\/mental_health\/publications\/suicide_prevention\/fr\/\" target=\"_blank\" rel=\"noopener noreferrer\"> l&#8217;Organisation Mondiale de la Sant\u00e9<\/a><\/em><br \/>\n<em> T\u00e9l\u00e9chargez gratuitement<a href=\"http:\/\/www.who.int\/mental_health\/media\/counsellors_french.pdf?ua=1\" target=\"_blank\" rel=\"noopener noreferrer\"> une ressource pour les conseillers<\/a><\/em><\/p>\n<p>Plus de gens se suicident chaque ann\u00e9e que de mourir dans tous les conflits mondiaux. L&#8217;assistance des professionnels du conseil dans la pr\u00e9vention du suicide, \u00e0 l&#8217;\u00e9chelle mondiale, est essentielle et clairement n\u00e9cessaire.<\/p>\n<p>Le suicide r\u00e9sulte d&#8217;une interaction complexe de facteurs biologiques, g\u00e9n\u00e9tiques, psychologiques, sociologiques et environnementaux. L&#8217;am\u00e9lioration de la d\u00e9tection, de l&#8217;aiguillage et de la prise en charge des comportements suicidaires par la communaut\u00e9 sont des \u00e9tapes importantes dans la pr\u00e9vention du suicide. Le d\u00e9fi essentiel de cette pr\u00e9vention est d&#8217;identifier les personnes \u00e0 risque et vuln\u00e9rables; de comprendre les circonstances qui influencent leur comportement autodestructeur; et de structurer efficacement les interventions. Par cons\u00e9quent, les conseillers doivent \u00e9laborer des initiatives communautaires pour pr\u00e9venir et g\u00e9rer les comportements suicidaires.<\/p>\n<p>La pratique du counseling professionnel est d\u00e9finie comme l&#8217;application des principes de sant\u00e9 mentale, psychologique ou de d\u00e9veloppement humain, \u00e0 travers des strat\u00e9gies d&#8217;intervention cognitive, affective, comportementale ou syst\u00e9mique. En utilisant ces startegies, les conseillers professionnels abordent le bien-\u00eatre, la croissance personnelle, et les questions de d\u00e9veloppement de carri\u00e8re, ainsi que la pathologie de la sant\u00e9 mentale. Les conseillers poss\u00e8dent une formation et une \u00e9ducation et travaillent souvent dans des \u00e9coles, des coll\u00e8ges et des universit\u00e9s, des agences de carri\u00e8res, des installations pour toxicomanes, des cliniques et des h\u00f4pitaux.<\/p>\n<p><em>T\u00e9l\u00e9chargez gratuitement<a href=\"http:\/\/www.who.int\/mental_health\/media\/counsellors_french.pdf?ua=1\" target=\"_blank\" rel=\"noopener noreferrer\"> une ressource pour les conseillers<\/a><\/em><\/p>\n<p style=\"text-align: justify;\" align=\"LEFT\"><span style=\"font-size: medium;\"><span lang=\"fr-FR\">_____<\/span><\/span><\/p>\n<p style=\"text-align: justify;\" align=\"LEFT\"><span style=\"font-size: medium;\"><span lang=\"fr-FR\"><b>Une ressource pour les m\u00e9decins g\u00e9n\u00e9ralistes<\/b><\/span><\/span><\/p>\n<p><em>Par l&#8217;Organisation <a href=\"http:\/\/www.who.int\/mental_health\/publications\/suicide_prevention\/fr\/\" target=\"_blank\" rel=\"noopener noreferrer\">Mondiale de la Sant\u00e9<\/a><\/em><br \/>\n<em> T\u00e9l\u00e9charger <a href=\"http:\/\/www.who.int\/mental_health\/media\/en\/57.pdf?ua=1\" target=\"_blank\" rel=\"noopener noreferrer\">une ressource gratuite pour les m\u00e9decins g\u00e9n\u00e9ralistes<\/a><\/em><\/p>\n<p>Une des pires choses qu&#8217;un m\u00e9decin doit faire face est le suicide d&#8217;un patient. Les r\u00e9actions courantes ressenties par les m\u00e9decins qui ont v\u00e9cu un tel \u00e9v\u00e9nement sont l&#8217;incr\u00e9dulit\u00e9, la perte de confiance, la col\u00e8re et la honte. Le suicide d&#8217;un patient peut d\u00e9clencher des sentiments d&#8217;insuffisance professionnelle, des doutes sur sa comp\u00e9tence et la peur de sa r\u00e9putation.<\/p>\n<p>En outre, les m\u00e9decins font face \u00e0 l&#8217;\u00e9norme difficult\u00e9 de traiter avec la famille et les amis du d\u00e9funt. Ces ressources sont principalement destin\u00e9es aux m\u00e9decins g\u00e9n\u00e9ralistes. Leur objectif est de d\u00e9crire les principaux troubles et autres facteurs associ\u00e9s au suicide et de fournir des informations sur l&#8217;identification et la prise en charge des patients suicidaires.<\/p>\n<p><em>T\u00e9l\u00e9charger <a href=\"http:\/\/www.who.int\/mental_health\/media\/en\/57.pdf?ua=1\" target=\"_blank\" rel=\"noopener noreferrer\">une ressource gratuite pour les m\u00e9decins g\u00e9n\u00e9ralistes<\/a><\/em><\/p>\n<p style=\"text-align: justify;\" align=\"LEFT\"><span style=\"font-size: medium;\"><span lang=\"fr-FR\"><b>Une ressource pour les travailleurs de la sant\u00e9 primaire<\/b><\/span><\/span><\/p>\n<p><em>Par l&#8217;Organisation <a href=\"http:\/\/www.who.int\/mental_health\/publications\/suicide_prevention\/fr\/\" target=\"_blank\" rel=\"noopener noreferrer\">Mondiale de la Sant\u00e9<\/a><\/em><br \/>\n<em> T\u00e9l\u00e9chargez gratuitement<a href=\"http:\/\/www.who.int\/mental_health\/media\/en\/427.pdf?ua=1\" target=\"_blank\" rel=\"noopener noreferrer\"> une ressource pour les travailleurs de la sant\u00e9 primaire<\/a><\/em><\/p>\n<ul style=\"text-align: justify;\">\n<li><span style=\"font-size: medium;\"><span lang=\"fr-FR\"><i>La taille du probl\u00e8me<\/i><\/span><\/span><\/li>\n<li><span style=\"font-size: medium;\"><span lang=\"fr-FR\">Un million de personnes sont susceptibles de se suicider en 2000, dans le monde.<\/span><\/span><\/li>\n<li><span style=\"font-size: medium;\"><span lang=\"fr-FR\"> Toutes les 40 secondes, une personne se suicide quelque part dans le monde.<\/span><\/span><\/li>\n<li><span style=\"font-size: medium;\"><span lang=\"fr-FR\">Toutes les 3 secondes, une personne tente de mourir.<\/span><\/span><\/li>\n<li><span style=\"font-size: medium;\"><span lang=\"fr-FR\">Le suicide fait partie des trois principales causes de d\u00e9c\u00e8s parmi les jeunes de 15 \u00e0 35 ans.<\/span><\/span><\/li>\n<li><span style=\"font-size: medium;\"><span lang=\"fr-FR\"> Chaque suicide a un impact s\u00e9rieux sur au moins six autres personnes.<\/span><\/span><\/li>\n<li><span style=\"font-size: medium;\"><span lang=\"fr-FR\"> L&#8217;impact psychologique, social et financier du suicide sur la famille et la communaut\u00e9 est incommensurable.<\/span><\/span><\/li>\n<\/ul>\n<p style=\"text-align: justify;\"><span style=\"font-size: medium;\"><span lang=\"fr-FR\">Le suicide est un probl\u00e8me complexe pour lequel il n&#8217;y a pas de cause unique, pas de raison unique. Il r\u00e9sulte d&#8217;une interaction complexe de facteurs biologiques, g\u00e9n\u00e9tiques, psychologiques, sociaux, culturels et environnementaux.<\/span><\/span><\/p>\n<p>Il est difficile d&#8217;expliquer pourquoi certaines personnes d\u00e9cident de se suicider alors que d&#8217;autres dans une situation semblable ou m\u00eame pire ne le font pas. Cependant, la plupart des suicides peuvent \u00eatre \u00e9vit\u00e9s.<\/p>\n<p>Le suicide est aujourd&#8217;hui un probl\u00e8me majeur de sant\u00e9 publique dans tous les pays. L&#8217;habilitation du personnel des soins de sant\u00e9 primaires \u00e0 identifier, \u00e9valuer, g\u00e9rer et r\u00e9f\u00e9rer la personne suicidaire dans la communaut\u00e9 est une \u00e9tape importante dans la pr\u00e9vention du suicide.<\/p>\n<p style=\"text-align: justify;\" align=\"LEFT\"><span style=\"font-size: medium;\"><strong><span lang=\"fr-FR\">Pourquoi se concentrer sur le personnel des soins de sant\u00e9 primaires?<\/span><\/strong><\/span><\/p>\n<ul style=\"text-align: justify;\">\n<li><span style=\"font-size: medium;\"><span lang=\"fr-FR\">Le personnel des soins de sant\u00e9 primaires a un long et \u00e9troit contact avec la communaut\u00e9 et il est bien accept\u00e9 par la population locale.<\/span><\/span><\/li>\n<li><span style=\"font-size: medium;\"><span lang=\"fr-FR\"> Ils constituent le lien vital entre la communaut\u00e9 et le syst\u00e8me de soins de sant\u00e9.<\/span><\/span><\/li>\n<li><span style=\"font-size: medium;\"><span lang=\"fr-FR\">Dans de nombreux pays en d\u00e9veloppement o\u00f9 les services de sant\u00e9 mentale ne sont pas bien d\u00e9velopp\u00e9s, ils sont souvent la principale source de soins de sant\u00e9.<\/span><\/span><\/li>\n<li><span style=\"font-size: medium;\"><span lang=\"fr-FR\"> Leur connaissance de la communaut\u00e9 leur permet de recueillir le soutien de leur famille, de leurs amis et de leurs organisations.<\/span><\/span><\/li>\n<li><span style=\"font-size: medium;\"><span lang=\"fr-FR\"> Ils sont en mesure d&#8217;assurer la continuit\u00e9 des soins.<\/span><\/span><\/li>\n<li><span style=\"font-size: medium;\"><span lang=\"fr-FR\"> Ils sont souvent le point d&#8217;acc\u00e8s aux services de sant\u00e9 pour les personnes en d\u00e9tresse.<\/span><\/span><\/li>\n<\/ul>\n<p style=\"text-align: justify;\"><span style=\"font-size: medium;\"><span lang=\"fr-FR\">Bref, ils sont disponibles, accessibles, bien inform\u00e9s et engag\u00e9s \u00e0 fournir des soins.<\/span><\/span><\/p>\n<p><em>T\u00e9l\u00e9chargez gratuitement une ressource pour les travailleurs de la sant\u00e9 primaire<\/em><br \/>\n_____<\/p>\n<p style=\"text-align: justify;\" align=\"LEFT\"><span style=\"font-size: medium;\"><span lang=\"fr-FR\"><b>Guide de ressources pour l&#8217;Agence, la gestion et le personnel<\/b><\/span><\/span><\/p>\n<p><em>Par: <a href=\"http:\/\/www.reachoutnow.ca\/about_e.php\" target=\"_blank\" rel=\"noopener noreferrer\">Suicide Prevention Coalition Champlain East<\/a><\/em><br \/>\n<em> T\u00e9l\u00e9charger <a href=\"http:\/\/www.tendslamain.ca\/resources\/Prevention_du_suicide-Guide_de_ressources_a_l-intention_des_agences.pdf\" target=\"_blank\" rel=\"noopener noreferrer\">le guide gratuit pour Agence, Gestion et Personnel<\/a><\/em><\/p>\n<p><strong><span lang=\"fr-FR\">Objet du pr\u00e9sent guide\u00a0:<\/span><\/strong><\/p>\n<p>Les personnes \u00e0 risque de suicide sont vues dans une grande vari\u00e9t\u00e9 de contextes. Au sein de la communaut\u00e9 des services sociaux et de sant\u00e9, les aidants naturels sont susceptibles de rencontrer fr\u00e9quemment des clientes suicidaires. Cela est vrai, que le mandat sp\u00e9cifique de l&#8217;organisation soit ou non le soin des personnes \u00e0 risque de suicide.<\/p>\n<p>En fait, puisque les sentiments suicidaires sont fr\u00e9quents chez de nombreux clients d\u00e9prim\u00e9s ou troubl\u00e9s, il est ind\u00e9sirable d&#8217;avoir des services sp\u00e9cifiques qui traitent de suicide juste. Les sentiments suicidaires sont des manifestations ext\u00e9rieures d&#8217;autres probl\u00e8mes comme l&#8217;abus, la faible estime de soi, la violence familiale, la maladie mentale, la toxicomanie et la perte tragique.<\/p>\n<p>Le but de ce guide de ressources est d&#8217;accro\u00eetre l&#8217;\u00e9ducation et la sensibilisation au sujet du suicide et d&#8217;encourager l&#8217;organisation \u00e0 mettre en \u0153uvre des protocoles et des lignes directrices sur la pr\u00e9vention du suicide qui aideraient les employ\u00e9s \u00e0 r\u00e9pondre aux personnes \u00e0 risque. Avec une connaissance accrue, nous esp\u00e9rons que l&#8217;incidence des tentatives de suicide et de suicide \u00e0 Champlain Est sera r\u00e9duite.<\/p>\n<p>Ce guide repr\u00e9sente une compilation d&#8217;informations sur la pr\u00e9vention du suicide provenant de diff\u00e9rentes sources, comme on l&#8217;a vu tout au long du document. La Coalition pour la pr\u00e9vention du suicide n&#8217;est pas l&#8217;unique auteur de ce document.<\/p>\n<p><em>Par: <\/em><em><a href=\"http:\/\/www.reachoutnow.ca\/about_e.php\" target=\"_blank\" rel=\"noopener noreferrer\">Suicide Prevention Coalition Champlain East (<\/a><\/em>en anglais)<br \/>\n<em> T\u00e9l\u00e9charger<a href=\"http:\/\/www.tendslamain.ca\/resources\/Prevention_du_suicide-Guide_de_ressources_a_l-intention_des_agences.pdf\" target=\"_blank\" rel=\"noopener noreferrer\">le guide gratuit pour Agence, Gestion et Personnel<\/a><\/em><\/p>\n<p>&nbsp;<\/p>\n","protected":false},"excerpt":{"rendered":"<p>Une Ressource Pour Les Conseillers Par l&#8217;Organisation Mondiale de la Sant\u00e9 T\u00e9l\u00e9chargez gratuitement une ressource pour les conseillers Plus de gens se suicident chaque ann\u00e9e que de mourir dans tous les conflits mondiaux. L&#8217;assistance des professionnels du conseil dans la pr\u00e9vention du suicide, \u00e0 l&#8217;\u00e9chelle mondiale, est essentielle et clairement n\u00e9cessaire. Le suicide r\u00e9sulte d&#8217;une [&hellip;]<\/p>\n","protected":false},"author":2,"featured_media":0,"parent":137,"menu_order":0,"comment_status":"closed","ping_status":"closed","template":"","meta":{"_exactmetrics_skip_tracking":false,"_exactmetrics_sitenote_active":false,"_exactmetrics_sitenote_note":"","_exactmetrics_sitenote_category":0,"_links_to":"","_links_to_target":""},"_links":{"self":[{"href":"https:\/\/thelifelinecanada.ca\/fr\/wp-json\/wp\/v2\/pages\/1882"}],"collection":[{"href":"https:\/\/thelifelinecanada.ca\/fr\/wp-json\/wp\/v2\/pages"}],"about":[{"href":"https:\/\/thelifelinecanada.ca\/fr\/wp-json\/wp\/v2\/types\/page"}],"author":[{"embeddable":true,"href":"https:\/\/thelifelinecanada.ca\/fr\/wp-json\/wp\/v2\/users\/2"}],"replies":[{"embeddable":true,"href":"https:\/\/thelifelinecanada.ca\/fr\/wp-json\/wp\/v2\/comments?post=1882"}],"version-history":[{"count":17,"href":"https:\/\/thelifelinecanada.ca\/fr\/wp-json\/wp\/v2\/pages\/1882\/revisions"}],"predecessor-version":[{"id":1887,"href":"https:\/\/thelifelinecanada.ca\/fr\/wp-json\/wp\/v2\/pages\/1882\/revisions\/1887"}],"up":[{"embeddable":true,"href":"https:\/\/thelifelinecanada.ca\/fr\/wp-json\/wp\/v2\/pages\/137"}],"wp:attachment":[{"href":"https:\/\/thelifelinecanada.ca\/fr\/wp-json\/wp\/v2\/media?parent=1882"}],"curies":[{"name":"wp","href":"https:\/\/api.w.org\/{rel}","templated":true}]}}