{"id":186,"date":"2016-09-19T22:10:19","date_gmt":"2016-09-20T05:10:19","guid":{"rendered":"https:\/\/thelifelinecanada.ca\/fr\/?page_id=186"},"modified":"2021-02-18T14:38:35","modified_gmt":"2021-02-18T22:38:35","slug":"myths","status":"publish","type":"page","link":"https:\/\/thelifelinecanada.ca\/fr\/resources\/myths\/","title":{"rendered":"Mythes et R\u00e9alit\u00e9"},"content":{"rendered":"<p style=\"text-align: justify;\"><span lang=\"fr-FR\"><b>Mythes et R<span id=\"result_box\" class=\"short_text\" lang=\"fr\"><span class=\"\">\u00e9alit\u00e9<\/span><\/span><\/b><\/span><\/p>\n<p><span lang=\"FR-CA\">\u00ab<\/span>Une vague \u00e9crasante d&#8217;\u00e9motions qui ne semble jamais se terminer\u00bb &#8211; C&#8217;est ce que certains qui ont tent\u00e9 le suicide d\u00e9crit \u00e0 ceux qui demandent \u00e0 comprendre pourquoi ils se sentent la fa\u00e7on dont ils sentent. Ceux qui envisagent de se suicider pourraient se sentir comme s&#8217;il n&#8217;y avait aucun moyen de sortir de leur situation. Ils sont bombard\u00e9s de sentiments de d\u00e9sespoir, de peur, d&#8217;isolement, de haine envers eux-m\u00eames et bien plus d&#8217;autre <span lang=\"FR-CA\">\u00e9motions.<\/span> La douleur qu&#8217;ils ressentent est souvent incommensurable, \u00e0 un point o\u00f9 ils ne voient aucune autre option que de mettre fin \u00e0 leur vie.<\/p>\n<p>Mais beaucoup de personnes qui ont tent\u00e9 de se suicider, diront qu&#8217;ils voulaient vivre. Ils ne voulaient vraiment pas mourir; Le d\u00e9sir de rester avec des \u00eatres chers est rest\u00e9 toujours t<span lang=\"FR-CA\">r\u00e8s\u00a0<\/span>fort. Ils n&#8217;ont tout simplement pas vu une autre options.<\/p>\n<p><span lang=\"fr-FR\"><b>Mythe de suicide<\/b><\/span><span lang=\"fr-FR\"><br \/>\nLes personnes qui parlent de suicide, essaient simplement d&#8217;attirer l&#8217;attention.<\/span><span lang=\"fr-FR\"><br \/>\n<\/span><span lang=\"fr-FR\"><i>Suicide Fact\u00a0: La r\u00e9alit\u00e9 sur la suicide<\/i><\/span><span lang=\"fr-FR\"><br \/>\nLes gens qui meurent par suicide en parlent d&#8217;abord. Ils sont dans la douleur et souvent demander de l&#8217;aide parce qu&#8217;ils ne savent pas quoi faire et ont perdu espoir. Toujours prenne parler de suicide s\u00e9rieusement. Toujours.<br \/>\n&#8212;&#8212;&#8212;&#8212;&#8212;&#8212;&#8212;&#8212;&#8212;&#8211;<br \/>\n<\/span><\/p>\n<p style=\"text-align: justify;\"><span lang=\"fr-FR\"><b>Mythe de suicide<\/b><\/span><span lang=\"fr-FR\"><br \/>\nLes gens qui parlent de vouloir mourir par suicide n&#8217;essaient pas de se tuer.<\/span><span lang=\"fr-FR\"><i><br \/>\nSuicide Fact\u00a0: La r\u00e9alit\u00e9 sur la suicide<\/i><\/span><span lang=\"fr-FR\"><br \/>\nLes gens qui parlent du <span lang=\"FR-CA\">d\u00e9sire de<\/span>\u00a0mourir par suicide se tuent souvent.<br \/>\n&#8212;&#8212;&#8212;&#8212;&#8212;&#8212;&#8212;&#8212;&#8212;&#8211;<br \/>\n<\/span><\/p>\n<p style=\"text-align: justify;\"><span lang=\"fr-FR\"><b>Mythe de suicide<\/b><\/span><span lang=\"fr-FR\"><br \/>\nLe suicide se produit toujours sans aucun signe d&#8217;avertissement.<br \/>\n<\/span><span lang=\"fr-FR\"><i>Suicide Fact\u00a0: La r\u00e9alit\u00e9 sur la suicide<\/i><\/span><span lang=\"fr-FR\"><br \/>\nIl y a presque toujours des signes avant-coureurs.<br \/>\n&#8212;&#8212;&#8212;&#8212;&#8212;&#8212;&#8212;&#8212;&#8212;&#8211;<br \/>\n<\/span><\/p>\n<p style=\"text-align: justify;\"><span lang=\"fr-FR\"><b>Mythe de suicide<\/b><\/span><span lang=\"fr-FR\"><br \/>\nUne fois que les gens d\u00e9cident de mourir par suicide, il n&#8217;y a rien que vous pouvez faire pour les arr\u00eater.<br \/>\n<\/span><span lang=\"fr-FR\"><i>Suicide Fact\u00a0: La r\u00e9alit\u00e9 sur la suicide<\/i><\/span><span lang=\"fr-FR\"><br \/>\nLe suicide peut \u00eatre \u00e9vit\u00e9. La plupart des gens qui sont suicidaires ne veulent pas mourir; Ils veulent juste arr\u00eater leur douleur.<\/span><\/p>\n<p lang=\"fr-FR\" style=\"text-align: justify;\"><a name=\"result_box32\"><\/a> &#8212;&#8212;&#8212;&#8212;&#8212;&#8212;&#8212;&#8212;&#8212;&#8211;<\/p>\n<p style=\"text-align: justify;\"><span lang=\"fr-FR\"><b>Mythe de suicide<\/b><\/span><span lang=\"fr-FR\"><br \/>\nLe suicide ne touche que les personnes d&#8217;un certain sexe, race, situation financi\u00e8re, \u00e2ge, etc.<\/span><span lang=\"fr-FR\"><i><br \/>\nSuicide Fact\u00a0: La r\u00e9alit\u00e9 sur la suicide<\/i><\/span><span lang=\"fr-FR\"><br \/>\nLe suicide peut frapper n&#8217;importe qui.<br \/>\n&#8212;&#8212;&#8212;&#8212;&#8212;&#8212;&#8212;&#8212;&#8212;&#8211;<br \/>\n<\/span><\/p>\n<p style=\"text-align: justify;\"><span lang=\"fr-FR\"><b>Mythe de suicide<\/b><\/span><span lang=\"fr-FR\"><br \/>\nLes personnes qui tentent de se suicider et qui survivent ne tenteront plus de se suicider.<br \/>\n<\/span><span lang=\"fr-FR\"><i>Suicide Fact\u00a0: La r\u00e9alit\u00e9 sur la suicide<\/i><\/span><span lang=\"fr-FR\"><br \/>\nLes personnes qui tentent de se suicider et survivent souvent tentent de nouvelles.<br \/>\n&#8212;&#8212;&#8212;&#8212;&#8212;&#8212;&#8212;&#8212;&#8212;&#8211;<br \/>\n<\/span><\/p>\n<p style=\"text-align: justify;\"><span lang=\"fr-FR\"><b>Mythe de suicide<\/b><\/span><span lang=\"fr-FR\"><br \/>\nLes gens qui tentent de se suicider sont fous.<br \/>\n<\/span><span lang=\"fr-FR\"><i>Suicide Fact\u00a0: La r\u00e9alit\u00e9 sur la suicide<\/i><\/span><span lang=\"fr-FR\"><br \/>\nNon non Non. Ils sont dans la douleur, et ont probablement un d\u00e9s\u00e9quilibre chimique dans leur cerveau. N&#8217;importe qui pourrait tenter de se suicider.<br \/>\n<\/span><\/p>\n<p lang=\"fr-FR\" style=\"text-align: justify;\">&#8212;&#8212;&#8212;&#8212;&#8212;&#8212;&#8212;&#8212;&#8212;&#8211;<\/p>\n<p style=\"text-align: justify;\"><span lang=\"fr-FR\"><b>Mythe de suicide<\/b><\/span><span lang=\"fr-FR\"><br \/>\nLes personnes qui tentent de se suicider sont faibles.<br \/>\n<\/span><span lang=\"fr-FR\"><i>Suicide Fact\u00a0: La r\u00e9alit\u00e9 sur la suicide<\/i><\/span><span lang=\"fr-FR\"><br \/>\nNon non non. Ils sont dans la douleur et ont probablement un d\u00e9s\u00e9quilibre chimique dans leur cerveau. Beaucoup de gens qui sont tr\u00e8s \u00abforts\u00bb meurent par suicide.<br \/>\n&#8212;&#8212;&#8212;&#8212;&#8212;&#8212;&#8212;&#8212;&#8212;&#8211;<br \/>\n<\/span><\/p>\n<p style=\"text-align: justify;\"><span lang=\"fr-FR\"><b>Mythe de suicide<\/b><\/span><span lang=\"fr-FR\"><br \/>\nLes gens qui parlent de suicide essaient de manipuler les autres.<br \/>\n<\/span><span lang=\"fr-FR\"><i>Suicide Fact\u00a0: La r\u00e9alit\u00e9 sur la suicide<\/i><\/span><span lang=\"fr-FR\"><br \/>\nNon. Les gens qui parlent de suicide souffrent et ont besoin d&#8217;aide. Leur dire qu&#8217;ils &#8220;veulent juste quelque chose&#8221; ou &#8220;essaient de manipuler&#8221; est \u00e0 la fois insensible et ignorant. Les gens parlent souvent de suicide avant de mourir par suicide. Toujours prenne parler de suicide s\u00e9rieusement. Toujours.<br \/>\n&#8212;&#8212;&#8212;&#8212;&#8212;&#8212;&#8212;&#8212;&#8212;&#8211;<br \/>\n<\/span><\/p>\n<p style=\"text-align: justify;\"><span lang=\"fr-FR\"><b>Mythe de suicide<\/b><\/span><span lang=\"fr-FR\"><br \/>\nQuand les gens deviennent suicidaires, ils seront toujours suicidaires.<br \/>\n<\/span><span lang=\"fr-FR\"><i>Suicide Fact\u00a0: La r\u00e9alit\u00e9 sur la suicide<\/i><\/span><span lang=\"fr-FR\"><br \/>\nLa plupart des gens sont suicidaires pour une p\u00e9riode limit\u00e9e. Cependant, les sentiments suicidaires peuvent se reproduire.<br \/>\n&#8212;&#8212;&#8212;&#8212;&#8212;&#8212;&#8212;&#8212;&#8212;&#8211;<br \/>\n<\/span><\/p>\n<p style=\"text-align: justify;\"><span lang=\"fr-FR\"><b>Mythe de suicide<\/b><\/span><span lang=\"fr-FR\"><br \/>\nLes gens qui sont suicidaires veulent d\u00e9finitivement mourir.<br \/>\n<\/span><span lang=\"fr-FR\"><i>Suicide Fact\u00a0: La r\u00e9alit\u00e9 sur la suicide<\/i><\/span><span lang=\"fr-FR\"><br \/>\nLa grande majorit\u00e9 des personnes suicidaires ne veulent pas mourir. Ils sont dans la douleur, et ils veulent arr\u00eater la douleur.<br \/>\n&#8212;&#8212;&#8212;&#8212;&#8212;&#8212;&#8212;&#8212;&#8212;&#8211;<br \/>\n<\/span><\/p>\n<p style=\"text-align: justify;\"><span lang=\"fr-FR\"><b>Mythe de suicide<\/b><\/span><span lang=\"fr-FR\"><br \/>\nVous ne devriez jamais demander aux gens qui sont suicidaire s&#8217;ils pensent au suicide ou s&#8217;ils ont pens\u00e9 \u00e0 une m\u00e9thode, parce que juste parler de lui va leur donner un id\u00e9e.<br \/>\n<\/span><span lang=\"fr-FR\"><i>Suicide Fact\u00a0: La r\u00e9alit\u00e9 sur la suicide<\/i><\/span><span lang=\"fr-FR\"><br \/>\nDemander aux gens s&#8217;ils pensent au suicide ne leur donne pas l&#8217;id\u00e9e du suicide. Il est important de parler de suicide avec les gens qui sont suicidaires parce que vous en apprendrez plus sur leur \u00e9tat d&#8217;esprit et les intentions et leur permettre de diffuser une partie de la tension qui provoque leurs sentiments suicidaires.<br \/>\n&#8212;&#8212;&#8212;&#8212;&#8212;&#8212;&#8212;&#8212;&#8212;&#8211;<br \/>\n<\/span><\/p>\n<p style=\"text-align: justify;\"><span lang=\"fr-FR\"><b>Mythe de suicide<\/b><\/span><span lang=\"fr-FR\"><br \/>\nLorsque les personnes suicidaires se sentent mieux, elles ne sont plus suicidaires.<br \/>\n<\/span><span lang=\"fr-FR\"><i>Suicide Fact\u00a0: La r\u00e9alit\u00e9 sur la suicide<\/i><\/span><span lang=\"fr-FR\"><br \/>\nParfois, les gens suicidaires se sentent mieux parce qu&#8217;ils ont d\u00e9cid\u00e9 de mourir par suicide, et peut ressentir un sentiment de soulagement que la douleur sera bient\u00f4t termin\u00e9e.<br \/>\n&#8212;&#8212;&#8212;&#8212;&#8212;&#8212;&#8212;&#8212;&#8212;&#8211;<br \/>\n<\/span><\/p>\n<p style=\"text-align: justify;\"><span lang=\"fr-FR\"><b>Mythe de suicide<\/b><\/span><span lang=\"fr-FR\"><br \/>\nLes jeunes ne pensent jamais au suicide, ils ont toute leur vie devant eux.<br \/>\n<\/span><span lang=\"fr-FR\"><i>Suicide Fact\u00a0: La r\u00e9alit\u00e9 sur la suicide<\/i><\/span><span lang=\"fr-FR\"><br \/>\nLe suicide est la troisi\u00e8me cause de d\u00e9c\u00e8s chez les jeunes de 15 \u00e0 24 ans. Parfois, les enfants de moins de 10 ans meurent par suicide.<br \/>\n&#8212;&#8212;&#8212;&#8212;&#8212;&#8212;&#8212;&#8212;&#8212;&#8211;<br \/>\n<\/span><\/p>\n<p style=\"text-align: justify;\"><span lang=\"fr-FR\"><b>Mythe de suicide<\/b><\/span><span lang=\"fr-FR\"><br \/>\nIl y a peu de corr\u00e9lation entre l&#8217;abus d&#8217;alcool ou de drogues et le suicide.<br \/>\n<\/span><span lang=\"fr-FR\"><i>Suicide Fact\u00a0: La r\u00e9alit\u00e9 sur la suicide<\/i><\/span><span lang=\"fr-FR\"><br \/>\nSouvent, les personnes qui meurent par suicide sont sous l&#8217;influence de l&#8217;alcool ou de la drogue.<br \/>\n&#8212;&#8212;&#8212;&#8212;&#8212;&#8212;&#8212;&#8212;&#8212;&#8211;<br \/>\n<\/span><\/p>\n<p style=\"text-align: justify;\"><span lang=\"fr-FR\"><b>Mythe de suicide<\/b><\/span><span lang=\"fr-FR\"><br \/>\nLes personnes suicidaires ne cherchent pas d&#8217;aide.<br \/>\n<\/span><span lang=\"fr-FR\"><i>Suicide Fact\u00a0: La r\u00e9alit\u00e9 sur la suicide<\/i><\/span><span lang=\"fr-FR\"><br \/>\nBeaucoup de gens qui sont suicidaires cherchent de l&#8217;aide.<br \/>\n&#8212;&#8212;&#8212;&#8212;&#8212;&#8212;&#8212;&#8212;&#8212;&#8211;<\/span><\/p>\n<p style=\"text-align: justify;\"><strong>L<span lang=\"fr-FR\">es faits sur la maladie mentale et le suicide<\/span><\/strong><\/p>\n<p>La grande majorit\u00e9 des personnes qui \u00e9prouvent une maladie mentale ne meurent pas par suicide. Cependant, parmi ceux qui meurent du suicide, plus de 90 pour-cent ont un trouble mental diagnostiquable .<\/p>\n<p>Les personnes qui meurent par suicide, connaissent souvent une d\u00e9pression non diagnostiqu\u00e9e, sous-trait\u00e9e ou non trait\u00e9e.Dans le monde, le suicide est parmi les trois principales causes de d\u00e9c\u00e8s chez les personnes de 15 \u00e0 44 ans.<br \/>\nOn estime que 2 \u00e0 15% des personnes qui ont re\u00e7u un diagnostic de d\u00e9pression majeure meurent par suicide. Le risque de suicide est plus \u00e9lev\u00e9 chez les personnes d\u00e9prim\u00e9es qui se sentent d\u00e9sesp\u00e9r\u00e9es quant \u00e0 l&#8217;avenir, celles qui viennent d&#8217;\u00eatre lib\u00e9r\u00e9es de l&#8217;h\u00f4pital, celles qui ont des ant\u00e9c\u00e9dents familiaux de suicide et celles qui ont fait une tentative de suicide par le pass\u00e9.<br \/>\nOn estime que 3 \u00e0 20% des personnes qui ont re\u00e7u un diagnostic de trouble bipolaire meurent par suicide. Le d\u00e9sespoir, la r\u00e9cente hospitalisation, les ant\u00e9c\u00e9dents familiaux et les tentatives de suicide ant\u00e9rieures augmentent tous le risque de suicide chez ces personnes.<br \/>\nOn estime que 6 \u00e0 15% des personnes diagnostiqu\u00e9es avec schizophr\u00e9nie meurent par suicide.<\/p>\n<p style=\"text-align: justify;\"><span lang=\"fr-FR\">Le suicide est la cause\u00a0principale de d\u00e9c\u00e8s pr\u00e9matur\u00e9 chez les personnes diagnostiqu\u00e9es avec la schizophr\u00e9nie. Entre 75 et 95% de ces individus sont des hommes.<br \/>\n\u00c9galement \u00e0 haut risque sont les personnes qui souffrent de d\u00e9pression en m\u00eame temps qu&#8217;une autre maladie mentale. Plus pr\u00e9cis\u00e9ment, la pr\u00e9sence de la toxicomanie, les troubles anxieux, la schizophr\u00e9nie et le trouble bipolaire mettre les personnes atteintes de d\u00e9pression \u00e0 un risque plus \u00e9lev\u00e9 de suicide.<br \/>\nLes personnes atteintes de troubles de la personnalit\u00e9 sont environ trois fois plus susceptibles de mourir par suicide que les personnes sans troubles. Entre 25 et 50% de ces personnes ont \u00e9galement un trouble de l&#8217;abus de substances ou un trouble d\u00e9pressif majeur.<\/span><\/p>\n<p>Source: <a href=\"https:\/\/www.samhsa.gov\/\" target=\"_blank\" rel=\"noopener noreferrer\"><em>SAMHSA (<\/em><\/a>en anglais)<\/p>\n<p>Quelles sont les causes d&#8217;un tel conflit dans une personne? Qu&#8217;est-ce qui conduit \u00e0 ce sentiment d&#8217;un sc\u00e9nario sans et sans issue?<\/p>\n<p>Il ya plusieurs raisons pour lesquelles quelqu&#8217;un pourrait choisir le suicide ou envisager des pens\u00e9es suicidaires. Ces raisons sont souvent si complexes et compliqu\u00e9es que la personne qui souffre de ces sentiments pourrait ne pas \u00eatre capable d&#8217;articuler exactement ce qui se passe dans leur t\u00eate et leur c\u0153ur. Cependant, des recherches longues et difficiles ont r\u00e9v\u00e9l\u00e9 que la motivation majeure pour le suicide est le sentiment de d\u00e9sespoir total et de d\u00e9sespoir. La fa\u00e7on dont une personne atteint ce point est ce qui varie d&#8217;une personne \u00e0 l&#8217;autre.<\/p>\n<p lang=\"fr-FR\" align=\"LEFT\"><strong>Ressources additionnelles:<\/strong><\/p>\n<ul>\n<li lang=\"fr-FR\"><a href=\"https:\/\/www.aide.ulaval.ca\/psychologie\/prevention-du-suicide\/mythes-et-realites-associes-au-suicide\/\" target=\"_blank\" rel=\"noopener noreferrer\">Mythes et r\u00e9alit\u00e9s associ\u00e9s au suicide<\/a>: Le mythe joue un r\u00f4le important dans notre tentative de comprendre un ph\u00e9nom\u00e8ne parfois difficile \u00e0 expliquer. \u00ab \u2026 les mythes et les tabous entourant le ph\u00e9nom\u00e8ne du suicide ont une fonction sociale importante : prot\u00e9ger l\u2019environnement contre les divers sentiments (culpabilit\u00e9, agressivit\u00e9, impuissance) suscit\u00e9s par le comportement suicidaire et fournir des explications s\u00e9curisantes. \u00bb (Pierre Morissette, 1984, cit\u00e9 dans Raymond S. 1993).<\/li>\n<li lang=\"fr-FR\"><a href=\"http:\/\/www.preventionsuicide.be\/fr\/lesuicide\/mythesetrealites.html\" target=\"_blank\" rel=\"noopener noreferrer\">Centre de pr\u00e9vention de suicide<\/a>: A l&#8217;heure actuelle, alors que le tabou entourant le suicide diminue quelque peu, il circule encore aupr\u00e8s du grand public comme chez beaucoup de professionnels toute une s\u00e9rie d&#8217;id\u00e9es re\u00e7ues sur le suicide. Combattre ces mythes et pr\u00e9jug\u00e9s qui entourent le suicide sert d&#8217;une part \u00e0 briser l&#8217;isolement dans lequel se trouvent souvent les personnes en proie \u00e0 des id\u00e9ations suicidaires, et permet d&#8217;autre part d&#8217;am\u00e9liorer l&#8217;accueil, l&#8217;\u00e9coute et la prise en charge de ces situations de crises.<\/li>\n<\/ul>\n","protected":false},"excerpt":{"rendered":"<p>Mythes et R\u00e9alit\u00e9 \u00abUne vague \u00e9crasante d&#8217;\u00e9motions qui ne semble jamais se terminer\u00bb &#8211; C&#8217;est ce que certains qui ont tent\u00e9 le suicide d\u00e9crit \u00e0 ceux qui demandent \u00e0 comprendre pourquoi ils se sentent la fa\u00e7on dont ils sentent. Ceux qui envisagent de se suicider pourraient se sentir comme s&#8217;il n&#8217;y avait aucun moyen de [&hellip;]<\/p>\n","protected":false},"author":2,"featured_media":0,"parent":137,"menu_order":0,"comment_status":"closed","ping_status":"closed","template":"","meta":{"_exactmetrics_skip_tracking":false,"_exactmetrics_sitenote_active":false,"_exactmetrics_sitenote_note":"","_exactmetrics_sitenote_category":0,"_links_to":"","_links_to_target":""},"_links":{"self":[{"href":"https:\/\/thelifelinecanada.ca\/fr\/wp-json\/wp\/v2\/pages\/186"}],"collection":[{"href":"https:\/\/thelifelinecanada.ca\/fr\/wp-json\/wp\/v2\/pages"}],"about":[{"href":"https:\/\/thelifelinecanada.ca\/fr\/wp-json\/wp\/v2\/types\/page"}],"author":[{"embeddable":true,"href":"https:\/\/thelifelinecanada.ca\/fr\/wp-json\/wp\/v2\/users\/2"}],"replies":[{"embeddable":true,"href":"https:\/\/thelifelinecanada.ca\/fr\/wp-json\/wp\/v2\/comments?post=186"}],"version-history":[{"count":19,"href":"https:\/\/thelifelinecanada.ca\/fr\/wp-json\/wp\/v2\/pages\/186\/revisions"}],"predecessor-version":[{"id":3792,"href":"https:\/\/thelifelinecanada.ca\/fr\/wp-json\/wp\/v2\/pages\/186\/revisions\/3792"}],"up":[{"embeddable":true,"href":"https:\/\/thelifelinecanada.ca\/fr\/wp-json\/wp\/v2\/pages\/137"}],"wp:attachment":[{"href":"https:\/\/thelifelinecanada.ca\/fr\/wp-json\/wp\/v2\/media?parent=186"}],"curies":[{"name":"wp","href":"https:\/\/api.w.org\/{rel}","templated":true}]}}