{"id":157,"date":"2016-09-19T22:01:52","date_gmt":"2016-09-19T22:01:52","guid":{"rendered":"https:\/\/thelifelinecanada.ca\/fr\/?page_id=157"},"modified":"2017-06-09T13:20:40","modified_gmt":"2017-06-09T20:20:40","slug":"media-professionals","status":"publish","type":"page","link":"https:\/\/thelifelinecanada.ca\/fr\/resources\/media-professionals\/","title":{"rendered":"Les Professionnels Des M\u00e9dias"},"content":{"rendered":"<p><b><\/b><span lang=\"fr-FR\"><b>Pr\u00e9venir Le Suicide &#8211; Une Ressource Pour Les Professionnels Des M\u00e9dias<\/b><\/span><\/p>\n<p><em>Par<a href=\"http:\/\/www.who.int\/fr\/\" target=\"_blank\" rel=\"noopener\"> l&#8217;Organisation mondiale de la sant\u00e9 et l&#8217;Association internationale pour la pr\u00e9vention du suicide<\/a><\/em><br \/>\n<em> T\u00e9l\u00e9chargez<a href=\"http:\/\/apps.who.int\/iris\/bitstream\/10665\/67605\/1\/WHO_MNH_MBD_00.2_fre.pdf\" target=\"_blank\" rel=\"noopener\"> le guide gratuit pour les professionnels des m\u00e9dias<\/a><\/em><\/p>\n<p>Le suicide est un grave probl\u00e8me de sant\u00e9 publique qui exige notre attention, mais sa pr\u00e9vention et son contr\u00f4le ne sont malheureusement pas une t\u00e2che facile. Des recherches \u00e0 la pointe de la technologie indiquent que la pr\u00e9vention du suicide implique toute une s\u00e9rie d&#8217;activit\u00e9s allant de la mise en place des meilleures conditions possibles pour \u00e9lever nos enfants et nos jeunes, gr\u00e2ce au traitement efficace des troubles mentaux, au contr\u00f4le environnemental des facteurs de risque. La diffusion appropri\u00e9e de l&#8217;information et la sensibilisation sont des \u00e9l\u00e9ments essentiels du succ\u00e8s des programmes de pr\u00e9vention du suicide.<\/p>\n<p>En 1999, l&#8217;OMS a lanc\u00e9 le SUPRE, son initiative mondiale pour la pr\u00e9vention du suicide. Cette brochure est la version r\u00e9vis\u00e9e d&#8217;une s\u00e9rie de ressources pr\u00e9par\u00e9es dans le cadre du SUPRE qui s&#8217;adressent \u00e0 des groupes sociaux et professionnels sp\u00e9cifiques qui sont particuli\u00e8rement pertinents pour la pr\u00e9vention du suicide. Le livret r\u00e9vis\u00e9 est le fruit d&#8217;une collaboration permanente entre l&#8217;OMS et l&#8217;Association internationale pour la pr\u00e9vention du suicide (IASP). Il repr\u00e9sente un maillon dans une cha\u00eene longue et diversifi\u00e9e, impliquant un large \u00e9ventail de personnes et de groupes, y compris des professionnels de la sant\u00e9, des \u00e9ducateurs, des organismes sociaux, des gouvernements, des l\u00e9gislateurs, des communicateurs sociaux, des agents de la loi, des familles et des communaut\u00e9s.<\/p>\n<p><span lang=\"fr-FR\"><b>Une r\u00e9f\u00e9rence rapide pour les professionnels des m\u00e9dias;<\/b><\/span><\/p>\n<ul>\n<li><span lang=\"fr-FR\"> Profitez de l&#8217;occasion pour sensibiliser le public au suicide<\/span><\/li>\n<li><span lang=\"fr-FR\"> \u00c9viter le langage qui sensationnalise ou normalise le suicide, ou le pr\u00e9sente comme une solution aux probl\u00e8mes<\/span><\/li>\n<li><span lang=\"fr-FR\">\u00c9viter le placement pro\u00e9minent et la r\u00e9p\u00e9tition inutile d&#8217;histoires sur le suicide<\/span><\/li>\n<li><span lang=\"fr-FR\">\u00c9viter la description explicite de la m\u00e9thode utilis\u00e9e dans un suicide achev\u00e9 ou tent\u00e9<\/span><\/li>\n<li><span lang=\"fr-FR\"> \u00c9vitez de fournir des informations d\u00e9taill\u00e9es sur le site d&#8217;un suicide achev\u00e9 ou tent\u00e9<\/span><\/li>\n<li><span lang=\"fr-FR\">Titres mondiaux<\/span><\/li>\n<li><span lang=\"fr-FR\">Faites preuve de prudence lors de l&#8217;utilisation de photographies ou de s\u00e9quences vid\u00e9o<\/span><\/li>\n<li><span lang=\"fr-FR\"> Prendre un soin particulier en signalant les suicides de c\u00e9l\u00e9brit\u00e9s<\/span><\/li>\n<li><span lang=\"fr-FR\">Faire preuve de la plus grande consid\u00e9ration pour les personnes endeuill\u00e9es par le suicide<\/span><\/li>\n<li><span lang=\"fr-FR\">Fournir des informations sur l&#8217;endroit o\u00f9 demander de l&#8217;aide<\/span><\/li>\n<li><span lang=\"fr-FR\"><span lang=\"fr-FR\">Reconna\u00eetre que les professionnels des m\u00e9dias eux-m\u00eames peuvent \u00eatre touch\u00e9s par des histoires de suicide<\/span><\/span><\/li>\n<\/ul>\n<p><span lang=\"fr-FR\">Le suicide est un probl\u00e8me majeur de sant\u00e9 publique, avec des cons\u00e9quences sociales, affectives et \u00e9conomiques de grande port\u00e9e. Il ya environ un million de suicides par an dans le monde, et on estime qu&#8217;environ six personnes sont affect\u00e9es par chaque d\u00e9c\u00e8s.<\/span><\/p>\n<p>Les facteurs qui contribuent au suicide et \u00e0 sa pr\u00e9vention sont complexes et mal compris, mais il est prouv\u00e9 que les m\u00e9dias jouent un r\u00f4le important. D&#8217;une part, les individus vuln\u00e9rables peuvent \u00eatre influenc\u00e9s \u00e0 se livrer \u00e0 des comportements d&#8217;imitation par des rapports de suicide, en particulier si la couverture est \u00e9tendue, pro\u00e9minente, sensationnaliste et \/ ou explicitement d\u00e9crit la m\u00e9thode de suicide. D&#8217;autre part, les rapports responsables peuvent servir \u00e0 \u00e9duquer le public au sujet du suicide et peuvent encourager ceux qui risquent le suicide \u00e0 demander de l&#8217;aide.<\/p>\n<p>Cette ressource r\u00e9sume bri\u00e8vement les preuves sur l&#8217;impact des reportages des m\u00e9dias sur le suicide et, \u00e0 l&#8217;aide de cette preuve, fournit une ressource pour les professionnels des m\u00e9dias sur la fa\u00e7on de signaler le suicide. Il encourage la prudence en signalant le suicide. Il reconna\u00eet qu&#8217;il y a des moments o\u00f9 un suicide devra \u00eatre signal\u00e9 en raison de son actualit\u00e9 journalistique. Il fait des suggestions sur la meilleure fa\u00e7on de s&#8217;assurer que ces rapports sont exacts, responsables et \u00e9thiques.<\/p>\n<p>La ressource reconna\u00eet que le signalement du suicide diff\u00e8re au sein des pays et entre les pays. Il existe des diff\u00e9rences culturelles en termes de ce qui est appropri\u00e9 de rapporter et comment l&#8217;information au sujet d&#8217;un suicide donn\u00e9 est consult\u00e9e. Cette ressource est con\u00e7ue pour fournir des conseils g\u00e9n\u00e9raux, mais les professionnels des m\u00e9dias sont encourag\u00e9s \u00e0 travailler avec leur propre communaut\u00e9 de pr\u00e9vention du suicide et \u00e0 s&#8217;inspirer des lignes directrices locales chaque fois que possible.<\/p>\n<p>La ressource est con\u00e7ue pour les professionnels des m\u00e9dias travaillant dans les journaux, la radio de t\u00e9l\u00e9vision et le web. La majorit\u00e9 des recommandations sont pertinentes pour le reportage dans tous les m\u00e9dias, mais certaines concernent sp\u00e9cifiquement les m\u00e9dias imprim\u00e9s.<\/p>\n<p><em>T\u00e9l\u00e9chargez <a href=\"http:\/\/apps.who.int\/iris\/bitstream\/10665\/67605\/1\/WHO_MNH_MBD_00.2_fre.pdf\" target=\"_blank\" rel=\"noopener\"> le guide gratuit pour les professionnels des m\u00e9dias<\/a><\/em><\/p>\n<p>&nbsp;<\/p>\n","protected":false},"excerpt":{"rendered":"<p>Pr\u00e9venir Le Suicide &#8211; Une Ressource Pour Les Professionnels Des M\u00e9dias Par l&#8217;Organisation mondiale de la sant\u00e9 et l&#8217;Association internationale pour la pr\u00e9vention du suicide T\u00e9l\u00e9chargez le guide gratuit pour les professionnels des m\u00e9dias Le suicide est un grave probl\u00e8me de sant\u00e9 publique qui exige notre attention, mais sa pr\u00e9vention et son contr\u00f4le ne sont [&hellip;]<\/p>\n","protected":false},"author":2,"featured_media":0,"parent":137,"menu_order":0,"comment_status":"closed","ping_status":"closed","template":"","meta":{"_exactmetrics_skip_tracking":false,"_exactmetrics_sitenote_active":false,"_exactmetrics_sitenote_note":"","_exactmetrics_sitenote_category":0,"_links_to":"","_links_to_target":""},"_links":{"self":[{"href":"https:\/\/thelifelinecanada.ca\/fr\/wp-json\/wp\/v2\/pages\/157"}],"collection":[{"href":"https:\/\/thelifelinecanada.ca\/fr\/wp-json\/wp\/v2\/pages"}],"about":[{"href":"https:\/\/thelifelinecanada.ca\/fr\/wp-json\/wp\/v2\/types\/page"}],"author":[{"embeddable":true,"href":"https:\/\/thelifelinecanada.ca\/fr\/wp-json\/wp\/v2\/users\/2"}],"replies":[{"embeddable":true,"href":"https:\/\/thelifelinecanada.ca\/fr\/wp-json\/wp\/v2\/comments?post=157"}],"version-history":[{"count":18,"href":"https:\/\/thelifelinecanada.ca\/fr\/wp-json\/wp\/v2\/pages\/157\/revisions"}],"predecessor-version":[{"id":3440,"href":"https:\/\/thelifelinecanada.ca\/fr\/wp-json\/wp\/v2\/pages\/157\/revisions\/3440"}],"up":[{"embeddable":true,"href":"https:\/\/thelifelinecanada.ca\/fr\/wp-json\/wp\/v2\/pages\/137"}],"wp:attachment":[{"href":"https:\/\/thelifelinecanada.ca\/fr\/wp-json\/wp\/v2\/media?parent=157"}],"curies":[{"name":"wp","href":"https:\/\/api.w.org\/{rel}","templated":true}]}}