{"id":153,"date":"2016-09-19T22:01:27","date_gmt":"2016-09-19T22:01:27","guid":{"rendered":"https:\/\/thelifelinecanada.ca\/fr\/?page_id=153"},"modified":"2021-02-19T10:27:53","modified_gmt":"2021-02-19T18:27:53","slug":"caregivers","status":"publish","type":"page","link":"https:\/\/thelifelinecanada.ca\/fr\/resources\/caregivers\/","title":{"rendered":"Les Aidants Naturels"},"content":{"rendered":"<p style=\"text-align: justify;\" align=\"LEFT\"><span style=\"font-size: medium;\"><span lang=\"fr-FR\"><b>Guide des Aidants Naturels en Sant\u00e9 Mentale<\/b><\/span><\/span><\/p>\n<p align=\"LEFT\"><em><a href=\"https:\/\/thelifelinecanada.ca\/wp-content\/uploads\/2016\/09\/mental_health_caregiver_guide_en.pdf\" target=\"_blank\" rel=\"noopener noreferrer\">A Guide for Caregivers of Persons Living with Mental Illness or Experiencing Mental Health Challenges (en anglais)<\/a><\/em><\/p>\n<p>Guide en anglais \u00e0 l&#8217;intention des aidants naturels des personnes atteintes de maladie mentale ou ayant des difficult\u00e9s en mati\u00e8re de sant\u00e9 mentale<br \/>\n<b><\/b><\/p>\n<p style=\"text-align: justify;\" align=\"LEFT\"><span style=\"font-size: medium;\"><span lang=\"fr-FR\"><b>Introduction<\/b><\/span><span lang=\"fr-FR\"><br \/>\nCe guide est une collaboration entre la Sant\u00e9 publique d&#8217;Ottawa (OPH), les Services aux familles des militaires (MFS), l&#8217;Association canadienne de sant\u00e9 publique (ACSP), l&#8217;Association canadienne pour la sant\u00e9 mentale (ACSM) d&#8217;Ottawa et nationale et l&#8217;Association des aidants naturels (MICA) .<\/span><\/span><\/p>\n<p>Ce guide a \u00e9t\u00e9 \u00e9labor\u00e9 \u00e0 partir d&#8217;un besoin identifi\u00e9 par une personnes qui prends soins d&#8217;une personne atteinte de maladie mentale grave et le pr\u00e9sident de l&#8217;Association des aidants naturels (MICA). Ce soignant s&#8217;est adress\u00e9 \u00e0 Sant\u00e9 publique Ottawa (SPO) pour identifier un manque de ressources pour les aidants des personnes atteintes de maladie mentale ou qui \u00e9prouvent des probl\u00e8mes de sant\u00e9 mentale pendant toute la dur\u00e9e de leur vie. L&#8217;OPH s&#8217;est associ\u00e9e aux bureaux nationaux de l&#8217;Association canadienne pour la sant\u00e9 mentale (ACSM), de l&#8217;Association canadienne de sant\u00e9 publique (ACSP) et des Services aux familles des militaires (SFM) afin d&#8217;\u00e9laborer une ressource nationale pour les aidants naturels des enfants, des jeunes et des adultes, \u00e0 faire face \u00e0 ces probl\u00e8mes.<\/p>\n<p>Ce guide est divis\u00e9 en deux sections principales: Prendre soin de VOUS et prendre soin de l&#8217;individu. Le guide est divis\u00e9 en sections Enfant, Jeune, Adulte et Adulte \u00e2g\u00e9 afin de refl\u00e9ter la prise en charge des individus tout au long de la vie et les responsabilit\u00e9s associ\u00e9es aux soins.<\/p>\n<p>Vous \u00eates encourag\u00e9 \u00e0 vous concentrer sur les sections qui vous sont le plus utiles et la personne \u00e0 qui vous vous souciez en fonction de l&#8217;endroit o\u00f9 vous vous trouvez sur le chemin du r\u00e9tablissement.<\/p>\n<p>Ce guide a pour but de vous fournir des conseils, des outils et des renseignements utiles. Nous vous encourageons \u00e0 &#8220;construire votre propre bo\u00eete \u00e0 outils&#8221; en utilisant les diff\u00e9rentes activit\u00e9s de ce guide. Ces activit\u00e9s sont con\u00e7ues pour vous aider \u00e0 r\u00e9fl\u00e9chir plus en profondeur sur ce que vous apprenez et \u00e0 mettre en place des outils pour aider votre apprentissage. Certaines informations peuvent sembler simples ou \u00e9videntes, mais c&#8217;est un excellent point de d\u00e9part. L&#8217;information est bas\u00e9e sur des choses que vous pouvez contr\u00f4ler, et des choses que vous pouvez faire pour compl\u00e9ter un plan de traitement, de promouvoir le r\u00e9tablissement, ou en attendant des services.<\/p>\n<p>Les renseignements contenus dans ce guide sont bas\u00e9s sur des renseignements fournis par des fournisseurs de soins de sant\u00e9 mentale de confiance, notamment des infirmi\u00e8res, des psychologues, des psychiatres, des travailleurs sociaux, des aidants et des personnes ayant une exp\u00e9rience v\u00e9cue. Nous esp\u00e9rons que ce guide vous sera utile.<\/p>\n<p>T\u00e9l\u00e9chargez gratuitement Un guide en anglais pour les aidants naturels des personnes atteintes de maladie mentale ou ayant des difficult\u00e9s en sant\u00e9 mentale\u00a0<em><a href=\"https:\/\/thelifelinecanada.ca\/wp-content\/uploads\/2016\/09\/mental_health_caregiver_guide_en.pdf\" target=\"_blank\" rel=\"noopener noreferrer\">A Guide for Caregivers of Persons Living with Mental Illness or Experiencing Mental Health Challenges<\/a><\/em><\/p>\n<p lang=\"fr-FR\" style=\"text-align: justify;\" align=\"LEFT\"><a name=\"result_box54\"><\/a> <span style=\"font-size: medium;\"><b>_____<\/b><\/span><\/p>\n<p style=\"text-align: justify;\" align=\"LEFT\"><span style=\"font-size: medium;\"><span lang=\"fr-FR\"><b>La voie \u00e0 suivre: les chemins vers l&#8217;espoir, la r\u00e9cup\u00e9ration et le bien-\u00eatre<\/b><\/span><\/span><\/p>\n<p>Alliance nationale pour la pr\u00e9vention du suicide: Groupe de travail sur les tortures chez les victimes de suicide. La voie \u00e0 suivre: les chemins vers l&#8217;espoir, la r\u00e9cup\u00e9ration et le mieux-\u00eatre avec des id\u00e9es d&#8217;exp\u00e9rience v\u00e9cue.<\/p>\n<p>T\u00e9l\u00e9charger gratuitement: <em><a href=\"https:\/\/thelifelinecanada.ca\/wp-content\/uploads\/2016\/09\/The-Way-Forward-Final-2014-07-01.pdf\" target=\"_blank\" rel=\"noopener noreferrer\">The Way Forward: Pathways to Hope, Recovery, and Wellness<\/a><\/em>: (en anglais) <span lang=\"fr-FR\">La voie \u00e0 suivre: les chemins vers l&#8217;espoir, la r\u00e9cup\u00e9ration et le bien-\u00eatre<\/span><\/p>\n<p>La voie \u00e0 suivre: Les chemins vers l&#8217;espoir, la r\u00e9cup\u00e9ration et le mieux-\u00eatre apporte des connaissances \u00e0 partir de l&#8217;exp\u00e9rience v\u00e9cue &#8216;comme un outil important pour mieux servir les individus aux prises avec les pens\u00e9es suicidaires, les sentiments et l&#8217;action dans le syst\u00e8me de soins.<\/p>\n<p>The Way Forward a \u00e9t\u00e9 \u00e9labor\u00e9 en 2014 par le Groupe de travail sur les survivants des tentatives de suicide de l&#8217;Alliance nationale pour la pr\u00e9vention du suicide. Il s&#8217;agit d&#8217;une ressource exhaustive pour les d\u00e9cideurs, les fournisseurs de services et les membres de la communaut\u00e9 investis.<\/p>\n<p>T\u00e9l\u00e9charger gratuitement: <em><a href=\"https:\/\/thelifelinecanada.ca\/wp-content\/uploads\/2016\/09\/The-Way-Forward-Final-2014-07-01.pdf\" target=\"_blank\" rel=\"noopener noreferrer\">The Way Forward: Pathways to Hope, Recovery, and Wellness<\/a><\/em>: (en anglais) <span lang=\"fr-FR\">La voie \u00e0 suivre: les chemins vers l&#8217;espoir, la r\u00e9cup\u00e9ration et le bien-\u00eatre<\/span><\/p>\n","protected":false},"excerpt":{"rendered":"<p>Guide des Aidants Naturels en Sant\u00e9 Mentale A Guide for Caregivers of Persons Living with Mental Illness or Experiencing Mental Health Challenges (en anglais) Guide en anglais \u00e0 l&#8217;intention des aidants naturels des personnes atteintes de maladie mentale ou ayant des difficult\u00e9s en mati\u00e8re de sant\u00e9 mentale Introduction Ce guide est une collaboration entre la [&hellip;]<\/p>\n","protected":false},"author":2,"featured_media":0,"parent":137,"menu_order":0,"comment_status":"closed","ping_status":"closed","template":"","meta":{"_exactmetrics_skip_tracking":false,"_exactmetrics_sitenote_active":false,"_exactmetrics_sitenote_note":"","_exactmetrics_sitenote_category":0,"_links_to":"","_links_to_target":""},"_links":{"self":[{"href":"https:\/\/thelifelinecanada.ca\/fr\/wp-json\/wp\/v2\/pages\/153"}],"collection":[{"href":"https:\/\/thelifelinecanada.ca\/fr\/wp-json\/wp\/v2\/pages"}],"about":[{"href":"https:\/\/thelifelinecanada.ca\/fr\/wp-json\/wp\/v2\/types\/page"}],"author":[{"embeddable":true,"href":"https:\/\/thelifelinecanada.ca\/fr\/wp-json\/wp\/v2\/users\/2"}],"replies":[{"embeddable":true,"href":"https:\/\/thelifelinecanada.ca\/fr\/wp-json\/wp\/v2\/comments?post=153"}],"version-history":[{"count":16,"href":"https:\/\/thelifelinecanada.ca\/fr\/wp-json\/wp\/v2\/pages\/153\/revisions"}],"predecessor-version":[{"id":3799,"href":"https:\/\/thelifelinecanada.ca\/fr\/wp-json\/wp\/v2\/pages\/153\/revisions\/3799"}],"up":[{"embeddable":true,"href":"https:\/\/thelifelinecanada.ca\/fr\/wp-json\/wp\/v2\/pages\/137"}],"wp:attachment":[{"href":"https:\/\/thelifelinecanada.ca\/fr\/wp-json\/wp\/v2\/media?parent=153"}],"curies":[{"name":"wp","href":"https:\/\/api.w.org\/{rel}","templated":true}]}}