{"id":15,"date":"2016-09-19T21:33:38","date_gmt":"2016-09-19T21:33:38","guid":{"rendered":"https:\/\/thelifelinecanada.ca\/fr\/?page_id=15"},"modified":"2021-06-12T12:48:53","modified_gmt":"2021-06-12T19:48:53","slug":"lifeline-app","status":"publish","type":"page","link":"https:\/\/thelifelinecanada.ca\/fr\/lifeline-canada-foundation\/lifeline-app\/","title":{"rendered":"L&#8217;Application LifeLine"},"content":{"rendered":"<div class=\"fusion-fullwidth fullwidth-box fusion-builder-row-1 nonhundred-percent-fullwidth non-hundred-percent-height-scrolling\" style=\"background-color: #ffffff;background-position: center center;background-repeat: no-repeat;padding-top:0px;padding-right:0px;padding-bottom:0px;padding-left:0px;margin-bottom: 0px;margin-top: 0px;border-width: 0px 0px 0px 0px;border-color:#eae9e9;border-style:solid;\" ><div class=\"fusion-builder-row fusion-row\"><div class=\"fusion-layout-column fusion_builder_column fusion-builder-column-0 fusion_builder_column_1_4 1_4 fusion-one-fourth fusion-column-first\" style=\"width:25%;width:calc(25% - ( ( 4% ) * 0.25 ) );margin-right: 4%;margin-top:0px;margin-bottom:5px;\"><div class=\"fusion-column-wrapper fusion-flex-column-wrapper-legacy\" style=\"background-position:left top;background-repeat:no-repeat;-webkit-background-size:cover;-moz-background-size:cover;-o-background-size:cover;background-size:cover;padding: 0px 0px 0px 0px;\"><div class=\"fusion-text fusion-text-1\"><h2 style=\"text-align: center;\"><span style=\"font-size: 14pt;\">T\u00e9l\u00e9charger Gratuitement:<\/span><\/h2>\n<\/div><div class=\"imageframe-align-center\"><span class=\" fusion-imageframe imageframe-none imageframe-1 hover-type-none\"><a class=\"fusion-no-lightbox\" href=\"https:\/\/itunes.apple.com\/us\/app\/the-lifeline\/id752509889?mt=8\" target=\"_blank\" aria-label=\"applestore\" rel=\"noopener noreferrer\"><img width=\"88\" height=\"25\" src=\"https:\/\/thelifelinecanada.ca\/fr\/wp-content\/uploads\/2016\/09\/applestore-1.jpg\" alt class=\"img-responsive wp-image-2177\"\/><\/a><\/span><\/div><div class=\"fusion-sep-clear\"><\/div><div class=\"fusion-separator fusion-full-width-sep\" style=\"margin-left: auto;margin-right: auto;margin-top:1px;width:100%;\"><\/div><div class=\"fusion-sep-clear\"><\/div><div class=\"imageframe-align-center\"><span class=\" fusion-imageframe imageframe-none imageframe-2 hover-type-none\"><a class=\"fusion-no-lightbox\" href=\"https:\/\/play.google.com\/store\/apps\/details?id=com.app_thelifeline1.layout\" target=\"_blank\" aria-label=\"google-play-badge\" rel=\"noopener noreferrer\"><img width=\"88\" height=\"25\" src=\"https:\/\/thelifelinecanada.ca\/fr\/wp-content\/uploads\/2016\/09\/google-play-badge.jpg\" alt class=\"img-responsive wp-image-2178\"\/><\/a><\/span><\/div><div class=\"fusion-clearfix\"><\/div><\/div><\/div><div class=\"fusion-layout-column fusion_builder_column fusion-builder-column-1 fusion_builder_column_3_4 3_4 fusion-three-fourth fusion-column-last\" style=\"width:75%;width:calc(75% - ( ( 4% ) * 0.75 ) );margin-top:0px;margin-bottom:20px;\"><div class=\"fusion-column-wrapper fusion-flex-column-wrapper-legacy\" style=\"background-position:left top;background-repeat:no-repeat;-webkit-background-size:cover;-moz-background-size:cover;-o-background-size:cover;background-size:cover;padding: 0px 0px 0px 0px;\"><div class=\"fusion-sep-clear\"><\/div><div class=\"fusion-separator fusion-full-width-sep\" style=\"margin-left: auto;margin-right: auto;margin-top:10px;width:100%;\"><\/div><div class=\"fusion-sep-clear\"><\/div><div class=\"fusion-text fusion-text-2\"><p class=\"p1\">L&#8217;application LifeLine est l&#8217;application nationale gratuite de pr\u00e9vention et de sensibilisation au suicide qui offre acc\u00e8s et conseils pour aider ceux qui souffrent en p\u00e9riode de crise et ceux qui ont subi la perte d\u00e9vastatrice d&#8217;un \u00eatre cher du suicide. L&#8217;application LifeLine apporte \u00e9galement des strat\u00e9gies de sensibilisation et de pr\u00e9vention pour guider les gens en situation de crise partout dans le monde.<\/p>\n<\/div><div class=\"fusion-clearfix\"><\/div><\/div><\/div><div class=\"fusion-layout-column fusion_builder_column fusion-builder-column-2 fusion_builder_column_1_2 1_2 fusion-one-half fusion-column-first\" style=\"width:50%;width:calc(50% - ( ( 4% ) * 0.5 ) );margin-right: 4%;margin-top:0px;margin-bottom:20px;\"><div class=\"fusion-column-wrapper fusion-flex-column-wrapper-legacy\" style=\"background-position:left top;background-repeat:no-repeat;-webkit-background-size:cover;-moz-background-size:cover;-o-background-size:cover;background-size:cover;padding: 10px 10px 10px 10px;\"><div class=\"fusion-column-content-centered\"><div class=\"fusion-column-content\"><div class=\"fusion-text fusion-text-3\"><h2><\/h2>\n<p><strong>L&#8217;Application LifeLine a Plusieurs Objectifs Principaux:<br \/>\n<\/strong><br \/>\n&#8211; Num\u00e9rotation simple n&#8217;importe ou en Canada<br \/>\n&#8211; Acc\u00e8s rapide et facile aux centres de crise partout au Canada<br \/>\n&#8211; Relier quelqu&#8217;un en crise avec le soutien et les conseils dont ils ont besoin 24\/7<br \/>\n&#8211; Aide \u00e0 la pr\u00e9vention du suicide<br \/>\n&#8211; Consolider la conscience du suicide<br \/>\n&#8211; Aider les persons proches apr\u00e8s un suicide<\/p>\n<p><strong>L&#8217;Application LifeLine Comprend Egalement un Acc\u00e8s Direct \u00e0:<br \/>\n<\/strong><br \/>\n&#8211; Aide par discussion en ligne, texte et courrier \u00e9lectronique<br \/>\n&#8211; Cartographie des centres de crise canadiens<br \/>\n&#8211; Outils d&#8217;autogestion personnelle<br \/>\n&#8211; Counselling en ligne<br \/>\n&#8211; Interruptions de mod\u00e8le (pour interrompre le mod\u00e8le d&#8217;id\u00e9ation de suicide)<br \/>\n&#8211; Applications de sant\u00e9 mentale de partout dans le monde<br \/>\n&#8211; Access a Attempt Survivor<br \/>\n&#8211; Ressources en ligne canadiennes et mondiales<br \/>\n&#8211; Ligne de crise internationale<\/p>\n<\/div><\/div><\/div><div class=\"fusion-clearfix\"><\/div><\/div><\/div><div class=\"fusion-layout-column fusion_builder_column fusion-builder-column-3 fusion_builder_column_1_2 1_2 fusion-one-half fusion-column-last\" style=\"width:50%;width:calc(50% - ( ( 4% ) * 0.5 ) );margin-top:0px;margin-bottom:20px;\"><div class=\"fusion-column-wrapper fusion-flex-column-wrapper-legacy\" style=\"background-position:left top;background-repeat:no-repeat;-webkit-background-size:cover;-moz-background-size:cover;-o-background-size:cover;background-size:cover;padding: 0px 0px 0px 0px;\"><div class=\"fusion-column-content-centered\"><div class=\"fusion-column-content\"><div class=\"imageframe-align-center\"><span class=\" fusion-imageframe imageframe-none imageframe-3 hover-type-none\"><a class=\"fusion-no-lightbox\" href=\"https:\/\/itunes.apple.com\/us\/app\/the-lifeline\/id752509889?mt=8\" target=\"_blank\" aria-label=\"appinhand\" rel=\"noopener noreferrer\"><img width=\"492\" height=\"277\" alt=\"The LifeLine App screenshot\" src=\"https:\/\/thelifelinecanada.ca\/fr\/wp-content\/uploads\/2016\/09\/AppInHand-1.jpg\" class=\"img-responsive wp-image-2171\" srcset=\"https:\/\/thelifelinecanada.ca\/fr\/wp-content\/uploads\/2016\/09\/AppInHand-1-200x113.jpg 200w, https:\/\/thelifelinecanada.ca\/fr\/wp-content\/uploads\/2016\/09\/AppInHand-1-400x225.jpg 400w, https:\/\/thelifelinecanada.ca\/fr\/wp-content\/uploads\/2016\/09\/AppInHand-1.jpg 492w\" sizes=\"(max-width: 800px) 100vw, 492px\" \/><\/a><\/span><\/div><\/div><\/div><div class=\"fusion-clearfix\"><\/div><\/div><\/div><div class=\"fusion-layout-column fusion_builder_column fusion-builder-column-4 fusion_builder_column_1_1 1_1 fusion-one-full fusion-column-first fusion-column-last\" style=\"margin-top:0px;margin-bottom:20px;\"><div class=\"fusion-column-wrapper fusion-flex-column-wrapper-legacy\" style=\"background-position:left top;background-repeat:no-repeat;-webkit-background-size:cover;-moz-background-size:cover;-o-background-size:cover;background-size:cover;padding: 0px 0px 0px 0px;\"><div class=\"fusion-text fusion-text-4\"><p style=\"text-align: justify;\">Tout le monde est affect\u00e9 par le suicide d&#8217;une mani\u00e8re ou d&#8217;une autre. Il pourrait \u00eatre un membre de la famille, un ami, un coll\u00e8gue ou quelqu&#8217;un \u00a0proche. Il touche nos vies et les effets peuvent avoir un impact sur les survivants pour toute leur vie. La ligne de vie a \u00e9t\u00e9 d\u00e9velopp\u00e9e par le d\u00e9vouement \u00e0 aider les autres qui ont \u00e9t\u00e9 touch\u00e9s par le suicide en tant qu&#8217;outil centralis\u00e9 d&#8217;acc\u00e8s et de connexion avec les ressources accr\u00e9dit\u00e9es au Canada et dans le monde entier.<\/p>\n<\/div><div class=\"fusion-text fusion-text-5\"><h2 style=\"text-align: center;\"><span style=\"font-size: 14pt;\">T\u00e9l\u00e9charger Gratuitement:<\/span><\/h2>\n<\/div><div class=\"imageframe-align-center\"><span class=\" fusion-imageframe imageframe-none imageframe-4 hover-type-none\"><a class=\"fusion-no-lightbox\" href=\"https:\/\/itunes.apple.com\/us\/app\/the-lifeline\/id752509889?mt=8\" target=\"_blank\" aria-label=\"applestore\" rel=\"noopener noreferrer\"><img width=\"88\" height=\"25\" src=\"https:\/\/thelifelinecanada.ca\/fr\/wp-content\/uploads\/2016\/09\/applestore-1.jpg\" alt class=\"img-responsive wp-image-2177\"\/><\/a><\/span><\/div><div class=\"fusion-sep-clear\"><\/div><div class=\"fusion-separator fusion-full-width-sep\" style=\"margin-left: auto;margin-right: auto;margin-top:1px;width:100%;\"><\/div><div class=\"fusion-sep-clear\"><\/div><div class=\"imageframe-align-center\"><span class=\" fusion-imageframe imageframe-none imageframe-5 hover-type-none\"><a class=\"fusion-no-lightbox\" href=\"https:\/\/play.google.com\/store\/apps\/details?id=com.app_thelifeline1.layout\" target=\"_blank\" aria-label=\"google-play-badge\" rel=\"noopener noreferrer\"><img width=\"88\" height=\"25\" src=\"https:\/\/thelifelinecanada.ca\/fr\/wp-content\/uploads\/2016\/09\/google-play-badge.jpg\" alt class=\"img-responsive wp-image-2178\"\/><\/a><\/span><\/div><div class=\"fusion-clearfix\"><\/div><\/div><\/div><div class=\"fusion-layout-column fusion_builder_column fusion-builder-column-5 fusion_builder_column_1_4 1_4 fusion-one-fourth fusion-column-first\" style=\"width:25%;width:calc(25% - ( ( 4% ) * 0.25 ) );margin-right: 4%;margin-top:0px;margin-bottom:5px;\"><div class=\"fusion-column-wrapper fusion-flex-column-wrapper-legacy\" style=\"background-position:left top;background-repeat:no-repeat;-webkit-background-size:cover;-moz-background-size:cover;-o-background-size:cover;background-size:cover;padding: 0px 0px 0px 0px;\"><div class=\"fusion-clearfix\"><\/div><\/div><\/div><\/div><\/div>\n","protected":false},"excerpt":{"rendered":"","protected":false},"author":2,"featured_media":0,"parent":4,"menu_order":0,"comment_status":"closed","ping_status":"closed","template":"","meta":{"_exactmetrics_skip_tracking":false,"_exactmetrics_sitenote_active":false,"_exactmetrics_sitenote_note":"","_exactmetrics_sitenote_category":0,"_links_to":"","_links_to_target":""},"_links":{"self":[{"href":"https:\/\/thelifelinecanada.ca\/fr\/wp-json\/wp\/v2\/pages\/15"}],"collection":[{"href":"https:\/\/thelifelinecanada.ca\/fr\/wp-json\/wp\/v2\/pages"}],"about":[{"href":"https:\/\/thelifelinecanada.ca\/fr\/wp-json\/wp\/v2\/types\/page"}],"author":[{"embeddable":true,"href":"https:\/\/thelifelinecanada.ca\/fr\/wp-json\/wp\/v2\/users\/2"}],"replies":[{"embeddable":true,"href":"https:\/\/thelifelinecanada.ca\/fr\/wp-json\/wp\/v2\/comments?post=15"}],"version-history":[{"count":129,"href":"https:\/\/thelifelinecanada.ca\/fr\/wp-json\/wp\/v2\/pages\/15\/revisions"}],"predecessor-version":[{"id":3842,"href":"https:\/\/thelifelinecanada.ca\/fr\/wp-json\/wp\/v2\/pages\/15\/revisions\/3842"}],"up":[{"embeddable":true,"href":"https:\/\/thelifelinecanada.ca\/fr\/wp-json\/wp\/v2\/pages\/4"}],"wp:attachment":[{"href":"https:\/\/thelifelinecanada.ca\/fr\/wp-json\/wp\/v2\/media?parent=15"}],"curies":[{"name":"wp","href":"https:\/\/api.w.org\/{rel}","templated":true}]}}