{"id":147,"date":"2016-09-19T22:01:01","date_gmt":"2016-09-19T22:01:01","guid":{"rendered":"https:\/\/thelifelinecanada.ca\/fr\/?page_id=147"},"modified":"2021-06-16T12:22:43","modified_gmt":"2021-06-16T19:22:43","slug":"veterans-and-military","status":"publish","type":"page","link":"https:\/\/thelifelinecanada.ca\/fr\/resources\/veterans-and-military\/","title":{"rendered":"Les Anciens Combattants et Les Militaires"},"content":{"rendered":"<div class=\"fusion-fullwidth fullwidth-box fusion-builder-row-1 nonhundred-percent-fullwidth non-hundred-percent-height-scrolling\" style=\"background-color: #ffffff;background-position: center center;background-repeat: no-repeat;padding-top:0px;padding-right:0px;padding-bottom:0px;padding-left:0px;margin-bottom: 0px;margin-top: 0px;border-width: 0px 0px 0px 0px;border-color:#eae9e9;border-style:solid;\" ><div class=\"fusion-builder-row fusion-row\"><div class=\"fusion-layout-column fusion_builder_column fusion-builder-column-0 fusion_builder_column_1_1 1_1 fusion-one-full fusion-column-first fusion-column-last\" style=\"margin-top:0px;margin-bottom:0px;\"><div class=\"fusion-column-wrapper fusion-flex-column-wrapper-legacy\" style=\"background-position:left top;background-repeat:no-repeat;-webkit-background-size:cover;-moz-background-size:cover;-o-background-size:cover;background-size:cover;padding: 0px 0px 0px 0px;\"><div class=\"fusion-text fusion-text-1\"><p style=\"text-align: justify;\"><span style=\"font-size: 14pt;\"><strong>R<\/strong><\/span><span lang=\"fr-FR\"><span style=\"font-size: 14pt;\"><strong>essources g\u00e9n\u00e9rales, counselling gratuit et liens utiles<\/strong><\/span><br \/>\n_____<\/span><\/p>\n<p><a title=\"Post Traumatic Stree Disorder Self Help Guide\" href=\"http:\/\/www.moodjuice.scot.nhs.uk\/posttrauma.asp\" target=\"_blank\" rel=\"noopener noreferrer\">Moodjuice Post Traumatic Stress Disorder Self Help Guide: <\/a><span lang=\"fr-FR\">(en anglais): Trouble de stress post-traumatique de Moodjuice<\/span><span lang=\"fr-FR\"><br \/>\nEn savoir plus sur le stress post-traumatique et les comp\u00e9tences pour y faire face.<br \/>\n<\/span><\/p>\n<p style=\"text-align: justify;\"><span lang=\"fr-FR\"><b>Canada<\/b><\/span><\/p>\n<ul>\n<li><span lang=\"fr-FR\"><a href=\"https:\/\/www.cafconnection.ca\/\" target=\"_blank\" rel=\"noopener noreferrer\">Canadian Veterans, Military and Family<\/a>: Anciens combattants canadiens, militaires et familles<\/span><span lang=\"fr-FR\"><br \/>\nLes CRFM fournissent aux familles des militaires de l&#8217;information, des ressources et des services dans les collectivit\u00e9s des Forces arm\u00e9es canadiennes.<\/span><\/li>\n<li><span lang=\"fr-FR\"><a href=\"http:\/\/woundedwarriors.ca\/home\/\" target=\"_blank\" rel=\"noopener noreferrer\">Wounded Warriors<\/a>: Guerriers bless\u00e9s<\/span><span lang=\"fr-FR\"><br \/>\nQue ce soit gr\u00e2ce \u00e0 nos d\u00e9fis en mati\u00e8re de sant\u00e9 mentale, aux initiatives novatrices que nous finan\u00e7ons gr\u00e2ce \u00e0 des partenariats de tiers ou \u00e0 notre programme Hand Up de gestion de soutien individuel, nous nous engageons \u00e0 offrir un ensemble diversifi\u00e9 de programmes et de services \u00e0 nos soldats bless\u00e9s et \u00e0 leurs familles. <\/span><\/li>\n<li><span lang=\"fr-FR\"><a href=\"http:\/\/www.veterans.gc.ca\/eng\" target=\"_blank\" rel=\"noopener noreferrer\">Veterans Affairs Canada<\/a>: Anciens Combattants Canada<\/span><br \/>\n<span lang=\"fr-FR\">Il existe une vaste gamme de services de sant\u00e9 mentale, de soutien et d&#8217;information pour les anciens combattants et leurs familles.<\/span><\/li>\n<li><span lang=\"fr-FR\"><a href=\"https:\/\/www.canada.ca\/en\/department-national-defence.html\" target=\"_blank\" rel=\"noopener noreferrer\">National Defense<\/a>: D\u00e9fense nationale<\/span><span lang=\"fr-FR\"><br \/>\nD\u00e9couvrez une vaste gamme de services de soutien offerts aux membres des Forces canadiennes et \u00e0 leurs familles, de la r\u00e9adaptation au logement \u00e0 la r\u00e9solution de conflits.<\/span><\/li>\n<\/ul>\n<p><span lang=\"fr-FR\"><b>\u00c9tats Unis<\/b><\/span><\/p>\n<ul>\n<li><span lang=\"fr-FR\"><a href=\"http:\/\/www.veteranscrisisline.net\/ActiveDuty.aspx\" target=\"_blank\" rel=\"noopener noreferrer\">Military Crisis Line<\/a>: La ligne de crise militaire<\/span><span lang=\"fr-FR\"><br \/>\nLa ligne de crise militaire, <a href=\"https:\/\/www.veteranscrisisline.net\/ChatTermsOfService.aspx\" target=\"_blank\" rel=\"noopener noreferrer\">la disscution en ligne <\/a>et le service de messagerie texte sont gratuits pour tous les membres du Service, y compris les membres de la Garde nationale et de la R\u00e9serve et les anciens combattants, m\u00eame si vous n&#8217;\u00eates pas inscrits au minist\u00e8re des Anciens Combattants dans les soins de sant\u00e9 VA.<\/span><\/li>\n<li><span lang=\"fr-FR\"><a href=\"http:\/\/realwarriors.net\/\" target=\"_blank\" rel=\"noopener noreferrer\">Real Warriors Campaign<\/a>: Campagne des vrais guerriers<\/span><span lang=\"fr-FR\"><br \/>\nLigne t\u00e9l\u00e9phonique 24\/7 confidentielle ainsi que des informations sur le stress post-traumatique.<\/span><\/li>\n<li><span lang=\"fr-FR\"><a href=\"http:\/\/www.everyoneservesbook.com\/\" target=\"_blank\" rel=\"noopener noreferrer\">Blue Star Families<\/a>:Familles Blue Star:<\/span><span lang=\"fr-FR\"><br \/>\nIls ont d\u00e9velopp\u00e9 un livre \u00e9lectronique t\u00e9l\u00e9chargeable gratuit sur la r\u00e9int\u00e9gration.<\/span><\/li>\n<li><span lang=\"fr-FR\"><a href=\"http:\/\/www.americasfund.org\" target=\"_blank\" rel=\"noopener noreferrer\">America\u2019s Fund<\/a>: Fonds de l&#8217;Am\u00e9rique<\/span><span lang=\"fr-FR\"><br \/>\nFournit une assistance imm\u00e9diate et un soutien continu pour les h\u00e9ros bless\u00e9s et les membres de leur famille.<\/span><\/li>\n<li><span lang=\"fr-FR\"><a href=\"http:\/\/www.emotionalselfsufficiency.com\/\" target=\"_blank\" rel=\"noopener noreferrer\">Emotional Self Sufficiency<\/a>: Suffisance \u00e9motionnelle<\/span><span lang=\"fr-FR\"><br \/>\nSoutient VETS tout le chemin \u00e0 la maison, \u00e0 travers la transition et plus encore.<\/span><\/li>\n<li><span lang=\"fr-FR\"><a href=\"http:\/\/www.dstressline.com\/\" target=\"_blank\" rel=\"noopener noreferrer\">DSTRESS Line (Marines)<\/a>:\u00a0Ligne DSTRESS (Marines)<\/span><span lang=\"fr-FR\"><br \/>\nFournit des conseils professionnels et anonymes aux marines, aux marins et aux familles.<\/span><\/li>\n<li><span lang=\"fr-FR\"><a href=\"http:\/\/resurrectinglives.org\/\" target=\"_blank\" rel=\"noopener noreferrer\">Resurrecting Lives Foundation<\/a>: Resurrecting Lives Foundation<\/span><span lang=\"fr-FR\"><br \/>\nTraumatismes c\u00e9r\u00e9braux Plaidoyer, recherche, traitement et \u00e9ducation<\/span><\/li>\n<li><span lang=\"fr-FR\"><a href=\"http:\/\/guardyourbuddy.com\/get-the-app\/\" target=\"_blank\" rel=\"noopener noreferrer\">Guard Your Buddy (U.S. National Guard)<\/a>: Gardez votre ami (la garde nationale des \u00c9tats-Unis)<\/span><span lang=\"fr-FR\"><br \/>\nGuard Your Buddy est un effort conjoint de la garde nationale du Tennessee, de la Fondation Jason et de la sant\u00e9 E4 pour donner aux hommes, aux femmes et aux familles de la garde nationale du Tennessee tout moment et n&#8217;importe o\u00f9 l&#8217;acc\u00e8s aux ressources vitales essentielles, , Et la pr\u00e9vention du suicide sur appel.<\/span><\/li>\n<\/ul>\n<p style=\"text-align: justify;\"><span lang=\"fr-FR\"><b>Lignes de discution en ligne des anciens combattants et des militaires<\/b><\/span><\/p>\n<ul>\n<li><u><a href=\"http:\/\/www.realwarriors.net\/livechat\" target=\"_blank\" rel=\"noopener noreferrer\">Real Warriors 24\/7<\/a><\/u>: Les vrais guerriers (Real Warriors) 24\/7<\/li>\n<li><u><a href=\"https:\/\/www.veteranscrisisline.net\/ChatTermsOfService.aspx?account=Veterans%20Chat\" target=\"_blank\" rel=\"noopener noreferrer\">Veterans Crisis Line 24\/7<\/a><\/u>: Ligne de crise des anciens combattants 24\/7<\/li>\n<\/ul>\n<p><span lang=\"fr-FR\"><b>Apr\u00e8s un Suicide: Ressources <em>en anglais<\/em><br \/>\n<\/b><\/span><\/p>\n<ul>\n<li><a href=\"http:\/\/www.familyforce.ca\/sites\/AllLocations\/EN\/Health%20and%20Wellness\/Documents\/MentalHealth_GuideENGweb.pdf\" target=\"_blank\" rel=\"noopener noreferrer\">YOU\u2019RE NOT ALONE: Connecting Military Families to Mental Health and Social Wellness Programs<\/a>: VOUS N&#8217;\u00caTES PAS SEUL: Relier les familles des militaires aux programmes de sant\u00e9 mentale et de bien-\u00eatre social<\/li>\n<li><a href=\"https:\/\/dmna.ny.gov\/r3sp\/suicide\/resources\/Suicide_Postvention_Toolkit.pdf\" target=\"_blank\" rel=\"noopener noreferrer\">US Reserve Affairs Suicide Postvention Plan a Tool for Commanders<\/a>: Plan de pr\u00e9vention des suicides de la R\u00e9serve des \u00c9tats-Unis: un outil pour les commandants<\/li>\n<\/ul>\n<p><span lang=\"fr-FR\"><b>Ressources additionnelles<\/b><\/span><\/p>\n<ul>\n<li><a href=\"http:\/\/www.45enord.ca\/2015\/04\/letat-sur-les-suicides-des-militaires-et-des-anciens-combattants\/\" target=\"_blank\" rel=\"noopener noreferrer\">45e Nord.ca:<\/a> L&#8217;\u00e9tat sur les suicides des militaires et des anciens combattants<\/li>\n<li><a href=\"https:\/\/www.canada.ca\/fr\/nouvelles\/archive\/2009\/11\/suicide-forces-canadiennes.html?=undefined&amp;wbdisable=true\" target=\"_blank\" rel=\"noopener noreferrer\">Le suicide dans les Forces canadiennes<\/a> selon le gouvernement du Canada<\/li>\n<\/ul>\n<p><em>Autres ressources en anglais<\/em><\/p>\n<ul>\n<li><a href=\"http:\/\/startyourrecovery.org\" target=\"_blank\" rel=\"noopener noreferrer\">StartYourRecovery.org<\/a> est un outil gratuit, confidentiel qui aide les individus \u00e0 prendre des mesures vers une relation saine avec les drogues et l&#8217;alcool.<\/li>\n<li><a href=\"http:\/\/www.moodjuice.scot.nhs.uk\/posttrauma.asp\" target=\"_blank\" rel=\"noopener noreferrer\">MoodJuice Post Traumatic Stress Disorder Self Help Guide<\/a>\u00a0 En savoir plus sur le stress post-traumatique et les comp\u00e9tences pour y faire face.<\/li>\n<li><a href=\"http:\/\/www.ptsdalliance.org\/\" target=\"_blank\" rel=\"noopener noreferrer\">Hope for Recovery: Understanding Posttraumatic Stress Disorder<\/a>: Espoir de r\u00e9cup\u00e9ration: Comprendre le trouble de stress post-traumatique<\/li>\n<li><a href=\"http:\/\/www.ptsd.va.gov\/\" target=\"_blank\" rel=\"noopener noreferrer\">National Center for PTSD<\/a>: Centre national pour le SSPT<\/li>\n<li><a href=\"https:\/\/www.sidran.org\/for-survivors-and-loved-ones\/\" target=\"_blank\" rel=\"noopener noreferrer\">PTSD and Children of Survivors<\/a>: PTSD et enfants de survivants<\/li>\n<\/ul>\n<p><span lang=\"fr-FR\"><b>Vid\u00e9os<\/b><\/span><\/p>\n<ul>\n<li><a href=\"http:\/\/www.realwarriors.net\/multimedia\" target=\"_blank\" rel=\"noopener noreferrer\">Real Stories about\u00a0Real Warriors<\/a> : Histoires vraies sur les vrais guerriers<\/li>\n<li><a href=\"https:\/\/www.realwarriors.net\/depression-suicide\" target=\"_blank\" rel=\"noopener noreferrer\">PSA\u2019s for victims &amp; caregivers<\/a>: PSA pour les victimes et les soignants<\/li>\n<li><a href=\"https:\/\/youtu.be\/EqDs-2qvd_Y\" target=\"_blank\" rel=\"noopener noreferrer\">Hope for Recovery from PTSD <\/a>: Espoir de gu\u00e9rison du SSPT (Hope for Recovery from PTSD) &#8211; par PTSD Alliance &#8211; Veuillez noter: implique des dramatisations d&#8217;individus d\u00e9crivant bri\u00e8vement les traumatismes interpersonnels, ce qui peut \u00eatre bouleversant pour certaines personnes.<br \/>\n<b><\/b><\/li>\n<\/ul>\n<p><span lang=\"fr-FR\"><b><br \/>\nCombat PTSD Blogs<\/b><\/span><\/p>\n<ul>\n<li><a href=\"https:\/\/homecomingvets.wordpress.com\/\" target=\"_blank\" rel=\"noopener noreferrer\">Homecoming Vets and the Crossroads of Humanity<\/a> &#8211; Un site de r\u00e9int\u00e9gration pour les anciens combattants et leurs familles.<\/li>\n<li><a href=\"https:\/\/butch-desertspirit.blogspot.com\/\" target=\"_blank\" rel=\"noopener noreferrer\">Desert Spirit (Living with PTSD)<\/a> (Vivre avec le SSPT)<\/li>\n<li><a href=\"http:\/\/www.healingcombattrauma.com\/\" target=\"_blank\" rel=\"noopener noreferrer\">Healing Combat Trauma<\/a>: Traumatisme de gu\u00e9rison<\/li>\n<li><a href=\"https:\/\/ptsdasoldiersperspective.blogspot.com\/\" target=\"_blank\" rel=\"noopener noreferrer\">PTSD A Soldier\u2019s Perspective<\/a>: PTSD Le point de vue d&#8217;un soldat<\/li>\n<li><a href=\"https:\/\/honorablydisabled.blogspot.com\/\" target=\"_blank\" rel=\"noopener noreferrer\">PTSD: Honored with Dishonor<\/a>: PTSD: Honor\u00e9 avec Dishonor<\/li>\n<\/ul>\n<p><span lang=\"fr-FR\"><b>Messages d&#8217;information et d&#8217;inspiration<\/b><\/span><\/p>\n<ul>\n<li><a href=\"http:\/\/thedirectiondiva.com\/the-effects-of-ptsd-on-kids\/\" target=\"_blank\" rel=\"noopener noreferrer\">The Effects of PTSD on kids<\/a>: Les effets du SSPT sur les enfants<\/li>\n<\/ul>\n<\/div><div class=\"fusion-clearfix\"><\/div><\/div><\/div><\/div><\/div>\n","protected":false},"excerpt":{"rendered":"","protected":false},"author":2,"featured_media":0,"parent":137,"menu_order":0,"comment_status":"closed","ping_status":"closed","template":"","meta":{"_exactmetrics_skip_tracking":false,"_exactmetrics_sitenote_active":false,"_exactmetrics_sitenote_note":"","_exactmetrics_sitenote_category":0,"_links_to":"","_links_to_target":""},"_links":{"self":[{"href":"https:\/\/thelifelinecanada.ca\/fr\/wp-json\/wp\/v2\/pages\/147"}],"collection":[{"href":"https:\/\/thelifelinecanada.ca\/fr\/wp-json\/wp\/v2\/pages"}],"about":[{"href":"https:\/\/thelifelinecanada.ca\/fr\/wp-json\/wp\/v2\/types\/page"}],"author":[{"embeddable":true,"href":"https:\/\/thelifelinecanada.ca\/fr\/wp-json\/wp\/v2\/users\/2"}],"replies":[{"embeddable":true,"href":"https:\/\/thelifelinecanada.ca\/fr\/wp-json\/wp\/v2\/comments?post=147"}],"version-history":[{"count":76,"href":"https:\/\/thelifelinecanada.ca\/fr\/wp-json\/wp\/v2\/pages\/147\/revisions"}],"predecessor-version":[{"id":3885,"href":"https:\/\/thelifelinecanada.ca\/fr\/wp-json\/wp\/v2\/pages\/147\/revisions\/3885"}],"up":[{"embeddable":true,"href":"https:\/\/thelifelinecanada.ca\/fr\/wp-json\/wp\/v2\/pages\/137"}],"wp:attachment":[{"href":"https:\/\/thelifelinecanada.ca\/fr\/wp-json\/wp\/v2\/media?parent=147"}],"curies":[{"name":"wp","href":"https:\/\/api.w.org\/{rel}","templated":true}]}}