{"id":143,"date":"2016-09-19T22:00:44","date_gmt":"2016-09-19T22:00:44","guid":{"rendered":"https:\/\/thelifelinecanada.ca\/fr\/?page_id=143"},"modified":"2021-06-16T12:21:19","modified_gmt":"2021-06-16T19:21:19","slug":"first-nation-metis-and-inuit","status":"publish","type":"page","link":"https:\/\/thelifelinecanada.ca\/fr\/resources\/first-nation-metis-and-inuit\/","title":{"rendered":"Aborig\u00e8nes"},"content":{"rendered":"<div class=\"fusion-fullwidth fullwidth-box fusion-builder-row-1 nonhundred-percent-fullwidth non-hundred-percent-height-scrolling\" style=\"background-color: #ffffff;background-position: center center;background-repeat: no-repeat;padding-top:0px;padding-right:0px;padding-bottom:0px;padding-left:0px;margin-bottom: 0px;margin-top: 0px;border-width: 0px 0px 0px 0px;border-color:#eae9e9;border-style:solid;\" ><div class=\"fusion-builder-row fusion-row\"><div class=\"fusion-layout-column fusion_builder_column fusion-builder-column-0 fusion_builder_column_1_1 1_1 fusion-one-full fusion-column-first fusion-column-last\" style=\"margin-top:0px;margin-bottom:0px;\"><div class=\"fusion-column-wrapper fusion-flex-column-wrapper-legacy\" style=\"background-position:left top;background-repeat:no-repeat;-webkit-background-size:cover;-moz-background-size:cover;-o-background-size:cover;background-size:cover;padding: 0px 0px 0px 0px;\"><div class=\"fusion-text fusion-text-1\"><p style=\"text-align: justify;\"><b>Si vous \u00eates en situation de crise, appelez les Premi\u00e8res nations et les Inuits pour une ligne d&#8217;aide pour le mieux-\u00eatre 1-855-242-3310 Sans frais, 24 heures sur 24 pour la sant\u00e9 mentale et le mieux-\u00eatre.<\/b><span lang=\"fr-FR\"><br \/>\n<\/span><\/p>\n<p style=\"text-align: justify;\"><span lang=\"fr-FR\">Il s&#8217;agit d&#8217;un num\u00e9ro national sans frais qui offre un soutien imm\u00e9diat, culturellement comp\u00e9tent, par t\u00e9l\u00e9phone, en mati\u00e8re d&#8217;intervention en situation de crise aux Premi\u00e8res nations et aux Inuits, 24 heures par jour, sept jours par semaine. Les conseillers peuvent \u00e9galement travailler avec les appelants pour identifier les services auxquels ils peuvent avoir acc\u00e8s. Le service conseils est disponible en anglais et en fran\u00e7ais et sur demande en cri, en ojibway et en inuktut.<br \/>\nLa sant\u00e9 mentale et le bien-\u00eatre comprenne les aspects mentaux et \u00e9motionnels de l&#8217;\u00eatre &#8211; comment vous pensez et ressentez. Voici quelques signes d&#8217;une bonne sant\u00e9 mentale:<\/span><\/p>\n<ul style=\"text-align: justify;\">\n<li><span lang=\"fr-FR\"> Conna\u00eetre et \u00eatre fier de qui vous \u00eates;<\/span><\/li>\n<li><span lang=\"fr-FR\"> Profiter de la vie;<\/span><\/li>\n<li><span lang=\"fr-FR\"> \u00catre en mesure de former et de maintenir des relations satisfaisantes;<\/span><\/li>\n<li><span lang=\"fr-FR\"> Faire face au stress d&#8217;une mani\u00e8re positive;<\/span><\/li>\n<li><span lang=\"fr-FR\"> S&#8217;efforcer de r\u00e9aliser votre potentiel; et<br \/>\n<\/span><\/li>\n<li><span lang=\"fr-FR\"> Ayant un sens du contr\u00f4le personnel.<br \/>\n<\/span><\/li>\n<\/ul>\n<p style=\"text-align: justify;\"><span lang=\"fr-FR\">Si vous \u00e9prouvez de la d\u00e9tresse \u00e9motionnelle et voulez parler, appelez la Ligne d&#8217;aide espoir pour le bien-\u00eatre des Premi\u00e8res nations et des Inuits au 1-855-242-3310. Il est gratuit et ouvert 24 heures par jour, 7 jours par semaine.<\/span><\/p>\n<p style=\"text-align: justify;\"><span lang=\"fr-FR\">Pour obtenir plus de soins de longue dur\u00e9e, communiquez avec <a href=\"https:\/\/www.canada.ca\/fr\/sante-canada\/organisation\/contactez-nous\/sante-premieres-nations-inuits-bureaux-regionaux.html\" target=\"_blank\" rel=\"noopener noreferrer\">le Bureau r\u00e9gional de la sant\u00e9 des Premi\u00e8res nations et des Inuits.<\/a><\/span><\/p>\n<p style=\"text-align: justify;\"><a name=\"result_box44\"><\/a>F<span lang=\"fr-FR\"><b>acteurs influant sur la sant\u00e9 mentale<br \/>\n<\/b><\/span><span lang=\"fr-FR\"><br \/>\nTant de facteurs peuvent influencer votre sant\u00e9, y compris votre sant\u00e9 mentale. Ces facteurs sont commun\u00e9ment connus comme les d\u00e9terminants de la sant\u00e9 et comprennent des choses telles que combien d&#8217;argent vous gagnez, quel est votre niveau \u00e9ducationnel et vos relations avec la famille et les amis. Par exemple, les relations de soutien avec la famille et les amis peuvent vous faire sentir pris en charge, aim\u00e9, estim\u00e9 et \u00e9valu\u00e9, et par cons\u00e9quent, avoir un effet protecteur sur votre sant\u00e9.<\/span><\/p>\n<p>On pense que les d\u00e9terminants historiques, comme l&#8217;h\u00e9ritage des pensionnats, ont influenc\u00e9 la sant\u00e9 mentale des Autochtones. Un projet de recherche command\u00e9 par la Fondation autochtone de gu\u00e9rison a r\u00e9v\u00e9l\u00e9 que 75% des dossiers d&#8217;un \u00e9chantillon de survivants d&#8217;un pensionnat autochtone contiennent de l&#8217;information sur la sant\u00e9 mentale et que les diagnostics de sant\u00e9 mentale les plus courants sont le syndrome de stress post-traumatique,<\/p>\n<p style=\"text-align: justify;\"><span lang=\"fr-FR\"><b>Programmes et services<\/b><\/span><\/p>\n<p>Sant\u00e9 Canada s&#8217;engage \u00e0 aider les collectivit\u00e9s des Premi\u00e8res nations et des Inuits \u00e0 am\u00e9liorer la sant\u00e9 gr\u00e2ce \u00e0 plusieurs programmes et services li\u00e9s \u00e0 la sant\u00e9 mentale<\/p>\n<ul style=\"text-align: justify;\">\n<li><a href=\"http:\/\/www.hc-sc.gc.ca\/fniah-spnia\/promotion\/suicide\/index-fra.php\" target=\"_blank\" rel=\"noopener noreferrer\"><span lang=\"fr-FR\">Strat\u00e9gie nationale de pr\u00e9vention du suicide chez les jeunes Autochtone<\/span><\/a><span lang=\"fr-FR\"><br \/>\n<\/span><\/li>\n<\/ul>\n<p style=\"text-align: justify;\"><span lang=\"fr-FR\"><b>Ressources et liens<\/b><\/span><\/p>\n<p>Consultez nos ressources et liens pour plus d&#8217;informations sur:<\/p>\n<ul style=\"text-align: justify;\">\n<li><a href=\"http:\/\/www.hc-sc.gc.ca\/fniah-spnia\/promotion\/mental\/index-fra.php\" target=\"_blank\" rel=\"noopener noreferrer\"><span lang=\"fr-FR\"> Sant\u00e9 mentale et bien-\u00eatre;<\/span><\/a><\/li>\n<li><a href=\"http:\/\/www.hc-sc.gc.ca\/fniah-spnia\/promotion\/mental\/index-fra.php\" target=\"_blank\" rel=\"noopener noreferrer\"><span lang=\"fr-FR\"><span lang=\"fr-FR\">Pr\u00e9vention du suicide<\/span><\/span><b><\/b><\/a><\/li>\n<\/ul>\n<p><strong><span id=\"result_box\" class=\"short_text\" lang=\"fr\"><span class=\"\">Sant\u00e9 mentale et bien-\u00eatre<\/span><\/span><\/strong><\/p>\n<p><em><a href=\"https:\/\/www.ccnsa.ca\/fr\/\" target=\"_blank\" rel=\"noopener noreferrer\">Le Centre de collaboration nationale de la sant\u00e9 autochtone (CCNSA)<\/a><br \/>\n<\/em>Le CCNSA est une organisation autochtone nationale \u00e9tablie en 2005 par le gouvernement du Canada et financ\u00e9e par l\u2019Agence de la sant\u00e9 publique du Canada, dont la mission est d\u2019aider \u00e0 am\u00e9liorer la sant\u00e9 publique et \u00e0 assurer l\u2019\u00e9quit\u00e9 en sant\u00e9 pour les Premi\u00e8res Nations, les Inuits et les M\u00e9tis, par l\u2019application et le partage des connaissances.<\/p>\n<p><a href=\"http:\/\/www.hc-sc.gc.ca\/fniah-spnia\/pubs\/promotion\/_mental\/2014-sum-rpt-continuum\/index-fra.php\" target=\"_blank\" rel=\"noopener noreferrer\"><span lang=\"fr-FR\"><i>Cadre de continuit\u00e9 du mieux-\u00eatre mental des Premi\u00e8res Nations &#8211; Rapport sommaire<\/i><\/span><\/a><span lang=\"fr-FR\"><br \/>\nUne approche coordonn\u00e9e et globale de la sant\u00e9 mentale et des programmes de lutte contre les d\u00e9pendances, qui respecte le mod\u00e8le de la sant\u00e9 globale &#8211; le bien-\u00eatre physique, mental, \u00e9motionnel, spirituel, social et \u00e9conomique.<\/span><\/p>\n<p><span lang=\"fr-FR\"><i><a title=\"Aboriginal Youth Network (external link)\" href=\"http:\/\/nativemaps.org\/node\/1550\" target=\"_blank\" rel=\"noopener noreferrer\">Aboriginal Youth Network<\/a>: R\u00e9seau des jeunes Autochtones<\/i><\/span><span lang=\"fr-FR\"><br \/>\nConsultez leur centre de sant\u00e9 pour obtenir des renseignements sur divers sujets de sant\u00e9, y compris la sant\u00e9 mentale, la d\u00e9pression, le suicide, les troubles de l&#8217;alimentation et les d\u00e9pendances.<\/span><span lang=\"fr-FR\"><br \/>\n<\/span><\/p>\n<ul style=\"text-align: justify;\">\n<li><a href=\"http:\/\/www.phac-aspc.gc.ca\/sfv-avf\/index-fra.php\" target=\"_blank\" rel=\"noopener noreferrer\"><span lang=\"fr-FR\">Arr\u00eater la violence familiale<\/span><\/a><\/li>\n<\/ul>\n<p style=\"text-align: justify;\"><a name=\"result_box45\"><\/a><span lang=\"fr-FR\"><b>Pr\u00e9vention du suicide<\/b><\/span><span lang=\"fr-FR\"><br \/>\n<\/span><span lang=\"fr-FR\"><i><br \/>\n<\/i><\/span><a href=\"http:\/\/www.naho.ca\/firstnations\/english\/documents\/NAHO_Suicide_Eng.pdf\" target=\"_blank\" rel=\"noopener noreferrer\"><span lang=\"fr-FR\"><i>Trousse d&#8217;outils d&#8217;\u00e9valuation et de planification pour la pr\u00e9vention du suicide dans les collectivit\u00e9s des Premi\u00e8res nations (version PDF)<\/i><\/span><\/a><span lang=\"fr-FR\"><br \/>\nCette ressource peut vous donner les outils dont vous avez besoin pour \u00e9valuer votre communaut\u00e9 et \u00e9laborer un plan pour pr\u00e9venir le suicide.<\/span><\/p>\n<p><a href=\"https:\/\/www.suicideinfo.ca\/\" target=\"_blank\" rel=\"noopener noreferrer\"><span lang=\"fr-FR\"><i>Centre de pr\u00e9vention du suicide<\/i><\/span><\/a><span lang=\"fr-FR\"><br \/>\nConsultez ce lien pour plus d&#8217;informations sur la pr\u00e9vention du suicide et pour en savoir plus sur les possibilit\u00e9s de formation.<br \/>\n_____<\/span><b><\/b><\/p>\n<p><span lang=\"fr-FR\"><b><br \/>\nOutils pour aider les jeunes Aborig\u00e8nes \u00e0 prendre de bonnes d\u00e9cisions en mati\u00e8re de partage en ligne<\/b><\/span><\/p>\n<p><em>Par <a href=\"http:\/\/habilomedias.ca\/blogue\/nouveaux-outils-pour-les-jeunes-autochtones-pour-prendre-de-bonnes-d%C3%A9cisions-sur-le-partage-en-ligne\" target=\"_blank\" rel=\"noopener noreferrer\">Media Smarts<\/a><\/em><\/p>\n<p>Pour aider les adolescents a<span lang=\"fr-FR\">borig\u00e8nes<\/span> \u00e0 prendre des d\u00e9cisions intelligentes lors du partage en ligne, Facebook, MediaSmarts et APTN se sont associ\u00e9s pour traduire le guide <a href=\"http:\/\/mediasmarts.ca\/sites\/mediasmarts\/files\/pdfs\/tipsheet\/TipSheet_Think_Before_You_Share.pdf\" target=\"_blank\" rel=\"noopener noreferrer\">Pensez avant de partager <\/a>en trois langues autochtones communes: <a href=\"http:\/\/mediasmarts.ca\/sites\/mediasmarts\/files\/pdfs\/tipsheet\/think-before-you-share_guide_ojibwe.pdf\" target=\"_blank\" rel=\"noopener noreferrer\">Ojibwe<\/a>, <a href=\"http:\/\/mediasmarts.ca\/sites\/mediasmarts\/files\/pdfs\/tipsheet\/think-before-you-share_guide-cree.pdf\" target=\"_blank\" rel=\"noopener noreferrer\">Cri <\/a>et <a href=\"http:\/\/mediasmarts.ca\/sites\/mediasmarts\/files\/pdfs\/tipsheet\/think-before-you-share_guide-inuktitut.pdf\" target=\"_blank\" rel=\"noopener noreferrer\">Inuktitut<\/a>. Les nouvelles ressources sont disponibles gratuitement sur les sites Web <a href=\"https:\/\/www.facebook.com\/fbsafety\" target=\"_blank\" rel=\"noopener noreferrer\">Facebook Family Safety Center<\/a>, <a href=\"http:\/\/mediasmarts.ca\/tipsheet\/think-you-share\" target=\"_blank\" rel=\"noopener noreferrer\">MediaSmarts<\/a> et <a href=\"https:\/\/fb.me\/thinkbeforeyoushareAPTN.ca\" target=\"_blank\" rel=\"noopener noreferrer\">APTN\u00a0 websites<\/a>..<\/p>\n<p>Les guides offrent aux adolescents des conseils sur le comportement en ligne s\u00fbr, sage et \u00e9thique. La recherche montre que les jeunes pr\u00e9f\u00e8rent traiter les questions en ligne socialement, plut\u00f4t que de s&#8217;appuyer sur des outils technologiques. C&#8217;est pourquoi les guides recommandent de traiter le partage ind\u00e9sirable en parlant \u00e0 la personne responsable hors ligne. Ils donnent \u00e9galement aux jeunes des conseils pour traiter les \u00e9tats \u00e9motionnels \u00abchauds\u00bb comme la col\u00e8re ou l&#8217;excitation qui peuvent conduire \u00e0 faire de mauvais choix sur le partage des choses en ligne et leur rappeler de se tourner vers les amis, la famille et autres personnes de confiance dans leur vie pour le soutien si les choses se tromper.<\/p>\n<p>Les jeunes veulent prendre de bonnes d\u00e9cisions en mati\u00e8re de partage en ligne. Avec les guides Pensez avant de partager (Think Before You Share), ils ont les outils dont ils ont besoin pour faire exactement cela.<\/p>\n<\/div><div class=\"fusion-clearfix\"><\/div><\/div><\/div><\/div><\/div>\n","protected":false},"excerpt":{"rendered":"","protected":false},"author":2,"featured_media":0,"parent":137,"menu_order":0,"comment_status":"closed","ping_status":"closed","template":"","meta":{"_exactmetrics_skip_tracking":false,"_exactmetrics_sitenote_active":false,"_exactmetrics_sitenote_note":"","_exactmetrics_sitenote_category":0,"_links_to":"","_links_to_target":""},"_links":{"self":[{"href":"https:\/\/thelifelinecanada.ca\/fr\/wp-json\/wp\/v2\/pages\/143"}],"collection":[{"href":"https:\/\/thelifelinecanada.ca\/fr\/wp-json\/wp\/v2\/pages"}],"about":[{"href":"https:\/\/thelifelinecanada.ca\/fr\/wp-json\/wp\/v2\/types\/page"}],"author":[{"embeddable":true,"href":"https:\/\/thelifelinecanada.ca\/fr\/wp-json\/wp\/v2\/users\/2"}],"replies":[{"embeddable":true,"href":"https:\/\/thelifelinecanada.ca\/fr\/wp-json\/wp\/v2\/comments?post=143"}],"version-history":[{"count":35,"href":"https:\/\/thelifelinecanada.ca\/fr\/wp-json\/wp\/v2\/pages\/143\/revisions"}],"predecessor-version":[{"id":3884,"href":"https:\/\/thelifelinecanada.ca\/fr\/wp-json\/wp\/v2\/pages\/143\/revisions\/3884"}],"up":[{"embeddable":true,"href":"https:\/\/thelifelinecanada.ca\/fr\/wp-json\/wp\/v2\/pages\/137"}],"wp:attachment":[{"href":"https:\/\/thelifelinecanada.ca\/fr\/wp-json\/wp\/v2\/media?parent=143"}],"curies":[{"name":"wp","href":"https:\/\/api.w.org\/{rel}","templated":true}]}}