{"id":141,"date":"2016-09-19T22:00:35","date_gmt":"2016-09-20T05:00:35","guid":{"rendered":"https:\/\/thelifelinecanada.ca\/fr\/?page_id=141"},"modified":"2018-10-05T13:20:44","modified_gmt":"2018-10-05T20:20:44","slug":"older-adults","status":"publish","type":"page","link":"https:\/\/thelifelinecanada.ca\/fr\/resources\/older-adults\/","title":{"rendered":"Les Personnes Ag\u00e9es"},"content":{"rendered":"<p style=\"text-align: justify;\" align=\"LEFT\"><span style=\"font-size: medium;\"><span lang=\"fr-FR\"><b>La d\u00e9pression chez les personnes \u00e2g\u00e9es: un guide pour les a\u00een\u00e9s et leurs familles<\/b><\/span><span lang=\"fr-FR\"><br \/>\n<\/span><\/span><\/p>\n<p style=\"text-align: justify;\" align=\"LEFT\"><span style=\"font-size: medium;\"><span lang=\"fr-FR\">T\u00e9l\u00e9charger pour:\u00a0<a href=\"https:\/\/thelifelinecanada.ca\/fr\/wp-content\/uploads\/2016\/09\/ccsmh_suicideBooklet_fr.pdf\" target=\"_blank\" rel=\"noopener\"><em>Un Guide \u00e0 L\u2019Intention des Membres de la Famille<\/em><\/a><\/span><\/span><\/p>\n<p>La Coalition canadienne pour la sant\u00e9 mentale des personnes \u00e2g\u00e9es (CCSMH) s&#8217;emploie activement \u00e0 veiller \u00e0 ce que la sant\u00e9 mentale des a\u00een\u00e9s soit reconnue comme un enjeu cl\u00e9 pour la sant\u00e9 et le mieux-\u00eatre au Canada. En collaboration avec des partenaires \u00e0 travers le pays, le CCSMH s&#8217;emploie \u00e0 faciliter les initiatives visant \u00e0 am\u00e9liorer et \u00e0 promouvoir la sant\u00e9 mentale des a\u00een\u00e9s.<\/p>\n<p>Bas\u00e9 sur les lignes directrices nationales de la Coalition canadienne pour la sant\u00e9 mentale des a\u00een\u00e9s (CCSMH), les lignes directrices nationales pour la sant\u00e9 mentale des a\u00een\u00e9s: l&#8217;\u00e9valuation et le traitement de la d\u00e9pression.<\/p>\n<p>La production de ce guide a \u00e9t\u00e9 rendue possible gr\u00e2ce \u00e0 une contribution financi\u00e8re de l&#8217;AGENCE DE SANT\u00c9 PUBLIQUE DU CANADA.<\/p>\n<p>Avertissement: Ce guide est destin\u00e9 \u00e0 des fins d&#8217;informations seulement et n&#8217;est pas destin\u00e9 \u00e0 \u00eatre interpr\u00e9t\u00e9 ou utilis\u00e9 comme un standard de la pratique m\u00e9dicale.<\/p>\n<p><span lang=\"fr-FR\"><b>Introduction <\/b><\/span><span lang=\"fr-FR\">\u00e0 la d\u00e9pression chez les personnes \u00e2g\u00e9es: un guide pour les a\u00een\u00e9s et leurs familles<\/span><\/p>\n<p>Nous sommes tr\u00e8s heureux que vous ayez pris cette brochure. Les Canadiens vivent non seulement plus longtemps, mais demeurent en bonne sant\u00e9 et autonomes plus longtemps que jamais. Nous voulons que tous les a\u00een\u00e9s &#8211; et les membres de leur famille &#8211; puissent avoir des renseignements de qualit\u00e9 sur les questions de sant\u00e9 qui pourraient les toucher. Nous croyons qu&#8217;avec cette information, les a\u00een\u00e9s auront le pouvoir de prendre des d\u00e9cisions \u00e9clair\u00e9es au sujet de leurs soins de sant\u00e9 et d&#8217;\u00e9tablir des relations efficaces avec leurs fournisseurs de soins de sant\u00e9.<br \/>\n<b><\/b><\/p>\n<p style=\"text-align: justify;\" align=\"LEFT\"><span style=\"font-size: medium;\"><span lang=\"fr-FR\"><b>Qu&#8217;est-ce que la Coalition canadienne pour la sant\u00e9 mentale des a\u00een\u00e9s?<\/b><\/span><\/span><\/p>\n<p>La Coalition canadienne pour la sant\u00e9 mentale des personnes \u00e2g\u00e9es (CCSMH) a \u00e9t\u00e9 cr\u00e9\u00e9e en 2002 pour promouvoir la sant\u00e9 mentale des a\u00een\u00e9s en reliant les personnes, les id\u00e9es et les ressources. Les membres du CCSMH sont des organisations et des personnes qui repr\u00e9sentent des a\u00een\u00e9s, des membres de la famille et des aidants informels, des professionnels de la sant\u00e9, des chercheurs et des d\u00e9cideurs.<\/p>\n<p>Le CCSMH a cr\u00e9\u00e9 le premier ensemble de lignes directrices nationales sur la sant\u00e9 mentale des a\u00een\u00e9s fond\u00e9es sur les recherches. Ces lignes directrices ont \u00e9t\u00e9 r\u00e9dig\u00e9es pour les professionnels de la sant\u00e9 qui travaillent avec des personnes \u00e2g\u00e9es. Ils recommandent les moyens d&#8217;am\u00e9liorer l&#8217;\u00e9valuation, la pr\u00e9vention, le traitement et la gestion des principaux probl\u00e8mes de sant\u00e9 mentale chez les personnes \u00e2g\u00e9es: probl\u00e8mes de sant\u00e9 mentale dans les foyers de soins de longue dur\u00e9e, d\u00e9lire, suicide et d\u00e9pression. Ce livret fait partie d&#8217;une s\u00e9rie qui couvre les m\u00eames sujets pour les personnes \u00e2g\u00e9es, les membres de leur famille et les autres personnes qui s&#8217;en soucient.<\/p>\n<p>Les probl\u00e8mes de sant\u00e9 mentale ne sont PAS une partie normale du vieillissement. Beaucoup de personnes pensent que les probl\u00e8mes de sant\u00e9 mentale sont une partie normale du vieillissement. Ce n&#8217;est tout simplement pas vrai. Les difficult\u00e9s avec l&#8217;humeur, la pens\u00e9e et le comportement ne sont pas une partie in\u00e9vitable du vieillissement. Ce ne sont pas non plus des signes de faiblesse personnelle. Ils sont g\u00e9n\u00e9ralement des signes que quelque chose est faux qui n\u00e9cessite l&#8217;attention d&#8217;un professionnel de la sant\u00e9.<\/p>\n<p style=\"text-align: justify;\" align=\"LEFT\"><span style=\"font-size: medium;\"><span lang=\"fr-FR\">Certaines personnes peuvent soutenir qu&#8217;il est inutile d&#8217;enqu\u00eater sur ces probl\u00e8mes chez les personnes \u00e2g\u00e9es parce que ces probl\u00e8mes ne peuvent \u00eatre r\u00e9solus. Certains probl\u00e8mes li\u00e9s au vieillissement ne peuvent pas encore \u00eatre gu\u00e9ris, mais il reste encore beaucoup \u00e0 faire. Les probl\u00e8mes de sant\u00e9 mentale peuvent \u00eatre trait\u00e9s.<\/span><\/span><\/p>\n<p>Les personnes \u00e2g\u00e9es qui \u00e9prouvent des changements dans leur humeur, leur pens\u00e9e et leur comportement peuvent ne pas \u00eatre conscientes des changements qui se produisent, peuvent mal comprendre la nature des changements qui se produisent ou peuvent avoir honte de l&#8217;id\u00e9e qu&#8217;ils d\u00e9veloppent des \u00abprobl\u00e8mes de sant\u00e9 mentale . \u00bbLes membres de la famille peuvent mal comprendre et penser que ces changements sont des \u00e9l\u00e9ments normaux du vieillissement, des aspects de la personnalit\u00e9 de leur parent ou des signes de faiblesse personnelle et peuvent ne pas savoir comment aider.<\/p>\n<p>Nous esp\u00e9rons que ce guide aidera \u00e0 informer les a\u00een\u00e9s et leurs familles sur ce qu&#8217;ils peuvent faire s&#8217;ils ont des troubles mentaux.<\/p>\n<p><span lang=\"fr-FR\"><b>Qui devrait utiliser ce guide?<\/b><\/span><\/p>\n<p>Ce guide aidera les personnes \u00e2g\u00e9es qui se sentent d\u00e9prim\u00e9es. Il aidera \u00e9galement les membres de la famille et d&#8217;autres personnes qui se soucient d&#8217;eux. Le guide donne des informations sur les causes et les sympt\u00f4mes de la d\u00e9pression. Il d\u00e9crit \u00e9galement ce qu&#8217;il faut faire si vous, ou quelqu&#8217;un que vous vous souciez, se sent d\u00e9prim\u00e9.<\/p>\n<p>T\u00e9l\u00e9charger <span lang=\"fr-FR\"><a href=\"https:\/\/thelifelinecanada.ca\/fr\/wp-content\/uploads\/2016\/09\/ccsmh_suicideBooklet_fr.pdf\" target=\"_blank\" rel=\"noopener\"><em>Un Guide \u00e0 L\u2019Intention des Membres de la Famille<\/em><\/a><\/span><\/p>\n<p lang=\"fr-FR\" align=\"LEFT\"><span style=\"font-family: Georgia,serif;\"><span style=\"font-size: medium;\"><b>Plus de ressources <\/b><\/span><\/span><\/p>\n<p align=\"LEFT\"><span style=\"font-family: Georgia,serif;\"><span style=\"font-size: medium;\">La Coalition canadienne pour la sant\u00e9 mentale des personnes \u00e2g\u00e9es (CCSMPA) est un organisme national qui repr\u00e9sente des particuliers et des organismes de tout le Canada. Dans la mesure du possible, nous nous effor\u00e7ons d\u2019assurer les communications dans les deux langues officielles. Voici la liste des ressources de la CCSMPA qui sont pr\u00e9sentement offertes en fran\u00e7ais. <\/span><\/span><\/p>\n<ul>\n<li><span style=\"font-size: medium;\"><span style=\"font-family: Georgia,serif;\"><a href=\"http:\/\/ccsmh.ca\/wp-content\/uploads\/2016\/09\/CCSMH-8.5-x-11-DEP-FR-R1-1.pdf\">D\u00e9pression chez les adultes plus \u00e2g\u00e9s \u2013 Vous n\u2019\u00eates pas seul!<\/a> <\/span><\/span><\/li>\n<li><span style=\"font-family: Georgia,serif;\"><a href=\"http:\/\/ccsmh.ca\/wp-content\/uploads\/2016\/09\/CCSMH-8.5-x-11-SUICIDE-FR-R1-1.pdf\">Pr\u00e9vention du suicide chez les adultes plus \u00e2g\u00e9s<\/a> <\/span><\/li>\n<li><span style=\"font-family: Georgia,serif;\"><a href=\"http:\/\/ccsmh.ca\/wp-content\/uploads\/2016\/09\/CCSMH-LTC-FINAL-BOOK-FR-Dig.pdf\">La sant\u00e9 mentale et les soins de longue dur\u00e9e<\/a> <\/span><\/li>\n<li><span style=\"font-family: Georgia,serif;\"><a href=\"http:\/\/ccsmh.ca\/CCSMH-Delirium-BOOK-FR-FINAL.pdf\">Pr\u00e9vention et soins du delirium aupr\u00e8s des personnes \u00e2g\u00e9es<\/a> <\/span><\/li>\n<li><span style=\"font-family: Georgia,serif;\"><a href=\"http:\/\/ccsmh.ca\/lignes-directrices-nationales-de-la-ccsmpa-sur-la-sante-mentale-chez-les-aines\/?lang=fr\">Lignes directrices nationales de la CCSMPA sur la sant\u00e9 mentale chez les a\u00een\u00e9s<\/a> <\/span><\/li>\n<li><span style=\"font-family: Georgia,serif;\"><a href=\"http:\/\/ccsmh.ca\/guides-pratiques-dinformation-pour-les-aines-et-leur-famille\/?lang=fr\">Guides pratiques d\u2019information pour les a\u00een\u00e9s et leur famille<\/a> <\/span><\/li>\n<li><span style=\"font-family: Georgia,serif;\"><a href=\"http:\/\/ccsmh.ca\/wp-content\/uploads\/2016\/03\/ccsmh_delirium_tool_v6-1.pdf\">Le delirium : \u00c9valuation et traitement chez les personnes \u00e2g\u00e9es<\/a> <\/span><\/li>\n<li><span style=\"font-family: Georgia,serif;\"><a href=\"http:\/\/ccsmh.ca\/ressources-delirium\/?lang=fr\">Ressources : Delirium<\/a> <\/span><\/li>\n<li><span style=\"font-family: Georgia,serif;\"><a href=\"http:\/\/ccsmh.ca\/wp-content\/uploads\/2016\/03\/mhiinltctool_final-1.pdf\">Outil d\u2019\u00e9valuation et de prise en charge des comportements symptomatiques chez les a\u00een\u00e9s dans les \u00e9tablissements de soins de longue dur\u00e9e<\/a> <\/span><\/li>\n<li><span style=\"font-family: Georgia,serif;\"><a href=\"http:\/\/ccsmh.ca\/wp-content\/uploads\/2016\/03\/CCSMH_depressionBrochure_fr-1.pdf\">Outil d\u2019\u00e9valuation de la d\u00e9pression et traitement chez les personnes \u00e2g\u00e9es<\/a> <\/span><\/li>\n<li><span style=\"font-family: Georgia,serif;\"><a href=\"http:\/\/ccsmh.ca\/wp-content\/uploads\/2016\/03\/CCSMH_suicideBrochure_fr-1.pdf\" target=\"_blank\" rel=\"noopener\">Suicide : \u00c9valuation et pr\u00e9vention chez la personne \u00e2g\u00e9e<\/a> <\/span><\/li>\n<li><span style=\"font-family: Georgia,serif;\"><a href=\"http:\/\/ccsmh.ca\/wp-content\/uploads\/2016\/03\/CancerManual_fr-1.pdf\" target=\"_blank\" rel=\"noopener\">Promouvoir la sant\u00e9 mentale dans les soins aux personnes \u00e2g\u00e9es atteintes de cancer : guide \u00e0 l\u2019intention des fournisseurs de soins de premi\u00e8re ligne<\/a> <\/span><\/li>\n<\/ul>\n","protected":false},"excerpt":{"rendered":"<p>La d\u00e9pression chez les personnes \u00e2g\u00e9es: un guide pour les a\u00een\u00e9s et leurs familles T\u00e9l\u00e9charger pour:\u00a0Un Guide \u00e0 L\u2019Intention des Membres de la Famille La Coalition canadienne pour la sant\u00e9 mentale des personnes \u00e2g\u00e9es (CCSMH) s&#8217;emploie activement \u00e0 veiller \u00e0 ce que la sant\u00e9 mentale des a\u00een\u00e9s soit reconnue comme un enjeu cl\u00e9 pour la [&hellip;]<\/p>\n","protected":false},"author":2,"featured_media":0,"parent":137,"menu_order":0,"comment_status":"closed","ping_status":"closed","template":"","meta":{"_exactmetrics_skip_tracking":false,"_exactmetrics_sitenote_active":false,"_exactmetrics_sitenote_note":"","_exactmetrics_sitenote_category":0,"_links_to":"","_links_to_target":""},"_links":{"self":[{"href":"https:\/\/thelifelinecanada.ca\/fr\/wp-json\/wp\/v2\/pages\/141"}],"collection":[{"href":"https:\/\/thelifelinecanada.ca\/fr\/wp-json\/wp\/v2\/pages"}],"about":[{"href":"https:\/\/thelifelinecanada.ca\/fr\/wp-json\/wp\/v2\/types\/page"}],"author":[{"embeddable":true,"href":"https:\/\/thelifelinecanada.ca\/fr\/wp-json\/wp\/v2\/users\/2"}],"replies":[{"embeddable":true,"href":"https:\/\/thelifelinecanada.ca\/fr\/wp-json\/wp\/v2\/comments?post=141"}],"version-history":[{"count":18,"href":"https:\/\/thelifelinecanada.ca\/fr\/wp-json\/wp\/v2\/pages\/141\/revisions"}],"predecessor-version":[{"id":3679,"href":"https:\/\/thelifelinecanada.ca\/fr\/wp-json\/wp\/v2\/pages\/141\/revisions\/3679"}],"up":[{"embeddable":true,"href":"https:\/\/thelifelinecanada.ca\/fr\/wp-json\/wp\/v2\/pages\/137"}],"wp:attachment":[{"href":"https:\/\/thelifelinecanada.ca\/fr\/wp-json\/wp\/v2\/media?parent=141"}],"curies":[{"name":"wp","href":"https:\/\/api.w.org\/{rel}","templated":true}]}}