{"id":137,"date":"2016-09-19T22:00:11","date_gmt":"2016-09-19T22:00:11","guid":{"rendered":"https:\/\/thelifelinecanada.ca\/fr\/?page_id=137"},"modified":"2021-06-12T18:06:18","modified_gmt":"2021-06-13T01:06:18","slug":"resources","status":"publish","type":"page","link":"https:\/\/thelifelinecanada.ca\/fr\/resources\/","title":{"rendered":"Galerie de Ressources"},"content":{"rendered":"<p>Les guides, les trousses d&#8217;outils et les ressources sur ce site repr\u00e9sentent une compilation de ressources de pr\u00e9vention du suicide de diverses sources \u00e0 travers le Globe comme indiqu\u00e9. Lorsque vous cliquez sur des liens tiers, vous serez redirig\u00e9 vers des sites Web non affili\u00e9s mais b\u00e9n\u00e9ficiez de notre soutien sous-jacent \u00e0 la Fondation LifeLine Canada.<br \/>\nCentres de crise<\/p>\n<ul>\n<li><a href=\"https:\/\/thelifelinecanada.ca\/fr\/help\/crisis-centres\/canadian-crisis-centres\/\"><span id=\"result_box\" class=\"\" lang=\"fr\"><span class=\"\">Centres Canadiens de Crise<\/span><\/span><\/a><\/li>\n<li><a href=\"https:\/\/thelifelinecanada.ca\/fr\/help\/crisis-centres\/united-states-national-suicide-prevention-hotline\/\"><span id=\"result_box\" class=\"\" lang=\"fr\"> <span class=\"\">Centres de Crise des \u00c9tats-Unis<\/span><\/span><\/a><\/li>\n<li><a href=\"https:\/\/thelifelinecanada.ca\/fr\/help\/crisis-centres\/international-crisis-centres\/\"><span id=\"result_box\" class=\"\" lang=\"fr\"> <span class=\"\">Hotlines Internationales de Crise<\/span><\/span><\/a><\/li>\n<li><a href=\"https:\/\/thelifelinecanada.ca\/fr\/help\/crisis-centres\/international-suicide-hotlines\/\" target=\"_blank\" rel=\"noopener\"><span id=\"result_box\" class=\"\" lang=\"fr\"><span class=\"\">Num\u00e9ros D&#8217;Urgence dans le Monde Entier<\/span><\/span><\/a><\/li>\n<\/ul>\n<p><span id=\"result_box\" class=\"\" lang=\"fr\"><strong><span class=\"\">Galerie de ressources<\/span><\/strong><\/span><\/p>\n<ul>\n<li><span id=\"result_box\" class=\"\" lang=\"fr\"><span class=\"\"><a href=\"https:\/\/thelifelinecanada.ca\/fr\/resources\/myths\/\">Mythes et R\u00e9alit\u00e9s<\/a><br \/>\n<\/span><\/span><\/li>\n<li><a href=\"https:\/\/thelifelinecanada.ca\/fr\/help\/warning-signs\/\"><span id=\"result_box\" class=\"\" lang=\"fr\"><span class=\"\">Les Panneaux de Signalisation<\/span><\/span><\/a><\/li>\n<li><a href=\"https:\/\/thelifelinecanada.ca\/fr\/resources\/anxiety\/\"><span id=\"result_box\" class=\"\" lang=\"fr\">L&#8217; Anxi\u00e9t\u00e9<\/span><\/a><\/li>\n<li><a href=\"https:\/\/thelifelinecanada.ca\/fr\/resources\/depression\/\"><span id=\"result_box\" class=\"\" lang=\"fr\"><span class=\"\">La D\u00e9pression<\/span><\/span><\/a><\/li>\n<li><a href=\"https:\/\/thelifelinecanada.ca\/fr\/resources\/ptsd\/\"><span id=\"result_box\" class=\"\" lang=\"fr\">Trouble de Stress Post-Traumatique<\/span><\/a><\/li>\n<li><a href=\"https:\/\/thelifelinecanada.ca\/fr\/resources\/teens\/\"><span id=\"result_box\" class=\"\" lang=\"fr\">Les Adolescents et les jeunes<\/span><\/a><\/li>\n<li><a href=\"https:\/\/thelifelinecanada.ca\/fr\/resources\/parents\/\"><span id=\"result_box\" class=\"\" lang=\"fr\">Les Parents<\/span><\/a><\/li>\n<li><span id=\"result_box\" class=\"\" lang=\"fr\"><a href=\"https:\/\/thelifelinecanada.ca\/fr\/resources\/college-students\/\">Les \u00c9tudiants Universitaires<\/a><br \/>\n<\/span><\/li>\n<li><a href=\"https:\/\/thelifelinecanada.ca\/fr\/resources\/lgbtq\/\"><span id=\"result_box\" class=\"\" lang=\"fr\">LGBTQ<\/span><\/a><\/li>\n<li><a href=\"https:\/\/thelifelinecanada.ca\/fr\/resources\/first-nation-metis-and-inuit\/\"><span id=\"result_box\" class=\"\" lang=\"fr\">Les Aborig\u00e8nes<\/span><\/a><\/li>\n<li><a href=\"https:\/\/thelifelinecanada.ca\/fr\/resources\/older-adults\/\"><span id=\"result_box\" class=\"\" lang=\"fr\">Les Personnes Ag\u00e9es <\/span><\/a><\/li>\n<li><a href=\"https:\/\/thelifelinecanada.ca\/fr\/resources\/men-2\/\"><span id=\"result_box\" class=\"\" lang=\"fr\"> Les Hommes<\/span><\/a><\/li>\n<li><a href=\"https:\/\/thelifelinecanada.ca\/fr\/resources\/veterans-and-military\/\"><span id=\"result_box\" class=\"\" lang=\"fr\"> Les Anciens Combattants et les Militaires<\/span><\/a><\/li>\n<li><a href=\"https:\/\/thelifelinecanada.ca\/fr\/resources\/attempt-survivors\/\"><span id=\"result_box\" class=\"\" lang=\"fr\">Tentative de Survie<\/span><\/a><\/li>\n<li><a href=\"https:\/\/thelifelinecanada.ca\/fr\/resources\/survivors-of-suicide-loss\/\"><span id=\"result_box\" class=\"\" lang=\"fr\">Les Survivants de la Perte de Suicide<\/span><\/a><\/li>\n<li><a href=\"https:\/\/thelifelinecanada.ca\/fr\/resources\/after-a-suicide\/\"><span id=\"result_box\" class=\"\" lang=\"fr\"> Apr\u00e8s un Suicide<\/span><\/a><\/li>\n<li><a href=\"https:\/\/thelifelinecanada.ca\/fr\/resources\/educators\/\"><span id=\"result_box\" class=\"\" lang=\"fr\">Les \u00c9ducateurs<\/span><\/a><\/li>\n<li><a href=\"https:\/\/thelifelinecanada.ca\/fr\/resources\/caregivers\/\"><span id=\"result_box\" class=\"\" lang=\"fr\"> Les Aidants Naturels<\/span><\/a><\/li>\n<li><a href=\"https:\/\/thelifelinecanada.ca\/fr\/resources\/first-responders\/\"><span id=\"result_box\" class=\"\" lang=\"fr\">Les Premiers R\u00e9pondants<\/span><\/a><\/li>\n<li><a href=\"https:\/\/thelifelinecanada.ca\/fr\/resources\/health-care-professionals\/\"><span id=\"result_box\" class=\"\" lang=\"fr\">Les Professionnels de la Sant\u00e9<\/span><\/a><\/li>\n<li><a href=\"https:\/\/thelifelinecanada.ca\/fr\/resources\/media-professionals\/\"><span id=\"result_box\" class=\"\" lang=\"fr\">Les Professionnels des M\u00e9dias<\/span><\/a><\/li>\n<li><span id=\"result_box\" class=\"\" lang=\"fr\"><a href=\"https:\/\/thelifelinecanada.ca\/fr\/workplaceemployers\/\">Les Employeurs<\/a><br \/>\n<\/span><\/li>\n<li><a href=\"https:\/\/thelifelinecanada.ca\/fr\/resources\/resource-organizations\/\"><span id=\"result_box\" class=\"\" lang=\"fr\"><span class=\"\">Les Organismes de Ressources<\/span><\/span><\/a><\/li>\n<\/ul>\n","protected":false},"excerpt":{"rendered":"<p>Les guides, les trousses d&#8217;outils et les ressources sur ce site repr\u00e9sentent une compilation de ressources de pr\u00e9vention du suicide de diverses sources \u00e0 travers le Globe comme indiqu\u00e9. Lorsque vous cliquez sur des liens tiers, vous serez redirig\u00e9 vers des sites Web non affili\u00e9s mais b\u00e9n\u00e9ficiez de notre soutien sous-jacent \u00e0 la Fondation LifeLine [&hellip;]<\/p>\n","protected":false},"author":2,"featured_media":0,"parent":0,"menu_order":0,"comment_status":"closed","ping_status":"closed","template":"","meta":{"_exactmetrics_skip_tracking":false,"_exactmetrics_sitenote_active":false,"_exactmetrics_sitenote_note":"","_exactmetrics_sitenote_category":0,"_links_to":"","_links_to_target":""},"_links":{"self":[{"href":"https:\/\/thelifelinecanada.ca\/fr\/wp-json\/wp\/v2\/pages\/137"}],"collection":[{"href":"https:\/\/thelifelinecanada.ca\/fr\/wp-json\/wp\/v2\/pages"}],"about":[{"href":"https:\/\/thelifelinecanada.ca\/fr\/wp-json\/wp\/v2\/types\/page"}],"author":[{"embeddable":true,"href":"https:\/\/thelifelinecanada.ca\/fr\/wp-json\/wp\/v2\/users\/2"}],"replies":[{"embeddable":true,"href":"https:\/\/thelifelinecanada.ca\/fr\/wp-json\/wp\/v2\/comments?post=137"}],"version-history":[{"count":59,"href":"https:\/\/thelifelinecanada.ca\/fr\/wp-json\/wp\/v2\/pages\/137\/revisions"}],"predecessor-version":[{"id":3873,"href":"https:\/\/thelifelinecanada.ca\/fr\/wp-json\/wp\/v2\/pages\/137\/revisions\/3873"}],"wp:attachment":[{"href":"https:\/\/thelifelinecanada.ca\/fr\/wp-json\/wp\/v2\/media?parent=137"}],"curies":[{"name":"wp","href":"https:\/\/api.w.org\/{rel}","templated":true}]}}