{"id":1330,"date":"2016-11-10T20:16:33","date_gmt":"2016-11-10T20:16:33","guid":{"rendered":"https:\/\/thelifelinecanada.ca\/fr\/?page_id=1330"},"modified":"2021-06-16T13:05:43","modified_gmt":"2021-06-16T20:05:43","slug":"android-apps","status":"publish","type":"page","link":"https:\/\/thelifelinecanada.ca\/fr\/pattern-interrupt\/mental-health-apps\/android-apps\/","title":{"rendered":"Applications Android"},"content":{"rendered":"<div class=\"fusion-fullwidth fullwidth-box fusion-builder-row-1 nonhundred-percent-fullwidth non-hundred-percent-height-scrolling\" style=\"background-color: #ffffff;background-position: center center;background-repeat: no-repeat;padding-top:0px;padding-right:0px;padding-bottom:0px;padding-left:0px;margin-bottom: 0px;margin-top: 0px;border-width: 0px 0px 0px 0px;border-color:#eae9e9;border-style:solid;\" ><div class=\"fusion-builder-row fusion-row\"><div class=\"fusion-layout-column fusion_builder_column fusion-builder-column-0 fusion_builder_column_1_1 1_1 fusion-one-full fusion-column-first fusion-column-last\" style=\"margin-top:0px;margin-bottom:0px;\"><div class=\"fusion-column-wrapper fusion-flex-column-wrapper-legacy\" style=\"background-position:left top;background-repeat:no-repeat;-webkit-background-size:cover;-moz-background-size:cover;-o-background-size:cover;background-size:cover;padding: 0px 0px 0px 0px;\"><div class=\"fusion-text fusion-text-1\"><h2><strong>Applications Android<\/strong><\/h2>\n<p><strong>Les applications ci-dessous sont des applications anglaises avec des descriptions en fran\u00e7ais<\/strong><\/p>\n<p style=\"padding-left: 30px;\"><a href=\"https:\/\/play.google.com\/store\/apps\/details?id=com.declan2011.JFISD\" target=\"_blank\" rel=\"noopener noreferrer\">A Friend Asks<\/a><strong><br \/>\n<\/strong>Ici, vous aurez acc\u00e8s aux panneaux d&#8217;avertissement, \u00e0 faire et \u00e0 ne pas faire, et la ligne nationale de sauvetage de la pr\u00e9vention du suicide est \u00e0 un clic. N&#8217;ayez pas peur de demander de l&#8217;aide &#8230; pour un ami ou vous-m\u00eame.<\/p>\n<p style=\"padding-left: 30px;\"><a href=\"https:\/\/intellicare.cbits.northwestern.edu\/app\/aspire\" target=\"_blank\" rel=\"nofollow noopener noreferrer\">Aspire<br \/>\n<\/a>Utilisez Aspire pour identifier les valeurs qui guident votre vie et les actions (ou &#8220;chemins&#8221;) que vous faites pour vivre cette valeur. Aspire vous aidera \u00e0 garder une trace de ces actions tout au long de la journ\u00e9e et vous aidera \u00e0 vivre une vie plus motiv\u00e9e et plus satisfaisante.<\/p>\n<p style=\"padding-left: 30px;\"><a href=\"https:\/\/intellicare.cbits.northwestern.edu\/app\/boost-me\" target=\"_blank\" rel=\"nofollow noopener noreferrer\">Boost Me<br \/>\n<\/a>Boost Me peut fournir des activit\u00e9s positives qui ont travaill\u00e9 pour vous dans le pass\u00e9 ou vous donner des suggestions, en fonction de la fa\u00e7on dont vous vous sentez. Notez une am\u00e9lioration de votre humeur? Enregistrez ce que vous avez fait dans Boost Me pour avoir un rappel \u00e0 l&#8217;avenir de quelque chose qui vous a fait sentir bien.<\/p>\n<p style=\"padding-left: 30px;\"><a href=\"https:\/\/intellicare.cbits.northwestern.edu\/app\/dailyfeats\" target=\"_blank\" rel=\"nofollow noopener noreferrer\">Daily Feats<br \/>\n<\/a>Daily Feats vous encourage \u00e0 int\u00e9grer des activit\u00e9s valables et productives dans votre journ\u00e9e. Ajoutez des r\u00e9alisations grandes et petites au calendrier Feats, o\u00f9 vous pouvez suivre vos stries d&#8217;activit\u00e9 positives et augmenter votre niveau en compl\u00e9tant plus de t\u00e2ches! Daily Feats vous motive \u00e0 passer vos journ\u00e9es de mani\u00e8re plus significative et enrichissante \u00e0 augmenter votre satisfaction globale dans la vie.<\/p>\n<p style=\"padding-left: 30px;\"><a href=\"https:\/\/intellicare.cbits.northwestern.edu\/app\/day-to-day\" target=\"_blank\" rel=\"nofollow noopener noreferrer\">Day to Day<br \/>\n<\/a>Day to Day offre un flux quotidien de conseils, astuces et autres informations tout au long de la journ\u00e9e pour stimuler votre humeur. Travailler sur un th\u00e8me particulier chaque jour, et chaque semaine, en savoir plus sur la mani\u00e8re de cultiver efficacement la gratitude, d&#8217;activer le plaisir, d&#8217;accro\u00eetre la connectivit\u00e9, de r\u00e9soudre des probl\u00e8mes et de remettre en question votre fa\u00e7on de penser.<\/p>\n<p style=\"padding-left: 30px;\"><a href=\"http:\/\/www.digipill.com\/\" target=\"_blank\" rel=\"nofollow noopener noreferrer\">DigiPill<br \/>\n<\/a>Digipill utilise des techniques totalement uniques dans des \u00abpilules audio\u00bb soigneusement con\u00e7ues qui jouent habituellement pendant environ une demi-heure &#8211; bien que les effets puissent souvent durer beaucoup plus longtemps &#8211; parfois m\u00eame une dur\u00e9e de vie.<\/p>\n<p style=\"padding-left: 30px;\"><a href=\"http:\/\/healthymindsapp.ca\/\" target=\"_blank\" rel=\"nofollow noopener noreferrer\">HealthyMinds<br \/>\n<\/a>Healthy Minds est un outil de r\u00e9solution de probl\u00e8mes pour aider \u00e0 g\u00e9rer les \u00e9motions et faire face aux stress que vous rencontrez \u00e0 la fois sur et hors campus. Le but: garder votre esprit en bonne sant\u00e9.<\/p>\n<p style=\"padding-left: 30px;\"><a href=\"https:\/\/downloads.tomsguide.com\/HELP-Prevent-Suicide,0301-57416.html\" target=\"_blank\" rel=\"noopener noreferrer\">HELP Prevent Suicide<br \/>\n<\/a>HELP Prevent Suicide est une application gratuite pour Android qui vous donne acc\u00e8s aux ressources d&#8217;intervention en cas de crise. L&#8217;application vous aidera en \u00e9num\u00e9rant les panneaux d&#8217;avertissement, sur la fa\u00e7on de parler \u00e0 la personne en crise et vous donne beaucoup de ressources sur les ressources nationales et Oklahoma-sp\u00e9cifiques.<\/p>\n<p style=\"padding-left: 30px;\"><a href=\"https:\/\/intellicare.cbits.northwestern.edu\/app\/icope\" target=\"_blank\" rel=\"nofollow noopener noreferrer\">iCope<br \/>\n<\/a>Parfois, nous avons tous besoin d&#8217;un coup de main, d&#8217;un mot encourageant ou d&#8217;une pouss\u00e9e motivante pour nous faire traverser des situations difficiles ou des situations difficiles. Utilisez iCope pour vous envoyer des messages inspirants et des d\u00e9clarations rassurantes \u00e9crites dans vos propres mots pour vous aider lorsque vous en avez le plus besoin. Avec iCope, vous avez ceci.<\/p>\n<p style=\"padding-left: 30px;\"><a href=\"https:\/\/insighttimer.com\/\" target=\"_blank\" rel=\"nofollow noopener noreferrer\">Insight Timer<br \/>\n<\/a>Insight Timer est la plus grande communaut\u00e9 de m\u00e9ditants r\u00e9guliers. Notre communaut\u00e9 g\u00e9n\u00e8re plus de minutes de m\u00e9ditation que n&#8217;importe quelle autre application. Chaque jour, plus de 800 des meilleurs professeurs de m\u00e9ditation du monde entier t\u00e9l\u00e9chargent de nouveaux contenus, y compris des m\u00e9ditations guid\u00e9es gratuites, de la musique de m\u00e9ditation magnifique, des discussions et des podcasts.<\/p>\n<p style=\"padding-left: 30px;\"><a href=\"https:\/\/play.google.com\/store\/apps\/details?id=suicide.prevention.app&amp;hl=en\" target=\"_blank\" rel=\"nofollow noopener noreferrer\">Operation Reach Out<br \/>\n<\/a>Sensibilisation \u00e0 la communaut\u00e9 militaire &#8211; pr\u00e9sente OPERATION REACH OUT, une application de smartphone visant \u00e0 pr\u00e9venir le suicide chez les militaires et les anciens combattants.<\/p>\n<p style=\"padding-left: 30px;\"><a href=\"https:\/\/www.anxietycanada.com\/resources\/mindshift-cbt\/?_ga=2.45329060.1864584283.1623873194-970440223.1623873194\" target=\"_blank\" rel=\"nofollow noopener noreferrer\">MindShift<br \/>\n<\/a>MindShift est une application con\u00e7ue pour aider les adolescents et les jeunes adultes \u00e0 faire face \u00e0 l&#8217;anxi\u00e9t\u00e9. Cela peut vous aider \u00e0 changer votre fa\u00e7on de penser \u00e0 l&#8217;anxi\u00e9t\u00e9. Plut\u00f4t que d&#8217;essayer d&#8217;\u00e9viter l&#8217;anxi\u00e9t\u00e9, vous pouvez faire un changement important et le faire face.<\/p>\n<p style=\"padding-left: 30px;\"><a href=\"http:\/\/www.moodfx.ca\/\" target=\"_blank\" rel=\"nofollow noopener noreferrer\">Mood FX<br \/>\n<\/a>MoodFx est un site web optimis\u00e9 pour mobile interactif con\u00e7u pour aider les personnes souffrant de d\u00e9pression et d&#8217;anxi\u00e9t\u00e9 en fournissant des m\u00e9thodes simples et scientifiquement valides pour surveiller les sympt\u00f4mes et le fonctionnement.<\/p>\n<p style=\"padding-left: 30px;\"><a href=\"http:\/\/www.moodsentry.com\/\" target=\"_blank\" rel=\"nofollow noopener noreferrer\">Mood Sentry<br \/>\n<\/a>Mood Sentry est une application mobile qui repr\u00e9sente le portage de plusieurs outils informatiques que j&#8217;utilise pour g\u00e9rer ma d\u00e9pression sur une plate-forme mobile.<\/p>\n<p style=\"padding-left: 30px;\"><a href=\"https:\/\/play.google.com\/store\/apps\/details?id=com.moodtools.moodtools\" target=\"_blank\" rel=\"nofollow noopener noreferrer\">MoodTools<br \/>\n<\/a>Si vous vous sentez triste, anxieux ou d\u00e9prim\u00e9, suivez votre humeur avec MoodTools! MoodTools est con\u00e7u pour vous aider \u00e0 combattre la d\u00e9pression et \u00e0 att\u00e9nuer vos humeurs n\u00e9gatives, vous aidant sur votre chemin vers la r\u00e9cup\u00e9ration.<\/p>\n<p style=\"padding-left: 30px;\"><a href=\"http:\/\/www.moodtrack.com\/\" target=\"_blank\" rel=\"nofollow noopener noreferrer\">MoodTrack Diary<br \/>\n<\/a>Suivre aussi souvent ou aussi peu que vous le souhaitez. Voyez comment vos humeurs changent avec le temps. D\u00e9couvrez les mod\u00e8les d&#8217;humeur et les d\u00e9clencheurs. Soutenez et obtenez des commentaires d&#8217;autres personnes.<\/p>\n<p style=\"padding-left: 30px;\"><a href=\"https:\/\/intellicare.cbits.northwestern.edu\/app\/moveme\" target=\"_blank\" rel=\"nofollow noopener noreferrer\">Move Me<br \/>\n<\/a>MoveMe est une application con\u00e7ue pour augmenter votre humeur \u00e0 travers des \u00e9clats d&#8217;activit\u00e9. MoveMe est bas\u00e9 sur la science qui nous dit que 10 \u00e0 15 minutes de rafales r\u00e9guli\u00e8res d&#8217;activit\u00e9 peuvent am\u00e9liorer votre humeur et votre bien-\u00eatre. MoveMe est con\u00e7u pour vous aider \u00e0 s\u00e9lectionner les meilleurs exercices pour am\u00e9liorer votre humeur.<\/p>\n<p style=\"padding-left: 30px;\"><a href=\"http:\/\/www.my3app.org\/\" target=\"_blank\" rel=\"noopener noreferrer\">My3 Support Network<\/a><a href=\"http:\/\/www.my3app.org\/\" target=\"_blank\" rel=\"nofollow noopener noreferrer\"><br \/>\n<\/a>Avec MY3, vous d\u00e9finissez votre r\u00e9seau et votre plan pour rester en s\u00e9curit\u00e9. Avec MY3, vous pouvez \u00eatre pr\u00eat \u00e0 vous aider et \u00e0 toucher les autres lorsque vous avez des pens\u00e9es de suicide.<\/p>\n<p style=\"padding-left: 30px;\"><a href=\"https:\/\/intellicare.cbits.northwestern.edu\/app\/mantra\" target=\"_blank\" rel=\"nofollow noopener noreferrer\">My Mantra<br \/>\n<\/a>Les mantras sont des phrases que nous nous r\u00e9p\u00e9tons qui soulignent nos forces et nos valeurs et peuvent nous motiver \u00e0 faire et \u00e0 se sentir bien. Un mantra vous aide \u00e0 devenir votre meilleur moi possible et My Mantra est con\u00e7u pour vous aider \u00e0 y arriver.<\/p>\n<p style=\"padding-left: 30px;\"><a href=\"https:\/\/play.google.com\/store\/apps\/details?id=t2.paj&amp;hl=en\" target=\"_blank\" rel=\"nofollow noopener noreferrer\">Positive Activity Jackpot<br \/>\n<\/a>PAJ utilise une th\u00e9rapie comportementale appel\u00e9e planification d&#8217;\u00e9v\u00e9nements agr\u00e9able (PES), qui est utilis\u00e9 pour surmonter la d\u00e9pression et renforcer la r\u00e9silience. Cette application dispose d&#8217;une technologie de r\u00e9alit\u00e9 augment\u00e9e pour aider les utilisateurs \u00e0 trouver des activit\u00e9s agr\u00e9ables \u00e0 proximit\u00e9 et fait des suggestions d&#8217;activit\u00e9s avec des options locales et la possibilit\u00e9 d&#8217;inviter des amis.<\/p>\n<p style=\"padding-left: 30px;\"><a href=\"http:\/\/www.recoveryrecord.com\/\" target=\"_blank\" rel=\"nofollow noopener noreferrer\">Recovery Record<\/a><br \/>\nRecovery Record app pour la gestion des troubles de la vie priv\u00e9e de votre t\u00e9l\u00e9phone portable.<\/p>\n<p style=\"padding-left: 30px;\"><a href=\"https:\/\/play.google.com\/store\/apps\/details?id=com.app.relaxcompletely&amp;hl=en\" target=\"_blank\" rel=\"nofollow noopener noreferrer\">Relax Completely<br \/>\n<\/a>Harmony contient trois m\u00e9ditations d&#8217;hypnose gratuites. \u00c9coutez une des s\u00e9ances tous les jours pendant les cinq prochains jours et remarquez la diff\u00e9rence dans la fa\u00e7on dont vous vous sentez bien.<\/p>\n<p style=\"padding-left: 30px;\"><a href=\"http:\/\/www.psychappsint.com\/\" target=\"_blank\" rel=\"nofollow noopener noreferrer\">R U Suicidal?<br \/>\n<\/a>Un outil d&#8217;auto-assistance interactif bas\u00e9 sur la vid\u00e9o pour toute personne ayant des pens\u00e9es au sujet du suicide.<\/p>\n<p style=\"padding-left: 30px;\"><a href=\"https:\/\/intellicare.cbits.northwestern.edu\/app\/slumber-time\" target=\"_blank\" rel=\"nofollow noopener noreferrer\">Slumber Time<br \/>\n<\/a>Slumber Time est une application couch\u00e9e compl\u00e8te pour vous aider \u00e0 passer une bonne nuit de repos. Commencez un journal de sommeil pour suivre la fa\u00e7on dont vous dormez et utilisez la liste de contr\u00f4le du coucher pour vous d\u00e9tendre avant de vous coucher. Prenez le sommeil au lit et utilisez-le comme r\u00e9veil pour vous r\u00e9veiller \u00e0 vos chansons et sons pr\u00e9f\u00e9r\u00e9s.<\/p>\n<p style=\"padding-left: 30px;\"><a href=\"http:\/\/play.google.com\/store\/apps\/details?id=uk.org.suicideprevention.stayalive\" target=\"_blank\" rel=\"nofollow noopener noreferrer\">StayAlive (Royaume-Uni)<br \/>\n<\/a>Cette application est une ressource de pr\u00e9vention de la suicide de poche, remplie d&#8217;informations utiles pour vous aider \u00e0 rester en s\u00e9curit\u00e9. Vous pouvez l&#8217;utiliser si vous avez des pens\u00e9es de suicide ou si vous \u00eates pr\u00e9occup\u00e9 par quelqu&#8217;un d&#8217;autre qui envisage le suicide.<\/p>\n<p style=\"padding-left: 30px;\"><a href=\"http:\/\/downloads.tomsguide.com\/Suicide-Crisis-Support,0301-57413.html\" target=\"_blank\" rel=\"noopener noreferrer\">Suicide Crisis Support<br \/>\n<\/a>Suicide Crisis Support est une application gratuite pour Android, qui offre \u00e9galement la version num\u00e9rique du livre &#8220;The Tender Leaves of Hope, Helping Someone Survive a Suicide Crisis&#8221;. Une bonne lecture et tr\u00e8s partageable.<\/p>\n<p style=\"padding-left: 30px;\"><a href=\"https:\/\/play.google.com\/store\/apps\/details?id=com.moodtools.crisis.app&amp;hl=en\" target=\"_blank\" rel=\"nofollow noopener noreferrer\">Suicide Safety Plan<br \/>\n<\/a>Les pens\u00e9es suicidaires peuvent sembler qu&#8217;elles dureront \u00e0 jamais &#8211; mais ces pens\u00e9es et ces sentiments passent avec le temps. Avoir un plan en place qui peut vous guider \u00e0 travers des moments difficiles peut vous aider \u00e0 faire face et vous prot\u00e9ger.<\/p>\n<p style=\"padding-left: 30px;\"><a href=\"https:\/\/play.google.com\/store\/apps\/details?id=com.t2.vas&amp;hl=en\" target=\"_blank\" rel=\"nofollow noopener noreferrer\">T2 Mood Tracker<br \/>\n<\/a>T2 Mood Tracker est con\u00e7u pour vous aider \u00e0 suivre votre exp\u00e9rience \u00e9motionnelle au fil du temps et \u00e0 vous fournir un outil pour partager cette information avec votre fournisseur de soins de sant\u00e9.<\/p>\n<p style=\"padding-left: 30px;\"><a href=\"https:\/\/intellicare.cbits.northwestern.edu\/app\/thoughtchallenger\" target=\"_blank\" rel=\"nofollow noopener noreferrer\">Thought Challenger<br \/>\n<\/a>Mettez vos pens\u00e9es \u00e0 l&#8217;\u00e9preuve avec Thought Challenger pour voir si elles se l\u00e8vent face aux interrogations. Avec cette application, prenez l&#8217;habitude de changer votre point de vue et de progresser vers une vision plus \u00e9quilibr\u00e9e de la vie!<\/p>\n<p style=\"padding-left: 30px;\"><a href=\"https:\/\/downloads.tomsguide.com\/Ulster-County-SPEAK,0301-57419.html\" target=\"_blank\" rel=\"noopener noreferrer\">Ulster County SPEAK<br \/>\n<\/a>Ulster County SPEAK est une application gratuite pour Android qui vous offre beaucoup d&#8217;aide en fournissant des tonnes d&#8217;informations et d&#8217;outils pour aider quelqu&#8217;un dans le besoin.<\/p>\n<p style=\"padding-left: 30px;\"><a href=\"http:\/\/www.virtual-bubblewrap.com\/popnow.shtml\" target=\"_blank\" rel=\"nofollow noopener noreferrer\">Virtual Bubblewrap<br \/>\n<\/a>Bubble Wrap\u00ae a \u00e9t\u00e9 une source de fascination pour les personnes de tous \u00e2ges depuis son invention. Voici un moyen respectueux de l&#8217;environnement de faire ce que vous vouliez vraiment faire avec tout cela: POP IT!<\/p>\n<p style=\"padding-left: 30px;\"><a href=\"https:\/\/onemindpsyberguide.org\/apps\/virtual-hope-box-review\/\" target=\"_blank\" rel=\"nofollow noopener noreferrer\">Virtual Hope Box<br \/>\n<\/a>L&#8217;application mobile de Virtual Hope Box a re\u00e7u le Prix de l&#8217;innovation du minist\u00e8re de la D\u00e9fense de 2014 pour son application unique de la technologie dans le soutien de la sant\u00e9 comportementale dans les membres du service et les familles militaires.<\/p>\n<p style=\"padding-left: 30px;\"><a href=\"https:\/\/intellicare.cbits.northwestern.edu\/app\/worry-knot\" target=\"_blank\" rel=\"nofollow noopener noreferrer\">Worry Knot<br \/>\n<\/a>Worry Knot vous enseigne \u00e0 g\u00e9rer votre souci avec des le\u00e7ons, des distractions et une technique de gestion des pr\u00e9occupations \u00e9prouv\u00e9e. Utilisez un outil guid\u00e9 pour r\u00e9soudre des probl\u00e8mes sp\u00e9cifiques que vous ne parvenez pas \u00e0 penser ou \u00e0 lire comment faire face \u00e0 la \u00abpens\u00e9e enchev\u00eatr\u00e9e\u00bb dans l&#8217;ensemble. Worry Knot vous montrera des statistiques sur vos progr\u00e8s au fur et \u00e0 mesure que vous pratiquez vos probl\u00e8mes de souci, vous donner des astuces et des trucs quotidiens sur la gestion de l&#8217;inqui\u00e9tude et vous proposer des suggestions personnalisables pour vous distraire des probl\u00e8mes noueux.<\/p>\n<\/div><div class=\"fusion-clearfix\"><\/div><\/div><\/div><\/div><\/div>\n","protected":false},"excerpt":{"rendered":"","protected":false},"author":2,"featured_media":0,"parent":120,"menu_order":0,"comment_status":"closed","ping_status":"closed","template":"","meta":{"_exactmetrics_skip_tracking":false,"_exactmetrics_sitenote_active":false,"_exactmetrics_sitenote_note":"","_exactmetrics_sitenote_category":0,"_links_to":"","_links_to_target":""},"_links":{"self":[{"href":"https:\/\/thelifelinecanada.ca\/fr\/wp-json\/wp\/v2\/pages\/1330"}],"collection":[{"href":"https:\/\/thelifelinecanada.ca\/fr\/wp-json\/wp\/v2\/pages"}],"about":[{"href":"https:\/\/thelifelinecanada.ca\/fr\/wp-json\/wp\/v2\/types\/page"}],"author":[{"embeddable":true,"href":"https:\/\/thelifelinecanada.ca\/fr\/wp-json\/wp\/v2\/users\/2"}],"replies":[{"embeddable":true,"href":"https:\/\/thelifelinecanada.ca\/fr\/wp-json\/wp\/v2\/comments?post=1330"}],"version-history":[{"count":42,"href":"https:\/\/thelifelinecanada.ca\/fr\/wp-json\/wp\/v2\/pages\/1330\/revisions"}],"predecessor-version":[{"id":3903,"href":"https:\/\/thelifelinecanada.ca\/fr\/wp-json\/wp\/v2\/pages\/1330\/revisions\/3903"}],"up":[{"embeddable":true,"href":"https:\/\/thelifelinecanada.ca\/fr\/wp-json\/wp\/v2\/pages\/120"}],"wp:attachment":[{"href":"https:\/\/thelifelinecanada.ca\/fr\/wp-json\/wp\/v2\/media?parent=1330"}],"curies":[{"name":"wp","href":"https:\/\/api.w.org\/{rel}","templated":true}]}}