{"id":1317,"date":"2016-11-10T20:04:53","date_gmt":"2016-11-10T20:04:53","guid":{"rendered":"https:\/\/thelifelinecanada.ca\/fr\/?page_id=1317"},"modified":"2021-06-12T15:08:30","modified_gmt":"2021-06-12T22:08:30","slug":"mood-charting","status":"publish","type":"page","link":"https:\/\/thelifelinecanada.ca\/fr\/pattern-interrupt\/mental-health-apps\/mood-charting\/","title":{"rendered":"Applications de Suivi de L&#8217;Humeur"},"content":{"rendered":"<h2>Applications de Suivi de L&#8217;Humeur<\/h2>\n<p><strong>Les applications ci-dessous sont des applications anglaises avec des descriptions en fran\u00e7ais<\/strong><\/p>\n<p style=\"padding-left: 30px;\"><a href=\"http:\/\/healthymindsapp.ca\/\" target=\"_blank\" rel=\"nofollow noopener noreferrer\">HealthyMinds<br \/>\n<\/a>Healthy Minds est un outil de r\u00e9solution de probl\u00e8mes pour aider \u00e0 g\u00e9rer les \u00e9motions et faire face aux stress que vous rencontrez \u00e0 la fois sur et hors campus. Le but: garder votre esprit en bonne sant\u00e9.<\/p>\n<p style=\"padding-left: 30px;\"><a href=\"https:\/\/itunes.apple.com\/us\/app\/mood-anxiety-diary\/id393280344?mt=8\" target=\"_blank\" rel=\"nofollow noopener noreferrer\">Mood &amp; Anxiety Diary<br \/>\n<\/a>La fa\u00e7on dont nous pensons d\u00e9termine \u00e0 la fois comment nous nous sentons et comment nous nous comportons. La fa\u00e7on dont nous pensons \u00e0 nous-m\u00eames, d&#8217;autres personnes et de notre place dans le monde a une influence directe sur notre \u00e9tat \u00e9motionnel et notre comportement. Par cons\u00e9quent, en changeant la fa\u00e7on dont nous pensons que nous pouvons influencer positivement notre humeur et comment nous r\u00e9pondons aux situations. C&#8217;est la pr\u00e9misse derri\u00e8re la th\u00e9rapie comportementale cognitive (CBT) qui est devenu le traitement psychologique le plus efficace disponible pour une gamme de probl\u00e8mes \u00e9motionnels et comportementaux, y compris la d\u00e9pression et l&#8217;anxi\u00e9t\u00e9.<\/p>\n<p style=\"padding-left: 30px;\"><a href=\"http:\/\/itunes.apple.com\/us\/app\/moodkit-mood-improvement-tools\/id427064987?mt=8\" target=\"_blank\" rel=\"nofollow noopener noreferrer\">MoodKit<br \/>\n<\/a>Am\u00e9liorez votre humeur et devenez votre propre expert avec la sagesse et l&#8217;orientation de MoodKit \u00e0 port\u00e9e de main! \u2022 En vedette dans London Times, NY Times, LA Times, Harvard Business Review, CNET, Discover Magazine et plus \u2022 D\u00e9velopp\u00e9 par des experts et s\u00e9lectionn\u00e9 \u00e0 plusieurs reprises comme l&#8217;une des \u00abmeilleures applications de sant\u00e9 mentale\u00bb au monde \u2022 Conseils et outils de psychologie professionnelle pour tous les jours la vie!<\/p>\n<p style=\"padding-left: 30px;\"><a href=\"http:\/\/www.moodscope.com\/\" target=\"_blank\" rel=\"nofollow noopener noreferrer\">MoodScope<br \/>\n<\/a>Moodscope, un site Web qui transforme un test de sant\u00e9 mentale standard en un jeu de cartes. Moodscope, un site Web qui permet aux utilisateurs d&#8217;enregistrer leur humeur en tournant et en lan\u00e7ant 20 cartes \u00e0 jouer, qui repr\u00e9sentent chacune une \u00e9motion, comme la col\u00e8re ou l&#8217;anxi\u00e9t\u00e9. Les utilisateurs \u00e9valuent chaque carte sur une \u00e9chelle de quatre points et les r\u00e9sultats sont combin\u00e9s en un score quotidien, qui peut \u00eatre trac\u00e9 sur un graphique et suivi au fil du temps.<\/p>\n<p style=\"padding-left: 30px;\"><a href=\"http:\/\/www.moodtrack.com\/\" target=\"_blank\" rel=\"nofollow noopener noreferrer\">MoodTrack Diary<br \/>\n<\/a>Suivre aussi souvent ou aussi peu que vous le souhaitez. Voyez comment vos humeurs changent avec le temps. D\u00e9couvrez les mod\u00e8les d&#8217;humeur et les d\u00e9clencheurs. Soutenez et obtenez des commentaires d&#8217;autres personnes.<\/p>\n<p style=\"padding-left: 30px;\"><a href=\"http:\/\/itunes.apple.com\/us\/app\/t2-mood-tracker\/id428373825?mt=8\" target=\"_blank\" rel=\"nofollow noopener noreferrer\">T2 Mood Tracker<br \/>\n<\/a>T2 Mood Tracker permet aux utilisateurs de surveiller leurs humeurs sur six \u00e9chelles pr\u00e9charg\u00e9es (anxi\u00e9t\u00e9, stress, d\u00e9pression, l\u00e9sions c\u00e9r\u00e9brales, stress post-traumatique, bien-\u00eatre g\u00e9n\u00e9ral). Des balances personnalis\u00e9es peuvent \u00e9galement \u00eatre construites. Les utilisateurs \u00e9valuent leurs humeurs en glissant une petite barre vers la gauche ou vers la droite. Les \u00e9valuations sont affich\u00e9es sur les graphiques pour aider les utilisateurs \u00e0 suivre leur \u00e9tat d&#8217;esprit au fil du temps.<\/p>\n<p style=\"padding-left: 30px;\"><a href=\"https:\/\/itunes.apple.com\/ca\/app\/my-life-my-voice\/id626899759?mt=8\" target=\"_blank\" rel=\"noopener noreferrer\">My Life My Voice<\/a><br \/>\nChoisissez parmi une vari\u00e9t\u00e9 d&#8217;\u00e9motic\u00f4nes anim\u00e9es pour aider \u00e0 identifier votre humeur. Ajoutez des d\u00e9tails \u00e0 votre saisie en \u00e9crivant, en enregistrant votre voix ou en attachant une photo sur ce qui se passe. Quelle que soit l&#8217;humeur, le sentiment ou l&#8217;exp\u00e9rience que vous rencontrez, c&#8217;est un excellent moyen de vous aider \u00e0 suivre vos humeurs changeantes et vos d\u00e9clencheurs comportementaux en journalisant au sein de l&#8217;application. Vous pouvez consulter un rapport de vos humeurs suivies sur une p\u00e9riode de temps, et vous pouvez \u00e9galement obtenir des conseils de vie sur les fa\u00e7ons d&#8217;aider \u00e0 transformer votre humeur lorsque vous vous sentez en panne ou stress\u00e9.<\/p>\n","protected":false},"excerpt":{"rendered":"<p>Applications de Suivi de L&#8217;Humeur Les applications ci-dessous sont des applications anglaises avec des descriptions en fran\u00e7ais HealthyMinds Healthy Minds est un outil de r\u00e9solution de probl\u00e8mes pour aider \u00e0 g\u00e9rer les \u00e9motions et faire face aux stress que vous rencontrez \u00e0 la fois sur et hors campus. Le but: garder votre esprit en bonne [&hellip;]<\/p>\n","protected":false},"author":2,"featured_media":0,"parent":120,"menu_order":0,"comment_status":"closed","ping_status":"closed","template":"","meta":{"_exactmetrics_skip_tracking":false,"_exactmetrics_sitenote_active":false,"_exactmetrics_sitenote_note":"","_exactmetrics_sitenote_category":0,"_links_to":"","_links_to_target":""},"_links":{"self":[{"href":"https:\/\/thelifelinecanada.ca\/fr\/wp-json\/wp\/v2\/pages\/1317"}],"collection":[{"href":"https:\/\/thelifelinecanada.ca\/fr\/wp-json\/wp\/v2\/pages"}],"about":[{"href":"https:\/\/thelifelinecanada.ca\/fr\/wp-json\/wp\/v2\/types\/page"}],"author":[{"embeddable":true,"href":"https:\/\/thelifelinecanada.ca\/fr\/wp-json\/wp\/v2\/users\/2"}],"replies":[{"embeddable":true,"href":"https:\/\/thelifelinecanada.ca\/fr\/wp-json\/wp\/v2\/comments?post=1317"}],"version-history":[{"count":19,"href":"https:\/\/thelifelinecanada.ca\/fr\/wp-json\/wp\/v2\/pages\/1317\/revisions"}],"predecessor-version":[{"id":3867,"href":"https:\/\/thelifelinecanada.ca\/fr\/wp-json\/wp\/v2\/pages\/1317\/revisions\/3867"}],"up":[{"embeddable":true,"href":"https:\/\/thelifelinecanada.ca\/fr\/wp-json\/wp\/v2\/pages\/120"}],"wp:attachment":[{"href":"https:\/\/thelifelinecanada.ca\/fr\/wp-json\/wp\/v2\/media?parent=1317"}],"curies":[{"name":"wp","href":"https:\/\/api.w.org\/{rel}","templated":true}]}}