{"id":1313,"date":"2016-11-10T20:04:01","date_gmt":"2016-11-10T20:04:01","guid":{"rendered":"https:\/\/thelifelinecanada.ca\/fr\/?page_id=1313"},"modified":"2021-06-12T15:05:31","modified_gmt":"2021-06-12T22:05:31","slug":"guided-relaxation-and-meditation","status":"publish","type":"page","link":"https:\/\/thelifelinecanada.ca\/fr\/pattern-interrupt\/mental-health-apps\/guided-relaxation-and-meditation\/","title":{"rendered":"Applications de Sommeil, de M\u00e9ditation et de D\u00e9tente Guid\u00e9e"},"content":{"rendered":"<h2><strong>M\u00e9ditation et Detente Guid\u00e9e<\/strong><\/h2>\n<p><strong>Les applications ci-dessous sont des applications anglaises avec des descriptions en fran\u00e7ais<\/strong><\/p>\n<p style=\"padding-left: 30px;\"><a href=\"https:\/\/itunes.apple.com\/us\/app\/id552797883\/\" target=\"_blank\" rel=\"nofollow noopener noreferrer\">Complete Relaxation Lite<\/a><br \/>\nEn utilisant les derni\u00e8res techniques de m\u00e9ditation, Complete Relaxation soulagera tous les muscles de votre corps. Vous permettant de bien dormir, de vous d\u00e9tendre et de trouver un peu plus de paix dans votre vie.<\/p>\n<p style=\"padding-left: 30px;\"><a href=\"https:\/\/itunes.apple.com\/au\/app\/headspace-on-the-go\/id493145008?mt=8\" target=\"_blank\" rel=\"nofollow noopener noreferrer\">Headspace<br \/>\n<\/a>La m\u00e9ditation est simple. Des m\u00e9ditations guid\u00e9es adapt\u00e9es \u00e0 tous les niveaux de Headspace. La m\u00e9ditation peut aider \u00e0 am\u00e9liorer votre attention, exercer une conscience consciente, soulager l&#8217;anxi\u00e9t\u00e9 et r\u00e9duire le stress.<\/p>\n<p style=\"padding-left: 30px;\"><a href=\"https:\/\/itunes.apple.com\/ca\/app\/insight-timer-meditation-app\/id337472899?mt=8\" target=\"_blank\" rel=\"nofollow noopener noreferrer\">Insight Timer<br \/>\n<\/a>Insight Timer est la plus grande communaut\u00e9 de m\u00e9diteurs r\u00e9guliers sur la plan\u00e8te. Notre communaut\u00e9 g\u00e9n\u00e8re plus de minutes de m\u00e9ditation que n&#8217;importe quelle autre application. Chaque jour, plus de 1 200 des meilleurs professeurs de m\u00e9ditation au monde t\u00e9l\u00e9chargent de nouveaux contenus, y compris des m\u00e9ditations guid\u00e9es gratuites, de la musique de m\u00e9ditation, des paroles et des podcasts. \u00c0 plus de 1 200 000 m\u00e9ditant, Insight Timer est consid\u00e9r\u00e9 comme la meilleure application de m\u00e9ditation gratuite sur les magasins Android et iOS.<\/p>\n<p style=\"padding-left: 30px;\"><a href=\"http:\/\/www.meditationoasis.com\/smartphone-apps\/iphone-ipod-touch-ipad-apps\/\" target=\"_blank\" rel=\"nofollow noopener noreferrer\">Meditation Oasis Apps<br \/>\n<\/a>Une excellente fa\u00e7on de profiter de la m\u00e9ditation, de la musique et plus encore. Les applications ont des fonctionnalit\u00e9s interactives avanc\u00e9es comme des contr\u00f4les de volume distincts pour la voix et la musique. Parcourez leurs titres et collections d&#8217;applications.<\/p>\n<p style=\"padding-left: 30px;\"><a href=\"https:\/\/play.google.com\/store\/apps\/details?id=com.googlecode.mindbell\" target=\"_blank\" rel=\"nofollow noopener noreferrer\">Mindfulness Bell<br \/>\n<\/a>MindBell sonne p\u00e9riodiquement pendant la journ\u00e9e comme une cloche de conscience, pour vous donner l&#8217;opportunit\u00e9 de tenir un moment et de consid\u00e9rer ce que vous faites actuellement, et dans quel \u00e9tat d&#8217;esprit vous \u00eates pendant que vous le faites.<\/p>\n<p style=\"padding-left: 30px;\"><a href=\"https:\/\/itunes.apple.com\/in\/app\/omvana-meditate-relax-sleep\/id595585396?mt=8\" target=\"_blank\" rel=\"nofollow noopener noreferrer\">Omvana<br \/>\n<\/a>Omvana, la plate-forme de m\u00e9ditation la plus puissante du monde, vous permet de transcender vos limites humaines. Avec la plus grande collection de m\u00e9ditations, Omvana a la bonne voie pour vous, peu importe si vous \u00eates spirituel ou non.<\/p>\n<p style=\"padding-left: 30px;\"><a href=\"https:\/\/itunes.apple.com\/ca\/app\/relax-with-andrew-johnson\/id303609195?mt=8\" target=\"_blank\" rel=\"nofollow noopener noreferrer\">Relax with Andrew Johnson<br \/>\n<\/a>L&#8217;application Deep Relaxation est le moyen id\u00e9al pour se d\u00e9tendre et se d\u00e9tendre, et elle a \u00e9galement connu un grand succ\u00e8s dans les milieux th\u00e9rapeutiques. L&#8217;application enseigne des techniques de relaxation qui ont contribu\u00e9 au ME, au contr\u00f4le de la douleur, \u00e0 l&#8217;insomnie, au syndrome de stress post-traumatique et \u00e0 d&#8217;autres sympt\u00f4mes du stress.<\/p>\n<p style=\"padding-left: 30px;\"><a href=\"https:\/\/itunes.apple.com\/us\/app\/relax-completely\/id342563231?mt=8\" target=\"_blank\" rel=\"nofollow noopener noreferrer\">Relax Completely<br \/>\n<\/a>Harmony contient trois m\u00e9ditations d&#8217;hypnose gratuites. \u00c9coutez une des s\u00e9ances tous les jours pendant les cinq prochains jours et remarquez la diff\u00e9rence dans la fa\u00e7on dont vous vous sentez bien. Vous pouvez \u00e9galement acc\u00e9der \u00e0 des douzaines de sessions sur plusieurs sujets via notre service d&#8217;abonnement, avec de nouveaux sujets ajout\u00e9s r\u00e9guli\u00e8rement.<\/p>\n<p style=\"padding-left: 30px;\"><a href=\"http:\/\/itunes.apple.com\/ca\/app\/relax-rest-guided-meditations\/id354176883?mt=8\" target=\"_blank\" rel=\"nofollow noopener noreferrer\">Relax and Rest Guided Meditations<br \/>\n<\/a>Trois m\u00e9ditations de diff\u00e9rentes longueurs vous permettent de vous d\u00e9tendre profond\u00e9ment, peu importe combien de temps vous avez disponible. Les conseils de m\u00e9ditation \u00e9crites aident \u00e0 soutenir votre exp\u00e9rience avec les m\u00e9ditations guid\u00e9es. Aucune exp\u00e9rience de m\u00e9ditation pr\u00e9alable n&#8217;est requise.<\/p>\n<p style=\"padding-left: 30px;\"><a href=\"https:\/\/smilingmind.com.au\/smiling-mind-app\/\" target=\"_blank\" rel=\"nofollow noopener noreferrer\">Smiling Mind<br \/>\n<\/a>L&#8217;esprit souriant est la m\u00e9ditation moderne. Cet outil simple aide \u00e0 soulever votre esprit, n&#8217;importe quand, n&#8217;importe o\u00f9 et chaque jour.<\/p>\n<p style=\"padding-left: 30px;\"><a href=\"https:\/\/itunes.apple.com\/us\/app\/take-break%21-guided-meditations\/id453857236?mt=8\" target=\"_blank\" rel=\"nofollow noopener noreferrer\">Take a Break<br \/>\n<\/a>Vous pouvez profiter de la relaxation profonde, du soulagement du stress et des avantages de la m\u00e9ditation maintenant avec cette application par Meditation Oasis &#x2122;. Dot\u00e9 de deux m\u00e9ditations populaires du podcast Meditation Oasis, l&#8217;application vous donne l&#8217;option d&#8217;\u00e9couter avec ou sans musique ou des sons naturels. Vous pouvez \u00e9galement \u00e9couter la musique relaxante et les sons naturels seuls.<a href=\"https:\/\/itunes.apple.com\/us\/app\/take-break%21-guided-meditations\/id453857236?mt=8\" target=\"_blank\" rel=\"nofollow noopener noreferrer\"><br \/>\n<\/a><\/p>\n<h2><strong>Sommeil Guid\u00e9<\/strong><\/h2>\n<div class=\"entry-content clearfix\">\n<p style=\"padding-left: 30px;\"><a href=\"http:\/\/itunes.apple.com\/us\/app\/deep-sleep-andrew-johnson\/id337349999?mt=8\" target=\"_blank\" rel=\"nofollow noopener noreferrer\">Deep Sleep with Andrew Johnson<br \/>\n<\/a>Cette application est une m\u00e9ditation guid\u00e9e destin\u00e9e \u00e0 vous aider \u00e0 surmonter l&#8217;insomnie et \u00e0 vous coucher.<\/p>\n<p style=\"padding-left: 30px;\"><a href=\"https:\/\/itunes.apple.com\/ca\/app\/isleep-easy-meditations-for\/id509260769?mt=8\" target=\"_blank\" rel=\"nofollow noopener noreferrer\">iSleep Easy<br \/>\n<\/a>L&#8217;application comprend \u00e0 la fois de longues m\u00e9ditations de sommeil qui font de bons d\u00e9butants pour une Playlist et des m\u00e9ditations plus longues qui peuvent \u00eatre utilis\u00e9es seules ou dans une Playlist.<\/p>\n<p style=\"padding-left: 30px;\"><a href=\"http:\/\/itunes.apple.com\/us\/app\/relax-sleep-well-by-glenn\/id412690467?mt=8\" target=\"_blank\" rel=\"nofollow noopener noreferrer\">Relax &amp; Sleep Well by Glenn Harrold: A Relaxation Self-Hypnosis Meditation<br \/>\n<\/a>Relax &amp; Sleep Well est une application d&#8217;hypnose et de m\u00e9ditation de haute qualit\u00e9 gr\u00e2ce \u00e0 l&#8217;auteur de l&#8217;auto-assistance best-seller Glenn Harrold. Cette fantastique application se compose de 4 enregistrements d&#8217;hypnoth\u00e9rapie gratuits et de plus de 80 options d&#8217;achat en application couvrant l&#8217;insomnie, le stress, l&#8217;anxi\u00e9t\u00e9, l&#8217;attention, le sommeil, la perte de poids, la confiance, l&#8217;estime de soi, les fr\u00e9quences de solf\u00e8ge, les battements binauraux, la gu\u00e9rison spirituelle et bien plus encore.<\/p>\n<p style=\"padding-left: 30px;\"><a href=\"https:\/\/itunes.apple.com\/us\/app\/sleep-pillow-sounds-white\/id410606661?mt=8\" target=\"_blank\" rel=\"nofollow noopener noreferrer\">Sleep Pillow Sounds<br \/>\n<\/a>Sleep Pillow fournit un ensemble avanc\u00e9 de sons ambiophoniques de haute qualit\u00e9, pr\u00e9m\u00e9lang\u00e9s pour une am\u00e9lioration parfaite du sommeil. Les sons sont enregistr\u00e9s et am\u00e9lior\u00e9s pour vous d\u00e9tendre et vous faire dormir. Ils isolent, cr\u00e9ent un environnement d\u00e9tendu et vous mettent dans un cycle de sommeil cyclique.<\/p>\n<p style=\"padding-left: 30px;\"><a href=\"http:\/\/www.medhelp.org\/land\/sleep-log-app\" target=\"_blank\" rel=\"nofollow noopener noreferrer\">Sleep Tracker<br \/>\n<\/a>Obtenez le r\u00e9veil iPhone qui fait tout. R\u00e9glez votre alarme et, avec un seul clic, vous pouvez enregistrer combien de sommeil, puis ajouter des informations sur la qualit\u00e9 du sommeil, votre humeur, vos m\u00e9dicaments et plus pour voir ce qui affecte votre sommeil et combien vous avez vraiment besoin de vous reposer et de vous excuser.<\/p>\n<\/div>\n","protected":false},"excerpt":{"rendered":"<p>M\u00e9ditation et Detente Guid\u00e9e Les applications ci-dessous sont des applications anglaises avec des descriptions en fran\u00e7ais Complete Relaxation Lite En utilisant les derni\u00e8res techniques de m\u00e9ditation, Complete Relaxation soulagera tous les muscles de votre corps. Vous permettant de bien dormir, de vous d\u00e9tendre et de trouver un peu plus de paix dans votre vie. Headspace [&hellip;]<\/p>\n","protected":false},"author":2,"featured_media":0,"parent":120,"menu_order":0,"comment_status":"closed","ping_status":"closed","template":"","meta":{"_exactmetrics_skip_tracking":false,"_exactmetrics_sitenote_active":false,"_exactmetrics_sitenote_note":"","_exactmetrics_sitenote_category":0,"_links_to":"","_links_to_target":""},"_links":{"self":[{"href":"https:\/\/thelifelinecanada.ca\/fr\/wp-json\/wp\/v2\/pages\/1313"}],"collection":[{"href":"https:\/\/thelifelinecanada.ca\/fr\/wp-json\/wp\/v2\/pages"}],"about":[{"href":"https:\/\/thelifelinecanada.ca\/fr\/wp-json\/wp\/v2\/types\/page"}],"author":[{"embeddable":true,"href":"https:\/\/thelifelinecanada.ca\/fr\/wp-json\/wp\/v2\/users\/2"}],"replies":[{"embeddable":true,"href":"https:\/\/thelifelinecanada.ca\/fr\/wp-json\/wp\/v2\/comments?post=1313"}],"version-history":[{"count":24,"href":"https:\/\/thelifelinecanada.ca\/fr\/wp-json\/wp\/v2\/pages\/1313\/revisions"}],"predecessor-version":[{"id":3864,"href":"https:\/\/thelifelinecanada.ca\/fr\/wp-json\/wp\/v2\/pages\/1313\/revisions\/3864"}],"up":[{"embeddable":true,"href":"https:\/\/thelifelinecanada.ca\/fr\/wp-json\/wp\/v2\/pages\/120"}],"wp:attachment":[{"href":"https:\/\/thelifelinecanada.ca\/fr\/wp-json\/wp\/v2\/media?parent=1313"}],"curies":[{"name":"wp","href":"https:\/\/api.w.org\/{rel}","templated":true}]}}