{"id":1306,"date":"2016-11-10T19:58:52","date_gmt":"2016-11-10T19:58:52","guid":{"rendered":"https:\/\/thelifelinecanada.ca\/fr\/?page_id=1306"},"modified":"2021-06-16T12:58:37","modified_gmt":"2021-06-16T19:58:37","slug":"suicide-prevention","status":"publish","type":"page","link":"https:\/\/thelifelinecanada.ca\/fr\/pattern-interrupt\/mental-health-apps\/suicide-prevention\/","title":{"rendered":"Pr\u00e9vention du Suicide Applications de la Sant\u00e9 Mentale"},"content":{"rendered":"<div class=\"fusion-fullwidth fullwidth-box fusion-builder-row-1 nonhundred-percent-fullwidth non-hundred-percent-height-scrolling\" style=\"background-color: #ffffff;background-position: center center;background-repeat: no-repeat;padding-top:0px;padding-right:0px;padding-bottom:0px;padding-left:0px;margin-bottom: 0px;margin-top: 0px;border-width: 0px 0px 0px 0px;border-color:#eae9e9;border-style:solid;\" ><div class=\"fusion-builder-row fusion-row\"><div class=\"fusion-layout-column fusion_builder_column fusion-builder-column-0 fusion_builder_column_1_1 1_1 fusion-one-full fusion-column-first fusion-column-last\" style=\"margin-top:0px;margin-bottom:0px;\"><div class=\"fusion-column-wrapper fusion-flex-column-wrapper-legacy\" style=\"background-position:left top;background-repeat:no-repeat;-webkit-background-size:cover;-moz-background-size:cover;-o-background-size:cover;background-size:cover;padding: 0px 0px 0px 0px;\"><div class=\"fusion-text fusion-text-1\"><p><strong>Les applications ci-dessous sont des applications anglaises avec des descriptions en fran\u00e7ais<\/strong><\/p>\n<p style=\"padding-left: 30px;\"><a href=\"http:\/\/jasonfoundation.com\/get-involved\/student\/a-friend-asks-app\/\" target=\"_blank\" rel=\"noopener noreferrer\">A Friend Asks (Etats-Unis)<\/a><br \/>\n\u201cA Friend Asks\u201d est une application gratuite de t\u00e9l\u00e9phone intelligent qui aide \u00e0 fournir des informations, des outils et des ressources pour aider un ami (ou vous-m\u00eame) qui peut \u00eatre en difficult\u00e9 avec des pens\u00e9es de suicide. T\u00e9l\u00e9chargez l&#8217;application aujourd&#8217;hui et encouragez les amis et la famille \u00e0 faire de m\u00eame. L&#8217;\u00e9ducation est la cl\u00e9 de la pr\u00e9vention et des informations comme celle-ci aussi pr\u00e8s que votre smartphone; vous pourriez sauver une vie.<u><\/u><\/p>\n<p style=\"padding-left: 30px;\"><a href=\"http:\/\/calminthestormapp.com\/\" target=\"_blank\" rel=\"noopener noreferrer\">Calm in the Storm (Canada)<br \/>\n<\/a>The Calm in the Storm est un outil pr\u00e9cieux pour comprendre ce qu&#8217;est le stress, les effets qu&#8217;il peut avoir sur le corps, l&#8217;esprit et l&#8217;esprit et comment reconna\u00eetre quand les niveaux de stress deviennent malsains et m\u00eame dangereux. L&#8217;application vous aide \u00e0 identifier, \u00e9valuer et suivre vos propres niveaux de stress et offre des pratiques faciles \u00e0 utiliser et tr\u00e8s efficaces pour l&#8217;esprit et le corps. Calme dans la temp\u00eate vous guide dans la cr\u00e9ation d&#8217;une bo\u00eete d&#8217;esp\u00e9rance virtuelle personnalis\u00e9e et des liens vers des ressources locales qui peuvent vous aider en cas de crise ou de crise. Cela vous aide \u00e9galement \u00e0 g\u00e9rer les pens\u00e9es suicidaires et \u00e0 cr\u00e9er des plans personnalis\u00e9s pour vous garder en s\u00e9curit\u00e9.<\/p>\n<p style=\"padding-left: 30px;\"><a href=\"http:\/\/guardyourbuddy.com\/get-the-app\/\" target=\"_blank\" rel=\"noopener noreferrer\">Guard Your Buddy (Garde Nationale des Etats-Unis)<br \/>\n<\/a>Guard Your Buddy a \u00e9t\u00e9 d\u00e9velopp\u00e9 pour les membres de la garde nationale du Tennessee et leurs familles. Son objectif est de fournir aux hommes, aux femmes et aux familles de la garde nationale du Tennessee, \u00e0 tout moment, acc\u00e8s aux ressources essentielles de la vie, aux conseils \u00e0 la demande et \u00e0 la pr\u00e9vention du suicide.<\/p>\n<p style=\"padding-left: 30px;\"><a href=\"http:\/\/downloads.tomsguide.com\/HELP-Prevent-Suicide,0301-57412.html\"><span style=\"font-size: 12pt;\">HELP Prevent Suicide<br \/>\n<\/span><\/a>Avec HELP Prevent Suicide, vous pouvez faire votre part dans la pr\u00e9vention des suicides parmi ceux que vous aimez ou connaissez. Cette application dispose d&#8217;un acc\u00e8s aux ressources d&#8217;intervention en cas de crise, d&#8217;informations sur les signes avant-coureurs, sur la fa\u00e7on de parler \u00e0 quelqu&#8217;un qui a des pens\u00e9es suicidaires et bien d&#8217;autres choses encore.<\/p>\n<p style=\"padding-left: 30px;\"><a href=\"http:\/\/www.my3app.org\/\" target=\"_blank\" rel=\"noopener noreferrer\">My3 Support Network (Etats-Unis)<br \/>\n<\/a>Avec MY3, vous d\u00e9finissez votre r\u00e9seau et votre plan pour rester en s\u00e9curit\u00e9. Avec MY3, vous pouvez \u00eatre pr\u00eat \u00e0 vous aider et \u00e0 toucher les autres lorsque vous avez des pens\u00e9es de suicide.<\/p>\n<p style=\"padding-left: 30px;\"><a href=\"http:\/\/itunes.apple.com\/ca\/app\/operation-reach-out\/id478899653?mt=8\" target=\"_blank\" rel=\"noopener noreferrer\">Operation Reach Out (Militaires et Anciens Combattants Am\u00e9ricains)<br \/>\n<\/a>Operation Reach Out est con\u00e7u pour:<br \/>\nEncouragez les gens \u00e0 obtenir de l&#8217;aide quand ils ont des pens\u00e9es suicidaires.<br \/>\nAidez ceux qui s&#8217;inqui\u00e8tent des membres de la famille, des conjoints ou d&#8217;autres membres du service qui peuvent \u00eatre suicidaires.<br \/>\nFournir un centre d&#8217;aide personnel de contact.<br \/>\nFournir des activit\u00e9s pour aider les personnes d\u00e9prim\u00e9es \u00e0 rester en contact avec d&#8217;autres personnes.<br \/>\nOperation Reach Out fait partie des efforts de MCA-D pour fournir un soutien et des conseils opportuns et efficaces pour les familles des militaires.<br \/>\nRemarque: En raison de la gravit\u00e9 du sujet, cette application contient de nombreux segments de vid\u00e9os et peut prendre plus de m\u00e9moire et de temps \u00e0 t\u00e9l\u00e9charger. La vid\u00e9o doit \u00eatre t\u00e9l\u00e9charg\u00e9e lors de la connexion par wifi.<\/p>\n<p style=\"padding-left: 30px;\"><a href=\"https:\/\/itunes.apple.com\/us\/app\/ruok-osu\/id577089492?mt=8\" target=\"_blank\" rel=\"noopener noreferrer\">RUOK: OSU (Ohio, Etats-Unis.)<br \/>\n<\/a>RUOK: OSU affiche le nombre de lignes de crise de pr\u00e9vention du suicide 24 heures \/ 365 jours g\u00e9ographiquement les plus proches de l&#8217;emplacement physique de l&#8217;appelant. \u00c0 l&#8217;heure actuelle, le service n&#8217;est disponible que pour les centres de crise dans l&#8217;\u00e9tat de l&#8217;Ohio. Cette application fournit \u00e9galement le num\u00e9ro national Lifeline et des ressources suppl\u00e9mentaires et des informations sur la pr\u00e9vention du suicide.<\/p>\n<p style=\"padding-left: 30px;\"><a href=\"http:\/\/suicidepreventionjacksoncounty.com\/android_phone_app\" target=\"_blank\" rel=\"noopener noreferrer\">Suicide Crisis Support (Etats-Unis)<br \/>\n<\/a>Il s&#8217;agit d&#8217;une version \u00e9lectronique de la brochure &#8220;The Tender Leaves of Hope, aidant quelqu&#8217;un \u00e0 survivre \u00e0 une crise du suicide&#8221;. Les centres de secours, les conseillers, les m\u00e9decins et les centres de crise du suicide ont distribu\u00e9 plus de 7 000 exemplaires de cette brochure en 2010. L&#8217;Institut QPR a publi\u00e9 cette brochure sous forme \u00e9lectronique sous forme d&#8217;application gratuite dans l&#8217;espoir d&#8217;atteindre plus de familles et d&#8217;individus gr\u00e2ce \u00e0 cette forme de distribution non traditionnelle. Le personnel de la salle d&#8217;urgence peut maintenant informer les familles de la disponibilit\u00e9 de cette brochure en t\u00e9l\u00e9chargement gratuit sur un t\u00e9l\u00e9phone Android.<\/p>\n<p style=\"padding-left: 30px;\"><a href=\"https:\/\/itunes.apple.com\/ca\/app\/suicide-lifeguard\/id752765894?mt=8\" target=\"_blank\" rel=\"noopener noreferrer\">Suicide Lifeguard (Etats-Unis)<br \/>\n<\/a>Suicide Lifeguard est destin\u00e9 \u00e0 toute personne pr\u00e9occup\u00e9e par le fait que quelqu&#8217;un dont ils savent peut-\u00eatre penser au suicide. Il fournit des informations sur:<br \/>\n\u2022 Comment reconna\u00eetre les signes avant-coureurs du suicide \u2022 Comment poser des questions sur les pens\u00e9es suicidaires et \/ ou les intentions \u2022 Comment r\u00e9pondre et \u2022 O\u00f9 se r\u00e9f\u00e9rer. Les caract\u00e9ristiques comprennent: \u2022 Connexion imm\u00e9diate \u00e0 la Ligne de sauvetage nationale pour la pr\u00e9vention du suicide \u2022 Ressources sp\u00e9cifiques pour: o Militaire \/ Anciens combattants o Ceux qui s&#8217;identifient comme LGBTQ o Personnes en langue espagnole o Personnes sourdes ou malentendantes \u2022 Acc\u00e8s direct aux sites Web nationaux et de ressources du Missouri.<\/p>\n<p style=\"padding-left: 30px;\"><a href=\"https:\/\/itunes.apple.com\/us\/app\/suicide-safe-by-samhsa-suicide\/id968468139?mt=8\" target=\"_blank\" rel=\"noopener noreferrer\">Suicide Safe (Etats-Unis)<br \/>\n<\/a>Suicide Safe est un outil d&#8217;apprentissage pour la pr\u00e9vention du suicide pour les fournisseurs de soins de sant\u00e9 primaires et de sant\u00e9 comportementale et est bas\u00e9 sur les lignes directrices sur l&#8217;\u00e9valuation et le triage (SAFE-T) de l&#8217;\u00e9valuation du suicide reconnue \u00e0 l&#8217;\u00e9chelle nationale. Suicide Safe aide les fournisseurs \u00e0 se sentir confiants pour aider les patients qui pr\u00e9sentent une id\u00e9e suicidaire. L&#8217;application offre des conseils sur la fa\u00e7on de communiquer efficacement avec les patients et leurs familles, de d\u00e9terminer les prochaines \u00e9tapes appropri\u00e9es et de faire des recommandations sur le traitement et les ressources communautaires.<\/p>\n<p style=\"padding-left: 30px;\"><a href=\"http:\/\/www.texassuicideprevention.org\/information-library\/app-promotions\/\" target=\"_blank\" rel=\"noopener noreferrer\">Texas Suicide Prevention (Etats-Unis)<\/a><br \/>\nCette application a \u00e9t\u00e9 d\u00e9velopp\u00e9e \u00e0 partir d&#8217;un programme de formation anti-suicide non-propri\u00e9taire appel\u00e9 ASK (DEMANDER de suicide \/ chercher plus d&#8217;informations \/ savoir o\u00f9 se r\u00e9f\u00e9rer) qui a \u00e9galement \u00e9t\u00e9 d\u00e9velopp\u00e9 par Mental Health America of Texas. L&#8217;application de pr\u00e9vention du suicide est soutenue par le D\u00e9partement d&#8217;\u00c9tat des services de sant\u00e9 du Texas et l&#8217;Administration de la toxicomanie et des services de sant\u00e9 mentale.<\/p>\n<p style=\"padding-left: 30px;\"><a href=\"https:\/\/itunes.apple.com\/us\/app\/ulster-county-speak\/id736773884?mt=8&amp;ign-mpt=uo%3D4%2522%2520target%253D%2522itunes_store#sthash.pVlkL12s.dpuf\" target=\"_blank\" rel=\"noopener noreferrer\">Ulster County SPEAK (Etats-Unis)<br \/>\n<\/a>L&#8217;application de sensibilisation et de pr\u00e9vention du suicide SPEAK est con\u00e7ue pour aider les utilisateurs \u00e0 acc\u00e9der facilement aux signes de suicide chez leurs amis et \u00e0 leur famille et \u00e0 leur reconna\u00eetre rapidement l&#8217;aide dont ils ont besoin. Il ne se substitue pas au diagnostic et au traitement professionnels, mais plut\u00f4t \u00e0 une \u00abpremi\u00e8re ligne de d\u00e9fense\u00bb qui offre aux gens des informations solides et des outils utiles qu&#8217;ils peuvent utiliser pour aider quelqu&#8217;un qu&#8217;ils adorent \u00e0 traverser un moment difficile.<\/p>\n<p style=\"padding-left: 30px;\"><a href=\"https:\/\/itunes.apple.com\/us\/app\/you-are-important-depression\/id862961837?mt=8\" target=\"_blank\" rel=\"noopener noreferrer\">You Are Important<\/a>\u00a0(LGBTQ)<br \/>\nCette application contient des centaines de vid\u00e9os provenant des projets It Gets Better\u00ae et You Can Play\u00ae. Dans ces vid\u00e9os, vous rencontrerez des gens de soci\u00e9t\u00e9s, d&#8217;\u00e9quipes sportives, d&#8217;universit\u00e9s. Vous rencontrerez des policiers, des politiciens, des c\u00e9l\u00e9brit\u00e9s et des musiciens. Vous rencontrerez \u00e9galement d&#8217;autres personnes comme vous.<\/p>\n<p style=\"padding-left: 30px;\"><a href=\"https:\/\/onemindpsyberguide.org\/apps\/virtual-hope-box-review\/\" target=\"_blank\" rel=\"noopener noreferrer\">Virtual Hope Box (Militaires et Familles)<br \/>\n<\/a>L&#8217;application mobile de Virtual Hope Box a re\u00e7u le Prix de l&#8217;innovation du minist\u00e8re de la D\u00e9fense de 2014 pour son application unique de la technologie dans le soutien de la sant\u00e9 comportementale dans les membres du service et les familles militaires. The Virtual Hope Box (VHB) est une application de smartphone con\u00e7ue pour \u00eatre utilis\u00e9e par les patients et leurs fournisseurs de soins de sant\u00e9 comportementaux comme accessoire au traitement. La VHB contient des outils simples pour aider les patients \u00e0 faire face, \u00e0 se relaxer, \u00e0 se distraire et \u00e0 penser positivement.The Virtual Hope Box mobile application received the 2014 Department of Defense Innovation Award for its unique application of technology in supporting behavioral health in service members and military families. The Virtual Hope Box (VHB) is a smartphone application designed for use by patients and their behavioral health providers as an accessory to treatment. The VHB contains simple tools to help patients with coping, relaxation, distraction, and positive thinking.<\/p>\n<h2><strong><span style=\"font-size: 14pt;\">Worldwide<\/span><\/strong><\/h2>\n<p style=\"padding-left: 30px;\"><a href=\"http:\/\/downloads.tomsguide.com\/Stay-Alive,0301-57414.html\" target=\"_blank\" rel=\"noopener noreferrer\"><span style=\"font-size: 12pt;\">Stay Alive<br \/>\n<\/span><\/a>Si vous \u00eates amusant de penser \u00e0 vous suicider ou si vous connaissez quelqu&#8217;un qui le fait, il est maintenant temps de cesser de penser, de fouetter votre iPhone et d&#8217;ouvrir cette application. Cette application peut vous influencer pour changer vos pens\u00e9es et avoir un nouvel enthousiasme pour la vie. Stay Alive est plus qu&#8217;une application car il s&#8217;agit d&#8217;une ressource de pr\u00e9vention du suicide qui comporte \u00e9galement une bo\u00eete de vie o\u00f9 sont stock\u00e9s vos souvenirs les plus importants dans les photos, un plan de s\u00e9curit\u00e9, des raisons personnalisables pour vivre et plus encore.<\/p>\n<p style=\"padding-left: 30px;\"><a href=\"http:\/\/www.psychappsint.com\/\" target=\"_blank\" rel=\"noopener noreferrer\">R U Suicidal?<\/a><br \/>\nIls ont actuellement une suite de trois applications appel\u00e9 Suicide Prevention Kit (SPK), con\u00e7u pour \u00eatre l&#8217;aide abordable dont vous avez besoin, lorsque vous en avez besoin, dans la paume de votre main. Notre objectif est de fournir une \u00abautre option\u00bb &#8211; pour certains, ce sera une alternative choisie au service traditionnel, en premier lieu. Pour d&#8217;autres, SPK peut \u00eatre la seule chose disponible en raison de l&#8217;\u00e9loignement ou des faiblesses du service telles que les nuits ou le week-end lorsque la crise suicidaire est courante.<\/p>\n<p style=\"padding-left: 30px;\"><a href=\"https:\/\/itunes.apple.com\/us\/app\/stay-alive\/id915458967\" target=\"_blank\" rel=\"noopener noreferrer\">StayAlive (Royaume-Uni<\/a><a href=\"https:\/\/itunes.apple.com\/us\/app\/stay-alive\/id915458967\">)<br \/>\n<\/a>Cette application est une ressource de pr\u00e9vention de la suicide de poche, remplie d&#8217;informations utiles pour vous aider \u00e0 rester en s\u00e9curit\u00e9. Vous pouvez l&#8217;utiliser si vous avez des pens\u00e9es de suicide ou si vous \u00eates pr\u00e9occup\u00e9 par quelqu&#8217;un d&#8217;autre qui envisage le suicide. En plus des ressources, l&#8217;application comprend un plan de s\u00e9curit\u00e9, des raisons personnalisables pour la vie et une bo\u00eete de vie o\u00f9 vous pouvez stocker des photos qui sont importantes pour vous.<\/p>\n<\/div><div class=\"fusion-clearfix\"><\/div><\/div><\/div><\/div><\/div>\n","protected":false},"excerpt":{"rendered":"","protected":false},"author":2,"featured_media":0,"parent":120,"menu_order":0,"comment_status":"closed","ping_status":"closed","template":"","meta":{"_exactmetrics_skip_tracking":false,"_exactmetrics_sitenote_active":false,"_exactmetrics_sitenote_note":"","_exactmetrics_sitenote_category":0,"_links_to":"","_links_to_target":""},"_links":{"self":[{"href":"https:\/\/thelifelinecanada.ca\/fr\/wp-json\/wp\/v2\/pages\/1306"}],"collection":[{"href":"https:\/\/thelifelinecanada.ca\/fr\/wp-json\/wp\/v2\/pages"}],"about":[{"href":"https:\/\/thelifelinecanada.ca\/fr\/wp-json\/wp\/v2\/types\/page"}],"author":[{"embeddable":true,"href":"https:\/\/thelifelinecanada.ca\/fr\/wp-json\/wp\/v2\/users\/2"}],"replies":[{"embeddable":true,"href":"https:\/\/thelifelinecanada.ca\/fr\/wp-json\/wp\/v2\/comments?post=1306"}],"version-history":[{"count":49,"href":"https:\/\/thelifelinecanada.ca\/fr\/wp-json\/wp\/v2\/pages\/1306\/revisions"}],"predecessor-version":[{"id":3897,"href":"https:\/\/thelifelinecanada.ca\/fr\/wp-json\/wp\/v2\/pages\/1306\/revisions\/3897"}],"up":[{"embeddable":true,"href":"https:\/\/thelifelinecanada.ca\/fr\/wp-json\/wp\/v2\/pages\/120"}],"wp:attachment":[{"href":"https:\/\/thelifelinecanada.ca\/fr\/wp-json\/wp\/v2\/media?parent=1306"}],"curies":[{"name":"wp","href":"https:\/\/api.w.org\/{rel}","templated":true}]}}