{"id":126,"date":"2016-09-19T21:55:20","date_gmt":"2016-09-19T21:55:20","guid":{"rendered":"https:\/\/thelifelinecanada.ca\/fr\/?page_id=126"},"modified":"2021-06-16T12:09:57","modified_gmt":"2021-06-16T19:09:57","slug":"warning-signs","status":"publish","type":"page","link":"https:\/\/thelifelinecanada.ca\/fr\/help\/warning-signs\/","title":{"rendered":"Les  Panneaux de signalisation"},"content":{"rendered":"<div class=\"fusion-fullwidth fullwidth-box fusion-builder-row-1 nonhundred-percent-fullwidth non-hundred-percent-height-scrolling\" style=\"background-color: #ffffff;background-position: center center;background-repeat: no-repeat;padding-top:0px;padding-right:0px;padding-bottom:0px;padding-left:0px;margin-bottom: 0px;margin-top: 0px;border-width: 0px 0px 0px 0px;border-color:#eae9e9;border-style:solid;\" ><div class=\"fusion-builder-row fusion-row\"><div class=\"fusion-layout-column fusion_builder_column fusion-builder-column-0 fusion_builder_column_1_1 1_1 fusion-one-full fusion-column-first fusion-column-last\" style=\"margin-top:0px;margin-bottom:0px;\"><div class=\"fusion-column-wrapper fusion-flex-column-wrapper-legacy\" style=\"background-position:left top;background-repeat:no-repeat;-webkit-background-size:cover;-moz-background-size:cover;-o-background-size:cover;background-size:cover;padding: 0px 0px 0px 0px;\"><div class=\"fusion-text fusion-text-1\"><p lang=\"fr-FR\" align=\"LEFT\"><span style=\"font-size: medium;\"><em>De: <a href=\"https:\/\/afsp.org\/risk-factors-protective-factors-and-warning-signs\" target=\"_blank\" rel=\"noopener noreferrer\">Fondation Am\u00e9ricaine Pour la Pr\u00e9vention du Suicide\u00a0<\/a><\/em><\/span>(en anglais)<\/p>\n<p lang=\"fr-FR\" align=\"LEFT\"><span style=\"font-size: medium;\"><b>Qu&#8217;est-ce qui m\u00e8ne au suicide?<\/b><\/span><\/p>\n<p>Il n&#8217;y a pas de cause unique de suicide. Le suicide se produit le plus souvent lorsque les facteurs de stress d\u00e9passent les capacit\u00e9s actuelles d&#8217;adaptation d&#8217;une personne souffrant d&#8217;un probl\u00e8me de sant\u00e9 mentale. La d\u00e9pression est l&#8217;affection la plus fr\u00e9quente associ\u00e9e au suicide, et elle est souvent non diagnostiqu\u00e9e ou non trait\u00e9e. Des conditions telles que la d\u00e9pression, l&#8217;anxi\u00e9t\u00e9 et les probl\u00e8mes de substance, surtout lorsqu&#8217;ils ne sont pas trait\u00e9s, augmentent le risque de suicide. Pourtant, il est important de noter que la plupart des gens qui g\u00e8rent activement leurs conditions de sant\u00e9 mentale, m\u00e8nent des vies remplissantes.<\/p>\n<p lang=\"fr-FR\" align=\"LEFT\"><span style=\"font-size: medium;\"><b>Panneaux de\u00a0signalisation de suicide<\/b><\/span><\/p>\n<p>Quelque chose \u00e0 surveiller quand on s&#8217;inqui\u00e8te qu&#8217;une personne peut \u00eatre suicidaire, est le changement de comportement ou la pr\u00e9sence de comportements enti\u00e8rement nouveaux. C&#8217;est le plus inqui\u00e9tant si le comportement nouveau ou modifi\u00e9 est li\u00e9 \u00e0 un \u00e9v\u00e9nement, une perte ou un changement douloureux. La plupart des gens qui prennent leur vie pr\u00e9sentent un ou plusieurs signes avant-coureurs, soit par ce qu&#8217;ils disent ou ce qu&#8217;ils font.<\/p>\n<p><span style=\"font-size: medium;\"><b>Parlez<\/b><\/span><\/p>\n<p>Si une personne parle de:<\/p>\n<ul>\n<li lang=\"fr-FR\"><span style=\"font-size: medium;\"> \u00catre un fardeau pour les autres<\/span><\/li>\n<li lang=\"fr-FR\"><span style=\"font-size: medium;\"> Se sentir pris au pi\u00e8ge<\/span><\/li>\n<li lang=\"fr-FR\"><span style=\"font-size: medium;\"> Vivre une douleur insupportable<\/span><\/li>\n<li lang=\"fr-FR\"><span style=\"font-size: medium;\"> N&#8217;ayant aucune raison de vivre<\/span><\/li>\n<li lang=\"fr-FR\"><span style=\"font-size: medium;\">Se tuer<\/span><\/li>\n<\/ul>\n<p><span style=\"font-size: medium;\"><b>Comportement<\/b><\/span><\/p>\n<p>Les choses sp\u00e9cifiques \u00e0 regarder dehors pour inclure:<\/p>\n<ul>\n<li><span style=\"font-size: medium;\">Consommation accrue d&#8217;alcool ou de drogues<\/span><\/li>\n<li><span style=\"font-size: medium;\">Vous cherchez un moyen de vous tuer, comme la recherche en ligne de mat\u00e9riaux ou de moyens<\/span><\/li>\n<li><span style=\"font-size: medium;\"> Agir imprudemment<\/span><\/li>\n<li><span style=\"font-size: medium;\"> Retrait des activit\u00e9s<\/span><\/li>\n<li><span style=\"font-size: medium;\"> Isolation de la famille et des amis<\/span><\/li>\n<li><span style=\"font-size: medium;\"> Dormir trop ou trop peu<\/span><\/li>\n<li><span style=\"font-size: medium;\"> Visiter ou appeler les gens pour dire au revoir<\/span><\/li>\n<li><span style=\"font-size: medium;\">Donner des biens pr\u00e9cieux<\/span><\/li>\n<li><span style=\"font-size: medium;\">Agression <\/span><\/li>\n<\/ul>\n<p align=\"LEFT\"><span style=\"font-family: Times New Roman,serif;\"><span style=\"font-size: medium;\"><span lang=\"fr-FR\"><b>Humeur<\/b><\/span><\/span><\/span><\/p>\n<p align=\"LEFT\"><span style=\"font-size: medium;\"><span lang=\"fr-FR\">Les gens qui envisagent de se suicider pr\u00e9sentent souvent une ou plusieurs des humeurs suivantes:<\/span><\/span><\/p>\n<ul>\n<li><span style=\"font-size: medium;\"><span lang=\"fr-FR\"> D\u00e9pression<\/span><\/span><\/li>\n<li><span style=\"font-size: medium;\"><span lang=\"fr-FR\"> Perte d&#8217;int\u00e9r\u00eat<\/span><\/span><\/li>\n<li><span style=\"font-size: medium;\"><span lang=\"fr-FR\">Rage<\/span><\/span><\/li>\n<li><span style=\"font-size: medium;\"><span lang=\"fr-FR\">Irritabilit\u00e9<\/span><\/span><\/li>\n<li><span style=\"font-size: medium;\"><span lang=\"fr-FR\">Humiliation<\/span><\/span><\/li>\n<li><span style=\"font-size: medium;\"><span lang=\"fr-FR\">Anxi\u00e9t\u00e9<\/span><\/span><\/li>\n<\/ul>\n<p align=\"LEFT\"><span style=\"font-size: medium;\"><span lang=\"fr-FR\"><br \/>\n<\/span><span lang=\"fr-FR\"><b>Facteurs de risque de suicide<\/b><\/span><\/span><\/p>\n<p>Les facteurs de risque sont des caract\u00e9ristiques ou des conditions qui augmentent les chances qu&#8217;une personne tente de prendre sa vie.<br \/>\n<i><\/i><\/p>\n<p align=\"LEFT\"><span style=\"font-size: medium;\"><strong><span lang=\"fr-FR\"><i>Facteurs de sant\u00e9<\/i><\/span><\/strong><\/span><\/p>\n<p align=\"LEFT\"><span style=\"font-size: medium;\"><span lang=\"fr-FR\">Conditions de sant\u00e9 mentale<\/span><\/span><\/p>\n<ul>\n<li><span style=\"font-size: medium;\"><span lang=\"fr-FR\">D\u00e9pression<\/span><\/span><\/li>\n<li><span style=\"font-size: medium;\"><span lang=\"fr-FR\">Trouble bipolaire (maniaco-d\u00e9pressif)<\/span><\/span><\/li>\n<li><span style=\"font-size: medium;\"><span lang=\"fr-FR\">Schizophr\u00e9nie<\/span><\/span><\/li>\n<li><span style=\"font-size: medium;\"><span lang=\"fr-FR\">Trouble de personnalit\u00e9 antisocial ou limites.<\/span><\/span><\/li>\n<li><span style=\"font-size: medium;\"><span lang=\"fr-FR\">Mener \u00e0 un d\u00e9sordre<\/span><\/span><\/li>\n<li><span style=\"font-size: medium;\"><span lang=\"fr-FR\">Troubles psychotiques, ou sympt\u00f4mes psychotiques dans le contexte d&#8217;un trouble quelconque<\/span><\/span><\/li>\n<li><span style=\"font-size: medium;\"><span lang=\"fr-FR\">Troubles anxieux<\/span><\/span><\/li>\n<li><span style=\"font-size: medium;\"><span lang=\"fr-FR\">Troubles de toxicomanie<\/span><\/span><\/li>\n<li><span style=\"font-size: medium;\"><span lang=\"fr-FR\">\u00c9tat de sant\u00e9 grave et chronique et \/ ou douleur<\/span><\/span><\/li>\n<\/ul>\n<p><strong><span lang=\"fr-FR\"><i>Facteurs environnementaux<\/i><\/span><\/strong><\/p>\n<ul>\n<li>Les \u00e9v\u00e9nements stressants de la vie qui peuvent inclure un d\u00e9c\u00e8s, un divorce ou une perte d&#8217;emploi<\/li>\n<li>Les facteurs de stress prolong\u00e9s qui peuvent inclure le harc\u00e8lement, l&#8217;intimidation, les probl\u00e8mes relationnels et le ch\u00f4mage<\/li>\n<li>Acc\u00e8s aux moyens l\u00e9taux, y compris les armes \u00e0 feu et les drogues<\/li>\n<li>L&#8217;exposition au suicide d&#8217;une autre personne, ou \u00e0 des r\u00e9cits graphiques ou sensationnalis\u00e9s de suicide.<\/li>\n<\/ul>\n<p><strong><span lang=\"fr-FR\"><i>Facteurs historiques<\/i><\/span><\/strong><\/p>\n<ul>\n<li>Tentatives de suicide ant\u00e9rieures<\/li>\n<li>Ant\u00e9c\u00e9dents familiaux de tentative de suicide<\/li>\n<\/ul>\n<p><em>De: <a href=\"https:\/\/afsp.org\/risk-factors-protective-factors-and-warning-signs\" target=\"_blank\" rel=\"noopener noreferrer\">Fondation Am\u00e9ricaine pour la Pr\u00e9vention du Suicide (AFSP)\u00a0<\/a><\/em>(en anglais)<\/p>\n<p><span style=\"font-size: 14pt;\"><strong>Ressources additionelles:<\/strong><\/span><\/p>\n<ul>\n<li lang=\"fr-FR\"><span style=\"font-size: medium;\"><a href=\"http:\/\/sante.gouv.qc.ca\/conseils-et-prevention\/prevenir-le-suicide\/#reconnaitre-les-signes\" target=\"_blank\" rel=\"noopener noreferrer\"><span style=\"font-family: georgia,palatino,serif;\">Portail sant\u00e9 mieux \u00eatre de Qu\u00e9bec: Pr\u00e9venir le suicide<\/span><\/a><\/span>: Le suicide est l&#8217;acte de s&#8217;enlever la vie volontairement.Les id\u00e9es suicidaires sont un signal d&#8217;alarme qui pr\u00e9c\u00e8de le suicide. Elles indiquent qu&#8217;une trop grande souffrance est devenue difficile \u00e0 g\u00e9rer.Chaque jour, au Qu\u00e9bec, environ 3 personnes s&#8217;enl\u00e8vent la vie et 8 personnes sont hospitalis\u00e9es parce qu&#8217;elles ont tent\u00e9 de le faire.Le suicide n&#8217;est<strong> jamais<\/strong> une option; il y a toujours des solutions. Chacun peut aider \u00e0 pr\u00e9venir le suicide.<\/li>\n<\/ul>\n<\/div><div class=\"fusion-clearfix\"><\/div><\/div><\/div><\/div><\/div>\n","protected":false},"excerpt":{"rendered":"","protected":false},"author":2,"featured_media":0,"parent":644,"menu_order":0,"comment_status":"closed","ping_status":"closed","template":"","meta":{"_exactmetrics_skip_tracking":false,"_exactmetrics_sitenote_active":false,"_exactmetrics_sitenote_note":"","_exactmetrics_sitenote_category":0,"_links_to":"","_links_to_target":""},"_links":{"self":[{"href":"https:\/\/thelifelinecanada.ca\/fr\/wp-json\/wp\/v2\/pages\/126"}],"collection":[{"href":"https:\/\/thelifelinecanada.ca\/fr\/wp-json\/wp\/v2\/pages"}],"about":[{"href":"https:\/\/thelifelinecanada.ca\/fr\/wp-json\/wp\/v2\/types\/page"}],"author":[{"embeddable":true,"href":"https:\/\/thelifelinecanada.ca\/fr\/wp-json\/wp\/v2\/users\/2"}],"replies":[{"embeddable":true,"href":"https:\/\/thelifelinecanada.ca\/fr\/wp-json\/wp\/v2\/comments?post=126"}],"version-history":[{"count":36,"href":"https:\/\/thelifelinecanada.ca\/fr\/wp-json\/wp\/v2\/pages\/126\/revisions"}],"predecessor-version":[{"id":3880,"href":"https:\/\/thelifelinecanada.ca\/fr\/wp-json\/wp\/v2\/pages\/126\/revisions\/3880"}],"up":[{"embeddable":true,"href":"https:\/\/thelifelinecanada.ca\/fr\/wp-json\/wp\/v2\/pages\/644"}],"wp:attachment":[{"href":"https:\/\/thelifelinecanada.ca\/fr\/wp-json\/wp\/v2\/media?parent=126"}],"curies":[{"name":"wp","href":"https:\/\/api.w.org\/{rel}","templated":true}]}}