{"id":122,"date":"2016-09-19T21:54:57","date_gmt":"2016-09-20T04:54:57","guid":{"rendered":"https:\/\/thelifelinecanada.ca\/fr\/?page_id=122"},"modified":"2021-06-12T13:15:41","modified_gmt":"2021-06-12T20:15:41","slug":"men-2","status":"publish","type":"page","link":"https:\/\/thelifelinecanada.ca\/fr\/resources\/men-2\/","title":{"rendered":"Les Hommes"},"content":{"rendered":"<p lang=\"fr-FR\" style=\"text-align: justify;\" align=\"LEFT\"><span style=\"font-size: 12pt;\">Pour hommes. \u00c0 propos des hommes. Strat\u00e9gies de sant\u00e9 pour la gestion et la pr\u00e9vention de la d\u00e9pression<\/span><\/p>\n<p>Par <em><a href=\"https:\/\/ca.movember.com\/fr\/mens-health\/mental-health\/\" target=\"_blank\" rel=\"noopener noreferrer\">Movember Canada<\/a><\/em><\/p>\n<p>Les choses se produisent dans la vie, comme des difficult\u00e9s avec le travail ou les finances, la rupture d&#8217;une relation, des responsabilit\u00e9s familiales \u00e9crasantes, ou un revers important. Ces d\u00e9fis peuvent prendre un lourd tribut sur votre sant\u00e9 mentale, si elle n&#8217;est pas contr\u00f4l\u00e9e. Beaucoup d&#8217;hommes la r\u00e9sistent et luttent seuls.<\/p>\n<p>\u00c9tablir et entretenir des relations, parler des choses difficiles dans la vie et prendre des mesures lorsque les temps sont durs sont des moyens \u00e9prouv\u00e9s pour les hommes de rester mentalement en bonne sant\u00e9 et de faire face au stress de la vie quotidienne. Une bonne sant\u00e9 globale et le bien-\u00eatre sont li\u00e9s non seulement \u00e0 une meilleure sant\u00e9 mentale, mais aussi \u00e0 la r\u00e9duction des risques de suicide.<\/p>\n<p>Certains signes de mauvaise sant\u00e9 mentale incluent sentiment irrit\u00e9, sans espoir ou sans valeur et des comportements tels que l&#8217;agression, boire plus que d&#8217;habitude et de vous isoler de vos amis et votre famille.<\/p>\n<p lang=\"fr-FR\" align=\"LEFT\"><span style=\"font-size: medium;\"><br \/>\n<b>Quelques fa\u00e7ons de s&#8217;occuper de votre sant\u00e9 mentale<\/b><\/span><\/p>\n<ul>\n<li lang=\"fr-FR\" style=\"text-align: justify;\"><span style=\"font-size: medium;\"> Faites plus de choses qui vous font sentir grand et vous aider \u00e0 d\u00e9stresser<\/span><\/li>\n<li lang=\"fr-FR\" style=\"text-align: justify;\"><span style=\"font-size: medium;\">Passer du temps avec des amis<\/span><\/li>\n<li lang=\"fr-FR\" style=\"text-align: justify;\">Partagez ce qui se passe, surtout si vous vous sentez d\u00e9passer<\/li>\n<\/ul>\n<p lang=\"fr-FR\" align=\"LEFT\"><strong>Sant\u00e9 mentale et suicide<\/strong><\/p>\n<p style=\"text-align: justify;\">Les probl\u00e8mes de sant\u00e9 mentale non trait\u00e9s peuvent entra\u00eener un risque \u00e9lev\u00e9 de suicide chez les hommes. La d\u00e9tresse qu&#8217;un homme \u00e9prouve \u00e0 ces moments peut fausser sa pens\u00e9e, de sorte qu&#8217;il devient plus difficile pour lui de voir des solutions possibles aux probl\u00e8mes, ou de se connecter avec ceux qui peuvent offrir un soutien.<\/p>\n<p style=\"text-align: justify;\">Il y\u00a0 a un certain nombre de facteurs qui ont \u00e9t\u00e9 li\u00e9s \u00e0 un risque accru de suicide, y compris:<\/p>\n<ul>\n<li><span style=\"font-size: medium;\">Ant\u00e9c\u00e9dents familiaux ou personnels de maladie mentale<\/span><\/li>\n<li><span style=\"font-size: medium;\"> Consommation de drogues et d&#8217;alcool<\/span><\/li>\n<li><span style=\"font-size: medium;\"> Isolation ou solitude<\/span><\/li>\n<\/ul>\n<p><span style=\"font-size: medium;\"> Les situations stressantes de la vie, comme le ch\u00f4mage, les difficult\u00e9s relationnelles ou les probl\u00e8mes de sant\u00e9 chroniques<\/span><\/p>\n<p><b>Il faut qu&#8217;on parle<\/b><\/p>\n<p style=\"text-align: justify;\"><span style=\"font-size: medium;\">Si vous ou quelqu&#8217;un que vous connaissez sont \u00e9motionnellement en d\u00e9tresse ou en crise, la premi\u00e8re \u00e9tape la plus importante est de parler. Commencer une conversation avec un ami, un membre de la famille, un professionnel de la sant\u00e9 ou un service de soutien.<\/span><span style=\"font-size: medium;\">Des conseils et des outils efficaces sont disponibles.<\/span><\/p>\n<p lang=\"fr-FR\" style=\"text-align: justify;\" align=\"LEFT\"><span style=\"font-size: medium;\">Parlez, \u00e9coutez et soyez l\u00e0 pour quelqu&#8217;un et le bien faire, peut lui sauver la vie. Verifiez si vous savez quelqu&#8217;un qui traverse une p\u00e9riode difficile. Demandez-lui s&#8217;il va bien et soyez pr\u00eat \u00e0 lui \u00e9couter.<\/span><\/p>\n<p><i>Source: <em><a href=\"https:\/\/ca.movember.com\/mens-health\/mental-health\" target=\"_blank\" rel=\"noopener noreferrer\">Movember Canada<\/a><\/em><br \/>\n<\/i><\/p>\n<p>_____<\/p>\n<p align=\"LEFT\"><span style=\"font-size: medium;\"><span lang=\"fr-FR\"><b>La d\u00e9pression est un voleur<\/b><\/span><\/span><\/p>\n<p>Par\u00a0<em><a href=\"http:\/\/headsupguys.org\/mens-depression\/\" target=\"_blank\" rel=\"noopener noreferrer\">Heads Up Guys\u00a0<\/a><\/em><span style=\"font-size: medium;\"><span lang=\"fr-FR\">(en anglais) <\/span><\/span><\/p>\n<p><span style=\"font-size: medium;\"><span lang=\"fr-FR\">C&#8217;est une maladie qui peut vous voler votre volont\u00e9 de vivre. Il peut \u00e9galement voler:<\/span><\/span><\/p>\n<ul>\n<li style=\"text-align: justify;\"><span style=\"font-size: medium;\"><span lang=\"fr-FR\"> Le plaisir des choses qui ont l&#8217;habitude de vous donner la joie<\/span><\/span><\/li>\n<li style=\"text-align: justify;\"><span style=\"font-size: medium;\"><span lang=\"fr-FR\"> Votre \u00e9nergie physique et votre force<\/span><\/span><\/li>\n<li style=\"text-align: justify;\"><span style=\"font-size: medium;\"><span lang=\"fr-FR\"> Vos liens avec vos amis et votre famille<\/span><\/span><\/li>\n<li style=\"text-align: justify;\"><span style=\"font-size: medium;\"><span lang=\"fr-FR\"> Votre capacit\u00e9 \u00e0 g\u00e9rer le stress<\/span><\/span><\/li>\n<\/ul>\n<p style=\"text-align: justify;\"><span style=\"font-size: medium;\"><span lang=\"fr-FR\">Ce n&#8217;est pas un signe de faiblesse, c&#8217;est un fait. Les gars sont d\u00e9prim\u00e9s. La d\u00e9pression affecte des millions d&#8217;hommes chaque ann\u00e9e et c&#8217;est la principale cause d&#8217;incapacit\u00e9 dans le monde.<br \/>\nIl ya beaucoup d&#8217;id\u00e9es fausses sur la d\u00e9pression qui rendent difficile pour les hommes de parler aux autres et de prendre en charge leur sant\u00e9.<\/span><\/span><\/p>\n<p>En raison de ces mythes, les hommes vont souvent parler de se sentir en col\u00e8re ou irritable plut\u00f4t que tristes ou d\u00e9prim\u00e9s. Ces mythes peuvent \u00e9galement ressembler \u00e0 des menottes pour les hommes, les emp\u00eachant (<a href=\"http:\/\/headsupguys.org\/take-action\/reach-out\/\" target=\"_blank\" rel=\"noopener\">reaching out<\/a> )<span style=\"font-size: medium;\"><span lang=\"fr-FR\">de tendre la main aux autres pour m\u00eame un peu de soutien. En effet cela contribue que, de nombreux hommes ne cherchent pas de soutien jusqu&#8217;\u00e0 ce que leur d\u00e9pression est tr\u00e8s grave, voire pas du tout. Cela peut placer les hommes \u00e0 un risque accru de prendre leur propre vie &#8211; le plus grand facteur de risque de suicide est la d\u00e9pression non trait\u00e9e. (\u2013 <\/span><\/span><a href=\"http:\/\/headsupguys.org\/suicide\" target=\"_blank\" rel=\"noopener\">the greatest risk factor for suicide is untreated depression<\/a> <span lang=\"fr-FR\">(en anglais)<\/span><\/p>\n<p align=\"LEFT\"><span style=\"font-size: medium;\"><span lang=\"fr-FR\"><b>Les hommes prennent des mesures<\/b><\/span><\/span><\/p>\n<p>Heureusement, de plus en plus d&#8217;hommes, y compris des athl\u00e8tes professionnels, des musiciens, des acteurs, des avocats, des hommes d&#8217;affaires, des \u00e9crivains, des commer\u00e7ants, des enseignants, des militaires et tous ceux qui sont entre les deux, commencent \u00e0 parler de la d\u00e9pression et de la sant\u00e9.<br \/>\nLes mythes se d\u00e9composent, lib\u00e9rant les gars pour parler et s&#8217;attaquer \u00e0 leur d\u00e9pression.<br \/>\n<b><\/b><\/p>\n<p align=\"LEFT\"><span style=\"font-size: medium;\"><span lang=\"fr-FR\"><b>La d\u00e9pression peut \u00eatre trait\u00e9e<\/b><\/span><\/span><\/p>\n<p>Ignorer ou cacher la douleur de la d\u00e9pression ne fait qu&#8217;empirer les choses. Ce site vous fournira des conseils et des outils (<a href=\"http:\/\/headsupguys.org\/take-action\/practical-tips\/\" target=\"_blank\" rel=\"noopener noreferrer\">tips and tools)<\/a>, des informations sur les services professionnels (<a href=\"http:\/\/headsupguys.org\/take-action\/professional-services\/\" target=\"_blank\" rel=\"noopener noreferrer\">professional services), <\/a>et des histoires de r\u00e9ussite (<a href=\"http:\/\/headsupguys.org\/you-are-not-alone\/\" target=\"_blank\" rel=\"noopener noreferrer\">stories of success<\/a>) qui vous montreront comment la d\u00e9pression peut \u00eatre surmont\u00e9e.<br \/>\nIl commence par vous reconna\u00eetre la d\u00e9pression et puis faire des changements importants dans votre vie pour le surmonter. Il faut du courage. Il faut de la force. Il faut du travail. Mais sachez que cela peut \u00eatre fait.<\/p>\n<p><span style=\"font-size: medium;\"><span lang=\"fr-FR\"><i>Source:<em><a href=\"http:\/\/headsupguys.org\/mens-depression\/\" target=\"_blank\" rel=\"noopener noreferrer\">Heads Up Guys<\/a><\/em>\u00a0 (en anglais)<\/i><\/span><\/span><span style=\"font-size: medium;\"><span lang=\"fr-FR\"><br \/>\n_____<\/span><\/span><\/p>\n<p align=\"LEFT\"><span style=\"font-size: medium;\"><span lang=\"fr-FR\"><b>Ressources additionnelles<\/b><\/span><\/span><\/p>\n<p><a href=\"https:\/\/www.sunlife.ca\/ca\/Learn+and+Plan\/Health\/Mental+wellness\/Sante+mentale+au+masculin+la+depression+differente+chez+les+hommes?vgnLocale=fr_CA\" target=\"_blank\" rel=\"noopener noreferrer\"><span id=\"result_box\" class=\"short_text\" lang=\"fr\"><span class=\"\">Sant\u00e9 mentale au masculin<\/span><\/span><\/a><\/p>\n<p>Les sympt\u00f4mes de la d\u00e9pression masculine pourraient parfois passer inaper\u00e7us, et il faut apprendre \u00e0 bien les reconna\u00eetre.<\/p>\n<p><span id=\"result_box\" class=\"\" lang=\"fr\"><span class=\"\"><a href=\"http:\/\/fr.wikihow.com\/reconna%C3%AEtre-les-signes-d%27une-d%C3%A9pression-chez-un-homme\" target=\"_blank\" rel=\"noopener noreferrer\">WikiHow:<\/a> Commentaire reconna\u00eetre les signes d&#8217;une d\u00e9pression chez un homme<\/span><\/span><\/p>\n<p>La d\u00e9pression masculine est un probl\u00e8me s\u00e9rieux surtout parce qu&#8217;elle reste souvent sans traitement. Environ 10 \u00e0 17% des hommes vont vivre un \u00e9pisode majeur de d\u00e9pression dans leur vie, mais peu d&#8217;entre eux rechercheront un traitement.<sup id=\"_ref-1\" class=\"reference\"><\/sup> Cela est surtout d\u00fb au fait que les hommes sont reconnus pour cacher une d\u00e9pression<\/p>\n<p align=\"LEFT\"><span lang=\"fr-FR\">____<br \/>\n<\/span><b><\/b><\/p>\n<p align=\"LEFT\"><em>Autres ressources en anglais<\/em><\/p>\n<p align=\"LEFT\"><span lang=\"fr-FR\"><b>Les hommes obtiennent le guide de d\u00e9pression<\/b><\/span><span lang=\"fr-FR\"><br \/>\n<\/span><\/p>\n<p align=\"LEFT\"><span lang=\"fr-FR\">Ce livret est destin\u00e9 \u00e0 fournir aux hommes en danger de d\u00e9pression et \u00e0 leurs amis et \u00e0 leur famille les<br \/>\ninformations sur la d\u00e9pression.<\/span><\/p>\n<p align=\"LEFT\"><span lang=\"fr-FR\"><b>introduction<\/b><\/span><\/p>\n<p>La d\u00e9pression est une condition de sant\u00e9 grave mais traitable qui affecte plus de six millions d&#8217;hommes am\u00e9ricains. Tu n&#8217;es pas seul. Les hommes de tous \u00e2ges, d&#8217;origines ethniques et de milieux de vie se d\u00e9priment. \u00c0 chaque \u00e9tape de la vie, les hommes font face \u00e0 des changements stressants et des \u00e9v\u00e9nements qui peuvent conduire \u00e0 la d\u00e9pression.<\/p>\n<p align=\"LEFT\"><span lang=\"fr-FR\">La d\u00e9pression peut toucher chaque partie de votre vie &#8211; comment vous mangez, dormez, travaillez, \u00e9tudiez et passez votre temps libre. Il peut prendre la joie de la vie et les choses que vous aimez faire. Et, il affecte toutes les personnes qui se soucient de vous &#8211; amis, conjoints, partenaires, parents et enfants.<br \/>\n<\/span><\/p>\n<p align=\"LEFT\"><span lang=\"fr-FR\">La d\u00e9pression peut \u00e9galement \u00eatre li\u00e9e \u00e0 des revers s\u00e9rieux, y compris le divorce ou la perte de son travail et de ses moyens de subsistance. On estime que plus de 80% des suicides impliquent une d\u00e9pression. Le suicide est la deuxi\u00e8me cause de d\u00e9c\u00e8s chez les hommes d&#8217;\u00e2ge coll\u00e9gial. Et un grand nombre de suicides impliquent des hommes de plus de 70 ans, en particulier ceux qui sont veufs ou non mari\u00e9s.<\/span><\/p>\n<p>Mais, vous pouvez faire quelque chose \u00e0 ce sujet. La d\u00e9pression peut \u00eatre g\u00e9r\u00e9e et surmont\u00e9e. La d\u00e9pression n&#8217;est pas un \u00e9chec moral. Cela n&#8217;a rien \u00e0 voir avec le genre de personne que vous \u00eates. C&#8217;est une condition de sant\u00e9, et, comme d&#8217;autres probl\u00e8mes de sant\u00e9, il peut \u00eatre trait\u00e9 et m\u00eame gu\u00e9ri. La premi\u00e8re \u00e9tape est de voir que vous avez besoin d&#8217;aide. La deuxi\u00e8me \u00e9tape est de demander cette aide, qui prend courage et force.<\/p>\n<p>Vous pouvez avoir la d\u00e9pression et ne pas le savoir. Cette brochure vous aidera \u00e0 le d\u00e9couvrir. Peut-\u00eatre que vous savez que vous \u00eates d\u00e9prim\u00e9, mais ne savez pas o\u00f9 obtenir de l&#8217;aide. Nous allons vous montrer quelques endroits s\u00fbrs pour commencer \u00e0 chercher.<\/p>\n<p>Peut-\u00eatre connaissez-vous un homme qui semble d\u00e9prim\u00e9. Nous allons vous montrer comment aider. Obtenir de l&#8217;aide pour votre d\u00e9pression peut faire une grande diff\u00e9rence dans votre vie et dans la vie de ceux que vous aimez et ceux qui vous aiment.<\/p>\n<p><span style=\"font-size: medium;\"><span lang=\"fr-FR\"><i><a href=\"http:\/\/mantherapy.org\/\" target=\"_blank\" rel=\"noopener noreferrer\">Man Therapy<\/a>: Th\u00e9rapie d&#8217;homme <\/i><\/span><\/span><span style=\"font-size: medium;\"><span lang=\"fr-FR\"><br \/>\nTh\u00e9rapie d&#8217;homme est un excellent outil con\u00e7u pour aider les hommes avec leur sant\u00e9 mentale.<\/span><\/span><\/p>\n<p>&nbsp;<\/p>\n<p>T\u00e9l\u00e9charger le guide gratuit en anglais Men Get Depression English Guide:<br \/>\n<em><a href=\"https:\/\/thelifelinecanada.ca\/wp-content\/uploads\/2016\/09\/men_get_depression.pdf\">Men Get Depression English Guide<\/a>\u00a0 (will download to your downloads folder)<\/p>\n<p><\/em>T\u00e9l\u00e9charger le guide gratuit en Espagnol Men Get Depression Spanish Guide:<br \/>\n<em><a href=\"https:\/\/thelifelinecanada.ca\/wp-content\/uploads\/2016\/09\/Folleto_DepyHombres.pdf\" target=\"_blank\" rel=\"noopener noreferrer\">Men Get Depression Spanish Guide<\/a><\/em><\/p>\n<p>&nbsp;<\/p>\n","protected":false},"excerpt":{"rendered":"<p>Pour hommes. \u00c0 propos des hommes. Strat\u00e9gies de sant\u00e9 pour la gestion et la pr\u00e9vention de la d\u00e9pression Par Movember Canada Les choses se produisent dans la vie, comme des difficult\u00e9s avec le travail ou les finances, la rupture d&#8217;une relation, des responsabilit\u00e9s familiales \u00e9crasantes, ou un revers important. Ces d\u00e9fis peuvent prendre un lourd [&hellip;]<\/p>\n","protected":false},"author":2,"featured_media":0,"parent":137,"menu_order":0,"comment_status":"closed","ping_status":"closed","template":"","meta":{"_exactmetrics_skip_tracking":false,"_exactmetrics_sitenote_active":false,"_exactmetrics_sitenote_note":"","_exactmetrics_sitenote_category":0,"_links_to":"","_links_to_target":""},"_links":{"self":[{"href":"https:\/\/thelifelinecanada.ca\/fr\/wp-json\/wp\/v2\/pages\/122"}],"collection":[{"href":"https:\/\/thelifelinecanada.ca\/fr\/wp-json\/wp\/v2\/pages"}],"about":[{"href":"https:\/\/thelifelinecanada.ca\/fr\/wp-json\/wp\/v2\/types\/page"}],"author":[{"embeddable":true,"href":"https:\/\/thelifelinecanada.ca\/fr\/wp-json\/wp\/v2\/users\/2"}],"replies":[{"embeddable":true,"href":"https:\/\/thelifelinecanada.ca\/fr\/wp-json\/wp\/v2\/comments?post=122"}],"version-history":[{"count":20,"href":"https:\/\/thelifelinecanada.ca\/fr\/wp-json\/wp\/v2\/pages\/122\/revisions"}],"predecessor-version":[{"id":3852,"href":"https:\/\/thelifelinecanada.ca\/fr\/wp-json\/wp\/v2\/pages\/122\/revisions\/3852"}],"up":[{"embeddable":true,"href":"https:\/\/thelifelinecanada.ca\/fr\/wp-json\/wp\/v2\/pages\/137"}],"wp:attachment":[{"href":"https:\/\/thelifelinecanada.ca\/fr\/wp-json\/wp\/v2\/media?parent=122"}],"curies":[{"name":"wp","href":"https:\/\/api.w.org\/{rel}","templated":true}]}}