{"id":120,"date":"2016-09-19T21:54:49","date_gmt":"2016-09-19T21:54:49","guid":{"rendered":"https:\/\/thelifelinecanada.ca\/fr\/?page_id=120"},"modified":"2017-10-06T15:59:03","modified_gmt":"2017-10-06T22:59:03","slug":"mental-health-apps","status":"publish","type":"page","link":"https:\/\/thelifelinecanada.ca\/fr\/pattern-interrupt\/mental-health-apps\/","title":{"rendered":"Applications de Sante Mentale"},"content":{"rendered":"<h2><strong>Applications de Sante Mentale<\/strong><\/h2>\n<p>Voir un th\u00e9rapeute ou un patient pendant une ou deux heures par semaine n&#8217;est pas toujours une quantit\u00e9 suffisante de temps pour affecter le changement avec quelqu&#8217;un qui a des probl\u00e8mes de sant\u00e9 mentale. Les applications mobiles donnent aux personnes et aux cliniciens une autre option pour interagir et s&#8217;engager dans des activit\u00e9s pour am\u00e9liorer leur \u00e9tat.<\/p>\n<p>Ces applications sont destin\u00e9es \u00e0 \u00eatre des ressources suppl\u00e9mentaires pour aider les personnes susceptibles de se suicider, mais elles ne sont pas destin\u00e9es \u00e0 remplacer les conseils m\u00e9dicaux ou de sant\u00e9 mentale. Si vous ou quelqu&#8217;un que vous connaissez conna\u00eet des pens\u00e9es suicidaires, veuillez demander de l&#8217;aide professionnelle.<\/p>\n<h3>Cliquez sur la cat\u00e9gorie pour les applications mobiles disponibles<\/h3>\n<h2 style=\"padding-left: 30px;\"><span style=\"font-size: 12pt;\"><strong><a href=\"https:\/\/thelifelinecanada.ca\/fr\/mental-health-apps\/suicide-prevention\/\">Pr\u00e9vention du Suicide<\/a><\/strong><\/span><\/h2>\n<h2 style=\"padding-left: 30px;\"><span style=\"font-size: 12pt;\"><strong><a href=\"https:\/\/thelifelinecanada.ca\/fr\/pattern-interrupt\/mental-health-apps\/depression\/\">Anxi\u00e9t\u00e9 et D\u00e9pression<\/a><\/strong><\/span><\/h2>\n<h2 style=\"padding-left: 30px;\"><span style=\"font-size: 12pt;\"><strong><a href=\"https:\/\/thelifelinecanada.ca\/fr\/mental-health-apps\/guided-relaxation-and-meditation\/\">Le Sommeil, La M\u00e9ditation et La D\u00e9tente Guid\u00e9e<\/a><\/strong><\/span><\/h2>\n<h2 style=\"padding-left: 30px;\"><span style=\"font-size: 12pt;\"><strong><a href=\"https:\/\/thelifelinecanada.ca\/fr\/mental-health-apps\/mood-charting\/\">Suivi de L&#8217;Humeur<\/a><\/strong><\/span><\/h2>\n<h2 style=\"padding-left: 30px;\"><span style=\"font-size: 12pt;\"><strong><a href=\"https:\/\/thelifelinecanada.ca\/fr\/mental-health-apps\/more-apps\/\">Plus D&#8217;Applications<\/a><\/strong><\/span><\/h2>\n<h2 style=\"padding-left: 30px;\"><span style=\"font-size: 12pt;\"><strong><a href=\"https:\/\/thelifelinecanada.ca\/fr\/mental-health-apps\/android-apps\/\">Applications Android<\/a><\/strong><\/span><\/h2>\n","protected":false},"excerpt":{"rendered":"<p>Applications de Sante Mentale Voir un th\u00e9rapeute ou un patient pendant une ou deux heures par semaine n&#8217;est pas toujours une quantit\u00e9 suffisante de temps pour affecter le changement avec quelqu&#8217;un qui a des probl\u00e8mes de sant\u00e9 mentale. Les applications mobiles donnent aux personnes et aux cliniciens une autre option pour interagir et s&#8217;engager dans [&hellip;]<\/p>\n","protected":false},"author":2,"featured_media":0,"parent":687,"menu_order":0,"comment_status":"closed","ping_status":"closed","template":"","meta":{"_exactmetrics_skip_tracking":false,"_exactmetrics_sitenote_active":false,"_exactmetrics_sitenote_note":"","_exactmetrics_sitenote_category":0,"_links_to":"","_links_to_target":""},"_links":{"self":[{"href":"https:\/\/thelifelinecanada.ca\/fr\/wp-json\/wp\/v2\/pages\/120"}],"collection":[{"href":"https:\/\/thelifelinecanada.ca\/fr\/wp-json\/wp\/v2\/pages"}],"about":[{"href":"https:\/\/thelifelinecanada.ca\/fr\/wp-json\/wp\/v2\/types\/page"}],"author":[{"embeddable":true,"href":"https:\/\/thelifelinecanada.ca\/fr\/wp-json\/wp\/v2\/users\/2"}],"replies":[{"embeddable":true,"href":"https:\/\/thelifelinecanada.ca\/fr\/wp-json\/wp\/v2\/comments?post=120"}],"version-history":[{"count":31,"href":"https:\/\/thelifelinecanada.ca\/fr\/wp-json\/wp\/v2\/pages\/120\/revisions"}],"predecessor-version":[{"id":3620,"href":"https:\/\/thelifelinecanada.ca\/fr\/wp-json\/wp\/v2\/pages\/120\/revisions\/3620"}],"up":[{"embeddable":true,"href":"https:\/\/thelifelinecanada.ca\/fr\/wp-json\/wp\/v2\/pages\/687"}],"wp:attachment":[{"href":"https:\/\/thelifelinecanada.ca\/fr\/wp-json\/wp\/v2\/media?parent=120"}],"curies":[{"name":"wp","href":"https:\/\/api.w.org\/{rel}","templated":true}]}}